{"id":143,"date":"2017-01-06T16:10:32","date_gmt":"2017-01-06T15:10:32","guid":{"rendered":"http:\/\/tarnavva.nazwa.pl\/tarnavva\/?page_id=143"},"modified":"2017-03-09T13:00:42","modified_gmt":"2017-03-09T12:00:42","slug":"wklady-typu-12-kw","status":"publish","type":"page","link":"http:\/\/monolity.pl\/de\/produkty\/wklady-kominkowe\/wklady-typu-12-kw\/","title":{"rendered":"Parameter typ 12 kW"},"content":{"rendered":"<p><\/p>\n<ul class=\"inline-page-menu\">\n<li><a href=\"#flat\">FLAT<\/a><\/li>\n<li><a href=\"#retro\">RETRO<\/a><\/li>\n<li><a href=\"#round\">ROUND<\/a><\/li>\n<\/ul>\n<h3 id=\"flat\" class=\"red-header-2\">FLAT<\/h3>\n<p><img loading=\"lazy\" width=\"601\" height=\"419\" class=\"alignnone size-full wp-image-144\" style=\"display: inline-block; width: 68%;\" src=\"http:\/\/tarnavva.nazwa.pl\/tarnavva\/wp-content\/uploads\/2017\/01\/1.jpg\" alt=\"flat\" srcset=\"http:\/\/monolity.pl\/wp-content\/uploads\/2017\/01\/1.jpg 601w, http:\/\/monolity.pl\/wp-content\/uploads\/2017\/01\/1-300x209.jpg 300w\" sizes=\"(max-width: 601px) 100vw, 601px\" \/><img loading=\"lazy\" width=\"150\" height=\"98\" class=\"alignnone size-full wp-image-145\" style=\"width: 23%;\" src=\"http:\/\/tarnavva.nazwa.pl\/tarnavva\/wp-content\/uploads\/2017\/01\/gw.jpg\" alt=\"gwar\" \/><\/p>\n<p><a style=\"text-align: left;\" href=\"http:\/\/tarnavva.nazwa.pl\/tarnavva\/wp-content\/uploads\/2017\/01\/Tarnavva-Flat12kW.jpg\" data-rel=\"lightbox-gallery-NRtGhjDp\" data-rl_title=\"\" data-rl_caption=\"\" title=\"\"><img loading=\"lazy\" class=\"alignnone size-full wp-image-146\" style=\"margin: 8px 8px -8px;\" src=\"http:\/\/tarnavva.nazwa.pl\/tarnavva\/wp-content\/uploads\/2017\/01\/zoba_m.jpg\" alt=\"zob\" width=\"30\" height=\"28\" \/>PARAMETER<\/a><\/p>\n<table border=\"0\" rules=\"rows\" cellspacing=\"0\" cellpadding=\"3\" align=\"center\">\n<tbody>\n<tr>\n<td><strong>Nominale W\u00e4rmeleistung<\/strong><\/td>\n<td>6,5 kW<\/td>\n<\/tr>\n<tr>\n<td><strong>Dauerbrennbarkeit bei nominaler W\u00e4rmeleistung<\/strong><\/td>\n<td>2,0 h<\/td>\n<\/tr>\n<tr>\n<td><strong>Brennbest\u00e4ndigkeit bei reduzierter Leistung<\/strong><\/td>\n<td>6 h<\/td>\n<\/tr>\n<tr>\n<td><strong>Einmaliges Brennstoff\u00fcbersch\u00fctten<\/strong><\/td>\n<td>ok. 5kg<\/td>\n<\/tr>\n<tr>\n<td><strong>W\u00e4rmeleistungsf\u00e4higkeit<\/strong><\/td>\n<td>63,2%<\/td>\n<\/tr>\n<tr>\n<td><strong>CO- Emission (13%02)<\/strong><\/td>\n<td>0,4%<\/td>\n<\/tr>\n<tr>\n<td><strong>Abgasstrahl<\/strong><\/td>\n<td>9,6g\/s<\/td>\n<\/tr>\n<tr>\n<td><strong>Abstand der brennbaren Teile von der Scheibe<\/strong><\/td>\n<td>1,5m<\/td>\n<\/tr>\n<tr>\n<td><strong>Masse<\/strong><\/td>\n<td>130kg<\/td>\n<\/tr>\n<tr>\n<td><strong>Erforderlicher Schornsteinzug bei minimaler LeistungMasse<\/strong><\/td>\n<td>12 Pa<\/td>\n<\/tr>\n<tr>\n<td><strong>Abgastemperatur bei nominaler Leistung<\/strong><\/td>\n<td>355\u00b0C<\/td>\n<\/tr>\n<tr>\n<td><strong>Abmessung:<\/strong><\/td>\n<td>460mm x 497mm x 504mm x 440mm<\/td>\n<\/tr>\n<tr>\n<td><strong>Erforderliche \u00d6ffnung im Geh\u00e4use oder in der Nische zum Einbau der Feuerst\u00e4tte<\/strong><\/td>\n<td>800mm x 575mm x 2000mm<\/td>\n<\/tr>\n<tr>\n<td><strong>Abgastemperatur bei nominaler Leistung<\/strong><\/td>\n<td>\u00f8w140mm \/ \u00f8z156mm<\/td>\n<\/tr>\n<tr>\n<td><strong>Durchmesser der Abgasm\u00fcndung<\/strong><\/td>\n<td>6 Pa<\/td>\n<\/tr>\n<tr>\n<td><strong>Brennstoff<\/strong><\/td>\n<td>Laubholz<\/td>\n<\/tr>\n<tr>\n<td><strong>Holzscheitausma\u03b2:<br \/>\n<\/strong><\/td>\n<td>L\u00e4nge 480mm<\/td>\n<\/tr>\n<\/tbody>\n<\/table>\n<hr class=\"red-hr\" \/>\n<p>&nbsp;<\/p>\n<h3 id=\"retro\" class=\"red-header-2\">RETRO<\/h3>\n<p><a href=\"http:\/\/tarnavva.nazwa.pl\/tarnavva\/wp-content\/uploads\/2017\/01\/Tarnavva_Retro12kW_01.jpg\" data-rel=\"lightbox-gallery-NRtGhjDp\" data-rl_title=\"\" data-rl_caption=\"\" title=\"\"><img loading=\"lazy\" width=\"600\" height=\"400\" class=\"alignnone size-full wp-image-376\" style=\"display: inline-block; width: 68%;\" src=\"http:\/\/tarnavva.nazwa.pl\/tarnavva\/wp-content\/uploads\/2017\/01\/Tarnavva_Retro12kW_01.jpg\" alt=\"retro\" srcset=\"http:\/\/monolity.pl\/wp-content\/uploads\/2017\/01\/Tarnavva_Retro12kW_01.jpg 600w, http:\/\/monolity.pl\/wp-content\/uploads\/2017\/01\/Tarnavva_Retro12kW_01-300x200.jpg 300w\" sizes=\"(max-width: 600px) 100vw, 600px\" \/><\/a><img loading=\"lazy\" width=\"150\" height=\"98\" class=\"alignnone size-full wp-image-145\" style=\"width: 23%;\" src=\"http:\/\/tarnavva.nazwa.pl\/tarnavva\/wp-content\/uploads\/2017\/01\/gw.jpg\" alt=\"gwar\" \/><\/p>\n<p><a style=\"text-align: left;\" href=\"http:\/\/tarnavva.nazwa.pl\/tarnavva\/wp-content\/uploads\/2017\/01\/Tarnavva-Retro2kW.jpg\" data-rel=\"lightbox-gallery-NRtGhjDp\" data-rl_title=\"\" data-rl_caption=\"\" title=\"\"><img loading=\"lazy\" class=\"alignnone size-full wp-image-146\" style=\"margin: 8px 8px -8px;\" src=\"http:\/\/tarnavva.nazwa.pl\/tarnavva\/wp-content\/uploads\/2017\/01\/zoba_m.jpg\" alt=\"zob\" width=\"30\" height=\"28\" \/>PARAMETER<\/a><\/p>\n<table border=\"0\" rules=\"rows\" cellspacing=\"0\" cellpadding=\"3\" align=\"center\">\n<tbody>\n<tr>\n<td><strong>Nominale W\u00e4rmeleistung<\/strong><\/td>\n<td>6,5 kW<\/td>\n<\/tr>\n<tr>\n<td><strong>Dauerbrennbarkeit bei nominaler W\u00e4rmeleistung<\/strong><\/td>\n<td>2,0 h<\/td>\n<\/tr>\n<tr>\n<td><strong>Brennbest\u00e4ndigkeit bei reduzierter Leistung<\/strong><\/td>\n<td>6 h<\/td>\n<\/tr>\n<tr>\n<td><strong>Einmaliges Brennstoff\u00fcbersch\u00fctten<\/strong><\/td>\n<td>ok. 5kg<\/td>\n<\/tr>\n<tr>\n<td><strong>Sprawno\u015b\u0107 cieplna<\/strong><\/td>\n<td>63,2%<\/td>\n<\/tr>\n<tr>\n<td><strong>CO- Emission (13%02)<\/strong><\/td>\n<td>0,4%<\/td>\n<\/tr>\n<tr>\n<td><strong>Abgasstrahl<\/strong><\/td>\n<td>9,6g\/s<\/td>\n<\/tr>\n<tr>\n<td><strong>Abstand der brennbaren Teile von der Scheibe<\/strong><\/td>\n<td>1,5m<\/td>\n<\/tr>\n<tr>\n<td><strong>Masse<\/strong><\/td>\n<td>130kg<\/td>\n<\/tr>\n<tr>\n<td><strong>Erforderlicher Schornsteinzug bei minimaler Leistung<\/strong><\/td>\n<td>12 Pa<\/td>\n<\/tr>\n<tr>\n<td><strong>Abgastemperatur bei nominaler Leistung<\/strong><\/td>\n<td>355\u00b0C<\/td>\n<\/tr>\n<tr>\n<td><strong>Abmessung:<\/strong><\/td>\n<td>460mm x 497mm x 504mm x 440mm<\/td>\n<\/tr>\n<tr>\n<td><strong>Erforderliche \u00d6ffnung im Geh\u00e4use oder in der Nische zum Einbau der Feuerst\u00e4tte<\/strong><\/td>\n<td>800mm x 575mm x 2000mm<\/td>\n<\/tr>\n<tr>\n<td><strong>Abgastemperatur bei nominaler Leistung<\/strong><\/td>\n<td>\u00f8w140mm \/ \u00f8z156mm<\/td>\n<\/tr>\n<tr>\n<td><strong>Durchmesser der Abgasm\u00fcndung<\/strong><\/td>\n<td>6 Pa<\/td>\n<\/tr>\n<tr>\n<td><strong>Brennstoff<\/strong><\/td>\n<td>Laubholz<\/td>\n<\/tr>\n<tr>\n<td><strong>Holzscheitausma\u03b2:<\/strong><\/td>\n<td>L\u00e4nge 480mm<\/td>\n<\/tr>\n<\/tbody>\n<\/table>\n<hr class=\"red-hr\" \/>\n<p>&nbsp;<\/p>\n<h3 id=\"round\" class=\"red-header-2\">ROUND<\/h3>\n<p><a href=\"http:\/\/tarnavva.nazwa.pl\/tarnavva\/wp-content\/uploads\/2017\/01\/Tarnavva_Round_12kW_01.jpg\" data-rel=\"lightbox-gallery-NRtGhjDp\" data-rl_title=\"\" data-rl_caption=\"\" title=\"\"><img class=\"alignnone size-full wp-image-376\" style=\"display: inline-block; width: 68%;\" src=\"http:\/\/tarnavva.nazwa.pl\/tarnavva\/wp-content\/uploads\/2017\/01\/Tarnavva_Round_12kW_01.jpg\" alt=\"round\" \/><\/a><img loading=\"lazy\" width=\"150\" height=\"98\" class=\"alignnone size-full wp-image-145\" style=\"width: 23%;\" src=\"http:\/\/tarnavva.nazwa.pl\/tarnavva\/wp-content\/uploads\/2017\/01\/gw.jpg\" alt=\"gwar\" \/><\/p>\n<p><a style=\"text-align: left;\" href=\"http:\/\/tarnavva.nazwa.pl\/tarnavva\/wp-content\/uploads\/2017\/01\/Tarnavva-Round12kW.jpg\" data-rel=\"lightbox-gallery-NRtGhjDp\" data-rl_title=\"\" data-rl_caption=\"\" title=\"\"><img loading=\"lazy\" class=\"alignnone size-full wp-image-146\" style=\"margin: 8px 8px -8px;\" src=\"http:\/\/tarnavva.nazwa.pl\/tarnavva\/wp-content\/uploads\/2017\/01\/zoba_m.jpg\" alt=\"zob\" width=\"30\" height=\"28\" \/>PARAMETER<\/a><\/p>\n<table border=\"0\" rules=\"rows\" cellspacing=\"0\" cellpadding=\"3\" align=\"center\">\n<tbody>\n<tr>\n<td><strong>Nominale W\u00e4rmeleistung<\/strong><\/td>\n<td>6,5 kW<\/td>\n<\/tr>\n<tr>\n<td><strong>Dauerbrennbarkeit bei nominaler W\u00e4rmeleistung<\/strong><\/td>\n<td>2,0 h<\/td>\n<\/tr>\n<tr>\n<td><strong>Brennbest\u00e4ndigkeit bei reduzierter Leistung<\/strong><\/td>\n<td>6 h<\/td>\n<\/tr>\n<tr>\n<td><strong>Einmaliges Brennstoff\u00fcbersch\u00fctten<\/strong><\/td>\n<td>ok. 5kg<\/td>\n<\/tr>\n<tr>\n<td><strong>W\u00e4rmeleistungsf\u00e4higkeit<\/strong><\/td>\n<td>63,2%<\/td>\n<\/tr>\n<tr>\n<td><strong>CO- Emission (13%02)<\/strong><\/td>\n<td>0,4%<\/td>\n<\/tr>\n<tr>\n<td><strong>Abgasstrahl<\/strong><\/td>\n<td>9,6g\/s<\/td>\n<\/tr>\n<tr>\n<td><strong>Abstand der brennbaren Teile von der Scheibe<\/strong><\/td>\n<td>1,5m<\/td>\n<\/tr>\n<tr>\n<td><strong>Masse<\/strong><\/td>\n<td>130kg<\/td>\n<\/tr>\n<tr>\n<td><strong>Erforderlicher Schornsteinzug bei minimaler Leistung<\/strong><\/td>\n<td>12 Pa<\/td>\n<\/tr>\n<tr>\n<td><strong>Abgastemperatur bei nominaler Leistung<\/strong><\/td>\n<td>355\u00b0C<\/td>\n<\/tr>\n<tr>\n<td><strong>Abmessung:<\/strong><\/td>\n<td>460mm X 497mm X 504mm X 440mm<\/td>\n<\/tr>\n<tr>\n<td><strong>Erforderliche \u00d6ffnung im Geh\u00e4use oder in der Nische zum Einbau der Feuerst\u00e4tte<\/strong><\/td>\n<td>800mm X 575mm X 2000mm<\/td>\n<\/tr>\n<tr>\n<td><strong>Abgastemperatur bei nominaler Leistung<\/strong><\/td>\n<td>\u00f8w140mm \/ \u00f8z156mm<\/td>\n<\/tr>\n<tr>\n<td><strong>Durchmesser der Abgasm\u00fcndung<\/strong><\/td>\n<td>6 Pa<\/td>\n<\/tr>\n<tr>\n<td><strong>Brennstoff<\/strong><\/td>\n<td>Laubholz<\/td>\n<\/tr>\n<tr>\n<td><strong>Holzscheitausma\u03b2:<\/strong><\/td>\n<td>L\u00e4nge480mm<\/td>\n<\/tr>\n<\/tbody>\n<\/table>\n<p>&nbsp;<\/p>\n<ul class=\"inline-page-menu\">\n<li><a href=\"#flat\">FLAT<\/a><\/li>\n<li><a href=\"#retro\">RETRO<\/a><\/li>\n<li><a href=\"#round\">ROUND<\/a><\/li>\n<\/ul>\n<p><\/p>","protected":false},"excerpt":{"rendered":"<p>FLAT RETRO ROUND FLAT PARAMETER Nominale W\u00e4rmeleistung 6,5 kW Dauerbrennbarkeit bei nominaler W\u00e4rmeleistung 2,0 h Brennbest\u00e4ndigkeit bei reduzierter Leistung 6 h Einmaliges Brennstoff\u00fcbersch\u00fctten ok. 5kg W\u00e4rmeleistungsf\u00e4higkeit 63,2% CO- Emission (13%02) 0,4% Abgasstrahl 9,6g\/s Abstand der brennbaren Teile von der Scheibe 1,5m Masse 130kg Erforderlicher Schornsteinzug bei minimaler LeistungMasse 12 Pa Abgastemperatur bei nominaler Leistung 355\u00b0C [&hellip;]<\/p>\n","protected":false},"author":1,"featured_media":0,"parent":130,"menu_order":0,"comment_status":"closed","ping_status":"closed","template":"","meta":[],"_links":{"self":[{"href":"http:\/\/monolity.pl\/de\/wp-json\/wp\/v2\/pages\/143"}],"collection":[{"href":"http:\/\/monolity.pl\/de\/wp-json\/wp\/v2\/pages"}],"about":[{"href":"http:\/\/monolity.pl\/de\/wp-json\/wp\/v2\/types\/page"}],"author":[{"embeddable":true,"href":"http:\/\/monolity.pl\/de\/wp-json\/wp\/v2\/users\/1"}],"replies":[{"embeddable":true,"href":"http:\/\/monolity.pl\/de\/wp-json\/wp\/v2\/comments?post=143"}],"version-history":[{"count":60,"href":"http:\/\/monolity.pl\/de\/wp-json\/wp\/v2\/pages\/143\/revisions"}],"predecessor-version":[{"id":1086,"href":"http:\/\/monolity.pl\/de\/wp-json\/wp\/v2\/pages\/143\/revisions\/1086"}],"up":[{"embeddable":true,"href":"http:\/\/monolity.pl\/de\/wp-json\/wp\/v2\/pages\/130"}],"wp:attachment":[{"href":"http:\/\/monolity.pl\/de\/wp-json\/wp\/v2\/media?parent=143"}],"curies":[{"name":"wp","href":"https:\/\/api.w.org\/{rel}","templated":true}]}}