{"id":200,"date":"2017-01-07T12:18:20","date_gmt":"2017-01-07T11:18:20","guid":{"rendered":"http:\/\/tarnavva.nazwa.pl\/tarnavva\/?page_id=200"},"modified":"2017-03-09T13:37:46","modified_gmt":"2017-03-09T12:37:46","slug":"zeliwne","status":"publish","type":"page","link":"http:\/\/monolity.pl\/de\/produkty\/zeliwne\/","title":{"rendered":"Gusseisernes Gitter"},"content":{"rendered":"<p>Gusseiserne Gitter sind ein Angebot, das die Vielfalt unserer Produkte aus diesem Material erg\u00e4nzt. Die haben ein \u00e4u\u00dferst originales Aussehen und eine originale Form und sie werden ein Detail sein, dass dem Kamin zweifellos Eleganz verleiht.<\/p>\n<div class=\"no-border\">\n<p><img loading=\"lazy\" class=\"alignnone size-full wp-image-438\" src=\"http:\/\/tarnavva.nazwa.pl\/tarnavva\/wp-content\/uploads\/2017\/01\/karo_100x50.jpg\" alt=\"\" width=\"70\" height=\"44\" \/><\/p>\n<table>\n<tbody>\n<tr>\n<td><strong>Gusseisernes Gitter KARO<\/strong><\/td>\n<\/tr>\n<\/tbody>\n<\/table>\n<table>\n<tbody>\n<tr>\n<td>Breite 100 mm<\/td>\n<\/tr>\n<tr>\n<td>H\u00f6he 50 mm<\/td>\n<\/tr>\n<tr>\n<td>0,5 kg<\/td>\n<\/tr>\n<\/tbody>\n<\/table>\n<p>&nbsp;<\/p>\n<p><img loading=\"lazy\" class=\"alignnone size-full wp-image-439\" src=\"http:\/\/tarnavva.nazwa.pl\/tarnavva\/wp-content\/uploads\/2017\/01\/karo_120x120.jpg\" alt=\"\" width=\"81\" height=\"81\" \/><\/p>\n<table>\n<tbody>\n<tr>\n<td><strong>Gusseisernes Gitter KARO<\/strong><\/td>\n<\/tr>\n<\/tbody>\n<\/table>\n<table>\n<tbody>\n<tr>\n<td>Breite 120 mm<\/td>\n<\/tr>\n<tr>\n<td>H\u00f6he 120 mm<\/td>\n<\/tr>\n<tr>\n<td>0,7 kg<\/td>\n<\/tr>\n<\/tbody>\n<\/table>\n<p>&nbsp;<\/p>\n<p><img loading=\"lazy\" class=\"alignnone size-full wp-image-440\" src=\"http:\/\/tarnavva.nazwa.pl\/tarnavva\/wp-content\/uploads\/2017\/01\/karo_255x75.jpg\" alt=\"\" width=\"151\" height=\"56\" srcset=\"http:\/\/monolity.pl\/wp-content\/uploads\/2017\/01\/karo_255x75.jpg 151w, http:\/\/monolity.pl\/wp-content\/uploads\/2017\/01\/karo_255x75-150x56.jpg 150w\" sizes=\"(max-width: 151px) 100vw, 151px\" \/><\/p>\n<table>\n<tbody>\n<tr>\n<td><strong>Gusseisernes Gitter KARO<\/strong><\/td>\n<\/tr>\n<\/tbody>\n<\/table>\n<table>\n<tbody>\n<tr>\n<td>Breite 275 mm<\/td>\n<\/tr>\n<tr>\n<td>H\u00f6he 75 mm<\/td>\n<\/tr>\n<tr>\n<td>0,7 kg<\/td>\n<\/tr>\n<\/tbody>\n<\/table>\n<p>&nbsp;<\/p>\n<p><img loading=\"lazy\" class=\"alignnone size-full wp-image-441\" src=\"http:\/\/tarnavva.nazwa.pl\/tarnavva\/wp-content\/uploads\/2017\/01\/karo_255x120.jpg\" alt=\"\" width=\"152\" height=\"82\" srcset=\"http:\/\/monolity.pl\/wp-content\/uploads\/2017\/01\/karo_255x120.jpg 152w, http:\/\/monolity.pl\/wp-content\/uploads\/2017\/01\/karo_255x120-150x82.jpg 150w\" sizes=\"(max-width: 152px) 100vw, 152px\" \/><\/p>\n<table>\n<tbody>\n<tr>\n<td><strong>Gusseisernes Gitter KARO<\/strong><\/td>\n<\/tr>\n<\/tbody>\n<\/table>\n<table border=\"0\" rules=\"rows\" cellspacing=\"0\" cellpadding=\"3\" align=\"center\">\n<tbody>\n<tr>\n<td>Breite 255 mm<\/td>\n<\/tr>\n<tr>\n<td>H\u00f6he 120 mm<\/td>\n<\/tr>\n<tr>\n<td>1 kg<\/td>\n<\/tr>\n<\/tbody>\n<\/table>\n<p>&nbsp;<\/p>\n<p><img loading=\"lazy\" class=\"alignnone size-full wp-image-442\" src=\"http:\/\/tarnavva.nazwa.pl\/tarnavva\/wp-content\/uploads\/2017\/01\/karo_315x160.jpg\" alt=\"\" width=\"172\" height=\"91\" \/><\/p>\n<table>\n<tbody>\n<tr>\n<td><strong>Gusseisernes Gitter KARO<\/strong><\/td>\n<\/tr>\n<\/tbody>\n<\/table>\n<table border=\"0\" rules=\"rows\" cellspacing=\"0\" cellpadding=\"3\" align=\"center\">\n<tbody>\n<tr>\n<td>Breite 315 mm<\/td>\n<\/tr>\n<tr>\n<td>H\u00f6he 160 mm<\/td>\n<\/tr>\n<tr>\n<td>3 kg<\/td>\n<\/tr>\n<\/tbody>\n<\/table>\n<p>&nbsp;<\/p>\n<p><img loading=\"lazy\" class=\"alignnone size-full wp-image-443\" src=\"http:\/\/tarnavva.nazwa.pl\/tarnavva\/wp-content\/uploads\/2017\/01\/kratka_kom_polokragla_slonce_I.jpg\" alt=\"\" width=\"150\" height=\"125\" \/><\/p>\n<table>\n<tbody>\n<tr>\n<td><strong>Gusseisernes Gitter &#8211; SONNE<\/strong><\/td>\n<\/tr>\n<\/tbody>\n<\/table>\n<table>\n<tbody>\n<tr>\n<td>Breite 220 mm<\/td>\n<\/tr>\n<tr>\n<td>H\u00f6he 195 mm<\/td>\n<\/tr>\n<tr>\n<td>2,8 kg<\/td>\n<\/tr>\n<\/tbody>\n<\/table>\n<p>&nbsp;<\/p>\n<p><img loading=\"lazy\" class=\"alignnone size-full wp-image-444\" src=\"http:\/\/tarnavva.nazwa.pl\/tarnavva\/wp-content\/uploads\/2017\/01\/kratka_kom_polokragla_slonce_II.jpg\" alt=\"\" width=\"150\" height=\"125\" \/><\/p>\n<table>\n<tbody>\n<tr>\n<td><strong>Gusseisernes Gitter &#8211; MARS<\/strong><\/td>\n<\/tr>\n<\/tbody>\n<\/table>\n<table>\n<tbody>\n<tr>\n<td>Breite220 mm<\/td>\n<\/tr>\n<tr>\n<td>H\u00f6he 195 mm<\/td>\n<\/tr>\n<tr>\n<td>2,8 kg<\/td>\n<\/tr>\n<\/tbody>\n<\/table>\n<p>&nbsp;<\/p>\n<p><img loading=\"lazy\" class=\"alignnone size-full wp-image-445\" src=\"http:\/\/tarnavva.nazwa.pl\/tarnavva\/wp-content\/uploads\/2017\/01\/kratka-venus.jpg\" alt=\"\" width=\"150\" height=\"125\" \/><\/p>\n<table>\n<tbody>\n<tr>\n<td><strong>Gusseisernes Gitter &#8211; VENUS<\/strong><\/td>\n<\/tr>\n<\/tbody>\n<\/table>\n<table>\n<tbody>\n<tr>\n<td>Breite220 mm<\/td>\n<\/tr>\n<tr>\n<td>H\u00f6he 195 mm<\/td>\n<\/tr>\n<tr>\n<td>2,8 kg<\/td>\n<\/tr>\n<\/tbody>\n<\/table>\n<p>&nbsp;<\/p>\n<p><img loading=\"lazy\" class=\"alignnone size-full wp-image-446\" src=\"http:\/\/tarnavva.nazwa.pl\/tarnavva\/wp-content\/uploads\/2017\/01\/karo_round.jpg\" alt=\"\" width=\"186\" height=\"143\" \/><\/p>\n<table>\n<tbody>\n<tr>\n<td><strong>Gusseisernes Gitter &#8211; KARO<\/strong><\/td>\n<\/tr>\n<\/tbody>\n<\/table>\n<table>\n<tbody>\n<tr>\n<td>Breite 315 mm<\/td>\n<\/tr>\n<tr>\n<td>H\u00f6he 160 mm<\/td>\n<\/tr>\n<tr>\n<td>3,8 kg<\/td>\n<\/tr>\n<\/tbody>\n<\/table>\n<\/div>\n<p><\/p>","protected":false},"excerpt":{"rendered":"<p>Gusseiserne Gitter sind ein Angebot, das die Vielfalt unserer Produkte aus diesem Material erg\u00e4nzt. Die haben ein \u00e4u\u00dferst originales Aussehen und eine originale Form und sie werden ein Detail sein, dass dem Kamin zweifellos Eleganz verleiht. Gusseisernes Gitter KARO Breite 100 mm H\u00f6he 50 mm 0,5 kg &nbsp; Gusseisernes Gitter KARO Breite 120 mm H\u00f6he [&hellip;]<\/p>\n","protected":false},"author":1,"featured_media":0,"parent":42,"menu_order":0,"comment_status":"closed","ping_status":"closed","template":"","meta":[],"_links":{"self":[{"href":"http:\/\/monolity.pl\/de\/wp-json\/wp\/v2\/pages\/200"}],"collection":[{"href":"http:\/\/monolity.pl\/de\/wp-json\/wp\/v2\/pages"}],"about":[{"href":"http:\/\/monolity.pl\/de\/wp-json\/wp\/v2\/types\/page"}],"author":[{"embeddable":true,"href":"http:\/\/monolity.pl\/de\/wp-json\/wp\/v2\/users\/1"}],"replies":[{"embeddable":true,"href":"http:\/\/monolity.pl\/de\/wp-json\/wp\/v2\/comments?post=200"}],"version-history":[{"count":12,"href":"http:\/\/monolity.pl\/de\/wp-json\/wp\/v2\/pages\/200\/revisions"}],"predecessor-version":[{"id":1093,"href":"http:\/\/monolity.pl\/de\/wp-json\/wp\/v2\/pages\/200\/revisions\/1093"}],"up":[{"embeddable":true,"href":"http:\/\/monolity.pl\/de\/wp-json\/wp\/v2\/pages\/42"}],"wp:attachment":[{"href":"http:\/\/monolity.pl\/de\/wp-json\/wp\/v2\/media?parent=200"}],"curies":[{"name":"wp","href":"https:\/\/api.w.org\/{rel}","templated":true}]}}