{"id":21,"date":"2016-12-31T11:52:30","date_gmt":"2016-12-31T10:52:30","guid":{"rendered":"http:\/\/tarnavva.nazwa.pl\/tarnavva\/?page_id=21"},"modified":"2017-02-17T08:52:35","modified_gmt":"2017-02-17T07:52:35","slug":"firma","status":"publish","type":"page","link":"http:\/\/monolity.pl\/de\/firma\/","title":{"rendered":"TEAM"},"content":{"rendered":"<p>Wir sind ein Team junger und ambitionierter Menschen, die doppelte Anstrengungen unternehmen, um einen frischen, aber ausgewogenen Innovationssto\u03b2 dem Produkt , welches eine monolithische gusseiserne Feuerstelle ist, zu verleihen Wir bem\u00fchen uns darum, dass unsere Firma ihre Position im Kreis der polnischen Hersteller festigt, und unsere Produkte richten wir nicht nur an polnische Kunden, aber auch an M\u00e4rkte der europ\u00e4ischen und \u00f6stlichen L\u00e4nder. Wir sind Kaminenthusiasten. Unser Optimismus basiert darauf, dass wir uns nicht mit einem Erfolg begn\u00fcgen, wir binden uns auch nicht an den Erfolg, wir sind uns bewusst mit welcher Schnelligkeit die Innovationen in das<br \/>\nt\u00e4gliche Leben eindringen,<\/p>\n<p>&#8230;. mit uns ist es w\u00e4rmer<\/p>\n<p><img loading=\"lazy\" width=\"790\" height=\"390\" class=\"aligncenter size-full wp-image-176\" style=\"width: 95%;\" src=\"http:\/\/tarnavva.nazwa.pl\/tarnavva\/wp-content\/uploads\/2016\/12\/tarn_17.jpg\" alt=\"tarn_17\" srcset=\"http:\/\/monolity.pl\/wp-content\/uploads\/2016\/12\/tarn_17.jpg 790w, http:\/\/monolity.pl\/wp-content\/uploads\/2016\/12\/tarn_17-300x148.jpg 300w, http:\/\/monolity.pl\/wp-content\/uploads\/2016\/12\/tarn_17-768x379.jpg 768w\" sizes=\"(max-width: 790px) 100vw, 790px\" \/><\/p>","protected":false},"excerpt":{"rendered":"<p>Wir sind ein Team junger und ambitionierter Menschen, die doppelte Anstrengungen unternehmen, um einen frischen, aber ausgewogenen Innovationssto\u03b2 dem Produkt , welches eine monolithische gusseiserne Feuerstelle ist, zu verleihen Wir bem\u00fchen uns darum, dass unsere Firma ihre Position im Kreis der polnischen Hersteller festigt, und unsere Produkte richten wir nicht nur an polnische Kunden, aber [&hellip;]<\/p>\n","protected":false},"author":1,"featured_media":0,"parent":0,"menu_order":0,"comment_status":"closed","ping_status":"closed","template":"","meta":[],"_links":{"self":[{"href":"http:\/\/monolity.pl\/de\/wp-json\/wp\/v2\/pages\/21"}],"collection":[{"href":"http:\/\/monolity.pl\/de\/wp-json\/wp\/v2\/pages"}],"about":[{"href":"http:\/\/monolity.pl\/de\/wp-json\/wp\/v2\/types\/page"}],"author":[{"embeddable":true,"href":"http:\/\/monolity.pl\/de\/wp-json\/wp\/v2\/users\/1"}],"replies":[{"embeddable":true,"href":"http:\/\/monolity.pl\/de\/wp-json\/wp\/v2\/comments?post=21"}],"version-history":[{"count":12,"href":"http:\/\/monolity.pl\/de\/wp-json\/wp\/v2\/pages\/21\/revisions"}],"predecessor-version":[{"id":671,"href":"http:\/\/monolity.pl\/de\/wp-json\/wp\/v2\/pages\/21\/revisions\/671"}],"wp:attachment":[{"href":"http:\/\/monolity.pl\/de\/wp-json\/wp\/v2\/media?parent=21"}],"curies":[{"name":"wp","href":"https:\/\/api.w.org\/{rel}","templated":true}]}}