{"id":210,"date":"2017-01-07T12:28:24","date_gmt":"2017-01-07T11:28:24","guid":{"rendered":"http:\/\/tarnavva.nazwa.pl\/tarnavva\/?page_id=210"},"modified":"2017-03-09T12:08:44","modified_gmt":"2017-03-09T11:08:44","slug":"ramy-wykonczeniowe","status":"publish","type":"page","link":"http:\/\/monolity.pl\/de\/produkty\/ramy-wykonczeniowe\/","title":{"rendered":"Rahmen"},"content":{"rendered":"<p>Wir bieten Ihnen ein \u00e4u\u00dferst modernes Detail f\u00fcr unsere Kamineins\u00e4tze an, welches der Fertigungsrahmen ist.<\/p>\n<p>Wir besitzen Rahmen f\u00fcr alle Leistungen der Eins\u00e4tze in vier verschiedenen Farben: polierter Edelstahl,<\/p>\n<ul>\n<li>geschliffener Edelstahl,<\/li>\n<li>schwarz,<\/li>\n<li>anthrazit,<\/li>\n<li>erh\u00e4ltlich sind.<\/li>\n<\/ul>\n<p>Die Rahmen besitzen ein System, das eine sehr praktische und schnelle Montage erm\u00f6glicht und dem Kamin ein \u00e4u\u00dferst originales Aussehen verleiht.<\/p>\n<h2 class=\"red-header\">gew\u00f6lbte (konvexe) Rahmen<\/h2>\n<p class=\"left-paragraph\">Rahmen Schwarz<\/p>\n<p><img loading=\"lazy\" class=\"alignnone size-full wp-image-211\" src=\"http:\/\/tarnavva.nazwa.pl\/tarnavva\/wp-content\/uploads\/2017\/01\/rozeta-czarna.jpg\" alt=\"czarna\" width=\"140\" height=\"105\" \/><\/p>\n<p class=\"left-paragraph\">Rahmen Anthrazit<\/p>\n<p><img loading=\"lazy\" class=\"alignnone size-full wp-image-212\" src=\"http:\/\/tarnavva.nazwa.pl\/tarnavva\/wp-content\/uploads\/2017\/01\/rozeta-grafit.jpg\" alt=\"grafit\" width=\"138\" height=\"104\" \/><\/p>\n<p class=\"left-paragraph\">Polierter Rahmen<\/p>\n<p><img loading=\"lazy\" class=\"alignnone size-full wp-image-213\" src=\"http:\/\/tarnavva.nazwa.pl\/tarnavva\/wp-content\/uploads\/2017\/01\/rozeta-poler.jpg\" alt=\"poler\" width=\"138\" height=\"104\" \/><\/p>\n<p class=\"left-paragraph\">Geschliffener Rahmen<\/p>\n<p><img loading=\"lazy\" class=\"alignnone size-full wp-image-214\" src=\"http:\/\/tarnavva.nazwa.pl\/tarnavva\/wp-content\/uploads\/2017\/01\/rozeta-szlif.jpg\" alt=\"szlif\" width=\"138\" height=\"104\" \/><\/p>\n<h2 class=\"red-header\">mix Rahmen<\/h2>\n<p class=\"left-paragraph\">Rahmen Schwarz<\/p>\n<p><img loading=\"lazy\" class=\"alignnone size-full wp-image-215\" src=\"http:\/\/tarnavva.nazwa.pl\/tarnavva\/wp-content\/uploads\/2017\/01\/rama_panel_czarna.jpg\" alt=\"czarna\" width=\"140\" height=\"105\" \/><\/p>\n<p class=\"left-paragraph\">Geschliffener Rahmen<\/p>\n<p><img loading=\"lazy\" class=\"alignnone size-full wp-image-216\" src=\"http:\/\/tarnavva.nazwa.pl\/tarnavva\/wp-content\/uploads\/2017\/01\/rama_panel_drapanka.jpg\" alt=\"drapanka\" width=\"140\" height=\"105\" \/><\/p>\n<p class=\"left-paragraph\">Rahmen mix<\/p>\n<p><img loading=\"lazy\" class=\"alignnone size-full wp-image-217\" src=\"http:\/\/tarnavva.nazwa.pl\/tarnavva\/wp-content\/uploads\/2017\/01\/rama_panel_mix.jpg\" alt=\"mix\" width=\"140\" height=\"105\" \/><\/p>\n<h2 class=\"red-header\">konkave Rahmen<\/h2>\n<p class=\"left-paragraph\">gew\u00f6lbte (konvexe) Rahmen<\/p>\n<p><a href=\"http:\/\/tarnavva.nazwa.pl\/tarnavva\/wp-content\/uploads\/2017\/01\/tech_roz_wyp.jpg\" data-rel=\"lightbox-gallery-xk8lOswJ\" data-rl_title=\"\" data-rl_caption=\"\" title=\"\"><img loading=\"lazy\" class=\"alignnone size-thumbnail wp-image-226\" style=\"border: 1px solid black;\" src=\"http:\/\/tarnavva.nazwa.pl\/tarnavva\/wp-content\/uploads\/2017\/01\/tech_roz_wyp-150x150.jpg\" alt=\"roz\" width=\"150\" height=\"150\" \/><\/a><\/p>\n<p class=\"left-paragraph\">konkave Rahmen<\/p>\n<p><a href=\"http:\/\/tarnavva.nazwa.pl\/tarnavva\/wp-content\/uploads\/2017\/01\/tech_roz_pan.jpg\" data-rel=\"lightbox-gallery-xk8lOswJ\" data-rl_title=\"\" data-rl_caption=\"\" title=\"\"><img loading=\"lazy\" class=\"alignnone size-thumbnail wp-image-227\" style=\"border: 1px solid black;\" src=\"http:\/\/tarnavva.nazwa.pl\/tarnavva\/wp-content\/uploads\/2017\/01\/tech_roz_pan-150x150.jpg\" alt=\"pan\" width=\"150\" height=\"150\" srcset=\"http:\/\/monolity.pl\/wp-content\/uploads\/2017\/01\/tech_roz_pan-150x150.jpg 150w, http:\/\/monolity.pl\/wp-content\/uploads\/2017\/01\/tech_roz_pan-300x300.jpg 300w, http:\/\/monolity.pl\/wp-content\/uploads\/2017\/01\/tech_roz_pan.jpg 600w\" sizes=\"(max-width: 150px) 100vw, 150px\" \/><\/a><\/p>\n<p><img loading=\"lazy\" width=\"800\" height=\"600\" class=\"alignnone size-full wp-image-230\" style=\"width: 95%;\" src=\"http:\/\/tarnavva.nazwa.pl\/tarnavva\/wp-content\/uploads\/2017\/01\/18.jpg\" alt=\"18\" srcset=\"http:\/\/monolity.pl\/wp-content\/uploads\/2017\/01\/18.jpg 800w, http:\/\/monolity.pl\/wp-content\/uploads\/2017\/01\/18-300x225.jpg 300w, http:\/\/monolity.pl\/wp-content\/uploads\/2017\/01\/18-768x576.jpg 768w\" sizes=\"(max-width: 800px) 100vw, 800px\" \/><\/p>","protected":false},"excerpt":{"rendered":"<p>Wir bieten Ihnen ein \u00e4u\u00dferst modernes Detail f\u00fcr unsere Kamineins\u00e4tze an, welches der Fertigungsrahmen ist. Wir besitzen Rahmen f\u00fcr alle Leistungen der Eins\u00e4tze in vier verschiedenen Farben: polierter Edelstahl, geschliffener Edelstahl, schwarz, anthrazit, erh\u00e4ltlich sind. Die Rahmen besitzen ein System, das eine sehr praktische und schnelle Montage erm\u00f6glicht und dem Kamin ein \u00e4u\u00dferst originales Aussehen [&hellip;]<\/p>\n","protected":false},"author":1,"featured_media":0,"parent":42,"menu_order":0,"comment_status":"closed","ping_status":"closed","template":"","meta":[],"_links":{"self":[{"href":"http:\/\/monolity.pl\/de\/wp-json\/wp\/v2\/pages\/210"}],"collection":[{"href":"http:\/\/monolity.pl\/de\/wp-json\/wp\/v2\/pages"}],"about":[{"href":"http:\/\/monolity.pl\/de\/wp-json\/wp\/v2\/types\/page"}],"author":[{"embeddable":true,"href":"http:\/\/monolity.pl\/de\/wp-json\/wp\/v2\/users\/1"}],"replies":[{"embeddable":true,"href":"http:\/\/monolity.pl\/de\/wp-json\/wp\/v2\/comments?post=210"}],"version-history":[{"count":36,"href":"http:\/\/monolity.pl\/de\/wp-json\/wp\/v2\/pages\/210\/revisions"}],"predecessor-version":[{"id":1078,"href":"http:\/\/monolity.pl\/de\/wp-json\/wp\/v2\/pages\/210\/revisions\/1078"}],"up":[{"embeddable":true,"href":"http:\/\/monolity.pl\/de\/wp-json\/wp\/v2\/pages\/42"}],"wp:attachment":[{"href":"http:\/\/monolity.pl\/de\/wp-json\/wp\/v2\/media?parent=210"}],"curies":[{"name":"wp","href":"https:\/\/api.w.org\/{rel}","templated":true}]}}