{"id":235,"date":"2017-01-07T12:56:39","date_gmt":"2017-01-07T11:56:39","guid":{"rendered":"http:\/\/tarnavva.nazwa.pl\/tarnavva\/?page_id=235"},"modified":"2017-03-09T12:09:55","modified_gmt":"2017-03-09T11:09:55","slug":"stojaki-do-kominka","status":"publish","type":"page","link":"http:\/\/monolity.pl\/de\/produkty\/stojaki-do-kominka\/","title":{"rendered":"St\u00e4nder"},"content":{"rendered":"<p>Die regulierbaren St\u00e4nder f\u00fcr Kamine sind eine hervorragende Basis f\u00fcr das Geh\u00e4use der Feuerung.<\/p>\n<p>Sie haben eine Ger\u00fcstkonstruktion, die einen ungehinderten Luftdurchfluss und die automatische K\u00fchlung der Kassette erm\u00f6glicht.<\/p>\n<p>Sie werden aus einem Profil mit einer entsprechenden Blechdicke ST angefertigt.<\/p>\n<p>Die Beine des St\u00e4nders sind regulierbar, was wiederrum erm\u00f6glicht sie zu der ben\u00f6tigten H\u00f6he anzupassen (im Bereich von 370 mm bis zu 440 mm).<\/p>\n<p><img loading=\"lazy\" class=\"alignleft size-full wp-image-237\" src=\"http:\/\/tarnavva.nazwa.pl\/tarnavva\/wp-content\/uploads\/2017\/01\/Tarnavva-stojak01.jpg\" alt=\"\" width=\"200\" height=\"165\" \/><\/p>\n<p><img loading=\"lazy\" class=\"alignleft size-full wp-image-238\" src=\"http:\/\/tarnavva.nazwa.pl\/tarnavva\/wp-content\/uploads\/2017\/01\/Tarnavva-stojak02.jpg\" alt=\"\" width=\"200\" height=\"256\" \/><\/p>\n<p><img loading=\"lazy\" class=\"alignleft size-full wp-image-239\" src=\"http:\/\/tarnavva.nazwa.pl\/tarnavva\/wp-content\/uploads\/2017\/01\/Tarnavva-stojak03.jpg\" alt=\"\" width=\"200\" height=\"204\" \/><\/p>","protected":false},"excerpt":{"rendered":"<p>Die regulierbaren St\u00e4nder f\u00fcr Kamine sind eine hervorragende Basis f\u00fcr das Geh\u00e4use der Feuerung. Sie haben eine Ger\u00fcstkonstruktion, die einen ungehinderten Luftdurchfluss und die automatische K\u00fchlung der Kassette erm\u00f6glicht. Sie werden aus einem Profil mit einer entsprechenden Blechdicke ST angefertigt. Die Beine des St\u00e4nders sind regulierbar, was wiederrum erm\u00f6glicht sie zu der ben\u00f6tigten H\u00f6he anzupassen [&hellip;]<\/p>\n","protected":false},"author":1,"featured_media":0,"parent":42,"menu_order":0,"comment_status":"closed","ping_status":"closed","template":"","meta":[],"_links":{"self":[{"href":"http:\/\/monolity.pl\/de\/wp-json\/wp\/v2\/pages\/235"}],"collection":[{"href":"http:\/\/monolity.pl\/de\/wp-json\/wp\/v2\/pages"}],"about":[{"href":"http:\/\/monolity.pl\/de\/wp-json\/wp\/v2\/types\/page"}],"author":[{"embeddable":true,"href":"http:\/\/monolity.pl\/de\/wp-json\/wp\/v2\/users\/1"}],"replies":[{"embeddable":true,"href":"http:\/\/monolity.pl\/de\/wp-json\/wp\/v2\/comments?post=235"}],"version-history":[{"count":15,"href":"http:\/\/monolity.pl\/de\/wp-json\/wp\/v2\/pages\/235\/revisions"}],"predecessor-version":[{"id":1079,"href":"http:\/\/monolity.pl\/de\/wp-json\/wp\/v2\/pages\/235\/revisions\/1079"}],"up":[{"embeddable":true,"href":"http:\/\/monolity.pl\/de\/wp-json\/wp\/v2\/pages\/42"}],"wp:attachment":[{"href":"http:\/\/monolity.pl\/de\/wp-json\/wp\/v2\/media?parent=235"}],"curies":[{"name":"wp","href":"https:\/\/api.w.org\/{rel}","templated":true}]}}