{"id":241,"date":"2017-01-07T13:05:42","date_gmt":"2017-01-07T12:05:42","guid":{"rendered":"http:\/\/tarnavva.nazwa.pl\/tarnavva\/?page_id=241"},"modified":"2017-03-09T11:50:31","modified_gmt":"2017-03-09T10:50:31","slug":"elementy-komina","status":"publish","type":"page","link":"http:\/\/monolity.pl\/de\/produkty\/elementy-komina\/","title":{"rendered":"Schornsteinbauelemente"},"content":{"rendered":"<p>Im Bereich Schornsteinbauelemente und Schornsteinanschl\u00fcsse bieten wir an:<\/p>\n<div class=\"tab-2\">\n<table rules=\"rows\">\n<tbody>\n<tr>\n<td rowspan=\"2\">Schornsteinbauelemente aus s\u00e4urebest\u00e4ndigem Stahl:<br \/>\nG\u00fcte 1.4404, 1.4301, Dicke von 0,5 bis 1,5mm <\/td>\n<td>\n<ul>\n<li>einwandiges Schornsteinsystem <\/li>\n<\/ul>\n<\/td>\n<\/tr>\n<tr>\n<td>\n<ul>\n<li>doppelwandiges Schornsteinszstem<\/li>\n<\/ul>\n<\/td>\n<\/tr>\n<tr>\n<td>Schornsteinbauelemente aus hitzebest\u00e4ndigem Stahl<\/td>\n<td>\n<ul>\n<li>flexibles Rohr <\/li>\n<\/ul>\n<\/td>\n<\/tr>\n<\/tbody>\n<\/table>\n<\/div>\n<p>In unserem Angebot befinden sich sowohl einwandige, f\u00fcr die Montage bereits bestehender Keramikkamine, als auch doppelwandige Schornsteinsysteme, f\u00fcr die Aussenmontage, an einer Keramikwand eines Geb\u00e4udes oder an Aussenw\u00e4nden und inneren Metallkonstruktionen. Sie dienen der Ausf\u00fchrung von gesamten Abgsystemen. In beiden Systemen wird bei der Herstellung ein hochqualitativer s\u00e4urebest\u00e4ndiger Stahl verwendet. Die Isolierung in doppelwandigen Systemen wird aus einer hochtemperatur gepressten Minerallwolle ausgef\u00fchrt. Die Erfolgreiche Zusammenarbeit mit zwei von den gr\u00f6\u00dften Schornsteinsystemproduzenten in Polen erm\u00f6glicht uns, Ihnen sowohl einzelne Kaminanschlusselemente, als auch freistehende Industrieschornsteine mit einer Blechdicke von 0,5mm bis 2mm und einem Durchmesser von \u00f860mm bis \u00f81000 mm anzubieten. Die K\u00fchnheit des Angebots st\u00fctzen wir auf dem Fundament unserer Firma, das der Hauptinhaber der Firma TarnaVva, gleichzeitig Miteigent\u00fcmer der Firmen Tarnawa oHG und HMS-Komet GmbH ist, welcher ein breites Wissen und eine langj\u00e4hrige Erfahrung in der Produktion von Schornsteinen und der Verwirklichung von Unternehmen in der Instalationsbranche besitzt.<\/p>\n<div id=\"attachment_247\" style=\"width: 110px\" class=\"wp-caption alignleft\"><img aria-describedby=\"caption-attachment-247\" loading=\"lazy\" class=\"size-full wp-image-247\" src=\"http:\/\/tarnavva.nazwa.pl\/tarnavva\/wp-content\/uploads\/2017\/01\/Elementy-_komina_dwuscienne_ze_stali.jpg\" alt=\"system dwu\u015bcienny\" width=\"100\" height=\"192\" \/><p id=\"caption-attachment-247\" class=\"wp-caption-text\">doppelwandiges Schornsteinszstem<\/p><\/div>\n<div id=\"attachment_248\" style=\"width: 110px\" class=\"wp-caption alignleft\"><img aria-describedby=\"caption-attachment-248\" loading=\"lazy\" class=\"size-full wp-image-248\" src=\"http:\/\/tarnavva.nazwa.pl\/tarnavva\/wp-content\/uploads\/2017\/01\/Elementy-_komina_jednoscienne_ze_stali.jpg\" alt=\"system jedno\u015bcienny\" width=\"100\" height=\"181\" \/><p id=\"caption-attachment-248\" class=\"wp-caption-text\">einwandiges Schornsteinsystem<\/p><\/div>\n<p style=\"clear: both; text-align: center;\">Erfolgreiche Partnerbeziehungen mit Produzenten von doppelwandigen flexiblen chrom-nickel Rohren wie Tarflex oder Beskom und Schornsteinbauelementen aus hitzebest\u00e4ndigem Sahl erm\u00f6glichen uns Ihren Erwartungen in dieser Materie entgegen zu kommen. Es macht uns m\u00f6glich die Gesamtheit unserer Leistungen und unseres Assortiments zu erg\u00e4nzen.<\/p>\n<p><\/p>","protected":false},"excerpt":{"rendered":"<p>Im Bereich Schornsteinbauelemente und Schornsteinanschl\u00fcsse bieten wir an: Schornsteinbauelemente aus s\u00e4urebest\u00e4ndigem Stahl: G\u00fcte 1.4404, 1.4301, Dicke von 0,5 bis 1,5mm einwandiges Schornsteinsystem doppelwandiges Schornsteinszstem Schornsteinbauelemente aus hitzebest\u00e4ndigem Stahl flexibles Rohr In unserem Angebot befinden sich sowohl einwandige, f\u00fcr die Montage bereits bestehender Keramikkamine, als auch doppelwandige Schornsteinsysteme, f\u00fcr die Aussenmontage, an einer Keramikwand eines Geb\u00e4udes [&hellip;]<\/p>\n","protected":false},"author":1,"featured_media":0,"parent":42,"menu_order":0,"comment_status":"closed","ping_status":"closed","template":"","meta":[],"_links":{"self":[{"href":"http:\/\/monolity.pl\/de\/wp-json\/wp\/v2\/pages\/241"}],"collection":[{"href":"http:\/\/monolity.pl\/de\/wp-json\/wp\/v2\/pages"}],"about":[{"href":"http:\/\/monolity.pl\/de\/wp-json\/wp\/v2\/types\/page"}],"author":[{"embeddable":true,"href":"http:\/\/monolity.pl\/de\/wp-json\/wp\/v2\/users\/1"}],"replies":[{"embeddable":true,"href":"http:\/\/monolity.pl\/de\/wp-json\/wp\/v2\/comments?post=241"}],"version-history":[{"count":20,"href":"http:\/\/monolity.pl\/de\/wp-json\/wp\/v2\/pages\/241\/revisions"}],"predecessor-version":[{"id":1073,"href":"http:\/\/monolity.pl\/de\/wp-json\/wp\/v2\/pages\/241\/revisions\/1073"}],"up":[{"embeddable":true,"href":"http:\/\/monolity.pl\/de\/wp-json\/wp\/v2\/pages\/42"}],"wp:attachment":[{"href":"http:\/\/monolity.pl\/de\/wp-json\/wp\/v2\/media?parent=241"}],"curies":[{"name":"wp","href":"https:\/\/api.w.org\/{rel}","templated":true}]}}