{"id":257,"date":"2017-01-07T13:54:51","date_gmt":"2017-01-07T12:54:51","guid":{"rendered":"http:\/\/tarnavva.nazwa.pl\/tarnavva\/?page_id=257"},"modified":"2017-03-09T11:42:35","modified_gmt":"2017-03-09T10:42:35","slug":"dystrybutor-cieplego-powietrza","status":"publish","type":"page","link":"http:\/\/monolity.pl\/de\/produkty\/dystrybutor-cieplego-powietrza\/","title":{"rendered":"Zapfs\u00e4ulen"},"content":{"rendered":"<p>Zapfs\u00e4ulen f\u00fcr warme Luft werden auf Bestellung des Kunden angefertigt (nach Bestimmung der Anzahl von Vertriebsrohrst\u00fctzen und ihrer Durchmesser).<\/p>\n<p>Die Zapfs\u00e4ulen werden aus verzinktem Blech angefertigt.<\/p>\n<p>Vorhanden sind Zapfs\u00e4ulen f\u00fcr folgende Feuerstellen:<\/p>\n<ul>\n<li>TYPE 12kw,<\/li>\n<li>TYPE 14kw,<\/li>\n<li>TYPE 16kw,<\/li>\n<li>TYPE 18kw,<\/li>\n<li>TYPE 20kw.<\/li>\n<\/ul>\n<p><img loading=\"lazy\" class=\"alignleft size-full wp-image-258\" src=\"http:\/\/tarnavva.nazwa.pl\/tarnavva\/wp-content\/uploads\/2017\/01\/Tarnavva_dystrybutor_01.jpg\" alt=\"\" width=\"200\" height=\"221\" \/><\/p>\n<p><img loading=\"lazy\" class=\"alignleft size-full wp-image-259\" src=\"http:\/\/tarnavva.nazwa.pl\/tarnavva\/wp-content\/uploads\/2017\/01\/Tarnavva_dystrybutor_02.jpg\" alt=\"\" width=\"200\" height=\"206\" \/><\/p>\n<p><img loading=\"lazy\" class=\"alignleft size-full wp-image-260\" src=\"http:\/\/tarnavva.nazwa.pl\/tarnavva\/wp-content\/uploads\/2017\/01\/Tarnavva_dystrybutor_03.jpg\" alt=\"\" width=\"200\" height=\"119\" \/><\/p>\n<hr class=\"red-hr\" \/>\n<h2 class=\"red-header-2\">Abdichtungen von schornsteinleitungen<\/h2>\n<p>Die von uns produzierte Dichtung wird aus einer Silikonmischung hergestellt. Sie wurde von Technologen selbst entwickelt unter dem Gesichtspunkt der Anwendung in Schornsteinleitungen. Sie wird eingesetzt bei der Abdichtung von kelchf\u00f6rmigen Rohrelemtenten (im Schornstein), die der Abfuhr von trockenen und feuchten Abgasen dienen. Die spezielle, nach unserer L\u00f6sung erarbeitete Form der Silikondichtung, bewirkt, dass sie keine M\u00f6glichkeit zur Verformungen w\u00e4hrend der Einf\u00fchrung des n\u00e4chstfolgenden in ein vorangehendes Element hat. Die eingesetzten Kr\u00e4fte, die bei der in einem Verbindungsprozess unabdingbaren T\u00e4tigkeit entstehen, wirken zus\u00e4tzlich g\u00fcnstig auf das Zudr\u00fccken der Dichtung zur Rohrwand. Dies erm\u00f6glicht eine 100% Garantie der Abdichtung von Verbindungsrohren bei gleichzeitiger Leichtigkeit der Montage.<\/p>\n<p>Erzeugniss &#8211; seine Verwendung und Konstruktion \u2013 wird durch den Patentanspruch gesch\u00fctzt<\/p>\n<h2 class=\"red-header-2\">Technische Parameter unserer Silikondichtung<\/h2>\n<table>\n<tbody>\n<tr>\n<td>Durchmesser<\/td>\n<td>\u00f860, \u00f880, \u00f8100, \u00f8110, \u00f8113, \u00f8130, \u00f8150, \u00f8180, \u00f8200, \u00f8250<\/td>\n<\/tr>\n<tr>\n<td>Temperatur<\/td>\n<td>300\u00b0C<\/td>\n<\/tr>\n<tr>\n<td>Betriebstemperatur<\/td>\n<td>250\u00b0C<\/td>\n<\/tr>\n<tr>\n<td>Basispolymer<\/td>\n<td>VMQ niebieski<\/td>\n<\/tr>\n<tr>\n<td>Dehnf\u00e4higkeit beim Abri\u00df DIN 53504<\/td>\n<td>279%<\/td>\n<\/tr>\n<tr>\n<td>Zugfestigkeit 100% DIN 53504<\/td>\n<td>3,6 N\/mm2<\/td>\n<\/tr>\n<tr>\n<td>H\u00e4rte DIN 53505<\/td>\n<td>70 + 5<\/td>\n<\/tr>\n<tr>\n<td>DIN 53505<\/td>\n<td>1,5 + 0,02<\/td>\n<\/tr>\n<\/tbody>\n<\/table>\n<p><\/p>","protected":false},"excerpt":{"rendered":"<p>Zapfs\u00e4ulen f\u00fcr warme Luft werden auf Bestellung des Kunden angefertigt (nach Bestimmung der Anzahl von Vertriebsrohrst\u00fctzen und ihrer Durchmesser). Die Zapfs\u00e4ulen werden aus verzinktem Blech angefertigt. Vorhanden sind Zapfs\u00e4ulen f\u00fcr folgende Feuerstellen: TYPE 12kw, TYPE 14kw, TYPE 16kw, TYPE 18kw, TYPE 20kw. Abdichtungen von schornsteinleitungen Die von uns produzierte Dichtung wird aus einer Silikonmischung hergestellt. [&hellip;]<\/p>\n","protected":false},"author":1,"featured_media":0,"parent":42,"menu_order":0,"comment_status":"closed","ping_status":"closed","template":"","meta":[],"_links":{"self":[{"href":"http:\/\/monolity.pl\/de\/wp-json\/wp\/v2\/pages\/257"}],"collection":[{"href":"http:\/\/monolity.pl\/de\/wp-json\/wp\/v2\/pages"}],"about":[{"href":"http:\/\/monolity.pl\/de\/wp-json\/wp\/v2\/types\/page"}],"author":[{"embeddable":true,"href":"http:\/\/monolity.pl\/de\/wp-json\/wp\/v2\/users\/1"}],"replies":[{"embeddable":true,"href":"http:\/\/monolity.pl\/de\/wp-json\/wp\/v2\/comments?post=257"}],"version-history":[{"count":13,"href":"http:\/\/monolity.pl\/de\/wp-json\/wp\/v2\/pages\/257\/revisions"}],"predecessor-version":[{"id":1071,"href":"http:\/\/monolity.pl\/de\/wp-json\/wp\/v2\/pages\/257\/revisions\/1071"}],"up":[{"embeddable":true,"href":"http:\/\/monolity.pl\/de\/wp-json\/wp\/v2\/pages\/42"}],"wp:attachment":[{"href":"http:\/\/monolity.pl\/de\/wp-json\/wp\/v2\/media?parent=257"}],"curies":[{"name":"wp","href":"https:\/\/api.w.org\/{rel}","templated":true}]}}