{"id":27,"date":"2016-12-31T11:52:58","date_gmt":"2016-12-31T10:52:58","guid":{"rendered":"http:\/\/tarnavva.nazwa.pl\/tarnavva\/?page_id=27"},"modified":"2021-10-20T17:13:38","modified_gmt":"2021-10-20T15:13:38","slug":"kontakt","status":"publish","type":"page","link":"http:\/\/monolity.pl\/de\/kontakt\/","title":{"rendered":"Kontakte"},"content":{"rendered":"<p><\/p>\n<h2 style=\"color: #dd4b23; text-align: center;\">T A R N A V V A Sp. z o.o<\/h2>\n<p style=\"text-align: center;\"><strong>33 \u2013 270 Wietrzychowice 191<\/strong><br \/>\n<strong> woj. ma\u0142opolskie POLSKA<\/strong><\/p>\n<p style=\"text-align: center;\"><strong>Tel:<\/strong> +48 14 644 20 50<br \/>\n<strong>Fax:<\/strong> +48 14 644 20 59<br \/>\n<strong>skype:<\/strong> tarnavva<br \/>\n<strong>e-mail:<\/strong> v.v@tarnavva.com.pl<\/p>\n<h3 style=\"color: #dd4b23; text-align: left;\">B\u00fcro f\u00fcr Kundenbedienung Polen und EU:<\/h3>\n<p style=\"text-align: center;\"><strong>Spezialist f\u00fcr Verkauf<\/strong> Monika Majka<br \/>\nTel: +48 14 644 20 51<br \/>\nFax: +48 14 644 20 59<br \/>\ne-mail: m.majka@tarnavva.com.pl<\/p>\n<h3 style=\"color: #dd4b23; text-align: left;\"><strong>Export Ost \/ \u041e\u0442\u0434\u0435\u043b \u043f\u043e \u044d\u043a\u0441\u043f\u043e\u0440\u0442\u0443:<\/strong><\/h3>\n<p style=\"text-align: center;\"><strong>Kaufm\u00e4nnischer Direktor<\/strong>\u00a0Anna Soko\u0142owska<br \/>\nTel. \/ \u0440\u0430\u0431.\u0442\u0435\u043b.+48 14 644 20 53<br \/>\nFax. \/ \u0444\u0430\u043a\u0441+48 14 644 20 59<br \/>\ne-mail:a.sokolowska@tarnavva.com.pl<\/p>\n<h3 style=\"color: #dd4b23; text-align: left;\"><strong>Technische Abteilung und IT:<\/strong><\/h3>\n<p style=\"text-align: center;\"><strong>Spezialist f\u00fcr Technik<\/strong>\u00a0\u0141ukasz Klich<br \/>\nTel. \/ \u0440\u0430\u0431.\u0442\u0435\u043b. +48 14 644 20 52<br \/>\nFax. \/ \u0444\u0430\u043a\u0441 +48 14 644 20 59<br \/>\ne-mail:lukasz.klich@tarnavva.com.pl<\/p>\n<p>\u201eTARNAVVA\u201c Sp.z o.o.<br \/>\n<strong>NIP<\/strong> 993-044-94-37<br \/>\n<strong>REGON<\/strong> 120097720<\/p>\n<p>Kredyt Bank SA<br \/>\n<strong>EURO Acc.<\/strong> : 80 15001748 1217 4005 5508 0000<\/p>","protected":false},"excerpt":{"rendered":"<p>T A R N A V V A Sp. z o.o 33 \u2013 270 Wietrzychowice 191 woj. ma\u0142opolskie POLSKA Tel: +48 14 644 20 50 Fax: +48 14 644 20 59 skype: tarnavva e-mail: v.v@tarnavva.com.pl B\u00fcro f\u00fcr Kundenbedienung Polen und EU: Spezialist f\u00fcr Verkauf Monika Majka Tel: +48 14 644 20 51 Fax: +48 14 [&hellip;]<\/p>\n","protected":false},"author":1,"featured_media":0,"parent":0,"menu_order":0,"comment_status":"closed","ping_status":"closed","template":"","meta":[],"_links":{"self":[{"href":"http:\/\/monolity.pl\/de\/wp-json\/wp\/v2\/pages\/27"}],"collection":[{"href":"http:\/\/monolity.pl\/de\/wp-json\/wp\/v2\/pages"}],"about":[{"href":"http:\/\/monolity.pl\/de\/wp-json\/wp\/v2\/types\/page"}],"author":[{"embeddable":true,"href":"http:\/\/monolity.pl\/de\/wp-json\/wp\/v2\/users\/1"}],"replies":[{"embeddable":true,"href":"http:\/\/monolity.pl\/de\/wp-json\/wp\/v2\/comments?post=27"}],"version-history":[{"count":32,"href":"http:\/\/monolity.pl\/de\/wp-json\/wp\/v2\/pages\/27\/revisions"}],"predecessor-version":[{"id":1132,"href":"http:\/\/monolity.pl\/de\/wp-json\/wp\/v2\/pages\/27\/revisions\/1132"}],"wp:attachment":[{"href":"http:\/\/monolity.pl\/de\/wp-json\/wp\/v2\/media?parent=27"}],"curies":[{"name":"wp","href":"https:\/\/api.w.org\/{rel}","templated":true}]}}