{"id":319,"date":"2017-01-15T12:30:52","date_gmt":"2017-01-15T11:30:52","guid":{"rendered":"http:\/\/tarnavva.nazwa.pl\/tarnavva\/?page_id=319"},"modified":"2017-03-07T14:03:33","modified_gmt":"2017-03-07T13:03:33","slug":"instrukcja-montazu-paleniska","status":"publish","type":"page","link":"http:\/\/monolity.pl\/de\/produkty\/montaz\/instrukcja-montazu-paleniska\/","title":{"rendered":"Installationsanleitung"},"content":{"rendered":"<p>MONTAGEANLEITUNG F\u00dcR FEUERUNG<\/p>\n<ul>\n<ul>\n<li>Nach Platzieren aller Elemente des Kamineinsatzes soll man den Platz f\u00fcr die Feuerung aussuchen.<\/li>\n<\/ul>\n<\/ul>\n<p>&nbsp;<\/p>\n<ul>\n<ul>\n<li>Vor dem Abstellen des Kamineisatzes am Platz, wo er sich befinden soll, soll man sich vergewissern, ob der Boden eine entsprechende mechanische und thermische Widerstandsf\u00e4higkeit aufweist. Der Boden sollte aus unbrennbaren Materialien angefertigt sein (mit einer minimalen Dicke von 15 cm), z.B. Ziegelstein, Beton, brandsichere Keramikplatten. Wenn der Boden die Tragf\u00e4higkeitsforderungen nicht erf\u00fcllet, oder man sich nicht sicher ist ob er sie erf\u00fcllt, sollte man eine Firma mit Bauberechtigungen rufen, die eine fachm\u00e4nnische Analyse durchf\u00fchrt und eine optimale Konstruktionsl\u00f6sung empfiehlt, z.B. Aufzeigen eines andren Platzes, der den Forderungen entspricht, oder einer Weise wie man die Last auf einer gr\u00f6\u00dferen Fl\u00e4che aufteilen soll.<\/li>\n<\/ul>\n<\/ul>\n<p>&nbsp;<\/p>\n<ul>\n<ul>\n<li>Die Feuerung steht auf einem original montierten St\u00e4nder unser Firma, der die M\u00f6glichkeit der H\u00f6heregulierung von 150 bis 330 mm besitzt. Der St\u00e4nder hat eine Ger\u00fcstkonstruktion, was einen freien Luftfluss\u00a0 und automatischen K\u00fchlen der Kassette erm\u00f6glicht. Den Kamineinsatz kann man auch auf einer ziegelgusseisernen Untermauerung abstellen, in der man eine \u00d6ffnung mit dem Fl\u00e4cheninhalt von 500cm2 erhalten soll, die zentral unter Kamin situiert ist, um den Lufteinfluss, der f\u00fcr die K\u00fchlung der Feuerung n\u00f6tig ist,\u00a0 zu sichern.<\/li>\n<\/ul>\n<\/ul>\n<p>&nbsp;<\/p>\n<ul>\n<ul>\n<li>\u00dcber dem Kamin sollte sich eine Luftkammer mit der Mindesth\u00f6he von 1 m befinden, von der sich die dort anh\u00e4ufende warme Luft nach Au\u00dfen ausgef\u00fchrt wird- zu den R\u00e4umen- durch die Vertriebskan\u00e4le oder Gitter die auf beiden Seiten der Luftkammer platziert sind.<\/li>\n<\/ul>\n<\/ul>\n<p>&nbsp;<\/p>\n<ul>\n<ul>\n<li>Der Einsatz Tarnavva wird zu Montage und Nutzung im Geh\u00e4use zugelassen, aber in dem Fall muss ein entsprechender Abstand von brennbaren Materialien und Bauelementen bewahrt werden (siehe Punkt 13 Unterpunkt 8 ).<\/li>\n<\/ul>\n<\/ul>\n<p>&nbsp;<\/p>\n<ul>\n<ul>\n<li>Vor der Feuerung, ins besonderem auf dem Boden, soll eine minimale Sicherheitszone bewahrt werden, d.h. 100 cm, die aus unbrennbaren Materialien angefertigt ist (Keramikplatten, Terrakotta, Blech), um den Boden vor eventuellen Glut zu sch\u00fctzen, die aus der Brennkammer des Kamins\u00a0 rausfallen kann.<\/li>\n<\/ul>\n<\/ul>\n<p>&nbsp;<\/p>\n<ul>\n<li>Wenn das Einhalten der Sicherheitszone nicht m\u00f6glich ist, und in der N\u00e4he der Feuerung sich brennbare Elemente befinden, soll man sich mit einer Firma, die sich in der Isolationsbrache spezialisiert, in Verbindung setzen, die eine Isolation mit einer optimalen thermischen Widerstandsf\u00e4higkeit entweder empfiehlt oder anfertigt.<\/li>\n<\/ul>\n<p><em>Materia\u0142y obj\u0119te prawem autorskim! Publikacja w cz\u0119\u015bci lub w ca\u0142o\u015bci wy\u0142\u0105cznie za zgod\u0105 autora.<\/em><\/p>\n<p><a href=\"http:\/\/tarnavva.nazwa.pl\/tarnavva\/wp-content\/uploads\/2017\/01\/15-1.jpg\" data-rel=\"lightbox-gallery-OxfLuZWQ\" data-rl_title=\"\" data-rl_caption=\"\" title=\"\"><img loading=\"lazy\" width=\"800\" height=\"533\" class=\"alignnone size-medium wp-image-325\" src=\"http:\/\/tarnavva.nazwa.pl\/tarnavva\/wp-content\/uploads\/2017\/01\/15-1.jpg\" alt=\"15\" srcset=\"http:\/\/monolity.pl\/wp-content\/uploads\/2017\/01\/15-1.jpg 800w, http:\/\/monolity.pl\/wp-content\/uploads\/2017\/01\/15-1-300x200.jpg 300w, http:\/\/monolity.pl\/wp-content\/uploads\/2017\/01\/15-1-768x512.jpg 768w\" sizes=\"(max-width: 800px) 100vw, 800px\" \/><\/a><\/p>\n<p>&nbsp;<\/p>\n<p>&nbsp;<\/p>\n<hr class=\"red-hr\" \/>\n<p>&nbsp;<\/p>\n<h3 class=\"red-header-2\">ISOLATIONEN UND ABST\u00c4NDE DER FEUERUNG VON GEB\u00c4UDEW\u00c4NDEN<\/h3>\n<p>ISOLATIONEN UND ABST\u00c4NDE DER FEUERUNG VON GEB\u00c4UDEW\u00c4NDEN<\/p>\n<p>Im Falle eines verschalten oder eingebauten Kamins, soll man die Keramikw\u00e4nde vom Geb\u00e4ude, die im unmittelbaren Kontakt mit dem Kamineinsatz stehen, besonders beachten. Diese sollten eine thermische Isolation aus Mineralwolle haben, mit einem einseitigen Belag von mindestens 50 mm, mit Widerstandsf\u00e4higkeit gegen Hitze bis 750\u00baC, Dichte 110 Kg.m3 und einem W\u00e4rmeleitungsfaktor 0,038 [W\/ mK], weil die langdauernde Wirkung der Warme auf die W\u00e4nde Bruchstellen in ihnen verursacht. Es wird verboten den Kamin mit dem Geh\u00e4use zu verbinden, weil w\u00e4hrend des Heizens die Temperatur steigt, was die Ausweitung der Feuerung verursacht. Im Falle, wenn die W\u00e4nde des Raumes, in dem ein Kamineisatz installiert wird , aus brennbaren Materialien angefertigt sind, soll man das Geh\u00e4use des Kamins aus keramischen Materialien mit Widerstandsf\u00e4higkeit bis mindestens 1000\u00baC anfertigen, Mindestdicke 10 cm, und als n\u00e4chstes Mineralwolle mit den oben genannten Parametern reinstecken.<\/p>\n<p>Die Luftspalte im Kamingeh\u00e4use, zwischen den \u00e4u\u00dferen Umrissen der Feuerung, und dem inneren Rand des Geh\u00e4uses sollten:<\/p>\n<ul>\n<li>Bei Gravitationsheizung 100 mm (Seiten, Hinten); 350 mm (Unten); 1000 mm (Oben)<\/li>\n<li>Bei erzwungener Heizung\u00a0 50 mm(Seiten, Hinten); Unten und Oben wie\u00a0 genannt.<\/li>\n<\/ul>\n<p><em>Materia\u0142y obj\u0119te prawem autorskim! Publikacja w cz\u0119\u015bci lub w ca\u0142o\u015bci wy\u0142\u0105cznie za zgod\u0105 autora.<\/em><\/p>\n<p><a href=\"http:\/\/tarnavva.nazwa.pl\/tarnavva\/wp-content\/uploads\/2017\/01\/18-1.jpg\" data-rel=\"lightbox-gallery-OxfLuZWQ\" data-rl_title=\"\" data-rl_caption=\"\" title=\"\"><img loading=\"lazy\" width=\"800\" height=\"600\" class=\"alignnone size-medium wp-image-328\" src=\"http:\/\/tarnavva.nazwa.pl\/tarnavva\/wp-content\/uploads\/2017\/01\/18-1.jpg\" alt=\"18\" srcset=\"http:\/\/monolity.pl\/wp-content\/uploads\/2017\/01\/18-1.jpg 800w, http:\/\/monolity.pl\/wp-content\/uploads\/2017\/01\/18-1-300x225.jpg 300w, http:\/\/monolity.pl\/wp-content\/uploads\/2017\/01\/18-1-768x576.jpg 768w\" sizes=\"(max-width: 800px) 100vw, 800px\" \/><\/a><\/p>\n<p>&nbsp;<\/p>\n<p>&nbsp;<\/p>\n<hr class=\"red-hr\" \/>\n<p>&nbsp;<\/p>\n<h3 class=\"red-header-2\">ANSCHLIESSEN DER FEUERUNG AM SCHORNSTEIN<\/h3>\n<p>ANSCHLIESSEN DER FEUERUNG AM SCHORNSTEIN<\/p>\n<p>Der Einsatz soll am Schornstein angeschlossen werden, und sein Schornsteinzug , bei der nominalen W\u00e4rmekraft der Feuerung, sollte in etwa 12 Pa betragen. Wenn der Schornstein einen zu gro\u00dfen Schornsteinzug aufweist, kann man auf ihm oder am Anschlussroh ein Drosselger\u00e4t oder eine zugregulierende Anlage anschlie\u00dfen. Der Erhitzer kann am Schornstein nicht mit anderen Feuerungen angeschlossen werden.<\/p>\n<p>Die Schornsteinleitungen sollten gem\u00e4\u00df geltender Normen und Bauvorschriften angefertigt werden:<br \/>\n-GBl Nr. 75 vom Jahre 2002 Pos. 690 &amp; 140 Abs.1 und 2 und &amp; 145 Abs.1<\/p>\n<p>Anschlussst\u00fccke, Drosselger\u00e4te oder zugregulierende Anlagen, m\u00fcssen aus Materialien angefertigt werden, die zur Nutzung im Bau zugelassen sind, und entsprechende Atteste besitzen.<\/p>\n<p>Die Elemente des Anschlussst\u00fcckes \u00a0soll man so montieren, um das Ausflie\u00dfen auf die Oberfl\u00e4che des Einsatzes der Kondensate, die w\u00e4hrend des Verbrennungsprozesses vom feuchten Holz\u00a0 entstehen,\u00a0 zu verhindern. Heizen mit feuchtem Holz verursacht das Bedecken der Feuerung, des Anschlussst\u00fcckes und des Schornsteines mit Russ.<\/p>\n<p><em>Materia\u0142y obj\u0119te prawem autorskim! Publikacja w cz\u0119\u015bci lub w ca\u0142o\u015bci wy\u0142\u0105cznie za zgod\u0105 autora.<\/em><\/p>\n<p><a href=\"http:\/\/tarnavva.nazwa.pl\/tarnavva\/wp-content\/uploads\/2017\/01\/14.jpg\" data-rel=\"lightbox-gallery-OxfLuZWQ\" data-rl_title=\"\" data-rl_caption=\"\" title=\"\"><img loading=\"lazy\" width=\"800\" height=\"538\" class=\"alignnone size-medium wp-image-329\" src=\"http:\/\/tarnavva.nazwa.pl\/tarnavva\/wp-content\/uploads\/2017\/01\/14.jpg\" alt=\"14\" srcset=\"http:\/\/monolity.pl\/wp-content\/uploads\/2017\/01\/14.jpg 800w, http:\/\/monolity.pl\/wp-content\/uploads\/2017\/01\/14-300x202.jpg 300w, http:\/\/monolity.pl\/wp-content\/uploads\/2017\/01\/14-768x516.jpg 768w\" sizes=\"(max-width: 800px) 100vw, 800px\" \/><\/a><\/p>\n<p>&nbsp;<\/p>\n<p>&nbsp;<\/p>\n<hr class=\"red-hr\" \/>\n<p>&nbsp;<\/p>\n<h3 class=\"red-header-2\">Anschauliche Zeichnung der Geh\u00e4usemontage<\/h3>\n<p>Anschauliche Zeichnung der Geh\u00e4usemontage ses Kamineisatzes Tarnavva<br \/>\n<a href=\"http:\/\/tarnavva.nazwa.pl\/tarnavva\/wp-content\/uploads\/2017\/01\/montaz12_14.gif\" data-rel=\"lightbox-gallery-OxfLuZWQ\" data-rl_title=\"\" data-rl_caption=\"\" title=\"\"><img loading=\"lazy\" class=\"alignnone size-full wp-image-330\" src=\"http:\/\/tarnavva.nazwa.pl\/tarnavva\/wp-content\/uploads\/2017\/01\/montaz12_14.gif\" alt=\"\" width=\"513\" height=\"642\" \/><\/a><\/p>\n<p>Die Entfernung des Gitters der Warmverbrennungskammer von der Decke, sollte in etwa 50 cm betragen.<br \/>\n<a href=\"http:\/\/tarnavva.nazwa.pl\/tarnavva\/wp-content\/uploads\/2017\/01\/montaz16_18.gif\" data-rel=\"lightbox-gallery-OxfLuZWQ\" data-rl_title=\"\" data-rl_caption=\"\" title=\"\"><img loading=\"lazy\" class=\"alignnone size-full wp-image-331\" src=\"http:\/\/tarnavva.nazwa.pl\/tarnavva\/wp-content\/uploads\/2017\/01\/montaz16_18.gif\" alt=\"\" width=\"513\" height=\"642\" \/><\/a><\/p>\n<p>&nbsp;<\/p>\n<p>&nbsp;<\/p>\n<p>&nbsp;<\/p>\n<hr class=\"red-hr\" \/>\n<p>&nbsp;<\/p>","protected":false},"excerpt":{"rendered":"<p>MONTAGEANLEITUNG F\u00dcR FEUERUNG Nach Platzieren aller Elemente des Kamineinsatzes soll man den Platz f\u00fcr die Feuerung aussuchen. &nbsp; Vor dem Abstellen des Kamineisatzes am Platz, wo er sich befinden soll, soll man sich vergewissern, ob der Boden eine entsprechende mechanische und thermische Widerstandsf\u00e4higkeit aufweist. Der Boden sollte aus unbrennbaren Materialien angefertigt sein (mit einer minimalen [&hellip;]<\/p>\n","protected":false},"author":1,"featured_media":0,"parent":297,"menu_order":0,"comment_status":"closed","ping_status":"closed","template":"","meta":[],"_links":{"self":[{"href":"http:\/\/monolity.pl\/de\/wp-json\/wp\/v2\/pages\/319"}],"collection":[{"href":"http:\/\/monolity.pl\/de\/wp-json\/wp\/v2\/pages"}],"about":[{"href":"http:\/\/monolity.pl\/de\/wp-json\/wp\/v2\/types\/page"}],"author":[{"embeddable":true,"href":"http:\/\/monolity.pl\/de\/wp-json\/wp\/v2\/users\/1"}],"replies":[{"embeddable":true,"href":"http:\/\/monolity.pl\/de\/wp-json\/wp\/v2\/comments?post=319"}],"version-history":[{"count":32,"href":"http:\/\/monolity.pl\/de\/wp-json\/wp\/v2\/pages\/319\/revisions"}],"predecessor-version":[{"id":1032,"href":"http:\/\/monolity.pl\/de\/wp-json\/wp\/v2\/pages\/319\/revisions\/1032"}],"up":[{"embeddable":true,"href":"http:\/\/monolity.pl\/de\/wp-json\/wp\/v2\/pages\/297"}],"wp:attachment":[{"href":"http:\/\/monolity.pl\/de\/wp-json\/wp\/v2\/media?parent=319"}],"curies":[{"name":"wp","href":"https:\/\/api.w.org\/{rel}","templated":true}]}}