{"id":337,"date":"2017-01-15T13:16:02","date_gmt":"2017-01-15T12:16:02","guid":{"rendered":"http:\/\/tarnavva.nazwa.pl\/tarnavva\/?page_id=337"},"modified":"2017-03-07T14:39:15","modified_gmt":"2017-03-07T13:39:15","slug":"czym-palic-i-ile-nalozyc","status":"publish","type":"page","link":"http:\/\/monolity.pl\/de\/produkty\/montaz\/czym-palic-i-ile-nalozyc\/","title":{"rendered":"Anheizen in der feuerung"},"content":{"rendered":"<p><\/p>\n<h3 class=\"red-header-2\">Brennstoffe<\/h3>\n<p>Empfohlene Holzarten, bei Verbrennung welcher, der Kamin die Forderungen erf\u00fcllt:<\/p>\n<ul>\n<li>Buche, Graben, Erle, Akazie, Esche, Birke, Eiche (die Eiche soll mit Birke oder Buche vermischt werden, weil er selber Sauren absondert, den einen negativen Einfluss auf die W\u00e4nde der Feuerung haben),<\/li>\n<li>Alle harten Laubb\u00e4ume,<\/li>\n<li>Brikett aus oben genannten Holzarten.<\/li>\n<\/ul>\n<p>MAXIMALES GEWICHT DER BRENNSTOFFLAGUNG F\u00dcR EINZELNE EINSATZTYPEN<\/p>\n<ul>\n<li>Feuerung Typ 12 KW der maximalen Kraft, nominale Kraft 6,5 kW ok. 5 kg<\/li>\n<li>Feuerung Typ 14 KW der maximalen Kraft, nominale Kraft 9,5 kW ok. 8 kg<\/li>\n<li>Feuerung Typ 16 KW der maximalen Kraft, nominale Kraft 12,2 kW ok. 8 kg<\/li>\n<li>Feuerung Typ 18 KW der maximalen Kraft, nominale Kraft 16,4 kW ok. 11 kg<\/li>\n<li>Feuerung Typ UNICA 800der maximalen Kraft,nominale Kraft 17 KW ok.\u00a0 9,6 Kg<\/li>\n<\/ul>\n<p>Es wird verboten den Kamin auf andere Brennstoffe umzustellen und Abfallbrennstoffe, als auch ungeeignete, nicht empfohlene Brennstoffe zu verbrennen und Brennfl\u00fcssigkeiten\u00a0 anzuwenden.<br \/>\n<em><br \/>\nMateria\u0142y obj\u0119te prawem autorskim! Publikacja w cz\u0119\u015bci lub w ca\u0142o\u015bci wy\u0142\u0105cznie za zgod\u0105 autora.<\/em><\/p>\n<p><a href=\"http:\/\/tarnavva.nazwa.pl\/tarnavva\/wp-content\/uploads\/2017\/01\/07.jpg\" data-rel=\"lightbox-gallery-Dirb8cbe\" data-rl_title=\"\" data-rl_caption=\"\" title=\"\"><img loading=\"lazy\" class=\"alignnone size-full wp-image-339\" src=\"http:\/\/tarnavva.nazwa.pl\/tarnavva\/wp-content\/uploads\/2017\/01\/07.jpg\" alt=\"\" width=\"600\" height=\"514\" srcset=\"http:\/\/monolity.pl\/wp-content\/uploads\/2017\/01\/07.jpg 600w, http:\/\/monolity.pl\/wp-content\/uploads\/2017\/01\/07-300x257.jpg 300w\" sizes=\"(max-width: 600px) 100vw, 600px\" \/><\/a><\/p>\n<p><img loading=\"lazy\" class=\"alignnone size-full wp-image-327\" src=\"http:\/\/tarnavva.nazwa.pl\/tarnavva\/wp-content\/uploads\/2017\/01\/orn3.jpg\" alt=\"\" width=\"676\" height=\"350\" srcset=\"http:\/\/monolity.pl\/wp-content\/uploads\/2017\/01\/orn3.jpg 676w, http:\/\/monolity.pl\/wp-content\/uploads\/2017\/01\/orn3-300x155.jpg 300w\" sizes=\"(max-width: 676px) 100vw, 676px\" \/><\/p>\n<p>&nbsp;<\/p>\n<hr class=\"red-hr\" \/>\n<p>&nbsp;<\/p>\n<h3 class=\"red-header-2\">Anheizen in der feuerung<\/h3>\n<p>ACHUNG!!!<br \/>\nBeim ersten Anheizen in der Feuerung, kann in dem Raum, ein unangenehmer Geruch bemerkbar sein. Er wird durch das Trocknen und H\u00e4rten der Farbe, mit der der Kamin bemalt wurde, verursacht. Die Farbe ist zum Teil plastischer w\u00e4hrend des ersten Anheizens- also Erreichen einer hohen Temperatur. Nach dem ersten Anheizen h\u00e4rtet sich die Farbe und der unangenehme Geruch verschwindet.<\/p>\n<p>Beschreibung einer korrekten Anheizung, Aufladung und sicheren Nutzung<\/p>\n<ul>\n<li>Das Anheizen in der sich im K\u00e4ltezustand befindenden Feuerung, sollte man mit dem \u00d6ffnen der Kassettent\u00fcren, mittels Kaminschl\u00fcssel beginnen, durch Einf\u00fchrung der schmaleren Endung (ohne Gewinde) des Schl\u00fcssels in die Schloss\u00f6ffnung, die sich auf der rechten Seite im zentralen Teil der Kamint\u00fcr befindet, und als n\u00e4chstes durchs Erheben l\u00f6sen wir automatisch das Schloss. Nach dem \u00d6ffnen legen wir in die Feuerung Papier, das wie eine Kugel geformt ist, hinein. Auf dem geformten Papier, sollen d\u00fcnne Holzst\u00fccke gelegt werden, und auf ihnen sollen dickere gelegt (d.h. von 3 bis 5 cm) werden. Als n\u00e4chstes soll man die beiden Drosselklappen mit Hilfe von Strebekn\u00e4ufen \u00f6ffnen (Prim\u00e4r- und Nebenverbrennung), die standartgemaess auf der linken Seite des unteren Randes der Feuerung montiert sind, sogar bis zu Position der vollen Er\u00f6ffnung (maximal vorgeschobene). Der \u00d6ffnungsgrad ist vom Schornsteinzug im gegebenem Verbrennungsmoment abh\u00e4ngig.<\/li>\n<li>Als n\u00e4chstes soll man ein Streichholz anz\u00fcnden, und mit ihm das Papier anz\u00fcnden, das sich in der Feuerung befindet, danach soll man die T\u00fcren schlie\u00dfen und sie vor dem \u00d6ffnen mit dem Schloss sichern. Nach ein paar Minuten, wenn das Feuer sich schon anheizt und der Kamin sich schon erhitzt, verringern wir den Luftzufluss, der durch Verbrennung ben\u00f6tigt wird, durch einschieben der Kn\u00e4ufe zur H\u00e4lfte der Skala. In der Einstellung soll so lange geheizt werden, bis Glut erreicht wird (in etwa 30 Minuten). Als n\u00e4chstes kann noch Holz zugelegt werden. Die T\u00fcren der Feuerung sollen langsam ge\u00f6ffnet werden, damit die Abgase nicht in den Raum eindringen. W\u00e4hrend des Heizens sind alle Teile des Kamins sehr erhitzt, deswegen soll zur Bedienung der Feuerung der Schl\u00fcssel genutzt werden, der sich im Set befindet. Die maximale Holzmenge in der Feuerung kann nicht gr\u00f6sser als die H\u00e4lfte der Kammerh\u00f6he sein. Nach etwa einer Stunde soll die Strebe der Prim\u00e4rverbrennung (gekennzeichnet \u25cf) ganz geschlossen werden, durch das Dr\u00fccken seines Knaufs; die Strebe der Nebenverbrennung jedoch (nicht gekennzeichnet) wird in so einer Position eingestellt, dass der Knauf sogar zu H\u00e4lfte eingedr\u00fcckt wird (oder mehr), aber dabei soll beachtet werden, dass das Feuer mit einer stabilen und lebendigen Flamme brennen soll.<\/li>\n<li>Vor Zulegen der n\u00e4chsten Holzpartien, soll man mittels Feuerhaken die auf dem Boden der Feuerung anliegende Asche auflockern, damit ein Teil von ihr in den Aschenkasten durch die \u00d6ffnungen im Feuerrust f\u00e4llt und aufbrennt. Man soll jedoch in Erinnerung bewahren, dass w\u00e4hrend des Heizens am Boden des Einsatzes eine Aschenschicht mit Dicke von etwa 2 cm verblieb, weil er gewogen der Holzverbrennung und der Isolation des Feuerungsbodens ist, der im Heizprozess\u00a0 hohen Temperaturen \u00a0ausgesetzt ist. Die Asche, die infolge der Kaminnutzung entsteht, kann t\u00e4glich im freiw\u00e4hlbaren Moment ausgenommen werden, wenn seine Menge, die in der Feuerung verbleibt ausreichend ist (grunds\u00e4tzlich kann die Feuerung einmal pro Woche geleert werden).\u00a0 Zur Reinigung der Schublade des Einsatzes, soll man mittels Schl\u00fcssel (der am Griff gefasst wird), mit seiner d\u00fcnnen Seite die maskierende Klappe aufmachen, und als n\u00e4chstes mit der anderen Seite (mit dem Gewinde) soll man den Schl\u00fcssel in die \u00d6ffnung in dem zentralen Teil der Aschenkastenvitrine einf\u00fchren, und nach<\/li>\n<li>Dieses Material ist urheberrechtlich gesch\u00fctzt. Ver\u00f6ffentlichung im Gesamten oder zum Teil ausschlie\u00dfend mit Zustimmung des Autors.<br \/>\nrechts umdrehen, bis die Schublade durch das Schlie\u03b2mechanismus voll gel\u00f6st wird. Man kann sie dann herausschieben zusammen mit der Asche (und die horizontale Position erhalten). Die Asche soll in einen Metallbeh\u00e4lter ausgesch\u00fcttet werden, die Schublade jedoch mittels Schl\u00fcssel, soll man dort einstecken, woher sie rausgenommen wurde, und als n\u00e4chstes soll man den Schl\u00fcssel nach links umdrehen, und was dahinter geht, das Schliessmechanismus\u00a0 des Aschenkastens zu l\u00f6sen und die maskierende Metallklappe zu schlie\u00dfen.<\/li>\n<\/ul>\n<p>WARNUNG. Um dem Herausdringen von Abgasen vorzubeugen, sollte die Feuerungskammer und die Abdeckung des Aschenkastenbeh\u00e4lters geschlossen seit, ausgeschlossen der\u00a0 Zeit des Anheizens im Kamin, des Brennstofzulegens und der Entaschung.<\/p>\n<p>In der Zeit wo der Kamin nicht genutzt wird (er ist im K\u00e4ltezustand), k\u00f6nnen die Streben der Luftdrosselklappen sowohl geschlossen als auch offen sein. Bei offenen Drosselklappen, durch das Abgassystem des Kamins wird die Luft aus dem Raum ausgesaugt.<br \/>\n<em>Materia\u0142y obj\u0119te prawem autorskim! Publikacja w cz\u0119\u015bci lub w ca\u0142o\u015bci wy\u0142\u0105cznie za zgod\u0105 autora.<\/em><\/p>\n<p><a href=\"http:\/\/tarnavva.nazwa.pl\/tarnavva\/wp-content\/uploads\/2017\/01\/06.jpg\" data-rel=\"lightbox-gallery-Dirb8cbe\" data-rl_title=\"\" data-rl_caption=\"\" title=\"\"><img loading=\"lazy\" class=\"alignnone size-full wp-image-340\" src=\"http:\/\/tarnavva.nazwa.pl\/tarnavva\/wp-content\/uploads\/2017\/01\/06.jpg\" alt=\"\" width=\"600\" height=\"450\" srcset=\"http:\/\/monolity.pl\/wp-content\/uploads\/2017\/01\/06.jpg 600w, http:\/\/monolity.pl\/wp-content\/uploads\/2017\/01\/06-300x225.jpg 300w\" sizes=\"(max-width: 600px) 100vw, 600px\" \/><\/a><\/p>\n<p><img loading=\"lazy\" class=\"alignnone size-full wp-image-327\" src=\"http:\/\/tarnavva.nazwa.pl\/tarnavva\/wp-content\/uploads\/2017\/01\/orn3.jpg\" alt=\"\" width=\"676\" height=\"350\" srcset=\"http:\/\/monolity.pl\/wp-content\/uploads\/2017\/01\/orn3.jpg 676w, http:\/\/monolity.pl\/wp-content\/uploads\/2017\/01\/orn3-300x155.jpg 300w\" sizes=\"(max-width: 676px) 100vw, 676px\" \/><\/p>\n<p>&nbsp;<\/p>\n<hr class=\"red-hr\" \/>\n<p>&nbsp;<\/p>\n<h3 class=\"red-header-2\">Reinigung der feuerung und des anschlussst\u00fcckes<\/h3>\n<p>Es wird empfohlen, mindestens einmal im Jahr (wenn die Vorschriften nicht anders bestimmen) die Feuerstelle, das Anschlussst\u00fcck und den Schornstein, zu warten (am besten vor der Heizsaison).<\/p>\n<p>Wenn das Reinigen des Anschlussst\u00fcckes und des Schornsteins n\u00f6tig ist, soll man beachten, dass diese T\u00e4tigkeit nur bei einer ausgel\u00f6schten, kalten Feuerung durchgef\u00fchrt werden kann. Man soll sie mit dem \u00d6ffnen der T\u00fcren der Kassette mittels Schornsteinschl\u00fcssel, der im Set erhalten ist, beginnen, und als n\u00e4chstes durch Nutzen des Metallschabers, soll man den Brand von den Kaminw\u00e4nden entfernen. Um das Anschlussteil zu s\u00e4ubern sollte man die Schornsteinb\u00fcrste nutzen, die an der Metallspirale montiert ist. Sie ist durch den offenen Kamin zum Anschlussteil einzuf\u00fchren. Diese T\u00e4tigkeit ist ein paar mal zu wiederholen, bis der beabsichtigte Effekt erzielt wird. Ein Gro\u00dfteil von dem entfernten Satz wird in den Schornstein gelangen, deswegen sollte man ihn durch die Kontrollt\u00fcren, die sich in dem unteren Teil des Schornsteins befinden,\u00a0 herausholen. Die Unreinheiten die sich in der Kammer der Kamins befinden, soll man mit einer Metallschaufel herausnehmen. Nachdem diese T\u00e4tigkeiten beendet wurden, sollten die T\u00fcren der Feuerung mit dem Schl\u00fcssel abgeschlossen werden, das Schloss sollte man heranziehen, damit die T\u00fcren vor dem \u00d6ffnen abgesichert werden.<\/p>\n<p><em>Materia\u0142y obj\u0119te prawem autorskim! Publikacja w cz\u0119\u015bci lub w ca\u0142o\u015bci wy\u0142\u0105cznie za zgod\u0105 autora.<\/em><\/p>\n<p><a href=\"http:\/\/tarnavva.nazwa.pl\/tarnavva\/wp-content\/uploads\/2017\/01\/08.jpg\" data-rel=\"lightbox-gallery-Dirb8cbe\" data-rl_title=\"\" data-rl_caption=\"\" title=\"\"><img loading=\"lazy\" class=\"alignnone size-full wp-image-341\" src=\"http:\/\/tarnavva.nazwa.pl\/tarnavva\/wp-content\/uploads\/2017\/01\/08.jpg\" alt=\"\" width=\"800\" height=\"411\" srcset=\"http:\/\/monolity.pl\/wp-content\/uploads\/2017\/01\/08.jpg 800w, http:\/\/monolity.pl\/wp-content\/uploads\/2017\/01\/08-300x154.jpg 300w, http:\/\/monolity.pl\/wp-content\/uploads\/2017\/01\/08-768x395.jpg 768w\" sizes=\"(max-width: 800px) 100vw, 800px\" \/><\/a><\/p>\n<p><img loading=\"lazy\" class=\"alignnone size-full wp-image-327\" src=\"http:\/\/tarnavva.nazwa.pl\/tarnavva\/wp-content\/uploads\/2017\/01\/orn3.jpg\" alt=\"\" width=\"676\" height=\"350\" srcset=\"http:\/\/monolity.pl\/wp-content\/uploads\/2017\/01\/orn3.jpg 676w, http:\/\/monolity.pl\/wp-content\/uploads\/2017\/01\/orn3-300x155.jpg 300w\" sizes=\"(max-width: 676px) 100vw, 676px\" \/><\/p>\n<p>&nbsp;<\/p>\n<hr class=\"red-hr\" \/>\n<p>&nbsp;<\/p>","protected":false},"excerpt":{"rendered":"<p>Brennstoffe Empfohlene Holzarten, bei Verbrennung welcher, der Kamin die Forderungen erf\u00fcllt: Buche, Graben, Erle, Akazie, Esche, Birke, Eiche (die Eiche soll mit Birke oder Buche vermischt werden, weil er selber Sauren absondert, den einen negativen Einfluss auf die W\u00e4nde der Feuerung haben), Alle harten Laubb\u00e4ume, Brikett aus oben genannten Holzarten. MAXIMALES GEWICHT DER BRENNSTOFFLAGUNG F\u00dcR [&hellip;]<\/p>\n","protected":false},"author":1,"featured_media":0,"parent":297,"menu_order":1,"comment_status":"closed","ping_status":"closed","template":"","meta":[],"_links":{"self":[{"href":"http:\/\/monolity.pl\/de\/wp-json\/wp\/v2\/pages\/337"}],"collection":[{"href":"http:\/\/monolity.pl\/de\/wp-json\/wp\/v2\/pages"}],"about":[{"href":"http:\/\/monolity.pl\/de\/wp-json\/wp\/v2\/types\/page"}],"author":[{"embeddable":true,"href":"http:\/\/monolity.pl\/de\/wp-json\/wp\/v2\/users\/1"}],"replies":[{"embeddable":true,"href":"http:\/\/monolity.pl\/de\/wp-json\/wp\/v2\/comments?post=337"}],"version-history":[{"count":13,"href":"http:\/\/monolity.pl\/de\/wp-json\/wp\/v2\/pages\/337\/revisions"}],"predecessor-version":[{"id":1034,"href":"http:\/\/monolity.pl\/de\/wp-json\/wp\/v2\/pages\/337\/revisions\/1034"}],"up":[{"embeddable":true,"href":"http:\/\/monolity.pl\/de\/wp-json\/wp\/v2\/pages\/297"}],"wp:attachment":[{"href":"http:\/\/monolity.pl\/de\/wp-json\/wp\/v2\/media?parent=337"}],"curies":[{"name":"wp","href":"https:\/\/api.w.org\/{rel}","templated":true}]}}