{"id":345,"date":"2017-01-15T13:20:44","date_gmt":"2017-01-15T12:20:44","guid":{"rendered":"http:\/\/tarnavva.nazwa.pl\/tarnavva\/?page_id=345"},"modified":"2017-03-07T15:14:07","modified_gmt":"2017-03-07T14:14:07","slug":"uwagi-producenta","status":"publish","type":"page","link":"http:\/\/monolity.pl\/de\/produkty\/montaz\/uwagi-producenta\/","title":{"rendered":"Bemerkungen des herstellers"},"content":{"rendered":"<p>Unerlaubte Um\u00e4nderungen des Kamins sind VERBOTEN.<\/p>\n<p>Die Nutzer werden VERPFLICHTET die Ersatzteile ausschlie\u00dflich vom Hersteller zu nutzen.<\/p>\n<p>Wir INFORMIEREN \u00fcber die Notwendigkeit von Kontrollen die durch Spezialisten durchgef\u00fchrt werden.<\/p>\n<p>W\u00c4HREND DER NUTZUNG sind die Fl\u00e4chen des Kamins hei\u00df, und deren direktes Anfassen droht mit Verbrennungen.<\/p>\n<p>ALLE Fehler sollten sowohl w\u00e4hrend der Garantiefrist als auch nach ihr durch den Hersteller oder seinen autorisierten Vertreter beseitigt werden<\/p>\n<p>ACHTUNG!!! W\u00c4HREND DES SCHORNSTEINBRANDES SOLL MAN DEN LUFTZUFLU\u03b2 DURCH DR\u00dcCKEN DER KN\u00c4UFE DER DROSSELKLAPPEN SCHLIE\u03b2EN UND DIE FEUERWEHR RUFEN. MAN VERBIETET JEGLICHE S\u00c4UBERUNGSSCHORNSTEIN\u00dcREN, SCHORNSTEIN\u00dcREN UND DIE SCHUBLADE DES ASCHENKASTENS ZU \u00d6FFNEN. ES WIRD AUCH VERBOTEN DIE HEI\u03b2E KASSETTE MIT WASSER ZU BEGIE\u03b2EN ODER ZU \u00dcBERSCH\u00dcTTEN, WEIL DIES EINEN BRUCH DER KASSETTE ODER SCHEIBE VERURSACHEN KANN.<\/p>\n<p><em>Materia\u0142y obj\u0119te prawem autorskim! Publikacja w cz\u0119\u015bci lub w ca\u0142o\u015bci wy\u0142\u0105cznie za zgod\u0105 autora.<\/em><\/p>\n<p><a href=\"http:\/\/tarnavva.nazwa.pl\/tarnavva\/wp-content\/uploads\/2017\/01\/12.jpg\" data-rel=\"lightbox-gallery-8OxK96Jh\" data-rl_title=\"\" data-rl_caption=\"\" title=\"\"><img loading=\"lazy\" class=\"alignnone size-full wp-image-346\" src=\"http:\/\/tarnavva.nazwa.pl\/tarnavva\/wp-content\/uploads\/2017\/01\/12.jpg\" alt=\"\" width=\"800\" height=\"407\" srcset=\"http:\/\/monolity.pl\/wp-content\/uploads\/2017\/01\/12.jpg 800w, http:\/\/monolity.pl\/wp-content\/uploads\/2017\/01\/12-300x153.jpg 300w, http:\/\/monolity.pl\/wp-content\/uploads\/2017\/01\/12-768x391.jpg 768w\" sizes=\"(max-width: 800px) 100vw, 800px\" \/><\/a><\/p>\n<p>&nbsp;<\/p>","protected":false},"excerpt":{"rendered":"<p>Unerlaubte Um\u00e4nderungen des Kamins sind VERBOTEN. Die Nutzer werden VERPFLICHTET die Ersatzteile ausschlie\u00dflich vom Hersteller zu nutzen. Wir INFORMIEREN \u00fcber die Notwendigkeit von Kontrollen die durch Spezialisten durchgef\u00fchrt werden. W\u00c4HREND DER NUTZUNG sind die Fl\u00e4chen des Kamins hei\u00df, und deren direktes Anfassen droht mit Verbrennungen. ALLE Fehler sollten sowohl w\u00e4hrend der Garantiefrist als auch nach [&hellip;]<\/p>\n","protected":false},"author":1,"featured_media":0,"parent":297,"menu_order":2,"comment_status":"closed","ping_status":"closed","template":"","meta":[],"_links":{"self":[{"href":"http:\/\/monolity.pl\/de\/wp-json\/wp\/v2\/pages\/345"}],"collection":[{"href":"http:\/\/monolity.pl\/de\/wp-json\/wp\/v2\/pages"}],"about":[{"href":"http:\/\/monolity.pl\/de\/wp-json\/wp\/v2\/types\/page"}],"author":[{"embeddable":true,"href":"http:\/\/monolity.pl\/de\/wp-json\/wp\/v2\/users\/1"}],"replies":[{"embeddable":true,"href":"http:\/\/monolity.pl\/de\/wp-json\/wp\/v2\/comments?post=345"}],"version-history":[{"count":8,"href":"http:\/\/monolity.pl\/de\/wp-json\/wp\/v2\/pages\/345\/revisions"}],"predecessor-version":[{"id":1037,"href":"http:\/\/monolity.pl\/de\/wp-json\/wp\/v2\/pages\/345\/revisions\/1037"}],"up":[{"embeddable":true,"href":"http:\/\/monolity.pl\/de\/wp-json\/wp\/v2\/pages\/297"}],"wp:attachment":[{"href":"http:\/\/monolity.pl\/de\/wp-json\/wp\/v2\/media?parent=345"}],"curies":[{"name":"wp","href":"https:\/\/api.w.org\/{rel}","templated":true}]}}