{"id":396,"date":"2017-01-15T15:06:02","date_gmt":"2017-01-15T14:06:02","guid":{"rendered":"http:\/\/tarnavva.nazwa.pl\/tarnavva\/?page_id=396"},"modified":"2017-03-09T13:17:00","modified_gmt":"2017-03-09T12:17:00","slug":"wklady-typu-16-kw","status":"publish","type":"page","link":"http:\/\/monolity.pl\/de\/produkty\/wklady-kominkowe\/wklady-typu-16-kw\/","title":{"rendered":"Parameter typ 16 kw"},"content":{"rendered":"<p><\/p>\n<hr class=\"red-hr\" \/>\n<ul class=\"inline-page-menu\">\n<li><a href=\"#flat\">FLAT<\/a><\/li>\n<li><a href=\"#primero\">PRIMERO<\/a><\/li>\n<li><a href=\"#unica\">UNICA<\/a><\/li>\n<li><a href=\"#retro\">RETRO<\/a><\/li>\n<li><a href=\"#round\">ROUND<\/a><\/li>\n<\/ul>\n<h3 id=\"flat\" class=\"red-header-2\">FLAT<\/h3>\n<p><img loading=\"lazy\" width=\"601\" height=\"419\" class=\"alignnone size-full wp-image-144\" style=\"display: inline-block; width: 68%;\" src=\"http:\/\/tarnavva.nazwa.pl\/tarnavva\/wp-content\/uploads\/2017\/01\/Tarnavva_Flat_16kW_01.jpg\" alt=\"flat\" \/><img loading=\"lazy\" width=\"150\" height=\"98\" class=\"alignnone size-full wp-image-145\" style=\"width: 23%;\" src=\"http:\/\/tarnavva.nazwa.pl\/tarnavva\/wp-content\/uploads\/2017\/01\/gw.jpg\" alt=\"gwar\" \/><\/p>\n<p><a style=\"text-align: left;\" href=\"http:\/\/tarnavva.nazwa.pl\/tarnavva\/wp-content\/uploads\/2017\/01\/Tarnavva-Flat16kW.jpg\" data-rel=\"lightbox-gallery-RiMht1BW\" data-rl_title=\"\" data-rl_caption=\"\" title=\"\"><img loading=\"lazy\" class=\"alignnone size-full wp-image-146\" style=\"margin: 8px 8px -8px;\" src=\"http:\/\/tarnavva.nazwa.pl\/tarnavva\/wp-content\/uploads\/2017\/01\/zoba_m.jpg\" alt=\"zob\" width=\"30\" height=\"28\" \/>PARAMETER<\/a><\/p>\n<p>&nbsp;<\/p>\n<table border=\"0\" rules=\"rows\" cellspacing=\"0\" cellpadding=\"3\" align=\"center\">\n<tbody>\n<tr>\n<td><strong>Nominale W\u00e4rmeleistung<\/strong><\/td>\n<td>12,2 kW<\/td>\n<\/tr>\n<tr>\n<td><strong>Dauerbrennbarkeit bei nominaler W\u00e4rmeleistung<\/strong><\/td>\n<td>2 r<\/td>\n<\/tr>\n<tr>\n<td><strong>Brennbest\u00e4ndigkeit bei reduzierter Leistung<\/strong><\/td>\n<td>10 r<\/td>\n<\/tr>\n<tr>\n<td><strong>Einmaliges Brennstoff\u00fcbersch\u00fctten<\/strong><\/td>\n<td>8kg<\/td>\n<\/tr>\n<tr>\n<td><strong>W\u00e4rmeleistungsf\u00e4higkeit<\/strong><\/td>\n<td>73%<\/td>\n<\/tr>\n<tr>\n<td><strong>CO- Emission (13%02)<\/strong><\/td>\n<td>0,6%<\/td>\n<\/tr>\n<tr>\n<td><strong>Abgasstrahl<\/strong><\/td>\n<td>11g\/s<\/td>\n<\/tr>\n<tr>\n<td><strong>Abstand der brennbaren Teile von der Scheibe<\/strong><\/td>\n<td>1,5m<\/td>\n<\/tr>\n<tr>\n<td><strong>Masse<\/strong><\/td>\n<td>190kg<\/td>\n<\/tr>\n<tr>\n<td><strong>Erforderlicher Schornsteinzug bei minimaler Leistung<\/strong><\/td>\n<td>12 Pa<\/td>\n<\/tr>\n<tr>\n<td><strong>Abgastemperatur bei nominaler Leistun<\/strong><\/td>\n<td>336\u00b0C<\/td>\n<\/tr>\n<tr>\n<td><strong>Abmessung:<\/strong><\/td>\n<td>483mm X 723mm X 621mm X 468mm<\/td>\n<\/tr>\n<tr>\n<td><strong>Erforderliche \u00d6ffnung im Geh\u00e4use oder in der Nische zum Einbau der Feuerst\u00e4tte<\/strong><\/td>\n<td>920mm X 615mm X 2000mm<\/td>\n<\/tr>\n<tr>\n<td><strong>Abgastemperatur bei nominaler Leistung<\/strong><\/td>\n<td>\u00f8w150mm \/ \u00f8z180mm<\/td>\n<\/tr>\n<tr>\n<td><strong>Durchmesser der Abgasm\u00fcndung<\/strong><\/td>\n<td>6 Pa<\/td>\n<\/tr>\n<tr>\n<td><strong>Brennstoff<\/strong><\/td>\n<td>Laubholz<\/td>\n<\/tr>\n<tr>\n<td><strong>Holzscheitausma\u03b2: <\/strong><\/td>\n<td>L\u00e4nge 480mm<\/td>\n<\/tr>\n<\/tbody>\n<\/table>\n<p>&nbsp;<\/p>\n<hr class=\"red-hr\" \/>\n<p>&nbsp;<\/p>\n<h3 id=\"primero\" class=\"red-header-2\">PRIMERO<\/h3>\n<p><img loading=\"lazy\" width=\"601\" height=\"419\" class=\"alignnone size-full wp-image-144\" style=\"display: inline-block; width: 68%;\" src=\"http:\/\/tarnavva.nazwa.pl\/tarnavva\/wp-content\/uploads\/2017\/01\/Tarnavva_Primero_16kW_01-1.jpg\" alt=\"flat\" \/><img loading=\"lazy\" width=\"150\" height=\"98\" class=\"alignnone size-full wp-image-145\" style=\"width: 23%;\" src=\"http:\/\/tarnavva.nazwa.pl\/tarnavva\/wp-content\/uploads\/2017\/01\/gw.jpg\" alt=\"gwar\" \/><\/p>\n<p><a style=\"text-align: left;\" href=\"http:\/\/tarnavva.nazwa.pl\/tarnavva\/wp-content\/uploads\/2017\/01\/Tarnavva-Flat16kW.jpg\" data-rel=\"lightbox-gallery-RiMht1BW\" data-rl_title=\"\" data-rl_caption=\"\" title=\"\"><img loading=\"lazy\" class=\"alignnone size-full wp-image-146\" style=\"margin: 8px 8px -8px;\" src=\"http:\/\/tarnavva.nazwa.pl\/tarnavva\/wp-content\/uploads\/2017\/01\/zoba_m.jpg\" alt=\"zob\" width=\"30\" height=\"28\" \/>PARAMETER<\/a><\/p>\n<table border=\"0\" rules=\"rows\" cellspacing=\"0\" cellpadding=\"3\" align=\"center\">\n<tbody>\n<tr>\n<td><strong>Nominale W\u00e4rmeleistung<\/strong><\/td>\n<td>12,2 kW<\/td>\n<\/tr>\n<tr>\n<td><strong>Dauerbrennbarkeit bei nominaler W\u00e4rmeleistung<\/strong><\/td>\n<td>2,0 h<\/td>\n<\/tr>\n<tr>\n<td><strong>Brennbest\u00e4ndigkeit bei reduzierter Leistung<\/strong><\/td>\n<td>10 h<\/td>\n<\/tr>\n<tr>\n<td><strong>Einmaliges Brennstoff\u00fcbersch\u00fctten<\/strong><\/td>\n<td>ok. 8kg<\/td>\n<\/tr>\n<tr>\n<td><strong>W\u00e4rmeleistungsf\u00e4higkeit<\/strong><\/td>\n<td>73%<\/td>\n<\/tr>\n<tr>\n<td><strong>CO- Emission (13%02)<\/strong><\/td>\n<td>0,6%<\/td>\n<\/tr>\n<tr>\n<td><strong>Abgasstrahl<\/strong><\/td>\n<td>11g\/s<\/td>\n<\/tr>\n<tr>\n<td><strong>Abstand der brennbaren Teile von der Scheibe<\/strong><\/td>\n<td>1,5m<\/td>\n<\/tr>\n<tr>\n<td><strong>Masse<\/strong><\/td>\n<td>190kg<\/td>\n<\/tr>\n<tr>\n<td><strong>Erforderlicher Schornsteinzug bei minimaler Leistung<\/strong><\/td>\n<td>12 Pa<\/td>\n<\/tr>\n<tr>\n<td><strong>Abgastemperatur bei nominaler Leistung<\/strong><\/td>\n<td>336\u00b0C<\/td>\n<\/tr>\n<tr>\n<td><strong>Abmessung:<\/strong><\/td>\n<td>483mm X 723mm X 621mm X 468mm<\/td>\n<\/tr>\n<tr>\n<td><strong>Erforderliche \u00d6ffnung im Geh\u00e4use oder in der Nische zum Einbau der Feuerst\u00e4tte<\/strong><\/td>\n<td>920mm X 615mm X 2000mm<\/td>\n<\/tr>\n<tr>\n<td><strong>Abgastemperatur bei nominaler Leistung<\/strong><\/td>\n<td>\u00f8w150mm \/ \u00f8z180mm<\/td>\n<\/tr>\n<tr>\n<td><strong>Durchmesser der Abgasm\u00fcndung<\/strong><\/td>\n<td>6 Pa<\/td>\n<\/tr>\n<tr>\n<td><strong>Brennstoff<\/strong><\/td>\n<td>Laubholz<\/td>\n<\/tr>\n<tr>\n<td><strong>Holzscheitausma\u03b2: <\/strong><\/td>\n<td>L\u00e4nge 480mm<\/td>\n<\/tr>\n<\/tbody>\n<\/table>\n<hr \/>\n<h3 id=\"unica\" class=\"red-header-2\">UNICA<\/h3>\n<p><img loading=\"lazy\" width=\"601\" height=\"419\" class=\"alignnone size-full wp-image-144\" style=\"display: inline-block; width: 68%;\" src=\"http:\/\/tarnavva.nazwa.pl\/tarnavva\/wp-content\/uploads\/2017\/01\/Tarnavva_Unica_16kW_01.jpg\" alt=\"unica\" \/><img loading=\"lazy\" width=\"150\" height=\"98\" class=\"alignnone size-full wp-image-145\" style=\"width: 23%;\" src=\"http:\/\/tarnavva.nazwa.pl\/tarnavva\/wp-content\/uploads\/2017\/01\/gw.jpg\" alt=\"gwar\" \/><a style=\"text-align: left;\" href=\"http:\/\/tarnavva.nazwa.pl\/tarnavva\/wp-content\/uploads\/2017\/01\/Tarnavva-Unica16kW-1.jpg\" data-rel=\"lightbox-gallery-RiMht1BW\" data-rl_title=\"\" data-rl_caption=\"\" title=\"\"><img loading=\"lazy\" class=\"alignnone size-full wp-image-146\" style=\"margin: 8px 8px -8px;\" src=\"http:\/\/tarnavva.nazwa.pl\/tarnavva\/wp-content\/uploads\/2017\/01\/zoba_m.jpg\" alt=\"zob\" width=\"30\" height=\"28\" \/>PARAMETER<\/a><\/p>\n<table border=\"0\" rules=\"rows\" cellspacing=\"0\" cellpadding=\"3\" align=\"center\">\n<tbody>\n<tr>\n<td><strong>Nominale W\u00e4rmeleistung<\/strong><\/td>\n<td>12,2 kW<\/td>\n<\/tr>\n<tr>\n<td><strong>Dauerbrennbarkeit bei nominaler W\u00e4rmeleistung<\/strong><\/td>\n<td>2,0 h<\/td>\n<\/tr>\n<tr>\n<td><strong>Brennbest\u00e4ndigkeit bei reduzierter Leistung<\/strong><\/td>\n<td>10 h<\/td>\n<\/tr>\n<tr>\n<td><strong>Einmaliges Brennstoff\u00fcbersch\u00fctten<\/strong><\/td>\n<td>ok. 8kg<\/td>\n<\/tr>\n<tr>\n<td><strong>W\u00e4rmeleistungsf\u00e4higkeit<\/strong><\/td>\n<td>73%<\/td>\n<\/tr>\n<tr>\n<td><strong>CO- Emission (13%02)<\/strong><\/td>\n<td>0,6%<\/td>\n<\/tr>\n<tr>\n<td><strong>Abgasstrahl<\/strong><\/td>\n<td>11g\/s<\/td>\n<\/tr>\n<tr>\n<td><strong>Abstand der brennbaren Teile von der Scheibe<\/strong><\/td>\n<td>1,5m<\/td>\n<\/tr>\n<tr>\n<td><strong>Masse<\/strong><\/td>\n<td>190kg<\/td>\n<\/tr>\n<tr>\n<td><strong>Erforderlicher Schornsteinzug bei minimaler Leistung<\/strong><\/td>\n<td>12 Pa<\/td>\n<\/tr>\n<tr>\n<td><strong>Abgastemperatur bei nominaler Leistung<\/strong><\/td>\n<td>336\u00b0C<\/td>\n<\/tr>\n<tr>\n<td><strong>Abmessung:<\/strong><\/td>\n<td>483mm X723mm X 621mm X 468mm<\/td>\n<\/tr>\n<tr>\n<td><strong>Erforderliche \u00d6ffnung im Geh\u00e4use oder in der Nische zum Einbau der Feuerst\u00e4tte<\/strong><\/td>\n<td>920mm X 615mm X 2000mm<\/td>\n<\/tr>\n<tr>\n<td><strong>Abgastemperatur bei nominaler Leistung<\/strong><\/td>\n<td>\u00f8w150mm \/ \u00f8z180mm<\/td>\n<\/tr>\n<tr>\n<td><strong>Durchmesser der Abgasm\u00fcndung<\/strong><\/td>\n<td>6 Pa<\/td>\n<\/tr>\n<tr>\n<td><strong>Brennstoff<\/strong><\/td>\n<td>Laubholz<\/td>\n<\/tr>\n<tr>\n<td><strong>Holzscheitausma\u03b2:<\/strong><\/td>\n<td>L\u00e4nge 480mmm<\/td>\n<\/tr>\n<\/tbody>\n<\/table>\n<hr \/>\n<h3 id=\"retro\" class=\"red-header-2\">RETRO<\/h3>\n<p><img class=\"alignnone size-full wp-image-144\" style=\"display: inline-block; width: 68%;\" src=\"http:\/\/tarnavva.nazwa.pl\/tarnavva\/wp-content\/uploads\/2017\/01\/Tarnavva_retro_12kW_02.jpg\" alt=\"retro\" \/><img loading=\"lazy\" width=\"150\" height=\"98\" class=\"alignnone size-full wp-image-145\" style=\"width: 23%;\" src=\"http:\/\/tarnavva.nazwa.pl\/tarnavva\/wp-content\/uploads\/2017\/01\/gw.jpg\" alt=\"gwar\" \/><a style=\"text-align: left;\" href=\"http:\/\/tarnavva.nazwa.pl\/tarnavva\/wp-content\/uploads\/2017\/01\/Tarnavva-Retro16kW-1.jpg\" data-rel=\"lightbox-gallery-RiMht1BW\" data-rl_title=\"\" data-rl_caption=\"\" title=\"\"><img loading=\"lazy\" class=\"alignnone size-full wp-image-146\" style=\"margin: 8px 8px -8px;\" src=\"http:\/\/tarnavva.nazwa.pl\/tarnavva\/wp-content\/uploads\/2017\/01\/zoba_m.jpg\" alt=\"zob\" width=\"30\" height=\"28\" \/>PARAMETER<\/a><\/p>\n<table border=\"0\" rules=\"rows\" cellspacing=\"0\" cellpadding=\"3\" align=\"center\">\n<tbody>\n<tr>\n<td><strong>Nominale W\u00e4rmeleistung<\/strong><\/td>\n<td>12,2 kW<\/td>\n<\/tr>\n<tr>\n<td><strong>Dauerbrennbarkeit bei nominaler W\u00e4rmeleistung<\/strong><\/td>\n<td>2,0 h<\/td>\n<\/tr>\n<tr>\n<td><strong>Brennbest\u00e4ndigkeit bei reduzierter Leistung<\/strong><\/td>\n<td>10 h<\/td>\n<\/tr>\n<tr>\n<td><strong>Einmaliges Brennstoff\u00fcbersch\u00fctten<\/strong><\/td>\n<td>ok. 8kg<\/td>\n<\/tr>\n<tr>\n<td><strong>W\u00e4rmeleistungsf\u00e4higkeit<\/strong><\/td>\n<td>73%<\/td>\n<\/tr>\n<tr>\n<td><strong>Emisja CO ( 13 % O2 )<\/strong><\/td>\n<td>0,6%<\/td>\n<\/tr>\n<tr>\n<td><strong>Abgasstrahl<\/strong><\/td>\n<td>11g\/s<\/td>\n<\/tr>\n<tr>\n<td><strong>Abstand der brennbaren Teile von der Scheibe<\/strong><\/td>\n<td>1,5m<\/td>\n<\/tr>\n<tr>\n<td><strong>Masse<\/strong><\/td>\n<td>190kg<\/td>\n<\/tr>\n<tr>\n<td><strong>Erforderlicher Schornsteinzug bei minimaler Leistung<\/strong><\/td>\n<td>12 Pa<\/td>\n<\/tr>\n<tr>\n<td><strong>Abgastemperatur bei nominaler Leistung<\/strong><\/td>\n<td>336\u00b0C<\/td>\n<\/tr>\n<tr>\n<td><strong>Abmessung:<\/strong><\/td>\n<td>483mm X 723mm X 621mm X 468mm<\/td>\n<\/tr>\n<tr>\n<td><strong>Erforderliche \u00d6ffnung im Geh\u00e4use oder in der Nische zum Einbau der Feuerst\u00e4tte<\/strong><\/td>\n<td>920mm X 615mm X 2000mm<\/td>\n<\/tr>\n<tr>\n<td><strong>Abgastemperatur bei nominaler Leistung<\/strong><\/td>\n<td>\u00f8w150mm \/ \u00f8z180mm<\/td>\n<\/tr>\n<tr>\n<td><strong>Durchmesser der Abgasm\u00fcndung<\/strong><\/td>\n<td>6 Pa<\/td>\n<\/tr>\n<tr>\n<td><strong>Brennstoff<\/strong><\/td>\n<td>Laubholz<\/td>\n<\/tr>\n<tr>\n<td><strong>Holzscheitausma\u03b2:<\/strong><\/td>\n<td>L\u00e4nge 480mm<\/td>\n<\/tr>\n<\/tbody>\n<\/table>\n<hr \/>\n<h3 id=\"round\" class=\"red-header-2\">ROUND<\/h3>\n<p><img loading=\"lazy\" width=\"601\" height=\"419\" class=\"alignnone size-full wp-image-144\" style=\"display: inline-block; width: 68%;\" src=\"http:\/\/tarnavva.nazwa.pl\/tarnavva\/wp-content\/uploads\/2017\/01\/Tarnavva_Round_16kW_01.jpg\" alt=\"round\" \/><img loading=\"lazy\" width=\"150\" height=\"98\" class=\"alignnone size-full wp-image-145\" style=\"width: 23%;\" src=\"http:\/\/tarnavva.nazwa.pl\/tarnavva\/wp-content\/uploads\/2017\/01\/gw.jpg\" alt=\"gwar\" \/><a style=\"text-align: left;\" href=\"http:\/\/tarnavva.nazwa.pl\/tarnavva\/wp-content\/uploads\/2017\/01\/Tarnavva-Round16kW.jpg\" data-rel=\"lightbox-gallery-RiMht1BW\" data-rl_title=\"\" data-rl_caption=\"\" title=\"\"><img loading=\"lazy\" class=\"alignnone size-full wp-image-146\" style=\"margin: 8px 8px -8px;\" src=\"http:\/\/tarnavva.nazwa.pl\/tarnavva\/wp-content\/uploads\/2017\/01\/zoba_m.jpg\" alt=\"zob\" width=\"30\" height=\"28\" \/>PARAMETER<\/a><\/p>\n<table border=\"0\" rules=\"rows\" cellspacing=\"0\" cellpadding=\"3\" align=\"center\">\n<tbody>\n<tr>\n<td><strong>Nominale W\u00e4rmeleistung<\/strong><\/td>\n<td>12,2 kW<\/td>\n<\/tr>\n<tr>\n<td><strong>Dauerbrennbarkeit bei nominaler W\u00e4rmeleistung<\/strong><\/td>\n<td>2,0 r<\/td>\n<\/tr>\n<tr>\n<td><strong>Brennbest\u00e4ndigkeit bei reduzierter Leistung<\/strong><\/td>\n<td>10 r<\/td>\n<\/tr>\n<tr>\n<td><strong>Einmaliges Brennstoff\u00fcbersch\u00fctten<\/strong><\/td>\n<td>ok. 8kg<\/td>\n<\/tr>\n<tr>\n<td><strong>W\u00e4rmeleistungsf\u00e4higkeit<\/strong><\/td>\n<td>73%<\/td>\n<\/tr>\n<tr>\n<td><strong>CO- Emission (13%02)<\/strong><\/td>\n<td>0,6%<\/td>\n<\/tr>\n<tr>\n<td><strong>Abgasstrahl<\/strong><\/td>\n<td>11g\/s<\/td>\n<\/tr>\n<tr>\n<td><strong>Abstand der brennbaren Teile von der Scheibe<\/strong><\/td>\n<td>1,5m<\/td>\n<\/tr>\n<tr>\n<td><strong>Masse<\/strong><\/td>\n<td>190kg<\/td>\n<\/tr>\n<tr>\n<td><strong>Erforderlicher Schornsteinzug bei minimaler Leistung<\/strong><\/td>\n<td>12 Pa<\/td>\n<\/tr>\n<tr>\n<td><strong>Abgastemperatur bei nominaler Leistung<\/strong><\/td>\n<td>336\u00b0C<\/td>\n<\/tr>\n<tr>\n<td><strong>Abmessung:<\/strong><\/td>\n<td>483mm X 723mm X 621mm X 468mm<\/td>\n<\/tr>\n<tr>\n<td><strong>Erforderliche \u00d6ffnung im Geh\u00e4use oder in der Nische zum Einbau der Feuerst\u00e4tte<\/strong><\/td>\n<td>920mm X 615mm X 2000mm<\/td>\n<\/tr>\n<tr>\n<td><strong>Abgastemperatur bei nominaler Leistung<\/strong><\/td>\n<td>\u00f8w150mm \/ \u00f8z180mm<\/td>\n<\/tr>\n<tr>\n<td><strong>Durchmesser der Abgasm\u00fcndung<\/strong><\/td>\n<td>6 Pa<\/td>\n<\/tr>\n<tr>\n<td><strong>Brennstoff<\/strong><\/td>\n<td>Laubholz<\/td>\n<\/tr>\n<tr>\n<td><strong>Holzscheitausma\u03b2:<\/strong><\/td>\n<td>L\u00e4nge 480mm<\/td>\n<\/tr>\n<\/tbody>\n<\/table>\n<ul>\n<li><a href=\"#flat\">FLAT<\/a><\/li>\n<li><a href=\"#primero\">PRIMERO<\/a><\/li>\n<li><a href=\"#unica\">UNICA<\/a><\/li>\n<li><a href=\"#retro\">RETRO<\/a><\/li>\n<li><a href=\"#round\">ROUND<\/a><\/li>\n<\/ul>\n<p><\/p>","protected":false},"excerpt":{"rendered":"<p>FLAT PRIMERO UNICA RETRO ROUND FLAT PARAMETER &nbsp; Nominale W\u00e4rmeleistung 12,2 kW Dauerbrennbarkeit bei nominaler W\u00e4rmeleistung 2 r Brennbest\u00e4ndigkeit bei reduzierter Leistung 10 r Einmaliges Brennstoff\u00fcbersch\u00fctten 8kg W\u00e4rmeleistungsf\u00e4higkeit 73% CO- Emission (13%02) 0,6% Abgasstrahl 11g\/s Abstand der brennbaren Teile von der Scheibe 1,5m Masse 190kg Erforderlicher Schornsteinzug bei minimaler Leistung 12 Pa Abgastemperatur bei nominaler [&hellip;]<\/p>\n","protected":false},"author":1,"featured_media":0,"parent":130,"menu_order":2,"comment_status":"closed","ping_status":"closed","template":"","meta":[],"_links":{"self":[{"href":"http:\/\/monolity.pl\/de\/wp-json\/wp\/v2\/pages\/396"}],"collection":[{"href":"http:\/\/monolity.pl\/de\/wp-json\/wp\/v2\/pages"}],"about":[{"href":"http:\/\/monolity.pl\/de\/wp-json\/wp\/v2\/types\/page"}],"author":[{"embeddable":true,"href":"http:\/\/monolity.pl\/de\/wp-json\/wp\/v2\/users\/1"}],"replies":[{"embeddable":true,"href":"http:\/\/monolity.pl\/de\/wp-json\/wp\/v2\/comments?post=396"}],"version-history":[{"count":59,"href":"http:\/\/monolity.pl\/de\/wp-json\/wp\/v2\/pages\/396\/revisions"}],"predecessor-version":[{"id":408,"href":"http:\/\/monolity.pl\/de\/wp-json\/wp\/v2\/pages\/396\/revisions\/408"}],"up":[{"embeddable":true,"href":"http:\/\/monolity.pl\/de\/wp-json\/wp\/v2\/pages\/130"}],"wp:attachment":[{"href":"http:\/\/monolity.pl\/de\/wp-json\/wp\/v2\/media?parent=396"}],"curies":[{"name":"wp","href":"https:\/\/api.w.org\/{rel}","templated":true}]}}