{"id":415,"date":"2017-01-15T15:27:51","date_gmt":"2017-01-15T14:27:51","guid":{"rendered":"http:\/\/tarnavva.nazwa.pl\/tarnavva\/?page_id=415"},"modified":"2017-03-09T13:25:53","modified_gmt":"2017-03-09T12:25:53","slug":"wklady-typu-18-kw","status":"publish","type":"page","link":"http:\/\/monolity.pl\/de\/produkty\/wklady-kominkowe\/wklady-typu-18-kw\/","title":{"rendered":"Parameter typ 18 kW"},"content":{"rendered":"<p><\/p>\n<hr class=\"red-hr\" \/>\n<ul class=\"inline-page-menu\">\n<li><a href=\"#primero\">PRIMERO<\/a><\/li>\n<li><a href=\"#primero_plus\">PRIMERO PLUS<\/a><\/li>\n<li><a href=\"#unica\">UNICA<\/a><\/li>\n<li><a href=\"#unica_plus\">UNICA PLUS<\/a><\/li>\n<li><a href=\"#unica_round\">UNICA ROUND<\/a><\/li>\n<\/ul>\n<h3 id=\"primero\" class=\"red-header-2\">PRIMERO<\/h3>\n<p><img loading=\"lazy\" width=\"601\" height=\"419\" class=\"alignnone size-full wp-image-144\" style=\"display: inline-block; width: 68%;\" src=\"http:\/\/tarnavva.nazwa.pl\/tarnavva\/wp-content\/uploads\/2017\/01\/Tarnavva_Primero_18kW_01-1.jpg\" alt=\"primero\" \/><img loading=\"lazy\" width=\"150\" height=\"98\" class=\"alignnone size-full wp-image-145\" style=\"width: 23%;\" src=\"http:\/\/tarnavva.nazwa.pl\/tarnavva\/wp-content\/uploads\/2017\/01\/gw.jpg\" alt=\"gwar\" \/><\/p>\n<p><a style=\"text-align: left;\" href=\"http:\/\/tarnavva.nazwa.pl\/tarnavva\/wp-content\/uploads\/2017\/01\/Tarnavva-Primero18kW.jpg\" data-rel=\"lightbox-gallery-cEtiDjE9\" data-rl_title=\"\" data-rl_caption=\"\" title=\"\"><img loading=\"lazy\" class=\"alignnone size-full wp-image-146\" style=\"margin: 8px 8px -8px;\" src=\"http:\/\/tarnavva.nazwa.pl\/tarnavva\/wp-content\/uploads\/2017\/01\/zoba_m.jpg\" alt=\"zob\" width=\"30\" height=\"28\" \/>PARAMETER<\/a><\/p>\n<p>&nbsp;<\/p>\n<p>&nbsp;<\/p>\n<table border=\"0\" rules=\"rows\" cellspacing=\"0\" cellpadding=\"3\" align=\"center\">\n<tbody>\n<tr>\n<td><strong>Nominale W\u00e4rmeleistung<\/strong><\/td>\n<td>16,2 kW<\/td>\n<\/tr>\n<tr>\n<td><strong>Dauerbrennbarkeit bei nominaler W\u00e4rmeleistung<\/strong><\/td>\n<td>2,0\u00a0h<\/td>\n<\/tr>\n<tr>\n<td><strong>Brennbest\u00e4ndigkeit bei reduzierter Leistung<\/strong><\/td>\n<td>10\u00a0h<\/td>\n<\/tr>\n<tr>\n<td><strong>Einmaliges Brennstoff\u00fcbersch\u00fctten<\/strong><\/td>\n<td>ok. 11kg<\/td>\n<\/tr>\n<tr>\n<td><strong>W\u00e4rmeleistungsf\u00e4higkeit<\/strong><\/td>\n<td>71,9%<\/td>\n<\/tr>\n<tr>\n<td><strong>CO- Emission (13%02)<\/strong><\/td>\n<td>0,26%<\/td>\n<\/tr>\n<tr>\n<td><strong>Abgasstrahl<\/strong><\/td>\n<td>15g\/s<\/td>\n<\/tr>\n<tr>\n<td><strong>Abstand der brennbaren Teile von der Scheibe<\/strong><\/td>\n<td>1,5m<\/td>\n<\/tr>\n<tr>\n<td><strong>Masse<\/strong><\/td>\n<td>230kg<\/td>\n<\/tr>\n<tr>\n<td><strong>Erforderlicher Schornsteinzug bei minimaler LeistungMasse<\/strong><\/td>\n<td>12 Pa<\/td>\n<\/tr>\n<tr>\n<td><strong>Abgastemperatur bei nominaler Leistung<\/strong><\/td>\n<td>390\u00b0C<\/td>\n<\/tr>\n<tr>\n<td><strong>Abmessung:<\/strong><\/td>\n<td>536mm X 775mm X 668mm X 520mm<\/td>\n<\/tr>\n<tr>\n<td><strong>Erforderliche \u00d6ffnung im Geh\u00e4use oder in der Nische zum Einbau der Feuerst\u00e4tte<\/strong><\/td>\n<td>920mm X 615mm X 2000mm<\/td>\n<\/tr>\n<tr>\n<td><strong>Abgastemperatur bei nominaler Leistung<\/strong><\/td>\n<td>\u00f8w182mm \/ \u00f8z202mm<\/td>\n<\/tr>\n<tr>\n<td><strong>Durchmesser der Abgasm\u00fcndung<\/strong><\/td>\n<td>6 Pa<\/td>\n<\/tr>\n<tr>\n<td><strong>Brennstoff<\/strong><\/td>\n<td>Laubholz<\/td>\n<\/tr>\n<tr>\n<td><strong>Holzscheitausma\u03b2:<\/strong><\/td>\n<td>L\u00e4nge 480mm<\/td>\n<\/tr>\n<\/tbody>\n<\/table>\n<hr class=\"red-hr\" \/>\n<p>&nbsp;<\/p>\n<h3 id=\"primero_plus\" class=\"red-header-2\">PRIMERO PLUS<\/h3>\n<p><img class=\"alignnone size-full wp-image-144\" style=\"display: inline-block; width: 68%;\" src=\"http:\/\/tarnavva.nazwa.pl\/tarnavva\/wp-content\/uploads\/2017\/01\/Tarnavva_Primero_Plus_18kW_02.jpg\" alt=\"primero-plus\" \/><img loading=\"lazy\" width=\"150\" height=\"98\" class=\"alignnone size-full wp-image-145\" style=\"width: 23%;\" src=\"http:\/\/tarnavva.nazwa.pl\/tarnavva\/wp-content\/uploads\/2017\/01\/gw.jpg\" alt=\"gwar\" \/><\/p>\n<p><a style=\"text-align: left;\" href=\"http:\/\/tarnavva.nazwa.pl\/tarnavva\/wp-content\/uploads\/2017\/01\/Tarnavva-Primero-Plus18kW.jpg\" data-rel=\"lightbox-gallery-cEtiDjE9\" data-rl_title=\"\" data-rl_caption=\"\" title=\"\"><img loading=\"lazy\" class=\"alignnone size-full wp-image-146\" style=\"margin: 8px 8px -8px;\" src=\"http:\/\/tarnavva.nazwa.pl\/tarnavva\/wp-content\/uploads\/2017\/01\/zoba_m.jpg\" alt=\"zob\" width=\"30\" height=\"28\" \/>PARAMETER<\/a><\/p>\n<p>&nbsp;<\/p>\n<table border=\"0\" rules=\"rows\" cellspacing=\"0\" cellpadding=\"3\" align=\"center\">\n<tbody>\n<tr>\n<td><strong>Nominale W\u00e4rmeleistung<\/strong><\/td>\n<td>16,2 kW<\/td>\n<\/tr>\n<tr>\n<td><strong>Dauerbrennbarkeit bei nominaler W\u00e4rmeleistung<\/strong><\/td>\n<td>2,0 h<\/td>\n<\/tr>\n<tr>\n<td><strong>Brennbest\u00e4ndigkeit bei reduzierter Leistung<\/strong><\/td>\n<td>10 h<\/td>\n<\/tr>\n<tr>\n<td><strong>Einmaliges Brennstoff\u00fcbersch\u00fctten<\/strong><\/td>\n<td>ok. 11kg<\/td>\n<\/tr>\n<tr>\n<td><strong>W\u00e4rmeleistungsf\u00e4higkeit<\/strong><\/td>\n<td>71,9%<\/td>\n<\/tr>\n<tr>\n<td><strong>CO- Emission (13%02)<\/strong><\/td>\n<td>0,26%<\/td>\n<\/tr>\n<tr>\n<td><strong>Abgasstrahl<\/strong><\/td>\n<td>15g\/s<\/td>\n<\/tr>\n<tr>\n<td><strong>Abstand der brennbaren Teile von der Scheibe<\/strong><\/td>\n<td>1,5m<\/td>\n<\/tr>\n<tr>\n<td><strong>Masse<\/strong><\/td>\n<td>230kg<\/td>\n<\/tr>\n<tr>\n<td><strong>Erforderlicher Schornsteinzug bei minimaler Leistung<\/strong><\/td>\n<td>12 Pa<\/td>\n<\/tr>\n<tr>\n<td><strong>Abgastemperatur bei nominaler Leistung<\/strong><\/td>\n<td>390\u00b0C<\/td>\n<\/tr>\n<tr>\n<td><strong>Abmessung:<\/strong><\/td>\n<td>536mm X 775mm X 668mm X 520mm<\/td>\n<\/tr>\n<tr>\n<td><strong>Erforderliche \u00d6ffnung im Geh\u00e4use oder in der Nische zum Einbau der Feuerst\u00e4tte<\/strong><\/td>\n<td>920mm X 615mm X 2000mm<\/td>\n<\/tr>\n<tr>\n<td><strong>Abgastemperatur bei nominaler Leistung<\/strong><\/td>\n<td>\u00f8w182mm \/ \u00f8z202mm<\/td>\n<\/tr>\n<tr>\n<td><strong>Durchmesser der Abgasm\u00fcndung<\/strong><\/td>\n<td>6 Pa<\/td>\n<\/tr>\n<tr>\n<td><strong>Brennstoff<\/strong><\/td>\n<td>Laubholz<\/td>\n<\/tr>\n<tr>\n<td><strong>Holzscheitausma\u03b2: <\/strong><\/td>\n<td>L\u00e4nge 480mm<\/td>\n<\/tr>\n<\/tbody>\n<\/table>\n<p>&nbsp;<\/p>\n<hr class=\"red-hr\" \/>\n<p>&nbsp;<\/p>\n<h3 id=\"unica\" class=\"red-header-2\">UNICA<\/h3>\n<p><img class=\"alignnone size-full wp-image-144\" style=\"display: inline-block; width: 68%;\" src=\"http:\/\/tarnavva.nazwa.pl\/tarnavva\/wp-content\/uploads\/2017\/01\/Tarnavva_Unica_18kW_03.jpg\" alt=\"unica\" \/><img loading=\"lazy\" width=\"150\" height=\"98\" class=\"alignnone size-full wp-image-145\" style=\"width: 23%;\" src=\"http:\/\/tarnavva.nazwa.pl\/tarnavva\/wp-content\/uploads\/2017\/01\/gw.jpg\" alt=\"gwar\" \/><\/p>\n<p><a style=\"text-align: left;\" href=\"http:\/\/tarnavva.nazwa.pl\/tarnavva\/wp-content\/uploads\/2017\/01\/Tarnavva-Unica18kW.jpg\" data-rel=\"lightbox-gallery-cEtiDjE9\" data-rl_title=\"\" data-rl_caption=\"\" title=\"\"><img loading=\"lazy\" class=\"alignnone size-full wp-image-146\" style=\"margin: 8px 8px -8px;\" src=\"http:\/\/tarnavva.nazwa.pl\/tarnavva\/wp-content\/uploads\/2017\/01\/zoba_m.jpg\" alt=\"zob\" width=\"30\" height=\"28\" \/>PARAMETER<\/a><\/p>\n<p>&nbsp;<\/p>\n<table border=\"0\" rules=\"rows\" cellspacing=\"0\" cellpadding=\"3\" align=\"center\">\n<tbody>\n<tr>\n<td><strong>Nominale W\u00e4rmeleistung<\/strong><\/td>\n<td>16,2 kW<\/td>\n<\/tr>\n<tr>\n<td><strong>Dauerbrennbarkeit bei nominaler W\u00e4rmeleistung<\/strong><\/td>\n<td>2,0\u00a0h<\/td>\n<\/tr>\n<tr>\n<td><strong>Brennbest\u00e4ndigkeit bei reduzierter Leistung<\/strong><\/td>\n<td>10\u00a0h<\/td>\n<\/tr>\n<tr>\n<td><strong>Einmaliges Brennstoff\u00fcbersch\u00fctten<\/strong><\/td>\n<td>ok. 11kg<\/td>\n<\/tr>\n<tr>\n<td><strong>W\u00e4rmeleistungsf\u00e4higkeit<\/strong><\/td>\n<td>71,9%<\/td>\n<\/tr>\n<tr>\n<td><strong>CO- Emission (13%02)<\/strong><\/td>\n<td>0,26%<\/td>\n<\/tr>\n<tr>\n<td><strong>Abgasstrahl<\/strong><\/td>\n<td>15g\/s<\/td>\n<\/tr>\n<tr>\n<td><strong>Abstand der brennbaren Teile von der Scheibe<\/strong><\/td>\n<td>1,5m<\/td>\n<\/tr>\n<tr>\n<td><strong>Masse<\/strong><\/td>\n<td>230kg<\/td>\n<\/tr>\n<tr>\n<td><strong>Erforderlicher Schornsteinzug bei minimaler Leistung<\/strong><\/td>\n<td>12 Pa<\/td>\n<\/tr>\n<tr>\n<td><strong>Abgastemperatur bei nominaler Leistung<\/strong><\/td>\n<td>390\u00b0C<\/td>\n<\/tr>\n<tr>\n<td><strong>Abmessung:<\/strong><\/td>\n<td>536mm X 775mm X 668mm X 520mm<\/td>\n<\/tr>\n<tr>\n<td><strong>Erforderliche \u00d6ffnung im Geh\u00e4use oder in der Nische zum Einbau der Feuerst\u00e4tte<\/strong><\/td>\n<td>920mm X 615mm X 2000mm<\/td>\n<\/tr>\n<tr>\n<td><strong>Abgastemperatur bei nominaler Leistung<\/strong><\/td>\n<td>\u00f8w182mm \/ \u00f8z202mm<\/td>\n<\/tr>\n<tr>\n<td><strong>Durchmesser der Abgasm\u00fcndung<\/strong><\/td>\n<td>6 Pa<\/td>\n<\/tr>\n<tr>\n<td><strong>Brennstoff<\/strong><\/td>\n<td>Laubholz<\/td>\n<\/tr>\n<tr>\n<td><strong>Holzscheitausma\u03b2: <\/strong><\/td>\n<td>L\u00e4nge 480mm<\/td>\n<\/tr>\n<\/tbody>\n<\/table>\n<hr class=\"red-hr\" \/>\n<p>&nbsp;<\/p>\n<h3 id=\"unica_plus\" class=\"red-header-2\">UNICA PLUS<\/h3>\n<p><img class=\"alignnone size-full wp-image-144\" style=\"display: inline-block; width: 68%;\" src=\"http:\/\/tarnavva.nazwa.pl\/tarnavva\/wp-content\/uploads\/2017\/01\/Tarnavva_Unica_plus_18kw_04.jpg\" alt=\"unica_plus\" \/><img loading=\"lazy\" width=\"150\" height=\"98\" class=\"alignnone size-full wp-image-145\" style=\"width: 23%;\" src=\"http:\/\/tarnavva.nazwa.pl\/tarnavva\/wp-content\/uploads\/2017\/01\/gw.jpg\" alt=\"gwar\" \/><\/p>\n<p><a style=\"text-align: left;\" href=\"http:\/\/tarnavva.nazwa.pl\/tarnavva\/wp-content\/uploads\/2017\/01\/Tarnavva-UnicaPlus18kW.jpg\" data-rel=\"lightbox-gallery-cEtiDjE9\" data-rl_title=\"\" data-rl_caption=\"\" title=\"\"><img loading=\"lazy\" class=\"alignnone size-full wp-image-146\" style=\"margin: 8px 8px -8px;\" src=\"http:\/\/tarnavva.nazwa.pl\/tarnavva\/wp-content\/uploads\/2017\/01\/zoba_m.jpg\" alt=\"zob\" width=\"30\" height=\"28\" \/>PARAMETER<\/a><\/p>\n<p>&nbsp;<\/p>\n<table border=\"0\" rules=\"rows\" cellspacing=\"0\" cellpadding=\"3\" align=\"center\">\n<tbody>\n<tr>\n<td><strong>Nominale W\u00e4rmeleistung<\/strong><\/td>\n<td>16,2 kW<\/td>\n<\/tr>\n<tr>\n<td><strong>Dauerbrennbarkeit bei nominaler W\u00e4rmeleistung<\/strong><\/td>\n<td>2 h<\/td>\n<\/tr>\n<tr>\n<td><strong>Brennbest\u00e4ndigkeit bei reduzierter Leistung<\/strong><\/td>\n<td>10 h<\/td>\n<\/tr>\n<tr>\n<td><strong>Einmaliges Brennstoff\u00fcbersch\u00fctten<\/strong><\/td>\n<td>ok. 11kg<\/td>\n<\/tr>\n<tr>\n<td><strong>W\u00e4rmeleistungsf\u00e4higkeit<\/strong><\/td>\n<td>71,9%<\/td>\n<\/tr>\n<tr>\n<td><strong>CO- Emission (13%02)<\/strong><\/td>\n<td>0,26%<\/td>\n<\/tr>\n<tr>\n<td><strong>Abgasstrahl<\/strong><\/td>\n<td>15g\/s<\/td>\n<\/tr>\n<tr>\n<td><strong>Abstand der brennbaren Teile von der Scheibe<\/strong><\/td>\n<td>1,5m<\/td>\n<\/tr>\n<tr>\n<td><strong>Masse<\/strong><\/td>\n<td>230kg<\/td>\n<\/tr>\n<tr>\n<td><strong>Erforderlicher Schornsteinzug bei minimaler Leistung<\/strong><\/td>\n<td>12 Pa<\/td>\n<\/tr>\n<tr>\n<td><strong>Abgastemperatur bei nominaler Leistung(\u015brednia)<\/strong><\/td>\n<td>390\u00b0C<\/td>\n<\/tr>\n<tr>\n<td><strong>Abmessung:<\/strong><\/td>\n<td>536mm X 775mm X 668mm X 520mm<\/td>\n<\/tr>\n<tr>\n<td><strong>Erforderliche \u00d6ffnung im Geh\u00e4use oder in der Nische zum Einbau der Feuerst\u00e4tte<\/strong><\/td>\n<td>920mm X 615mm X 2000mm<\/td>\n<\/tr>\n<tr>\n<td><strong>Abgastemperatur bei nominaler Leistung<\/strong><\/td>\n<td>\u00f8w182mm \/ \u00f8z202mm<\/td>\n<\/tr>\n<tr>\n<td><strong>Durchmesser der Abgasm\u00fcndung<\/strong><\/td>\n<td>6 Pa<\/td>\n<\/tr>\n<tr>\n<td><strong>Brennstoff<\/strong><\/td>\n<td>Laubholz<\/td>\n<\/tr>\n<tr>\n<td><strong>Holzscheitausma\u03b2:<\/strong><\/td>\n<td>L\u00e4nge 480mm<\/td>\n<\/tr>\n<\/tbody>\n<\/table>\n<hr class=\"red-hr\" \/>\n<p>&nbsp;<\/p>\n<h3 id=\"unica_round\" class=\"red-header-2\">UNICA ROUND<\/h3>\n<p><img loading=\"lazy\" width=\"601\" height=\"419\" class=\"alignnone size-full wp-image-144\" style=\"display: inline-block; width: 68%;\" src=\"http:\/\/tarnavva.nazwa.pl\/tarnavva\/wp-content\/uploads\/2017\/01\/Tarnavva_Unica_round_18kw_01.jpg\" alt=\"unica_plus\" \/><img loading=\"lazy\" width=\"150\" height=\"98\" class=\"alignnone size-full wp-image-145\" style=\"width: 23%;\" src=\"http:\/\/tarnavva.nazwa.pl\/tarnavva\/wp-content\/uploads\/2017\/01\/gw.jpg\" alt=\"gwar\" \/><\/p>\n<p><!--<a style=\"text-align: left;\" href=\"http:\/\/tarnavva.nazwa.pl\/tarnavva\/wp-content\/uploads\/2017\/01\/Tarnavva-UnicaPlus18kW.jpg\" data-rel=\"lightbox-gallery-cEtiDjE9\" data-rl_title=\"\" data-rl_caption=\"\" title=\"\"><img loading=\"lazy\" class=\"alignnone size-full wp-image-146\" style=\"margin: 8px 8px -8px;\" src=\"http:\/\/tarnavva.nazwa.pl\/tarnavva\/wp-content\/uploads\/2017\/01\/zoba_m.jpg\" alt=\"zob\" width=\"30\" height=\"28\" \/>PARAMETER<\/a>--><\/p>\n<p>&nbsp;<\/p>\n<table border=\"0\" rules=\"rows\" cellspacing=\"0\" cellpadding=\"3\" align=\"center\">\n<tbody>\n<tr>\n<td><strong>Nominale W\u00e4rmeleistung<\/strong><\/td>\n<td>16,2 kW<\/td>\n<\/tr>\n<tr>\n<td><strong>Dauerbrennbarkeit bei nominaler W\u00e4rmeleistung<\/strong><\/td>\n<td>2,0 h<\/td>\n<\/tr>\n<tr>\n<td><strong>Brennbest\u00e4ndigkeit bei reduzierter Leistung<\/strong><\/td>\n<td>10 h<\/td>\n<\/tr>\n<tr>\n<td><strong>Einmaliges Brennstoff\u00fcbersch\u00fctten<\/strong><\/td>\n<td>ok. 11kg<\/td>\n<\/tr>\n<tr>\n<td><strong>W\u00e4rmeleistungsf\u00e4higkeit<\/strong><\/td>\n<td>71,9%<\/td>\n<\/tr>\n<tr>\n<td><strong>CO- Emission (13%02)<\/strong><\/td>\n<td>0,26%<\/td>\n<\/tr>\n<tr>\n<td><strong>Abgasstrahl<\/strong><\/td>\n<td>15g\/s<\/td>\n<\/tr>\n<tr>\n<td><strong>Abstand der brennbaren Teile von der Scheibe<\/strong><\/td>\n<td>1,5m<\/td>\n<\/tr>\n<tr>\n<td><strong>Masse<\/strong><\/td>\n<td>230kg<\/td>\n<\/tr>\n<tr>\n<td><strong>Erforderlicher Schornsteinzug bei minimaler LeistungMasse<\/strong><\/td>\n<td>12 Pa<\/td>\n<\/tr>\n<tr>\n<td><strong>Abgastemperatur bei nominaler Leistung<\/strong><\/td>\n<td>390\u00b0C<\/td>\n<\/tr>\n<tr>\n<td><strong>Abmessung:<\/strong><\/td>\n<td>536mm X 775mm X 668mm X 520mm<\/td>\n<\/tr>\n<tr>\n<td><strong>Erforderliche \u00d6ffnung im Geh\u00e4use oder in der Nische zum Einbau der Feuerst\u00e4tte<\/strong><\/td>\n<td>920mm X 615mm X 2000mm<\/td>\n<\/tr>\n<tr>\n<td><strong>Abgastemperatur bei nominaler Leistung<\/strong><\/td>\n<td>\u00f8w182mm \/ \u00f8z202mm<\/td>\n<\/tr>\n<tr>\n<td><strong>Durchmesser der Abgasm\u00fcndung<\/strong><\/td>\n<td>6 Pa<\/td>\n<\/tr>\n<tr>\n<td><strong>Brennstoff<\/strong><\/td>\n<td>Laubholz<\/td>\n<\/tr>\n<tr>\n<td><strong>Holzscheitausma\u03b2:<\/strong><\/td>\n<td>L\u00e4nge 480mm<\/td>\n<\/tr>\n<\/tbody>\n<\/table>\n<hr class=\"red-hr\" \/>\n<ul class=\"inline-page-menu\">\n<li><a href=\"#primero\">PRIMERO<\/a><\/li>\n<li><a href=\"#primero_plus\">PRIMERO PLUS<\/a><\/li>\n<li><a href=\"#unica\">UNICA<\/a><\/li>\n<li><a href=\"#unica_plus\">UNICA PLUS<\/a><\/li>\n<li><a href=\"#unica_round\">UNICA ROUND<\/a><\/li>\n<\/ul>\n<p><\/p>","protected":false},"excerpt":{"rendered":"<p>PRIMERO PRIMERO PLUS UNICA UNICA PLUS UNICA ROUND PRIMERO PARAMETER &nbsp; &nbsp; Nominale W\u00e4rmeleistung 16,2 kW Dauerbrennbarkeit bei nominaler W\u00e4rmeleistung 2,0\u00a0h Brennbest\u00e4ndigkeit bei reduzierter Leistung 10\u00a0h Einmaliges Brennstoff\u00fcbersch\u00fctten ok. 11kg W\u00e4rmeleistungsf\u00e4higkeit 71,9% CO- Emission (13%02) 0,26% Abgasstrahl 15g\/s Abstand der brennbaren Teile von der Scheibe 1,5m Masse 230kg Erforderlicher Schornsteinzug bei minimaler LeistungMasse 12 Pa [&hellip;]<\/p>\n","protected":false},"author":1,"featured_media":0,"parent":130,"menu_order":3,"comment_status":"closed","ping_status":"closed","template":"","meta":[],"_links":{"self":[{"href":"http:\/\/monolity.pl\/de\/wp-json\/wp\/v2\/pages\/415"}],"collection":[{"href":"http:\/\/monolity.pl\/de\/wp-json\/wp\/v2\/pages"}],"about":[{"href":"http:\/\/monolity.pl\/de\/wp-json\/wp\/v2\/types\/page"}],"author":[{"embeddable":true,"href":"http:\/\/monolity.pl\/de\/wp-json\/wp\/v2\/users\/1"}],"replies":[{"embeddable":true,"href":"http:\/\/monolity.pl\/de\/wp-json\/wp\/v2\/comments?post=415"}],"version-history":[{"count":26,"href":"http:\/\/monolity.pl\/de\/wp-json\/wp\/v2\/pages\/415\/revisions"}],"predecessor-version":[{"id":1090,"href":"http:\/\/monolity.pl\/de\/wp-json\/wp\/v2\/pages\/415\/revisions\/1090"}],"up":[{"embeddable":true,"href":"http:\/\/monolity.pl\/de\/wp-json\/wp\/v2\/pages\/130"}],"wp:attachment":[{"href":"http:\/\/monolity.pl\/de\/wp-json\/wp\/v2\/media?parent=415"}],"curies":[{"name":"wp","href":"https:\/\/api.w.org\/{rel}","templated":true}]}}