{"id":42,"date":"2017-01-02T18:39:17","date_gmt":"2017-01-02T17:39:17","guid":{"rendered":"http:\/\/tarnavva.nazwa.pl\/tarnavva\/?page_id=42"},"modified":"2017-02-17T15:02:14","modified_gmt":"2017-02-17T14:02:14","slug":"produkty","status":"publish","type":"page","link":"http:\/\/monolity.pl\/de\/produkty\/","title":{"rendered":"Technologie"},"content":{"rendered":"<p>Monolithische Kamineins\u00e4tze unserer Firma werden aus grauem Gusseisen h\u00f6chster Qualit\u00e4t, mittels einer Giessmethode in Sandformen angefertigt.<\/p>\n<p>Das Gewicht der von uns hergestellten Eins\u00e4tze befindet sich im Bereich von 120 bis 278 Kg, die Dicke der Geh\u00e4usew\u00e4nde betr\u00e4gt\u00a0 8 bis 22 mm.<\/p>\n<p><img loading=\"lazy\" class=\"alignright size-full wp-image-43\" src=\"http:\/\/tarnavva.nazwa.pl\/tarnavva\/wp-content\/uploads\/2017\/01\/16KW-PRIMERO-2.jpg\" alt=\"\" width=\"167\" height=\"160\" \/><\/p>\n<p>&nbsp;<\/p>\n<ul>\n<ul>\n<li>Die Feuerung ist ein Abguss, die T\u00fcren und die Vitrine wurden zum Geh\u00e4use durch die Schleifmethode angepasst, was eine absolute Dichtheit zu erlangen erlaubt. Die vertikalen Nebenkan\u00e4le, die die Luft zu der Brennkammer zuf\u00fchren, sind in unseren Eins\u00e4tzen geschlossen, von der Seite der T\u00fcrscheibe, dank diesem wird die Luft nach oben zugef\u00fchrt, und in der Praxis, bildet sie einen Vorhang und umsp\u00fclt die T\u00fcrscheibe, wodurch sie sauber hinterlassen wird. Das erm\u00f6glicht mehr W\u00e4rme in den Raum abzugeben, wo sich der Kamin befindet, und gibt eine M\u00f6glichkeit die brennenden Holzscheite zu beobachten.<\/li>\n<\/ul>\n<\/ul>\n<hr style=\"clear: both;\" \/>\n<p><img loading=\"lazy\" class=\"alignright size-full wp-image-44\" src=\"http:\/\/tarnavva.nazwa.pl\/tarnavva\/wp-content\/uploads\/2017\/01\/malowana_szyba.jpg\" alt=\"\" width=\"167\" height=\"116\" \/><\/p>\n<p>&nbsp;<\/p>\n<ul>\n<ul>\n<li>Die Scheibe die in den T\u00fcren montiert ist, ist hitzebest\u00e4ndig, mit einer Widerstandsf\u00e4higkeit\u00a0 bis 800\u00b0 C<\/li>\n<\/ul>\n<\/ul>\n<hr style=\"clear: both;\" \/>\n<p><img loading=\"lazy\" class=\"alignright size-full wp-image-45\" src=\"http:\/\/tarnavva.nazwa.pl\/tarnavva\/wp-content\/uploads\/2017\/01\/16KW-PZPPOS-2.jpg\" alt=\"\" width=\"167\" height=\"116\" \/><\/p>\n<p>&nbsp;<\/p>\n<ul>\n<ul>\n<li>Der feste Verschluss der T\u00fcren, mittels Riegel in den Typen Flat, und in den Typen Unica und Primero und Round, mittels einem automatisch heranziehenden Federriegel-Schloss, garantiert ein sicheres Verschlie\u00dfen der Brennkammer<\/li>\n<\/ul>\n<\/ul>\n<hr style=\"clear: both;\" \/>\n<p><img loading=\"lazy\" class=\"alignright size-full wp-image-46\" src=\"http:\/\/tarnavva.nazwa.pl\/tarnavva\/wp-content\/uploads\/2017\/01\/PRIMERO-2.jpg\" alt=\"\" width=\"167\" height=\"116\" \/><\/p>\n<p>&nbsp;<\/p>\n<ul>\n<ul>\n<li>Massive Konstruktion und eine Mehrzahl von vertikalen Rippen, verleihen dem Einsatz eine gro\u00dfe Stabilit\u00e4t. Die vertikalen Innen- und Aussenrippen bilden eine gro\u00dfe Fl\u00e4che f\u00fcr W\u00e4rmeaustausch. Zwei Knebelgriffe, die sich in dem unteren, rechten und linken, vorderen Teil des Kamins befinden, dienen der Regulierung des Luftzuflusses in die Brennkammer (Nebenverbrennung).<\/li>\n<\/ul>\n<\/ul>\n<hr style=\"clear: both;\" \/>\n<p><img loading=\"lazy\" class=\"alignright size-full wp-image-47\" src=\"http:\/\/tarnavva.nazwa.pl\/tarnavva\/wp-content\/uploads\/2017\/01\/szuflada_popielnika_1.jpg\" alt=\"\" width=\"167\" height=\"116\" \/><\/p>\n<ul>\n<ul>\n<li>In den Modellen Flat, Telio, Retro und Round dient der eine kleiner Knebelgriff, der sich im zentralen Teil der Vitrine des Aschenkastens befindet, der Regulierung des Luftzuflusses zum Aschenkasten (Prim\u00e4rverbrennung), und die zwei restlichen, zur Sicherung der Dichtigkeit der Vitrine des Aschenkastens. In den Modellen Primero sichern die Funktion der Regulierung des Luftzuflusses zur Prim\u00e4rverbrennung rechteckige Bel\u00fcftungs\u00f6ffnungen auf der rechten Seite der Vitrine des Aschenkastens, die wir mit einem einmontierten Mechanismus, der die Schublade schlie\u00dft, ausgestattet haben. Dieser Mechanismus blockiert den korrekt geschlossenen Aschenkasten, und sichert seine Dichtigkeit, was uns erlaubte die Seitenknebelgriffe der Schublade zu beseitigen.<\/li>\n<\/ul>\n<\/ul>\n<hr style=\"clear: both;\" \/>\n<p><img loading=\"lazy\" class=\"alignright size-full wp-image-48\" src=\"http:\/\/tarnavva.nazwa.pl\/tarnavva\/wp-content\/uploads\/2017\/01\/16KW-PZPOSR-1.jpg\" alt=\"\" width=\"167\" height=\"116\" \/><\/p>\n<ul>\n<ul>\n<li>Innerhalb des Geh\u00e4uses, im unteren Teil der Feuerung, ist ein Feuerrost mit \u00d6ffnungen, unter dem sich eine Schublade des Aschenkastens befindet, jedoch im vorderen Teil, ein entsprechend geformter Zaun, der vor dem aussch\u00fctten der Glutkohlen absichert.<\/li>\n<\/ul>\n<\/ul>\n<hr style=\"clear: both;\" \/>\n<p><img loading=\"lazy\" class=\"alignright size-full wp-image-49\" src=\"http:\/\/tarnavva.nazwa.pl\/tarnavva\/wp-content\/uploads\/2017\/01\/18KW-PRIMERO-PLUS-1.jpg\" alt=\"\" width=\"167\" height=\"116\" \/><\/p>\n<ul>\n<ul>\n<li>Im oberen Teil der Kammer ist ein profilierter Deflektor platziert, der die Aufgaben einer Trennwand erf\u00fcllt, zwischen dem unteren und oberem Teil des Kamins, unter dem sich Gase anh\u00e4ufen, die durch die brennende Kohle abgesondert werden, und es folgt die Erscheinung vom Abbrennen des Holzgases.<\/li>\n<\/ul>\n<\/ul>\n<hr style=\"clear: both;\" \/>\n<p><img loading=\"lazy\" class=\"aligncenter size-full wp-image-56\" src=\"http:\/\/tarnavva.nazwa.pl\/tarnavva\/wp-content\/uploads\/2017\/01\/Mapa-bitowa-w-05.jpg\" alt=\"\" width=\"500\" height=\"388\" srcset=\"http:\/\/monolity.pl\/wp-content\/uploads\/2017\/01\/Mapa-bitowa-w-05.jpg 500w, http:\/\/monolity.pl\/wp-content\/uploads\/2017\/01\/Mapa-bitowa-w-05-300x233.jpg 300w\" sizes=\"(max-width: 500px) 100vw, 500px\" \/><\/p>\n<p>tarnavva = innovations:<\/p>\n<ul>\n<li>screen-printed glass installation system<\/li>\n<li>heat exchanger<\/li>\n<li>functional closure<\/li>\n<li>casing movement<\/li>\n<li>integrated stand<\/li>\n<li>ash pit cover<\/li>\n<li>air flow<\/li>\n<li>unique internal fins<\/li>\n<\/ul>\n<p>All rights reserved<\/p>","protected":false},"excerpt":{"rendered":"<p>Monolithische Kamineins\u00e4tze unserer Firma werden aus grauem Gusseisen h\u00f6chster Qualit\u00e4t, mittels einer Giessmethode in Sandformen angefertigt. Das Gewicht der von uns hergestellten Eins\u00e4tze befindet sich im Bereich von 120 bis 278 Kg, die Dicke der Geh\u00e4usew\u00e4nde betr\u00e4gt\u00a0 8 bis 22 mm. &nbsp; Die Feuerung ist ein Abguss, die T\u00fcren und die Vitrine wurden zum Geh\u00e4use [&hellip;]<\/p>\n","protected":false},"author":1,"featured_media":0,"parent":0,"menu_order":0,"comment_status":"closed","ping_status":"closed","template":"","meta":[],"_links":{"self":[{"href":"http:\/\/monolity.pl\/de\/wp-json\/wp\/v2\/pages\/42"}],"collection":[{"href":"http:\/\/monolity.pl\/de\/wp-json\/wp\/v2\/pages"}],"about":[{"href":"http:\/\/monolity.pl\/de\/wp-json\/wp\/v2\/types\/page"}],"author":[{"embeddable":true,"href":"http:\/\/monolity.pl\/de\/wp-json\/wp\/v2\/users\/1"}],"replies":[{"embeddable":true,"href":"http:\/\/monolity.pl\/de\/wp-json\/wp\/v2\/comments?post=42"}],"version-history":[{"count":42,"href":"http:\/\/monolity.pl\/de\/wp-json\/wp\/v2\/pages\/42\/revisions"}],"predecessor-version":[{"id":1134,"href":"http:\/\/monolity.pl\/de\/wp-json\/wp\/v2\/pages\/42\/revisions\/1134"}],"wp:attachment":[{"href":"http:\/\/monolity.pl\/de\/wp-json\/wp\/v2\/media?parent=42"}],"curies":[{"name":"wp","href":"https:\/\/api.w.org\/{rel}","templated":true}]}}