{"id":431,"date":"2017-01-15T15:40:57","date_gmt":"2017-01-15T14:40:57","guid":{"rendered":"http:\/\/tarnavva.nazwa.pl\/tarnavva\/?page_id=431"},"modified":"2017-03-09T13:41:09","modified_gmt":"2017-03-09T12:41:09","slug":"wklady-typu-20-kw","status":"publish","type":"page","link":"http:\/\/monolity.pl\/de\/produkty\/wklady-kominkowe\/wklady-typu-20-kw\/","title":{"rendered":"Parameter typ 20 kW"},"content":{"rendered":"<p><\/p>\n<hr \/>\n<h3 id=\"unica\" class=\"red-header-2\">UNICA<\/h3>\n<p><img loading=\"lazy\" width=\"601\" height=\"419\" class=\"alignnone size-full wp-image-144\" style=\"display: inline-block; width: 68%;\" src=\"http:\/\/tarnavva.nazwa.pl\/tarnavva\/wp-content\/uploads\/2017\/01\/Tarnavva_Unica_800_super_grand_07-1.jpg\" alt=\"unica\" \/><img loading=\"lazy\" width=\"150\" height=\"98\" class=\"alignnone size-full wp-image-145\" style=\"width: 23%;\" src=\"http:\/\/tarnavva.nazwa.pl\/tarnavva\/wp-content\/uploads\/2017\/01\/gw.jpg\" alt=\"gwar\" \/><\/p>\n<p><a style=\"text-align: left;\" href=\"http:\/\/tarnavva.nazwa.pl\/tarnavva\/wp-content\/uploads\/2017\/01\/Tarnavva-UnicaSuperGrand800kW.jpg\" data-rel=\"lightbox-gallery-wApe9QHA\" data-rl_title=\"\" data-rl_caption=\"\" title=\"\"><img loading=\"lazy\" class=\"alignnone size-full wp-image-146\" style=\"margin: 8px 8px -8px;\" src=\"http:\/\/tarnavva.nazwa.pl\/tarnavva\/wp-content\/uploads\/2017\/01\/zoba_m.jpg\" alt=\"zob\" width=\"30\" height=\"28\" \/>PARAMETER<\/a><\/p>\n<p>&nbsp;<\/p>\n<table border=\"0\" rules=\"rows\" cellspacing=\"0\" cellpadding=\"3\" align=\"center\">\n<tbody>\n<tr>\n<td><strong>Nominale W\u00e4rmeleistung<\/strong><\/td>\n<td>17 kW<\/td>\n<\/tr>\n<tr>\n<td><strong>Dauerbrennbarkeit bei nominaler W\u00e4rmeleistung<\/strong><\/td>\n<td>1,5 h<\/td>\n<\/tr>\n<tr>\n<td><strong>Brennbest\u00e4ndigkeit bei reduzierter Leistung<\/strong><\/td>\n<td>9,5 h<\/td>\n<\/tr>\n<tr>\n<td><strong>Einmaliges Brennstoff\u00fcbersch\u00fctten<\/strong><\/td>\n<td>ok. 11kg<\/td>\n<\/tr>\n<tr>\n<td><strong>W\u00e4rmeleistungsf\u00e4higkeit<\/strong><\/td>\n<td>71%<\/td>\n<\/tr>\n<tr>\n<td><strong>CO- Emission (13%02)<\/strong><\/td>\n<td>0,26%<\/td>\n<\/tr>\n<tr>\n<td><strong>Abgasstrahl<\/strong><\/td>\n<td>15g\/s<\/td>\n<\/tr>\n<tr>\n<td><strong>Abstand der brennbaren Teile von der Scheibe<\/strong><\/td>\n<td>1,5m<\/td>\n<\/tr>\n<tr>\n<td><strong>Masse<\/strong><\/td>\n<td>287kg<\/td>\n<\/tr>\n<tr>\n<td><strong>Erforderlicher Schornsteinzug bei minimaler Leistung<\/strong><\/td>\n<td>12 Pa<\/td>\n<\/tr>\n<tr>\n<td><strong>Abgastemperatur bei nominaler Leistung<\/strong><\/td>\n<td>400\u00b0C<\/td>\n<\/tr>\n<tr>\n<td><strong>Abmessung:<\/strong><\/td>\n<td>545mm X 795mm X 795mm X 520mm<\/td>\n<\/tr>\n<tr>\n<td><strong>Erforderliche \u00d6ffnung im Geh\u00e4use oder in der Nische zum Einbau der Feuerst\u00e4tte<\/strong><\/td>\n<td>1100mm X 750mm X 2000mm<\/td>\n<\/tr>\n<tr>\n<td><strong>Abgastemperatur bei nominaler Leistung<\/strong><\/td>\n<td>\u00f8w200mm \/ \u00f8z220mm<\/td>\n<\/tr>\n<tr>\n<td><strong>Durchmesser der Abgasm\u00fcndung<\/strong><\/td>\n<td>6 Pa<\/td>\n<\/tr>\n<tr>\n<td><strong>Brennstoff<\/strong><\/td>\n<td>Laubholz<\/td>\n<\/tr>\n<tr>\n<td><strong>Holzscheitausma\u03b2:<\/strong><\/td>\n<td>L\u00e4nge 480mm<\/td>\n<\/tr>\n<\/tbody>\n<\/table>\n<p><\/p>","protected":false},"excerpt":{"rendered":"<p>UNICA PARAMETER &nbsp; Nominale W\u00e4rmeleistung 17 kW Dauerbrennbarkeit bei nominaler W\u00e4rmeleistung 1,5 h Brennbest\u00e4ndigkeit bei reduzierter Leistung 9,5 h Einmaliges Brennstoff\u00fcbersch\u00fctten ok. 11kg W\u00e4rmeleistungsf\u00e4higkeit 71% CO- Emission (13%02) 0,26% Abgasstrahl 15g\/s Abstand der brennbaren Teile von der Scheibe 1,5m Masse 287kg Erforderlicher Schornsteinzug bei minimaler Leistung 12 Pa Abgastemperatur bei nominaler Leistung 400\u00b0C Abmessung: 545mm [&hellip;]<\/p>\n","protected":false},"author":1,"featured_media":0,"parent":130,"menu_order":4,"comment_status":"closed","ping_status":"closed","template":"","meta":[],"_links":{"self":[{"href":"http:\/\/monolity.pl\/de\/wp-json\/wp\/v2\/pages\/431"}],"collection":[{"href":"http:\/\/monolity.pl\/de\/wp-json\/wp\/v2\/pages"}],"about":[{"href":"http:\/\/monolity.pl\/de\/wp-json\/wp\/v2\/types\/page"}],"author":[{"embeddable":true,"href":"http:\/\/monolity.pl\/de\/wp-json\/wp\/v2\/users\/1"}],"replies":[{"embeddable":true,"href":"http:\/\/monolity.pl\/de\/wp-json\/wp\/v2\/comments?post=431"}],"version-history":[{"count":18,"href":"http:\/\/monolity.pl\/de\/wp-json\/wp\/v2\/pages\/431\/revisions"}],"predecessor-version":[{"id":1101,"href":"http:\/\/monolity.pl\/de\/wp-json\/wp\/v2\/pages\/431\/revisions\/1101"}],"up":[{"embeddable":true,"href":"http:\/\/monolity.pl\/de\/wp-json\/wp\/v2\/pages\/130"}],"wp:attachment":[{"href":"http:\/\/monolity.pl\/de\/wp-json\/wp\/v2\/media?parent=431"}],"curies":[{"name":"wp","href":"https:\/\/api.w.org\/{rel}","templated":true}]}}