{"id":451,"date":"2017-01-19T19:31:04","date_gmt":"2017-01-19T18:31:04","guid":{"rendered":"http:\/\/tarnavva.nazwa.pl\/tarnavva\/?page_id=451"},"modified":"2017-03-09T12:44:21","modified_gmt":"2017-03-09T11:44:21","slug":"wentylacyjne","status":"publish","type":"page","link":"http:\/\/monolity.pl\/de\/produkty\/wentylacyjne\/","title":{"rendered":"Ventilationsgitter"},"content":{"rendered":"<p>Wir bieten Ihnen auch eine gro\u00dfe Auswahl von Ventilationsgittern, in einer entsprechenden Anzahl, Gr\u00f6\u00dfe und Farbe an.<\/p>\n<p>Die Gitter k\u00f6nnen optional eine Jalousie haben, die die Richtung des Luftstrahls reguliert.<\/p>\n<p>&nbsp;<\/p>\n<p><strong>Ventilationsgitter KARO \/ SONNE &#8211; 105 mm x 170 mm<\/strong><\/p>\n<table>\n<tbody>\n<tr>\n<td><img loading=\"lazy\" class=\"alignnone size-full wp-image-452\" src=\"http:\/\/tarnavva.nazwa.pl\/tarnavva\/wp-content\/uploads\/2017\/01\/105x170-biala-1.jpg\" alt=\"\" width=\"150\" height=\"105\" \/><\/td>\n<td>Erh\u00e4ltlich oder Jalousie \/ Wei\u00df KARO<\/td>\n<\/tr>\n<tr>\n<td>\u00a0<img loading=\"lazy\" class=\"alignnone size-full wp-image-453\" src=\"http:\/\/tarnavva.nazwa.pl\/tarnavva\/wp-content\/uploads\/2017\/01\/105x170-biala-zal.jpg\" alt=\"\" width=\"150\" height=\"105\" \/><\/td>\n<td>Erh\u00e4ltlich mit Jalousie \/ KARO<\/td>\n<\/tr>\n<tr>\n<td>\u00a0<img loading=\"lazy\" class=\"alignnone size-thumbnail wp-image-454\" src=\"http:\/\/tarnavva.nazwa.pl\/tarnavva\/wp-content\/uploads\/2017\/01\/105x170-miedz-zal-150x150.jpg\" alt=\"\" width=\"150\" height=\"150\" \/><\/td>\n<td>Erh\u00e4ltlich mit Jalousie &#8211; antikes Gold \/ antikes Silber \/ Kupfer<\/td>\n<\/tr>\n<tr>\n<td>\u00a0<img loading=\"lazy\" class=\"alignnone size-full wp-image-455\" src=\"http:\/\/tarnavva.nazwa.pl\/tarnavva\/wp-content\/uploads\/2017\/01\/105x170-crni-1.jpg\" alt=\"\" width=\"150\" height=\"105\" \/><\/td>\n<td>Erh\u00e4ltlich oder Jalousie \/ rostfreier Stahl<\/td>\n<\/tr>\n<tr>\n<td>\u00a0<img loading=\"lazy\" class=\"alignnone size-full wp-image-452\" src=\"http:\/\/tarnavva.nazwa.pl\/tarnavva\/wp-content\/uploads\/2017\/01\/105x170-biala-1.jpg\" alt=\"\" width=\"150\" height=\"105\" \/><\/td>\n<td>Erh\u00e4ltlich oder Jalousie \/ Wei\u00df<\/td>\n<\/tr>\n<tr>\n<td>\u00a0<img loading=\"lazy\" class=\"alignnone size-full wp-image-456\" src=\"http:\/\/tarnavva.nazwa.pl\/tarnavva\/wp-content\/uploads\/2017\/01\/105x170-srebro-1.jpg\" alt=\"\" width=\"150\" height=\"105\" \/><\/td>\n<td>Erh\u00e4ltlich oder Jalousie \/ antikes Silber<\/td>\n<\/tr>\n<tr>\n<td>\u00a0<img loading=\"lazy\" class=\"alignnone size-full wp-image-457\" src=\"http:\/\/tarnavva.nazwa.pl\/tarnavva\/wp-content\/uploads\/2017\/01\/105x170-srebro-zal.jpg\" alt=\"\" width=\"162\" height=\"105\" \/><\/td>\n<td>Erh\u00e4ltlich mit Jalousie SONNE &#8211; antikes Gold \/ antikes Silber \/ Kupfer<\/td>\n<\/tr>\n<\/tbody>\n<\/table>\n<p>&nbsp;<\/p>\n<p><strong>Ventilationsgitter KARO \/ SONNE &#8211; 105 mm x 425 mm<\/strong><\/p>\n<table>\n<tbody>\n<tr>\n<td>\u00a0<img loading=\"lazy\" class=\"alignnone size-full wp-image-460\" src=\"http:\/\/tarnavva.nazwa.pl\/tarnavva\/wp-content\/uploads\/2017\/01\/105x425-biala-1.jpg\" alt=\"\" width=\"250\" height=\"69\" \/><\/td>\n<td>Erh\u00e4ltlich oder Jalousie \/ Wei\u00df<\/td>\n<\/tr>\n<tr>\n<td>\u00a0 <img loading=\"lazy\" class=\"alignnone size-full wp-image-459\" src=\"http:\/\/tarnavva.nazwa.pl\/tarnavva\/wp-content\/uploads\/2017\/01\/105x425-srebro-1.jpg\" alt=\"\" width=\"250\" height=\"69\" \/><\/td>\n<td>Erh\u00e4ltlich oder Jalousie &#8211; antikes Gold \/ antikes Silber \/ Kupfer<\/td>\n<\/tr>\n<tr>\n<td>\u00a0 <img loading=\"lazy\" class=\"alignnone size-full wp-image-458\" src=\"http:\/\/tarnavva.nazwa.pl\/tarnavva\/wp-content\/uploads\/2017\/01\/105x425-crni-1.jpg\" alt=\"\" width=\"250\" height=\"70\" \/><\/td>\n<td>Erh\u00e4ltlich oder Jalousie \/ rostfreier Stahl<\/td>\n<\/tr>\n<\/tbody>\n<\/table>\n<p>&nbsp;<\/p>\n<p><strong>Ventilationsgitter KARO \/ SONNE &#8211; 160 mm x 170 mm<\/strong><\/p>\n<table border=\"0\" rules=\"rows\" cellspacing=\"0\" cellpadding=\"3\" align=\"center\">\n<tbody>\n<tr>\n<td>\u00a0<img loading=\"lazy\" class=\"alignnone size-full wp-image-452\" src=\"http:\/\/tarnavva.nazwa.pl\/tarnavva\/wp-content\/uploads\/2017\/01\/105x170-biala-1.jpg\" alt=\"\" width=\"150\" height=\"105\" \/><\/td>\n<td>Erh\u00e4ltlich oder Jalousie \/ Wei\u00df<\/td>\n<\/tr>\n<tr>\n<td>\u00a0 <img loading=\"lazy\" class=\"alignnone size-full wp-image-453\" src=\"http:\/\/tarnavva.nazwa.pl\/tarnavva\/wp-content\/uploads\/2017\/01\/105x170-biala-zal.jpg\" alt=\"\" width=\"150\" height=\"105\" \/><\/td>\n<td>Erh\u00e4ltlich mit Jalousie<\/td>\n<\/tr>\n<tr>\n<td>\u00a0<img loading=\"lazy\" class=\"alignnone size-full wp-image-462\" src=\"http:\/\/tarnavva.nazwa.pl\/tarnavva\/wp-content\/uploads\/2017\/01\/160x170zlo-zal-sl.jpg\" alt=\"\" width=\"150\" height=\"143\" \/><\/td>\n<td>Erh\u00e4ltlich mit Jalousie &#8211; antikes Gold \/ antikes Silber \/ Kupfer<\/td>\n<\/tr>\n<tr>\n<td>\u00a0<img loading=\"lazy\" class=\"alignnone size-full wp-image-463\" src=\"http:\/\/tarnavva.nazwa.pl\/tarnavva\/wp-content\/uploads\/2017\/01\/160x170-crni.jpg\" alt=\"\" width=\"150\" height=\"138\" \/><\/td>\n<td>Erh\u00e4ltlich oder Jalousie \/ rostfreier Stahl<\/td>\n<\/tr>\n<tr>\n<td>\u00a0<img loading=\"lazy\" class=\"alignnone size-full wp-image-461\" src=\"http:\/\/tarnavva.nazwa.pl\/tarnavva\/wp-content\/uploads\/2017\/01\/160x170zlo-sl.jpg\" alt=\"\" width=\"150\" height=\"145\" \/><\/td>\n<td>Erh\u00e4ltlich oder Jalousie Erh\u00e4ltlich mit Jalousie<\/td>\n<\/tr>\n<\/tbody>\n<\/table>\n<p>&nbsp;<\/p>\n<p><strong>Ventilationsgitter KARO \/ SONNE &#8211; 160 mm x 315 mm<\/strong><\/p>\n<table>\n<tbody>\n<tr>\n<td>\u00a0<img loading=\"lazy\" class=\"alignnone size-full wp-image-460\" src=\"http:\/\/tarnavva.nazwa.pl\/tarnavva\/wp-content\/uploads\/2017\/01\/105x425-biala-1.jpg\" alt=\"\" width=\"250\" height=\"69\" \/><\/td>\n<td>Erh\u00e4ltlich oder Jalousie \/ Wei\u00df<\/td>\n<\/tr>\n<tr>\n<td>\u00a0 <img loading=\"lazy\" class=\"alignnone size-full wp-image-464\" src=\"http:\/\/tarnavva.nazwa.pl\/tarnavva\/wp-content\/uploads\/2017\/01\/160x315-biala-slo-zal.jpg\" alt=\"\" width=\"200\" height=\"107\" \/><\/td>\n<td>Erh\u00e4ltlich mit Jalousie \/ Wei\u00df<\/td>\n<\/tr>\n<tr>\n<td>\u00a0 <img loading=\"lazy\" class=\"alignnone size-full wp-image-465\" src=\"http:\/\/tarnavva.nazwa.pl\/tarnavva\/wp-content\/uploads\/2017\/01\/160x315-miedz.jpg\" alt=\"\" width=\"200\" height=\"114\" \/><\/td>\n<td>Erh\u00e4ltlich mit Jalousie-antikes Gold \/ antikes Silber \/ Kupfer<\/td>\n<\/tr>\n<tr>\n<td>\u00a0<img loading=\"lazy\" class=\"alignnone size-full wp-image-466\" src=\"http:\/\/tarnavva.nazwa.pl\/tarnavva\/wp-content\/uploads\/2017\/01\/160x315-crni-zal.jpg\" alt=\"\" width=\"200\" height=\"104\" \/><\/td>\n<td>Erh\u00e4ltlich mit Jalousie \/ rostfreier Stahl<\/td>\n<\/tr>\n<tr>\n<td>\u00a0<img loading=\"lazy\" class=\"alignnone size-full wp-image-467\" src=\"http:\/\/tarnavva.nazwa.pl\/tarnavva\/wp-content\/uploads\/2017\/01\/160x315-crni-slo.jpg\" alt=\"\" width=\"200\" height=\"107\" \/><\/td>\n<td>Erh\u00e4ltlich oder Jalousie \/ rostfreier Stahl<\/td>\n<\/tr>\n<\/tbody>\n<\/table>\n<p><strong>\u00a0<\/strong><\/p>","protected":false},"excerpt":{"rendered":"<p>Wir bieten Ihnen auch eine gro\u00dfe Auswahl von Ventilationsgittern, in einer entsprechenden Anzahl, Gr\u00f6\u00dfe und Farbe an. Die Gitter k\u00f6nnen optional eine Jalousie haben, die die Richtung des Luftstrahls reguliert. &nbsp; Ventilationsgitter KARO \/ SONNE &#8211; 105 mm x 170 mm Erh\u00e4ltlich oder Jalousie \/ Wei\u00df KARO \u00a0 Erh\u00e4ltlich mit Jalousie \/ KARO \u00a0 Erh\u00e4ltlich [&hellip;]<\/p>\n","protected":false},"author":1,"featured_media":0,"parent":42,"menu_order":0,"comment_status":"closed","ping_status":"closed","template":"","meta":[],"_links":{"self":[{"href":"http:\/\/monolity.pl\/de\/wp-json\/wp\/v2\/pages\/451"}],"collection":[{"href":"http:\/\/monolity.pl\/de\/wp-json\/wp\/v2\/pages"}],"about":[{"href":"http:\/\/monolity.pl\/de\/wp-json\/wp\/v2\/types\/page"}],"author":[{"embeddable":true,"href":"http:\/\/monolity.pl\/de\/wp-json\/wp\/v2\/users\/1"}],"replies":[{"embeddable":true,"href":"http:\/\/monolity.pl\/de\/wp-json\/wp\/v2\/comments?post=451"}],"version-history":[{"count":14,"href":"http:\/\/monolity.pl\/de\/wp-json\/wp\/v2\/pages\/451\/revisions"}],"predecessor-version":[{"id":1082,"href":"http:\/\/monolity.pl\/de\/wp-json\/wp\/v2\/pages\/451\/revisions\/1082"}],"up":[{"embeddable":true,"href":"http:\/\/monolity.pl\/de\/wp-json\/wp\/v2\/pages\/42"}],"wp:attachment":[{"href":"http:\/\/monolity.pl\/de\/wp-json\/wp\/v2\/media?parent=451"}],"curies":[{"name":"wp","href":"https:\/\/api.w.org\/{rel}","templated":true}]}}