{"id":586,"date":"2017-02-03T17:18:09","date_gmt":"2017-02-03T16:18:09","guid":{"rendered":"http:\/\/monolity.pl\/?page_id=586"},"modified":"2017-02-03T17:18:09","modified_gmt":"2017-02-03T16:18:09","slug":"odlewnia","status":"publish","type":"page","link":"http:\/\/monolity.pl\/de\/odlewnia\/","title":{"rendered":"Odlewnia"},"content":{"rendered":"<div class=\"tekstA\">\n<p><strong>Odlewnia &#8222;Tarn\u00f3w&#8220; Sp. z o.o. <\/strong>, jako samodzielna Sp\u00f3\u0142ka, powsta\u0142a dnia 4 kwietnia 2006 roku w Tarnowie. Od dnia 29.12.2006 r. w\u0142a\u015bcicielem Sp\u00f3\u0142ki by\u0142a Agencja Rozwoju Przemys\u0142u S.A. z siedzib\u0105 w Warszawie. Natomiast w 2011r., w dniu 15 czerwca, Sp\u00f3\u0142ka zosta\u0142a sprzedana prywatnemu inwestorowi, tj. firmie TARNAVvA Sp. z o.o. kt\u00f3ra zosta\u0142a nowym w\u0142a\u015bcicielem Odlewni \u201eTarn\u00f3w\u201d Sp. z o.o., a dzi\u0119ki czemu Odlewnia \u00a0sta\u0142a si\u0119 cz\u0142onkiem <strong>TARNAV VA GROUP.<\/strong><br \/>\nPrzedmiotem dzia\u0142alno\u015bci Odlewni &#8222;Tarn\u00f3w&#8220; Sp. z o.o. jest produkcja odlew\u00f3w \u017celiwnych. Ponadto firma oferuje szeroki zakres us\u0142ug w zakresie produkcji modeli odlewniczych i us\u0142ug stolarskich, a tak\u017ce, jako jedyna w Polsce, wykonuje us\u0142ug\u0119 <strong>elektrochemicznego czyszczenia odlew\u00f3w<\/strong> metod\u0105 KOLENE na linii firmy Degussa.<\/p>\n<p>Wysoka jako\u015b\u0107 wyrob\u00f3w oraz wykwalifikowana kadra in\u017cynieryjno-techniczna sprawia, \u017ce produkty firmy trafiaj\u0105 nie tylko na rynek krajowy, ale r\u00f3wnie\u017c na rynki zagraniczne, mi\u0119dzy innymi: Danii, Szwecji, Niemiec, S\u0142owacji, Rosji, Ukrainy.<\/p>\n<p>&nbsp;<\/p>\n<p><strong>ODLEWNIA &#8222;TARN\u00d3W&#8220; Sp. z o.o. zajmuje si\u0119 wytwarzaniem odlew\u00f3w m.in. dla potrzeb:<\/strong><\/p>\n<ul>\n<li>przemys\u0142u obrabiarkowego (tokarki, szlifierki, frezarki, centra obr\u00f3bcze CNC),<\/li>\n<li>urz\u0105dze\u0144 ch\u0142odniczych (spr\u0119\u017carki, elementy ch\u0142odnic),<\/li>\n<li>korpus\u00f3w pomp, reduktor\u00f3w, pokryw,<\/li>\n<li>inne, wed\u0142ug indywidualnych zam\u00f3wie\u0144 Klient\u00f3w.<\/li>\n<\/ul>\n<p>&nbsp;<\/p>\n<p><strong>Nasze odlewy wykonujemy z nast\u0119puj\u0105cych gatunk\u00f3w \u017celiw: <\/strong><\/p>\n<ul>\n<li>szare: EN-GJL 200, EN-GJL 250, EN-GJL 300 wg normy EN:PN1561:2000,<\/li>\n<li>sferoidalne: EN:GJS 400-15, EN:GJS 500-7, EN:GJS 600-3, EN: GJS 700-2 wg normy: EN:PN 1563:2000,<\/li>\n<li>nisko oraz \u015brednio-stopowe.<\/li>\n<\/ul>\n<p><strong>\u00a0Formy i rdzenie wykonujemy w technologiach: <\/strong><\/p>\n<ul>\n<li>mas chemoutwardzalnych<\/li>\n<li>mas utwardzanych CO<sub>2<\/sub><\/li>\n<\/ul>\n<p><strong>Topienie metalu: <\/strong><\/p>\n<ul>\n<li>piec indukcyjny dwutyglowy INDUCTOTHERM o pojemno\u015bci tygli odpowiednio: 1500 kg i 3000 kg<\/li>\n<\/ul>\n<p><strong>Ci\u0119\u017car jednostkowy odlew\u00f3w: <\/strong><\/p>\n<ul>\n<li>do 4000 kg<\/li>\n<\/ul>\n<p>Szeroki zakres bada\u0144 laboratoryjnych pozwala na potwierdzenie w\u0142asno\u015bci mechanicznych, sk\u0142adu chemicznego, mikro oraz makrostruktury w wytwarzanych odlewach.<\/p>\n<p><strong>\u00a0<\/strong><strong>ODLEWNIA &#8222;TARN\u00d3W&#8220; Sp. z o.o., wykonuje r\u00f3wnie\u017c kompletne omodelowanie odlewnicze:<\/strong><\/p>\n<ul>\n<li>drewniane,<\/li>\n<li>z mas epoksydowych,<\/li>\n<li>z materia\u0142\u00f3w \u0142\u0105czonych (drewna, mas epoksydowych z cz\u0119\u015bciami metalowymi),<\/li>\n<li>ze spienionego polistyrenu.<\/li>\n<\/ul>\n<p><strong>Specjalizujemy si\u0119 r\u00f3wnie\u017c w elektrochemicznym oczyszczaniu\u00a0 odlew\u00f3w\u00a0 metod\u0105\u00a0 KOLENE-E na linii firmy DEGUSSA.<\/strong> Metoda ta s\u0142u\u017cy do:<\/p>\n<ul>\n<li>usuwania resztek masy formierskiej z odlew\u00f3w o skomplikowanym kszta\u0142cie, przyk\u0142adem s\u0105 odlewy dla hydrauliki si\u0142owej, g\u0142owice cylindr\u00f3w o wymaganej wysokiej czysto\u015bci itp.,<\/li>\n<li>usuwania zgorzeliny z \u017celiwa i stali,<\/li>\n<li>usuwania grafitu z powierzchni odlew\u00f3w, jako przygotowanie do lutowania lub pokrycia cyn\u0105, o\u0142owiem, aluminium, wylewania bia\u0142ym metalem oraz nanoszenia innych metalicznych pokry\u0107.<\/li>\n<\/ul>\n<p>Maksymalne gabaryty oczyszczanych odlew\u00f3w metod\u0105 KOLENE\u00a0 to: 700 x 400 x 400 mm<br \/>\nMaksymalna masa odlewu ~ 200 kg.<\/p>\n<p>Najwa\u017cniejsze informacje \u00a0znajd\u0105 Pa\u0144stwo na naszej stronie internetowej pod adresem: <a href=\"http:\/\/www.odlewnia-tarnow.pl\/\">www.odlewnia-tarnow.pl<\/a><\/p>\n<\/div>\n","protected":false},"excerpt":{"rendered":"<p>Odlewnia &#8222;Tarn\u00f3w&#8220; Sp. z o.o. , jako samodzielna Sp\u00f3\u0142ka, powsta\u0142a dnia 4 kwietnia 2006 roku w Tarnowie. Od dnia 29.12.2006 r. w\u0142a\u015bcicielem Sp\u00f3\u0142ki by\u0142a Agencja Rozwoju Przemys\u0142u S.A. z siedzib\u0105 w Warszawie. Natomiast w 2011r., w dniu 15 czerwca, Sp\u00f3\u0142ka zosta\u0142a sprzedana prywatnemu inwestorowi, tj. firmie TARNAVvA Sp. z o.o. kt\u00f3ra zosta\u0142a nowym w\u0142a\u015bcicielem Odlewni [&hellip;]<\/p>\n","protected":false},"author":1,"featured_media":0,"parent":0,"menu_order":0,"comment_status":"closed","ping_status":"closed","template":"","meta":[],"_links":{"self":[{"href":"http:\/\/monolity.pl\/de\/wp-json\/wp\/v2\/pages\/586"}],"collection":[{"href":"http:\/\/monolity.pl\/de\/wp-json\/wp\/v2\/pages"}],"about":[{"href":"http:\/\/monolity.pl\/de\/wp-json\/wp\/v2\/types\/page"}],"author":[{"embeddable":true,"href":"http:\/\/monolity.pl\/de\/wp-json\/wp\/v2\/users\/1"}],"replies":[{"embeddable":true,"href":"http:\/\/monolity.pl\/de\/wp-json\/wp\/v2\/comments?post=586"}],"version-history":[{"count":1,"href":"http:\/\/monolity.pl\/de\/wp-json\/wp\/v2\/pages\/586\/revisions"}],"predecessor-version":[{"id":587,"href":"http:\/\/monolity.pl\/de\/wp-json\/wp\/v2\/pages\/586\/revisions\/587"}],"wp:attachment":[{"href":"http:\/\/monolity.pl\/de\/wp-json\/wp\/v2\/media?parent=586"}],"curies":[{"name":"wp","href":"https:\/\/api.w.org\/{rel}","templated":true}]}}