{"id":200,"date":"2017-01-07T12:18:20","date_gmt":"2017-01-07T11:18:20","guid":{"rendered":"http:\/\/tarnavva.nazwa.pl\/tarnavva\/?page_id=200"},"modified":"2017-03-09T13:37:46","modified_gmt":"2017-03-09T12:37:46","slug":"zeliwne","status":"publish","type":"page","link":"http:\/\/monolity.pl\/el\/produkty\/zeliwne\/","title":{"rendered":"\u017beliwne"},"content":{"rendered":"<p><\/p>\n<div class=\"no-border\">\n<img loading=\"lazy\" class=\"alignnone size-full wp-image-438\" src=\"http:\/\/tarnavva.nazwa.pl\/tarnavva\/wp-content\/uploads\/2017\/01\/karo_100x50.jpg\" alt=\"\" width=\"70\" height=\"44\" \/><\/p>\n<table>\n<tbody>\n<tr>\n<td><strong>Kratka kominkowa KARO<\/strong><\/td>\n<\/tr>\n<\/tbody>\n<\/table>\n<table>\n<tbody>\n<tr>\n<td>szer.ramki 100 mm<\/td>\n<\/tr>\n<tr>\n<td>wys. 50 mm<\/td>\n<\/tr>\n<tr>\n<td>waga: oko\u0142o 0,5 kg<\/td>\n<\/tr>\n<\/tbody>\n<\/table>\n<p>&nbsp;<\/p>\n<p><img loading=\"lazy\" class=\"alignnone size-full wp-image-439\" src=\"http:\/\/tarnavva.nazwa.pl\/tarnavva\/wp-content\/uploads\/2017\/01\/karo_120x120.jpg\" alt=\"\" width=\"81\" height=\"81\" \/><\/p>\n<table>\n<tbody>\n<tr>\n<td><strong>Kratka kominkowa KARO<\/strong><\/td>\n<\/tr>\n<\/tbody>\n<\/table>\n<table>\n<tbody>\n<tr>\n<td>szer.ramki 120 mm<\/td>\n<\/tr>\n<tr>\n<td>wys. 120 mm<\/td>\n<\/tr>\n<tr>\n<td>waga: oko\u0142o 0,7 kg<\/td>\n<\/tr>\n<\/tbody>\n<\/table>\n<p>&nbsp;<\/p>\n<p><img loading=\"lazy\" class=\"alignnone size-full wp-image-440\" src=\"http:\/\/tarnavva.nazwa.pl\/tarnavva\/wp-content\/uploads\/2017\/01\/karo_255x75.jpg\" alt=\"\" width=\"151\" height=\"56\" srcset=\"http:\/\/monolity.pl\/wp-content\/uploads\/2017\/01\/karo_255x75.jpg 151w, http:\/\/monolity.pl\/wp-content\/uploads\/2017\/01\/karo_255x75-150x56.jpg 150w\" sizes=\"(max-width: 151px) 100vw, 151px\" \/><\/p>\n<table>\n<tbody>\n<tr>\n<td><strong>Kratka kominkowa KARO<\/strong><\/td>\n<\/tr>\n<\/tbody>\n<\/table>\n<table>\n<tbody>\n<tr>\n<td>szer.ramki 275 mm<\/td>\n<\/tr>\n<tr>\n<td>wys. 75 mm<\/td>\n<\/tr>\n<tr>\n<td>waga: oko\u0142o 0,7 kg<\/td>\n<\/tr>\n<\/tbody>\n<\/table>\n<p>&nbsp;<\/p>\n<p><img loading=\"lazy\" class=\"alignnone size-full wp-image-441\" src=\"http:\/\/tarnavva.nazwa.pl\/tarnavva\/wp-content\/uploads\/2017\/01\/karo_255x120.jpg\" alt=\"\" width=\"152\" height=\"82\" srcset=\"http:\/\/monolity.pl\/wp-content\/uploads\/2017\/01\/karo_255x120.jpg 152w, http:\/\/monolity.pl\/wp-content\/uploads\/2017\/01\/karo_255x120-150x82.jpg 150w\" sizes=\"(max-width: 152px) 100vw, 152px\" \/><\/p>\n<table>\n<tbody>\n<tr>\n<td><strong>Kratka kominkowa KARO<\/strong><\/td>\n<\/tr>\n<\/tbody>\n<\/table>\n<table border=\"0\" rules=\"rows\" cellspacing=\"0\" cellpadding=\"3\" align=\"center\">\n<tbody>\n<tr>\n<td>szer.ramki 255 mm<\/td>\n<\/tr>\n<tr>\n<td>wys. 120 mm<\/td>\n<\/tr>\n<tr>\n<td>waga: oko\u0142o 1 kg<\/td>\n<\/tr>\n<\/tbody>\n<\/table>\n<p>&nbsp;<\/p>\n<p><img loading=\"lazy\" class=\"alignnone size-full wp-image-442\" src=\"http:\/\/tarnavva.nazwa.pl\/tarnavva\/wp-content\/uploads\/2017\/01\/karo_315x160.jpg\" alt=\"\" width=\"172\" height=\"91\" \/><\/p>\n<table>\n<tbody>\n<tr>\n<td><strong>Kratka kominkowa KARO<\/strong><\/td>\n<\/tr>\n<\/tbody>\n<\/table>\n<table border=\"0\" rules=\"rows\" cellspacing=\"0\" cellpadding=\"3\" align=\"center\">\n<tbody>\n<tr>\n<td>szer.ramki 315 mm<\/td>\n<\/tr>\n<tr>\n<td>wys. 160 mm<\/td>\n<\/tr>\n<tr>\n<td>waga: oko\u0142o 3 kg<\/td>\n<\/tr>\n<\/tbody>\n<\/table>\n<p>&nbsp;<\/p>\n<p><img loading=\"lazy\" class=\"alignnone size-full wp-image-443\" src=\"http:\/\/tarnavva.nazwa.pl\/tarnavva\/wp-content\/uploads\/2017\/01\/kratka_kom_polokragla_slonce_I.jpg\" alt=\"\" width=\"150\" height=\"125\" \/><\/p>\n<table >\n<tbody>\n<tr>\n<td><strong>Kratka kominkowa P\u00d3\u0141OKR\u0104G\u0141A &#8211; S\u0141O\u0143CE<\/strong><\/td>\n<\/tr>\n<\/tbody>\n<\/table>\n<table>\n<tbody>\n<tr>\n<td>szer.ramki 220 mm<\/td>\n<\/tr>\n<tr>\n<td>wys.(w szczycie) 195 mm<\/td>\n<\/tr>\n<tr>\n<td>waga: oko\u0142o 2,8 kg<\/td>\n<\/tr>\n<\/tbody>\n<\/table>\n<p>&nbsp;<\/p>\n<p><img loading=\"lazy\" class=\"alignnone size-full wp-image-444\" src=\"http:\/\/tarnavva.nazwa.pl\/tarnavva\/wp-content\/uploads\/2017\/01\/kratka_kom_polokragla_slonce_II.jpg\" alt=\"\" width=\"150\" height=\"125\" \/><\/p>\n<table>\n<tbody>\n<tr>\n<td><strong>Kratka kominkowa P\u00d3\u0141OKR\u0104G\u0141A &#8211; MARS <\/strong><\/td>\n<\/tr>\n<\/tbody>\n<\/table>\n<table>\n<tbody>\n<tr>\n<td>szer.ramki 220 mm<\/td>\n<\/tr>\n<tr>\n<td>wys.(w szczycie) 195 mm<\/td>\n<\/tr>\n<tr>\n<td>waga: oko\u0142o 2,8 kg<\/td>\n<\/tr>\n<\/tbody>\n<\/table>\n<p>&nbsp;<\/p>\n<p><img loading=\"lazy\" class=\"alignnone size-full wp-image-445\" src=\"http:\/\/tarnavva.nazwa.pl\/tarnavva\/wp-content\/uploads\/2017\/01\/kratka-venus.jpg\" alt=\"\" width=\"150\" height=\"125\" \/><\/p>\n<table>\n<tbody>\n<tr>\n<td><strong>Kratka kominkowa P\u00d3\u0141OKR\u0104G\u0141A &#8211; VENUS<\/strong><\/td>\n<\/tr>\n<\/tbody>\n<\/table>\n<table>\n<tbody>\n<tr>\n<td>szer.ramki 220 mm<\/td>\n<\/tr>\n<tr>\n<td>wys.(w szczycie) 195 mm<\/td>\n<\/tr>\n<tr>\n<td>waga: oko\u0142o 2,8 kg<\/td>\n<\/tr>\n<\/tbody>\n<\/table>\n<p>&nbsp;<\/p>\n<p><img loading=\"lazy\" class=\"alignnone size-full wp-image-446\" src=\"http:\/\/tarnavva.nazwa.pl\/tarnavva\/wp-content\/uploads\/2017\/01\/karo_round.jpg\" alt=\"\" width=\"186\" height=\"143\" \/><\/p>\n<table>\n<tbody>\n<tr>\n<td><strong>Kratka kominkowa P\u00d3\u0141OKR\u0104G\u0141A &#8211; S\u0141O\u0143CE KARO<\/strong><\/td>\n<\/tr>\n<\/tbody>\n<\/table>\n<table>\n<tbody>\n<tr>\n<td>szer.ramki 255 mm<\/td>\n<\/tr>\n<tr>\n<td>wys.(w szczycie) 190 mm<\/td>\n<\/tr>\n<tr>\n<td>waga: oko\u0142o 3,8 kg<\/td>\n<\/tr>\n<tr>\n<td> &nbsp;<br \/>\n\tCeny wszystkich prezentowanych kratek dost\u0119pne do pobrania w dziale CENNIKI<\/td>\n<\/tr>\n<\/tbody>\n<\/table>\n<\/div>\n<p><\/p>","protected":false},"excerpt":{"rendered":"<p>Kratka kominkowa KARO szer.ramki 100 mm wys. 50 mm waga: oko\u0142o 0,5 kg &nbsp; Kratka kominkowa KARO szer.ramki 120 mm wys. 120 mm waga: oko\u0142o 0,7 kg &nbsp; Kratka kominkowa KARO szer.ramki 275 mm wys. 75 mm waga: oko\u0142o 0,7 kg &nbsp; Kratka kominkowa KARO szer.ramki 255 mm wys. 120 mm waga: oko\u0142o 1 kg [&hellip;]<\/p>\n","protected":false},"author":1,"featured_media":0,"parent":42,"menu_order":0,"comment_status":"closed","ping_status":"closed","template":"","meta":[],"_links":{"self":[{"href":"http:\/\/monolity.pl\/el\/wp-json\/wp\/v2\/pages\/200"}],"collection":[{"href":"http:\/\/monolity.pl\/el\/wp-json\/wp\/v2\/pages"}],"about":[{"href":"http:\/\/monolity.pl\/el\/wp-json\/wp\/v2\/types\/page"}],"author":[{"embeddable":true,"href":"http:\/\/monolity.pl\/el\/wp-json\/wp\/v2\/users\/1"}],"replies":[{"embeddable":true,"href":"http:\/\/monolity.pl\/el\/wp-json\/wp\/v2\/comments?post=200"}],"version-history":[{"count":12,"href":"http:\/\/monolity.pl\/el\/wp-json\/wp\/v2\/pages\/200\/revisions"}],"predecessor-version":[{"id":1093,"href":"http:\/\/monolity.pl\/el\/wp-json\/wp\/v2\/pages\/200\/revisions\/1093"}],"up":[{"embeddable":true,"href":"http:\/\/monolity.pl\/el\/wp-json\/wp\/v2\/pages\/42"}],"wp:attachment":[{"href":"http:\/\/monolity.pl\/el\/wp-json\/wp\/v2\/media?parent=200"}],"curies":[{"name":"wp","href":"https:\/\/api.w.org\/{rel}","templated":true}]}}