{"id":21,"date":"2016-12-31T11:52:30","date_gmt":"2016-12-31T10:52:30","guid":{"rendered":"http:\/\/tarnavva.nazwa.pl\/tarnavva\/?page_id=21"},"modified":"2017-02-17T08:52:35","modified_gmt":"2017-02-17T07:52:35","slug":"firma","status":"publish","type":"page","link":"http:\/\/monolity.pl\/el\/firma\/","title":{"rendered":"FIRMA"},"content":{"rendered":"<p>Jeste\u015bmy zespo\u0142em m\u0142odych i ambitnych ludzi, kt\u00f3rzy dok\u0142adaj\u0105 podw\u00f3jnych stara\u0144, aby wnie\u015b\u0107 \u015bwie\u017cy, acz wywa\u017cony podmuch innowacji do produktu jakim jest monolityczne palenisko \u017celiwne. Staramy si\u0119, by nasza firma ugruntowa\u0142a swoje miejsce w gronie polskich producent\u00f3w, a nasze produkty kierujemy nie tylko do rodzimych Klient\u00f3w, ale tak\u017ce na rynki pa\u0144stw europejskich i wschodnich. Jeste\u015bmy entuzjastami komink\u00f3w, nasz optymizm opiera si\u0119 na tym, \u017ce nie poprzestajemy na jednym sukcesie i absolutnie si\u0119 do niego nie przywi\u0105zujemy, maj\u0105c \u015bwiadomo\u015b\u0107 szybko\u015bci z jak\u0105 innowacje wkraczaj\u0105 dzi\u015b do \u017cycia codziennego staramy si\u0119 aby i nasze produkty by\u0142y w pe\u0142nym tego s\u0142owa znaczeniu innowacyjne.<\/p>\n<p>&#8230; przy nas cieplej<\/p>\n<p><img loading=\"lazy\" width=\"790\" height=\"390\" class=\"aligncenter size-full wp-image-176\" style=\"width: 95%;\" src=\"http:\/\/tarnavva.nazwa.pl\/tarnavva\/wp-content\/uploads\/2016\/12\/tarn_17.jpg\" alt=\"tarn_17\" srcset=\"http:\/\/monolity.pl\/wp-content\/uploads\/2016\/12\/tarn_17.jpg 790w, http:\/\/monolity.pl\/wp-content\/uploads\/2016\/12\/tarn_17-300x148.jpg 300w, http:\/\/monolity.pl\/wp-content\/uploads\/2016\/12\/tarn_17-768x379.jpg 768w\" sizes=\"(max-width: 790px) 100vw, 790px\" \/><\/p>","protected":false},"excerpt":{"rendered":"<p>Jeste\u015bmy zespo\u0142em m\u0142odych i ambitnych ludzi, kt\u00f3rzy dok\u0142adaj\u0105 podw\u00f3jnych stara\u0144, aby wnie\u015b\u0107 \u015bwie\u017cy, acz wywa\u017cony podmuch innowacji do produktu jakim jest monolityczne palenisko \u017celiwne. Staramy si\u0119, by nasza firma ugruntowa\u0142a swoje miejsce w gronie polskich producent\u00f3w, a nasze produkty kierujemy nie tylko do rodzimych Klient\u00f3w, ale tak\u017ce na rynki pa\u0144stw europejskich i wschodnich. Jeste\u015bmy entuzjastami [&hellip;]<\/p>\n","protected":false},"author":1,"featured_media":0,"parent":0,"menu_order":0,"comment_status":"closed","ping_status":"closed","template":"","meta":[],"_links":{"self":[{"href":"http:\/\/monolity.pl\/el\/wp-json\/wp\/v2\/pages\/21"}],"collection":[{"href":"http:\/\/monolity.pl\/el\/wp-json\/wp\/v2\/pages"}],"about":[{"href":"http:\/\/monolity.pl\/el\/wp-json\/wp\/v2\/types\/page"}],"author":[{"embeddable":true,"href":"http:\/\/monolity.pl\/el\/wp-json\/wp\/v2\/users\/1"}],"replies":[{"embeddable":true,"href":"http:\/\/monolity.pl\/el\/wp-json\/wp\/v2\/comments?post=21"}],"version-history":[{"count":12,"href":"http:\/\/monolity.pl\/el\/wp-json\/wp\/v2\/pages\/21\/revisions"}],"predecessor-version":[{"id":671,"href":"http:\/\/monolity.pl\/el\/wp-json\/wp\/v2\/pages\/21\/revisions\/671"}],"wp:attachment":[{"href":"http:\/\/monolity.pl\/el\/wp-json\/wp\/v2\/media?parent=21"}],"curies":[{"name":"wp","href":"https:\/\/api.w.org\/{rel}","templated":true}]}}