{"id":241,"date":"2017-01-07T13:05:42","date_gmt":"2017-01-07T12:05:42","guid":{"rendered":"http:\/\/tarnavva.nazwa.pl\/tarnavva\/?page_id=241"},"modified":"2017-03-09T11:50:31","modified_gmt":"2017-03-09T10:50:31","slug":"elementy-komina","status":"publish","type":"page","link":"http:\/\/monolity.pl\/el\/produkty\/elementy-komina\/","title":{"rendered":"\u039a\u03b1\u03bc\u03b9\u03bd\u03ac\u03b4\u03b5\u03c2"},"content":{"rendered":"<p>\u038c\u03c3\u03bf\u03bd \u03b1\u03c6\u03bf\u03c1\u03ac \u03ba\u03b1\u03bc\u03b9\u03bd\u03ac\u03b4\u03b5\u03c2 \u03ba\u03b1\u03b9 \u03c3\u03c5\u03c3\u03c4\u03ae\u03bc\u03b1\u03c4\u03b1 \u03c3\u03c4\u03ae\u03c1\u03b9\u03be\u03b7\u03c2, \u03c3\u03b1\u03c2 \u03c0\u03c1\u03bf\u03c3\u03c6\u03ad\u03c1\u03bf\u03c5\u03bc\u03b5 :<\/p>\n<div class=\"tab-2\">\n<table rules=\"rows\">\n<tbody>\n<tr>\n<td rowspan=\"2\">\u039a\u03b1\u03bc\u03b9\u03bd\u03ac\u03b4\u03b5\u03c2 \u03b1\u03c0\u03cc \u03c0\u03c5\u03c1\u03ac\u03bd\u03c4\u03bf\u03c7\u03bf \u03b1\u03bd\u03bf\u03be\u03b5\u03af\u03b4\u03c9\u03c4\u03bf \u03b1\u03c4\u03c3\u03ac\u03bb\u03b9, \u03c0\u03bf\u03b9\u03cc\u03c4\u03b7\u03c4\u03b1\u03c2 1.404, 1.4301, \u03c0\u03ac\u03c7\u03bf\u03c2 \u03b1\u03c0\u03cc 0,5 \u03ad\u03c9\u03c2 1,5 \u03c7\u03b9\u03bb.<\/td>\n<td>\n<ul>\n<li>\u03bc\u03bf\u03bd\u03c9\u03bc\u03ad\u03bd\u03b1 \u03c3\u03c5\u03c3\u03c4\u03ae\u03bc\u03b1\u03c4\u03b1<\/li>\n<\/ul>\n<\/td>\n<\/tr>\n<tr>\n<td>\n<ul>\n<li>\u03b1\u03bc\u03cc\u03bd\u03c9\u03c4\u03b1 \u03c3\u03c5\u03c3\u03c4\u03ae\u03bc\u03b1\u03c4\u03b1<\/li>\n<\/ul>\n<\/td>\n<\/tr>\n<tr>\n<td>elementy kominowe ze stali \u017caroodpornej<\/td>\n<td>\n<ul>\n<li>\u03b5\u03cd\u03ba\u03b1\u03bc\u03c0\u03c4\u03bf\u03c2 \u03c3\u03c9\u03bb\u03ae\u03bd\u03b1\u03c2<\/li>\n<\/ul>\n<\/td>\n<\/tr>\n<\/tbody>\n<\/table>\n<\/div>\n<p>\u03a3\u03b1\u03c2 \u03c0\u03c1\u03bf\u03c3\u03c6\u03ad\u03c1\u03bf\u03c5\u03bc\u03b5 \u03ba\u03b1\u03bc\u03b9\u03bd\u03ac\u03b4\u03b5\u03c2 inox \u03bc\u03bf\u03bd\u03bf\u03cd \u03c4\u03bf\u03b9\u03c7\u03ce\u03bc\u03b1\u03c4\u03bf\u03c2, \u03b3\u03b9\u03b1 \u03b5\u03c3\u03c9\u03c4\u03b5\u03c1\u03b9\u03ba\u03ae \u03b5\u03b3\u03ba\u03b1\u03c4\u03ac\u03c3\u03c4\u03b1\u03c3\u03b7 \u03ba\u03b1\u03b8\u03ce\u03c2 \u03ba\u03b1\u03b9 \u03b3\u03b9\u03b1 \u03b5\u03b3\u03ba\u03b1\u03c4\u03ac\u03c3\u03c4\u03b1\u03c3\u03b7 \u03c3\u03b5 \u03c5\u03c0\u03ac\u03c1\u03c7\u03bf\u03bd\u03c4\u03b5\u03c2 \u03c4\u03c3\u03b9\u03bc\u03b5\u03bd\u03c4\u03ad\u03bd\u03b9\u03b5\u03c2 \u03b7 \u03ba\u03b5\u03c1\u03b1\u03bc\u03b9\u03ba\u03ad\u03c2 \u03ba\u03b1\u03bc\u03b9\u03bd\u03ac\u03b4\u03b5\u03c2, \u03ba\u03b1\u03b9 \u03ba\u03b1\u03bc\u03b9\u03bd\u03ac\u03b4\u03b5\u03c2 \u03b4\u03b9\u03c0\u03bb\u03bf\u03cd \u03c4\u03bf\u03b9\u03c7\u03ce\u03bc\u03b1\u03c4\u03bf\u03c2 \u03bc\u03bf\u03bd\u03c9\u03bc\u03ad\u03bd\u03b5\u03c2 \u03b3\u03b9\u03b1 \u03b5\u03be\u03c9\u03c4\u03b5\u03c1\u03b9\u03ba\u03bf\u03cd\u03c2 \u03c4\u03bf\u03af\u03c7\u03bf\u03c5\u03c2 \u03c4\u03bf\u03c5 \u03ba\u03c4\u03b9\u03c1\u03af\u03bf\u03c5. \u039a\u03b1\u03bc\u03b9\u03bd\u03ac\u03b4\u03b5\u03c2 \u03b1\u03c5\u03c4\u03ad\u03c2 \u03b5\u03af\u03bd\u03b1\u03b9 \u03ba\u03b1\u03c4\u03ac\u03bb\u03bb\u03b7\u03bb\u03b5\u03c2, \u03ba\u03b1\u03b9 \u03b3\u03b9\u03b1 \u03bb\u03ad\u03b2\u03b7\u03c4\u03b1. \u039c\u03cc\u03bd\u03c9\u03c3\u03b7 \u03ba\u03b1\u03bc\u03b9\u03bd\u03ac\u03b4\u03b1\u03c2 \u03b3\u03af\u03bd\u03b5\u03c4\u03b1\u03b9 \u03bc\u03b5 \u03c0\u03b5\u03c4\u03c1\u03bf\u03b2\u03ac\u03bc\u03b2\u03b1\u03ba\u03b1 \u03c5\u03c8\u03b7\u03bb\u03ae\u03c2 \u03c0\u03c5\u03ba\u03bd\u03cc\u03c4\u03b7\u03c4\u03b1\u03c2. \u039a\u03b1\u03b9 \u03c3\u03c4\u03b1 \u03b4\u03cd\u03bf \u03c3\u03c5\u03c3\u03c4\u03ae\u03bc\u03b1\u03c4\u03b1 \u03bc\u03bf\u03bd\u03c9\u03bc\u03ad\u03bd\u03b7\u03c2 \u03ba\u03b1\u03b9 \u03b1\u03bc\u03cc\u03bd\u03c9\u03c4\u03b7\u03c2 \u03ba\u03b1\u03bc\u03b9\u03bd\u03ac\u03b4\u03b1\u03c2, \u03c7\u03c1\u03b7\u03c3\u03b9\u03bc\u03bf\u03c0\u03bf\u03b9\u03b5\u03af\u03c4\u03b1\u03b9 \u03ac\u03c1\u03b9\u03c3\u03c4\u03b7\u03c2 \u03c0\u03bf\u03b9\u03cc\u03c4\u03b7\u03c4\u03b1\u03c2 \u03b1\u03bd\u03bf\u03be\u03b5\u03af\u03b4\u03c9\u03c4\u03bf\u03c2 \u03c7\u03ac\u03bb\u03c5\u03b2\u03b1\u03c2. \u0397 \u03b5\u03c0\u03b9\u03c4\u03c5\u03c7\u03b7\u03bc\u03ad\u03bd\u03b7 \u03c3\u03c5\u03bd\u03b5\u03c1\u03b3\u03b1\u03c3\u03af\u03b1 \u03bc\u03b5 \u03b4\u03cd\u03bf \u03b1\u03c0\u03cc \u03c4\u03bf\u03c5\u03c2 \u03bc\u03b5\u03b3\u03b1\u03bb\u03cd\u03c4\u03b5\u03c1\u03bf\u03c5\u03c2 \u03ba\u03b1\u03c4\u03b1\u03c3\u03ba\u03b5\u03c5\u03b1\u03c3\u03c4\u03ad\u03c2 \u03ba\u03b1\u03bc\u03b9\u03bd\u03ac\u03b4\u03c9\u03bd \u03c3\u03c4\u03b7\u03bd \u03a0\u03bf\u03bb\u03c9\u03bd\u03af\u03b1, \u03bc\u03b1\u03c2 \u03b5\u03c0\u03b9\u03c4\u03c1\u03ad\u03c0\u03b5\u03b9 \u03bd\u03b1 \u03c3\u03b1\u03c2 \u03c0\u03c1\u03bf\u03c3\u03c6\u03ad\u03c1\u03bf\u03c5\u03bc\u03b5 \u03ba\u03b1\u03bc\u03b9\u03bd\u03ac\u03b4\u03b5\u03c2 \u03ba\u03b1\u03b9 \u03c3\u03c5\u03c3\u03c4\u03ae\u03bc\u03b1\u03c4\u03b1 \u03c3\u03c4\u03ae\u03c1\u03b9\u03be\u03b7\u03c2 \u03b3\u03b9\u03b1 \u03c4\u03b6\u03ac\u03ba\u03b9\u03b1, \u03ad\u03c9\u03c2\u00a0 \u03ba\u03b1\u03b9 \u03b2\u03b9\u03bf\u03bc\u03b7\u03c7\u03b1\u03bd\u03b9\u03ba\u03ad\u03c2 \u03ba\u03b1\u03bc\u03b9\u03bd\u03ac\u03b4\u03b5\u03c2 \u03bc\u03b5 \u03c0\u03ac\u03c7\u03bf\u03c2 0,5\u03c7\u03b9\u03bb. \u03ad\u03c9\u03c2 2\u03c7\u03b9\u03bb. \u03ba\u03b1\u03b9 \u03b4\u03b9\u03ac\u03bc\u03b5\u03c4\u03c1\u03bf \u03c660\u03c7\u03b9\u03bb. \u03ad\u03c9\u03c2 \u03c61000\u03c7\u03b9\u03bb.<\/p>\n<div id=\"attachment_247\" style=\"width: 110px\" class=\"wp-caption alignleft\"><img aria-describedby=\"caption-attachment-247\" loading=\"lazy\" class=\"size-full wp-image-247\" src=\"http:\/\/tarnavva.nazwa.pl\/tarnavva\/wp-content\/uploads\/2017\/01\/Elementy-_komina_dwuscienne_ze_stali.jpg\" alt=\"system dwu\u015bcienny\" width=\"100\" height=\"192\" \/><p id=\"caption-attachment-247\" class=\"wp-caption-text\">\u03bc\u03bf\u03bd\u03c9\u03bc\u03ad\u03bd\u03b1 \u03c3\u03c5\u03c3\u03c4\u03ae\u03bc\u03b1\u03c4\u03b1<\/p><\/div>\n<div id=\"attachment_248\" style=\"width: 110px\" class=\"wp-caption alignleft\"><img aria-describedby=\"caption-attachment-248\" loading=\"lazy\" class=\"size-full wp-image-248\" src=\"http:\/\/tarnavva.nazwa.pl\/tarnavva\/wp-content\/uploads\/2017\/01\/Elementy-_komina_jednoscienne_ze_stali.jpg\" alt=\"system jedno\u015bcienny\" width=\"100\" height=\"181\" \/><p id=\"caption-attachment-248\" class=\"wp-caption-text\">\u03b1\u03bc\u03cc\u03bd\u03c9\u03c4\u03b1 \u03c3\u03c5\u03c3\u03c4\u03ae\u03bc\u03b1\u03c4\u03b1<\/p><\/div>\n<p style=\"clear: both; text-align: center;\">\n<p style=\"clear: both; text-align: center;\">Dobre stosunki partnerskie z Producentami dwu\u015bciennych chromoniklowych rur gi\u0119tych typu TARFLEX lub BESKOM oraz element\u00f3w kominowych ze stali \u017caroodpornej r\u00f3wnie\u017c pozwalaj\u0105 nam wyj\u015b\u0107 naprzeciw Pa\u0144stwa zapotrzebowaniu w tej materii, co pomaga nam dope\u0142ni\u0107 kompleksowo\u015b\u0107 naszych us\u0142ug i asortymentu.<\/p>\n<p><\/p>","protected":false},"excerpt":{"rendered":"<p>\u038c\u03c3\u03bf\u03bd \u03b1\u03c6\u03bf\u03c1\u03ac \u03ba\u03b1\u03bc\u03b9\u03bd\u03ac\u03b4\u03b5\u03c2 \u03ba\u03b1\u03b9 \u03c3\u03c5\u03c3\u03c4\u03ae\u03bc\u03b1\u03c4\u03b1 \u03c3\u03c4\u03ae\u03c1\u03b9\u03be\u03b7\u03c2, \u03c3\u03b1\u03c2 \u03c0\u03c1\u03bf\u03c3\u03c6\u03ad\u03c1\u03bf\u03c5\u03bc\u03b5 : \u039a\u03b1\u03bc\u03b9\u03bd\u03ac\u03b4\u03b5\u03c2 \u03b1\u03c0\u03cc \u03c0\u03c5\u03c1\u03ac\u03bd\u03c4\u03bf\u03c7\u03bf \u03b1\u03bd\u03bf\u03be\u03b5\u03af\u03b4\u03c9\u03c4\u03bf \u03b1\u03c4\u03c3\u03ac\u03bb\u03b9, \u03c0\u03bf\u03b9\u03cc\u03c4\u03b7\u03c4\u03b1\u03c2 1.404, 1.4301, \u03c0\u03ac\u03c7\u03bf\u03c2 \u03b1\u03c0\u03cc 0,5 \u03ad\u03c9\u03c2 1,5 \u03c7\u03b9\u03bb. \u03bc\u03bf\u03bd\u03c9\u03bc\u03ad\u03bd\u03b1 \u03c3\u03c5\u03c3\u03c4\u03ae\u03bc\u03b1\u03c4\u03b1 \u03b1\u03bc\u03cc\u03bd\u03c9\u03c4\u03b1 \u03c3\u03c5\u03c3\u03c4\u03ae\u03bc\u03b1\u03c4\u03b1 elementy kominowe ze stali \u017caroodpornej \u03b5\u03cd\u03ba\u03b1\u03bc\u03c0\u03c4\u03bf\u03c2 \u03c3\u03c9\u03bb\u03ae\u03bd\u03b1\u03c2 \u03a3\u03b1\u03c2 \u03c0\u03c1\u03bf\u03c3\u03c6\u03ad\u03c1\u03bf\u03c5\u03bc\u03b5 \u03ba\u03b1\u03bc\u03b9\u03bd\u03ac\u03b4\u03b5\u03c2 inox \u03bc\u03bf\u03bd\u03bf\u03cd \u03c4\u03bf\u03b9\u03c7\u03ce\u03bc\u03b1\u03c4\u03bf\u03c2, \u03b3\u03b9\u03b1 \u03b5\u03c3\u03c9\u03c4\u03b5\u03c1\u03b9\u03ba\u03ae \u03b5\u03b3\u03ba\u03b1\u03c4\u03ac\u03c3\u03c4\u03b1\u03c3\u03b7 \u03ba\u03b1\u03b8\u03ce\u03c2 \u03ba\u03b1\u03b9 \u03b3\u03b9\u03b1 \u03b5\u03b3\u03ba\u03b1\u03c4\u03ac\u03c3\u03c4\u03b1\u03c3\u03b7 \u03c3\u03b5 \u03c5\u03c0\u03ac\u03c1\u03c7\u03bf\u03bd\u03c4\u03b5\u03c2 \u03c4\u03c3\u03b9\u03bc\u03b5\u03bd\u03c4\u03ad\u03bd\u03b9\u03b5\u03c2 \u03b7 \u03ba\u03b5\u03c1\u03b1\u03bc\u03b9\u03ba\u03ad\u03c2 \u03ba\u03b1\u03bc\u03b9\u03bd\u03ac\u03b4\u03b5\u03c2, \u03ba\u03b1\u03b9 \u03ba\u03b1\u03bc\u03b9\u03bd\u03ac\u03b4\u03b5\u03c2 [&hellip;]<\/p>\n","protected":false},"author":1,"featured_media":0,"parent":42,"menu_order":0,"comment_status":"closed","ping_status":"closed","template":"","meta":[],"_links":{"self":[{"href":"http:\/\/monolity.pl\/el\/wp-json\/wp\/v2\/pages\/241"}],"collection":[{"href":"http:\/\/monolity.pl\/el\/wp-json\/wp\/v2\/pages"}],"about":[{"href":"http:\/\/monolity.pl\/el\/wp-json\/wp\/v2\/types\/page"}],"author":[{"embeddable":true,"href":"http:\/\/monolity.pl\/el\/wp-json\/wp\/v2\/users\/1"}],"replies":[{"embeddable":true,"href":"http:\/\/monolity.pl\/el\/wp-json\/wp\/v2\/comments?post=241"}],"version-history":[{"count":20,"href":"http:\/\/monolity.pl\/el\/wp-json\/wp\/v2\/pages\/241\/revisions"}],"predecessor-version":[{"id":1073,"href":"http:\/\/monolity.pl\/el\/wp-json\/wp\/v2\/pages\/241\/revisions\/1073"}],"up":[{"embeddable":true,"href":"http:\/\/monolity.pl\/el\/wp-json\/wp\/v2\/pages\/42"}],"wp:attachment":[{"href":"http:\/\/monolity.pl\/el\/wp-json\/wp\/v2\/media?parent=241"}],"curies":[{"name":"wp","href":"https:\/\/api.w.org\/{rel}","templated":true}]}}