{"id":257,"date":"2017-01-07T13:54:51","date_gmt":"2017-01-07T12:54:51","guid":{"rendered":"http:\/\/tarnavva.nazwa.pl\/tarnavva\/?page_id=257"},"modified":"2017-03-09T11:42:35","modified_gmt":"2017-03-09T10:42:35","slug":"dystrybutor-cieplego-powietrza","status":"publish","type":"page","link":"http:\/\/monolity.pl\/el\/produkty\/dystrybutor-cieplego-powietrza\/","title":{"rendered":"Dystrybutor ciep\u0142ego powietrza"},"content":{"rendered":"<p>Dystrybutory ciep\u0142ego powietrza wykonujemy na indywidualne zam\u00f3wienie Klienta (po uprzednim uzgodnieniu ilo\u015bci wyj\u015b\u0107 rur rozprowadzaj\u0105cych i ich \u015brednic).<\/p>\n<p>Dystrybutory wykonywane s\u0105 z blachy ocynkowanej.<\/p>\n<p>Dost\u0119pne s\u0105 dystrybutory do nast\u0119puj\u0105cych palenisk:<\/p>\n<ul>\n<li>Dystrybutor ciep\u0142ego powietrza TYP 12 KW<\/li>\n<li>Dystrybutor ciep\u0142ego powietrza TYP 14 KW<\/li>\n<li>Dystrybutor ciep\u0142ego powietrza TYP 16 KW<\/li>\n<li>Dystrybutor ciep\u0142ego powietrza TYP 18 KW<\/li>\n<li>Dystrybutor ciep\u0142ego powietrza TYP 20 KW<\/li>\n<\/ul>\n<p><img loading=\"lazy\" class=\"alignleft size-full wp-image-258\" src=\"http:\/\/tarnavva.nazwa.pl\/tarnavva\/wp-content\/uploads\/2017\/01\/Tarnavva_dystrybutor_01.jpg\" alt=\"\" width=\"200\" height=\"221\" \/><\/p>\n<p><img loading=\"lazy\" class=\"alignleft size-full wp-image-259\" src=\"http:\/\/tarnavva.nazwa.pl\/tarnavva\/wp-content\/uploads\/2017\/01\/Tarnavva_dystrybutor_02.jpg\" alt=\"\" width=\"200\" height=\"206\" \/><\/p>\n<p><img loading=\"lazy\" class=\"alignleft size-full wp-image-260\" src=\"http:\/\/tarnavva.nazwa.pl\/tarnavva\/wp-content\/uploads\/2017\/01\/Tarnavva_dystrybutor_03.jpg\" alt=\"\" width=\"200\" height=\"119\" \/><\/p>\n<hr class=\"red-hr\" \/>\n<h2 class=\"red-header-2\">Uszczelnienia przewod\u00f3w kominowych<\/h2>\n<p>Produkowana przez nas uszczelka wyrabiana jest z mieszanki silikonowej opracowanej przez technolog\u00f3w specjalnie pod k\u0105tem zastosowania w przewodach kominowych. Przeznaczona jest do uszczelniania element\u00f3w rurowych \u0142\u0105czonych kielichowo, w szczeg\u00f3lno\u015bci kominowych, s\u0142u\u017c\u0105cych do odprowadzania mokrych b\u0105d\u017a suchych spalin. Specjalny kszta\u0142t uszczelki wed\u0142ug naszego rozwi\u0105zania powoduje, \u017ce nie ma ona mo\u017cliwo\u015bci odkszta\u0142cenia si\u0119 podczas wprowadzania kolejnego elementu w poprzedzaj\u0105cy, a si\u0142y, powstaj\u0105ce przy tej, nieodzownej w procesie \u0142\u0105czenia, czynno\u015b\u0107,i dzia\u0142aj\u0105 dodatkowo korzystnie zwi\u0119kszaj\u0105c jej docisk do \u015bcianek rury. Pozwala to zachowa\u0107 gwarancj\u0119 100% uszczelnienia \u0142\u0105czonych rur, przy jednoczesnej lekko\u015bci monta\u017cu.<\/p>\n<h2 class=\"red-header-2\">WYR\u00d3B &#8211; jego zastosowanie i konstrukcja &#8211; OBJ\u0118TY JEST ZASTRZE\u017bENIEM PATENTOWYM<\/h2>\n<p>PARAMETRY TECHNICZNE naszej USZCZELKI:<\/p>\n<table>\n<tbody>\n<tr>\n<td>\u015arednice<\/td>\n<td>\u00f860, \u00f880, \u00f8100, \u00f8110, \u00f8113, \u00f8130, \u00f8150, \u00f8180, \u00f8200, \u00f8250<\/td>\n<\/tr>\n<tr>\n<td>Temperatura (chwilowa)<\/td>\n<td>300\u00b0C<\/td>\n<\/tr>\n<tr>\n<td>Temperatura robocza<\/td>\n<td>250\u00b0C<\/td>\n<\/tr>\n<tr>\n<td>Polimer bazowy<\/td>\n<td>VMQ niebieski<\/td>\n<\/tr>\n<tr>\n<td>Wyd\u0142u\u017c. przy zerwaniu DIN 53504<\/td>\n<td>279%<\/td>\n<\/tr>\n<tr>\n<td>Napr\u0119\u017cenie 100% DIN 53504<\/td>\n<td>3,6 N\/mm2<\/td>\n<\/tr>\n<tr>\n<td>Twardo\u015b\u0107 DIN 53505<\/td>\n<td>70 + 5<\/td>\n<\/tr>\n<tr>\n<td>G\u0119sto\u015b\u0107 DIN 53505<\/td>\n<td>1,5 + 0,02<\/td>\n<\/tr>\n<\/tbody>\n<\/table>\n<p><\/p>","protected":false},"excerpt":{"rendered":"<p>Dystrybutory ciep\u0142ego powietrza wykonujemy na indywidualne zam\u00f3wienie Klienta (po uprzednim uzgodnieniu ilo\u015bci wyj\u015b\u0107 rur rozprowadzaj\u0105cych i ich \u015brednic). Dystrybutory wykonywane s\u0105 z blachy ocynkowanej. Dost\u0119pne s\u0105 dystrybutory do nast\u0119puj\u0105cych palenisk: Dystrybutor ciep\u0142ego powietrza TYP 12 KW Dystrybutor ciep\u0142ego powietrza TYP 14 KW Dystrybutor ciep\u0142ego powietrza TYP 16 KW Dystrybutor ciep\u0142ego powietrza TYP 18 KW Dystrybutor [&hellip;]<\/p>\n","protected":false},"author":1,"featured_media":0,"parent":42,"menu_order":0,"comment_status":"closed","ping_status":"closed","template":"","meta":[],"_links":{"self":[{"href":"http:\/\/monolity.pl\/el\/wp-json\/wp\/v2\/pages\/257"}],"collection":[{"href":"http:\/\/monolity.pl\/el\/wp-json\/wp\/v2\/pages"}],"about":[{"href":"http:\/\/monolity.pl\/el\/wp-json\/wp\/v2\/types\/page"}],"author":[{"embeddable":true,"href":"http:\/\/monolity.pl\/el\/wp-json\/wp\/v2\/users\/1"}],"replies":[{"embeddable":true,"href":"http:\/\/monolity.pl\/el\/wp-json\/wp\/v2\/comments?post=257"}],"version-history":[{"count":13,"href":"http:\/\/monolity.pl\/el\/wp-json\/wp\/v2\/pages\/257\/revisions"}],"predecessor-version":[{"id":1071,"href":"http:\/\/monolity.pl\/el\/wp-json\/wp\/v2\/pages\/257\/revisions\/1071"}],"up":[{"embeddable":true,"href":"http:\/\/monolity.pl\/el\/wp-json\/wp\/v2\/pages\/42"}],"wp:attachment":[{"href":"http:\/\/monolity.pl\/el\/wp-json\/wp\/v2\/media?parent=257"}],"curies":[{"name":"wp","href":"https:\/\/api.w.org\/{rel}","templated":true}]}}