{"id":345,"date":"2017-01-15T13:20:44","date_gmt":"2017-01-15T12:20:44","guid":{"rendered":"http:\/\/tarnavva.nazwa.pl\/tarnavva\/?page_id=345"},"modified":"2017-03-07T15:14:07","modified_gmt":"2017-03-07T14:14:07","slug":"uwagi-producenta","status":"publish","type":"page","link":"http:\/\/monolity.pl\/el\/produkty\/montaz\/uwagi-producenta\/","title":{"rendered":"\u03a0\u03b1\u03c1\u03b1\u03c4\u03b7\u03c1\u03ae\u03c3\u03b5\u03b9\u03c2 \u03c4\u03bf\u03c5 \u03ba\u03b1\u03c4\u03b1\u03c3\u03ba\u03b5\u03c5\u03b1\u03c3\u03c4\u03ae"},"content":{"rendered":"<p>\u0391\u03a0\u0391\u0393\u039f\u03a1\u0395\u03a5\u0395\u0399\u00a0\u03c4\u03b9\u03c2 \u03b1\u03c5\u03b8\u03b1\u03af\u03c1\u03b5\u03c4\u03b5\u03c2 \u03c4\u03c1\u03bf\u03c0\u03bf\u03c0\u03bf\u03b9\u03ae\u03c3\u03b5\u03b9\u03c2 \u03c4\u03b7\u03c2 \u03b5\u03c3\u03c4\u03af\u03b1\u03c2.<br \/>\n\u0394\u0395\u03a3\u039c\u0395\u03a5\u0395\u0399\u00a0\u03c4\u03bf\u03c5\u03c2 \u03c7\u03c1\u03ae\u03c3\u03c4\u03b5\u03c2 \u03bd\u03b1 \u03c7\u03c1\u03b7\u03c3\u03b9\u03bc\u03bf\u03c0\u03bf\u03b9\u03bf\u03cd\u03bd \u03b1\u03c0\u03bf\u03ba\u03bb\u03b5\u03b9\u03c3\u03c4\u03b9\u03ba\u03ac \u03c4\u03b1 \u03b1\u03bd\u03c4\u03b1\u03bb\u03bb\u03b1\u03ba\u03c4\u03b9\u03ba\u03ac \u03c4\u03bf\u03c5 \u03ba\u03b1\u03c4\u03b1\u03c3\u03ba\u03b5\u03c5\u03b1\u03c3\u03c4\u03ae.<br \/>\n\u0395\u03bd\u03b7\u03bc\u03b5\u03c1\u03ce\u03bd\u03b5\u03b9\u00a0\u03b3\u03b9\u03b1 \u03c4\u03b7\u03bd \u03b1\u03bd\u03b1\u03b3\u03ba\u03b1\u03b9\u03cc\u03c4\u03b7\u03c4\u03b1 \u03c4\u03b7\u03c2 \u03c4\u03b1\u03ba\u03c4\u03b9\u03ba\u03ae\u03c2 \u03b5\u03c0\u03b9\u03b8\u03b5\u03ce\u03c1\u03b7\u03c3\u03b7\u03c2 \u03b1\u03c0\u03cc \u03ad\u03bd\u03b1\u03bd \u03c4\u03b5\u03c7\u03bd\u03b9\u03ba\u03cc.<br \/>\n\u039a\u03b1\u03c4\u03ac \u03c4\u03b7 \u03b4\u03b9\u03ac\u03c1\u03ba\u03b5\u03b9\u03b1 \u03c4\u03b7\u03c2 \u03bb\u03b5\u03b9\u03c4\u03bf\u03c5\u03c1\u03b3\u03af\u03b1\u03c2\u00a0\u03c4\u03bf\u03c5 \u03c4\u03b6\u03b1\u03ba\u03b9\u03bf\u03cd \u03bf\u03b9 \u03b5\u03c0\u03b9\u03c6\u03ac\u03bd\u03b5\u03b9\u03b5\u03c2 \u03c4\u03bf\u03c5 \u03b5\u03af\u03bd\u03b1\u03b9 \u03ba\u03b1\u03c5\u03c4\u03ad\u03c2 \u03ba\u03b1\u03b9 \u03bc\u03b9\u03b1 \u03ac\u03bc\u03b5\u03c3\u03b7 \u03b5\u03c0\u03b1\u03c6\u03ae \u03bc\u03c0\u03bf\u03c1\u03b5\u03af \u03bd\u03b1 \u03c0\u03c1\u03bf\u03ba\u03b1\u03bb\u03ad\u03c3\u03b5\u03b9 \u03b5\u03b3\u03ba\u03b1\u03cd\u03bc\u03b1\u03c4\u03b1.<br \/>\n\u039f\u039b\u0391\u00a0\u03c4\u03b1 \u03b5\u03bb\u03b1\u03c4\u03c4\u03ce\u03bc\u03b1\u03c4\u03b1 &#8211; \u03ba\u03b1\u03c4\u03ac \u03c4\u03b7 \u03b4\u03b9\u03ac\u03c1\u03ba\u03b5\u03b9\u03b1 \u03c4\u03b7\u03c2 \u03b5\u03b3\u03b3\u03cd\u03b7\u03c3\u03b7\u03c2 \u03ba\u03b1\u03b9 \u03bc\u03b5\u03c4\u03ac &#8211; \u03b8\u03b1 \u03c0\u03c1\u03ad\u03c0\u03b5\u03b9 \u03bd\u03b1 \u03b5\u03c0\u03b9\u03c3\u03ba\u03b5\u03c5\u03ac\u03b6\u03bf\u03bd\u03c4\u03b1\u03b9 \u03b1\u03c0\u03cc \u03c4\u03bf\u03bd \u03ba\u03b1\u03c4\u03b1\u03c3\u03ba\u03b5\u03c5\u03b1\u03c3\u03c4\u03ae \u03ae \u03b1\u03c0\u03cc \u03b5\u03be\u03bf\u03c5\u03c3\u03b9\u03bf\u03b4\u03bf\u03c4\u03b7\u03bc\u03ad\u03bd\u03bf \u03b1\u03bd\u03c4\u03b9\u03c0\u03c1\u03cc\u03c3\u03c9\u03c0\u03cc \u03c4\u03bf\u03c5.<br \/>\n\u03a0\u03a1\u039f\u03a3\u039f\u03a7\u0397! \u03a3\u03b5 \u03c0\u03b5\u03c1\u03af\u03c0\u03c4\u03c9\u03c3\u03b7 \u03c0\u03bf\u03c5 \u03c0\u03b9\u03ac\u03c3\u03b5\u03b9 \u03c6\u03c9\u03c4\u03b9\u03ac \u03c3\u03c4\u03b7\u03bd \u03ba\u03b1\u03c0\u03bd\u03bf\u03b4\u03cc\u03c7\u03bf \u03c0\u03c1\u03ad\u03c0\u03b5\u03b9 \u03bd\u03b1 \u03ba\u03bb\u03b5\u03af\u03c3\u03b5\u03c4\u03b5 \u03c4\u03b7\u03bd \u03c0\u03b1\u03c1\u03bf\u03c7\u03ae \u03b1\u03ad\u03c1\u03b1 \u03ba\u03b1\u03b9 \u03bd\u03b1 \u03b5\u03b9\u03b4\u03bf\u03c0\u03bf\u03b9\u03ae\u03c3\u03b5\u03c4\u03b5 \u03c4\u03b7\u03bd \u03a0\u03c5\u03c1\u03bf\u03c3\u03b2\u03b5\u03c3\u03c4\u03b9\u03ba\u03ae \u03a5\u03c0\u03b7\u03c1\u03b5\u03c3\u03af\u03b1. \u039c\u0397\u039d \u0391\u039d\u039f\u0399\u039e\u0395\u03a4\u0395 \u03c4\u03b7\u03bd \u03c0\u03cc\u03c1\u03c4\u03b1 \u03b5\u03c0\u03b9\u03b8\u03b5\u03ce\u03c1\u03b7\u03c3\u03b7\u03c2 \u03c4\u03b7\u03c2 \u03ba\u03b1\u03bc\u03b9\u03bd\u03ac\u03b4\u03b1\u03c2, \u03bf\u03cd\u03c4\u03b5 \u03c4\u03b7\u03bd \u03c0\u03cc\u03c1\u03c4\u03b1 \u03c4\u03bf\u03c5 \u03c4\u03b6\u03b1\u03ba\u03b9\u03bf\u03cd \u03ae \u03c4\u03b7\u03c2 \u03b8\u03c5\u03c1\u03af\u03b4\u03b1\u03c2 \u03bc\u03b5 \u03c4\u03b7 \u03c3\u03c4\u03ac\u03c7\u03c4\u03b7. \u0391\u03c0\u03b1\u03b3\u03bf\u03c1\u03b5\u03cd\u03b5\u03c4\u03b1\u03b9 \u03b5\u03c0\u03af\u03c3\u03b7\u03c2 \u03bd\u03b1 \u03c1\u03af\u03c7\u03bd\u03b5\u03c4\u03b5 \u03bd\u03b5\u03c1\u03cc \u03ae \u03bd\u03b1 \u03b3\u03b5\u03bc\u03af\u03c3\u03b5\u03c4\u03b5 \u03bc\u03b5 \u03bd\u03b5\u03c1\u03cc \u03c4\u03bf \u03ba\u03b1\u03c5\u03c4\u03cc \u03ba\u03bb\u03af\u03b2\u03b1\u03bd\u03bf \u03b4\u03b9\u03cc\u03c4\u03b9 \u03bc\u03c0\u03bf\u03c1\u03b5\u03af \u03bd\u03b1 \u03c0\u03c1\u03bf\u03ba\u03b1\u03bb\u03ad\u03c3\u03b5\u03c4\u03b5 \u03c1\u03c9\u03b3\u03bc\u03ad\u03c2 \u03c3\u03c4\u03b7\u03bd \u03b5\u03c3\u03c4\u03af\u03b1 \u03ba\u03b1\u03b9 \u03c3\u03c4\u03bf \u03ba\u03c1\u03cd\u03c3\u03c4\u03b1\u03bb\u03bb\u03bf.<br \/>\nMateria\u0142y obj\u0119te prawem autorskim! Publikacja w cz\u0119\u015bci lub w ca\u0142o\u015bci wy\u0142\u0105cznie za zgod\u0105 autora.<\/p>\n<p><em>Materia\u0142y obj\u0119te prawem autorskim! Publikacja w cz\u0119\u015bci lub w ca\u0142o\u015bci wy\u0142\u0105cznie za zgod\u0105 autora.<\/em><\/p>\n<p><a href=\"http:\/\/tarnavva.nazwa.pl\/tarnavva\/wp-content\/uploads\/2017\/01\/12.jpg\" data-rel=\"lightbox-gallery-YRlc55II\" data-rl_title=\"\" data-rl_caption=\"\" title=\"\"><img loading=\"lazy\" class=\"alignnone size-full wp-image-346\" src=\"http:\/\/tarnavva.nazwa.pl\/tarnavva\/wp-content\/uploads\/2017\/01\/12.jpg\" alt=\"\" width=\"800\" height=\"407\" srcset=\"http:\/\/monolity.pl\/wp-content\/uploads\/2017\/01\/12.jpg 800w, http:\/\/monolity.pl\/wp-content\/uploads\/2017\/01\/12-300x153.jpg 300w, http:\/\/monolity.pl\/wp-content\/uploads\/2017\/01\/12-768x391.jpg 768w\" sizes=\"(max-width: 800px) 100vw, 800px\" \/><\/a><\/p>\n<p>&nbsp;<\/p>","protected":false},"excerpt":{"rendered":"<p>\u0391\u03a0\u0391\u0393\u039f\u03a1\u0395\u03a5\u0395\u0399\u00a0\u03c4\u03b9\u03c2 \u03b1\u03c5\u03b8\u03b1\u03af\u03c1\u03b5\u03c4\u03b5\u03c2 \u03c4\u03c1\u03bf\u03c0\u03bf\u03c0\u03bf\u03b9\u03ae\u03c3\u03b5\u03b9\u03c2 \u03c4\u03b7\u03c2 \u03b5\u03c3\u03c4\u03af\u03b1\u03c2. \u0394\u0395\u03a3\u039c\u0395\u03a5\u0395\u0399\u00a0\u03c4\u03bf\u03c5\u03c2 \u03c7\u03c1\u03ae\u03c3\u03c4\u03b5\u03c2 \u03bd\u03b1 \u03c7\u03c1\u03b7\u03c3\u03b9\u03bc\u03bf\u03c0\u03bf\u03b9\u03bf\u03cd\u03bd \u03b1\u03c0\u03bf\u03ba\u03bb\u03b5\u03b9\u03c3\u03c4\u03b9\u03ba\u03ac \u03c4\u03b1 \u03b1\u03bd\u03c4\u03b1\u03bb\u03bb\u03b1\u03ba\u03c4\u03b9\u03ba\u03ac \u03c4\u03bf\u03c5 \u03ba\u03b1\u03c4\u03b1\u03c3\u03ba\u03b5\u03c5\u03b1\u03c3\u03c4\u03ae. \u0395\u03bd\u03b7\u03bc\u03b5\u03c1\u03ce\u03bd\u03b5\u03b9\u00a0\u03b3\u03b9\u03b1 \u03c4\u03b7\u03bd \u03b1\u03bd\u03b1\u03b3\u03ba\u03b1\u03b9\u03cc\u03c4\u03b7\u03c4\u03b1 \u03c4\u03b7\u03c2 \u03c4\u03b1\u03ba\u03c4\u03b9\u03ba\u03ae\u03c2 \u03b5\u03c0\u03b9\u03b8\u03b5\u03ce\u03c1\u03b7\u03c3\u03b7\u03c2 \u03b1\u03c0\u03cc \u03ad\u03bd\u03b1\u03bd \u03c4\u03b5\u03c7\u03bd\u03b9\u03ba\u03cc. \u039a\u03b1\u03c4\u03ac \u03c4\u03b7 \u03b4\u03b9\u03ac\u03c1\u03ba\u03b5\u03b9\u03b1 \u03c4\u03b7\u03c2 \u03bb\u03b5\u03b9\u03c4\u03bf\u03c5\u03c1\u03b3\u03af\u03b1\u03c2\u00a0\u03c4\u03bf\u03c5 \u03c4\u03b6\u03b1\u03ba\u03b9\u03bf\u03cd \u03bf\u03b9 \u03b5\u03c0\u03b9\u03c6\u03ac\u03bd\u03b5\u03b9\u03b5\u03c2 \u03c4\u03bf\u03c5 \u03b5\u03af\u03bd\u03b1\u03b9 \u03ba\u03b1\u03c5\u03c4\u03ad\u03c2 \u03ba\u03b1\u03b9 \u03bc\u03b9\u03b1 \u03ac\u03bc\u03b5\u03c3\u03b7 \u03b5\u03c0\u03b1\u03c6\u03ae \u03bc\u03c0\u03bf\u03c1\u03b5\u03af \u03bd\u03b1 \u03c0\u03c1\u03bf\u03ba\u03b1\u03bb\u03ad\u03c3\u03b5\u03b9 \u03b5\u03b3\u03ba\u03b1\u03cd\u03bc\u03b1\u03c4\u03b1. \u039f\u039b\u0391\u00a0\u03c4\u03b1 \u03b5\u03bb\u03b1\u03c4\u03c4\u03ce\u03bc\u03b1\u03c4\u03b1 &#8211; \u03ba\u03b1\u03c4\u03ac \u03c4\u03b7 \u03b4\u03b9\u03ac\u03c1\u03ba\u03b5\u03b9\u03b1 \u03c4\u03b7\u03c2 \u03b5\u03b3\u03b3\u03cd\u03b7\u03c3\u03b7\u03c2 \u03ba\u03b1\u03b9 \u03bc\u03b5\u03c4\u03ac &#8211; \u03b8\u03b1 \u03c0\u03c1\u03ad\u03c0\u03b5\u03b9 [&hellip;]<\/p>\n","protected":false},"author":1,"featured_media":0,"parent":297,"menu_order":2,"comment_status":"closed","ping_status":"closed","template":"","meta":[],"_links":{"self":[{"href":"http:\/\/monolity.pl\/el\/wp-json\/wp\/v2\/pages\/345"}],"collection":[{"href":"http:\/\/monolity.pl\/el\/wp-json\/wp\/v2\/pages"}],"about":[{"href":"http:\/\/monolity.pl\/el\/wp-json\/wp\/v2\/types\/page"}],"author":[{"embeddable":true,"href":"http:\/\/monolity.pl\/el\/wp-json\/wp\/v2\/users\/1"}],"replies":[{"embeddable":true,"href":"http:\/\/monolity.pl\/el\/wp-json\/wp\/v2\/comments?post=345"}],"version-history":[{"count":8,"href":"http:\/\/monolity.pl\/el\/wp-json\/wp\/v2\/pages\/345\/revisions"}],"predecessor-version":[{"id":1037,"href":"http:\/\/monolity.pl\/el\/wp-json\/wp\/v2\/pages\/345\/revisions\/1037"}],"up":[{"embeddable":true,"href":"http:\/\/monolity.pl\/el\/wp-json\/wp\/v2\/pages\/297"}],"wp:attachment":[{"href":"http:\/\/monolity.pl\/el\/wp-json\/wp\/v2\/media?parent=345"}],"curies":[{"name":"wp","href":"https:\/\/api.w.org\/{rel}","templated":true}]}}