{"id":385,"date":"2017-01-15T14:28:55","date_gmt":"2017-01-15T13:28:55","guid":{"rendered":"http:\/\/tarnavva.nazwa.pl\/tarnavva\/?page_id=385"},"modified":"2017-03-09T13:07:49","modified_gmt":"2017-03-09T12:07:49","slug":"wklady-typu-14-kw","status":"publish","type":"page","link":"http:\/\/monolity.pl\/el\/produkty\/wklady-kominkowe\/wklady-typu-14-kw\/","title":{"rendered":"\u0395\u03bd\u03b5\u03c1\u03b3\u03b5\u03b9\u03b1\u03ba\u03ac \u03c4\u03b6\u03ac\u03ba\u03b9\u03b1 14 kw"},"content":{"rendered":"<p><\/p>\n<ul class=\"inline-page-menu\">\n<li><a href=\"#primero\">PRIMERO<\/a><\/li>\n<li><a href=\"#retro\">RETRO<\/a><\/li>\n<li><a href=\"#unica\">UNICA<\/a><\/li>\n<\/ul>\n<h3 id=\"primero\" class=\"red-header-2\">PRIMERO<\/h3>\n<p><img loading=\"lazy\" width=\"601\" height=\"419\" class=\"alignnone size-full wp-image-144\" style=\"display: inline-block; width: 68%;\" src=\"http:\/\/tarnavva.nazwa.pl\/tarnavva\/wp-content\/uploads\/2017\/01\/Tarnavva_Primero_14kW_01-1.jpg\" alt=\"primero\" \/><img loading=\"lazy\" width=\"150\" height=\"98\" class=\"alignnone size-full wp-image-145\" style=\"width: 23%;\" src=\"http:\/\/tarnavva.nazwa.pl\/tarnavva\/wp-content\/uploads\/2017\/01\/gw.jpg\" alt=\"gwar\" \/><\/p>\n<p><a style=\"text-align: left;\" href=\"http:\/\/tarnavva.nazwa.pl\/tarnavva\/wp-content\/uploads\/2017\/01\/Tarnavva_Primero_14kW_01-1.jpg\" data-rel=\"lightbox-gallery-H75T6NAI\" data-rl_title=\"\" data-rl_caption=\"\" title=\"\"><img loading=\"lazy\" class=\"alignnone size-full wp-image-146\" style=\"margin: 8px 8px -8px;\" src=\"http:\/\/tarnavva.nazwa.pl\/tarnavva\/wp-content\/uploads\/2017\/01\/zoba_m.jpg\" alt=\"zob\" width=\"30\" height=\"28\" \/>\u0394\u0399\u0391\u03a3\u03a4\u0391\u03a3\u0395\u0399\u03a3 \u03a4\u0396\u0391\u039a\u0399<\/a><\/p>\n<p>&nbsp;<\/p>\n<table border=\"0\" rules=\"rows\" cellspacing=\"0\" cellpadding=\"3\" align=\"center\">\n<tbody>\n<tr>\n<td><strong>\u0395\u03c6\u03b1\u03c1\u03bc\u03bf\u03b3\u03ae:<\/strong><\/td>\n<td>\u0398\u03ad\u03c1\u03bc\u03b1\u03bd\u03c3\u03b7<\/td>\n<\/tr>\n<tr>\n<td><strong>\u039f\u03bd\u03bf\u03bc\u03b1\u03c3\u03c4\u03b9\u03ba\u03ae \u03b8\u03b5\u03c1\u03bc\u03b9\u03ba\u03ae \u03b9\u03c3\u03c7\u03cd\u03c2:<\/strong><\/td>\n<td>9,5 kW<\/td>\n<\/tr>\n<tr>\n<td><strong>\u03a3\u03c5\u03bd\u03b5\u03c7\u03ae\u03c2 \u03c7\u03c1\u03cc\u03bd\u03bf\u03c2 \u03ba\u03b1\u03cd\u03c3\u03b7\u03c2 \u03bc\u03b5 \u03bc\u03b5\u03b9\u03c9\u03bc\u03ad\u03bd\u03b7 \u03b8\u03b5\u03c1\u03bc\u03b9\u03ba\u03ae \u03b4\u03cd\u03bd\u03b1\u03bc\u03b7:<\/strong><\/td>\n<td>10 \u03ce\u03c1\u03b5\u03c2\u00a0<\/td>\n<\/tr>\n<tr>\n<td><strong>\u03a7\u03c9\u03c1\u03b7\u03c4\u03b9\u03ba\u03cc\u03c4\u03b7\u03c4\u03b1\u00a0\u03b8\u03b1\u03bb\u03ac\u03bc\u03bf\u03c5 \u03ba\u03b1\u03cd\u03c3\u03b7\u03c2(\u03be\u03cd\u03bb\u03bf)<\/strong><\/td>\n<td>\u03a0\u03b5\u03c1.8kg<\/td>\n<\/tr>\n<tr>\n<td><strong>\u0398\u03b5\u03c1\u03bc\u03b9\u03ba\u03ae \u03b1\u03c0\u03cc\u03b4\u03bf\u03c3\u03b7:<\/strong><\/td>\n<td>64,2%<\/td>\n<\/tr>\n<tr>\n<td><strong>\u0395\u03ba\u03c0\u03bf\u03bc\u03c0\u03ad\u03c2 CO (13% O2)<\/strong><\/td>\n<td>0,4%<\/td>\n<\/tr>\n<tr>\n<td><strong>\u03a1\u03bf\u03ae \u03c4\u03c9\u03bd \u03ba\u03b1\u03c5\u03c3\u03b1\u03b5\u03c1\u03af\u03c9\u03bd:<\/strong><\/td>\n<td>10,4g\/s<\/td>\n<\/tr>\n<tr>\n<td><strong>\u0391\u03c0\u03b1\u03c1\u03b1\u03af\u03c4\u03b7\u03c4\u03b7 \u03b1\u03c0\u03cc\u03c3\u03c4\u03b1\u03c3\u03b7 \u03b1\u03c0\u03cc \u03b5\u03cd\u03c6\u03bb\u03b5\u03ba\u03c4\u03b1 \u03b1\u03bd\u03c4\u03b9\u03ba\u03b5\u03af\u03bc\u03b5\u03bd\u03b1:<\/strong><\/td>\n<td>1,5m<\/td>\n<\/tr>\n<tr>\n<td><strong>\u0392\u03ac\u03c1\u03bf\u03c2:<\/strong><\/td>\n<td>161kg<\/td>\n<\/tr>\n<tr>\n<td><strong>Wymagany ci\u0105g kominowy przy mocy nominalnej<\/strong><\/td>\n<td>12 Pa<\/td>\n<\/tr>\n<tr>\n<td><strong>\u0398\u03b5\u03c1\u03bc\u03bf\u03ba\u03c1\u03b1\u03c3\u03af\u03b1 \u03c4\u03c9\u03bd \u03ba\u03b1\u03c5\u03c3\u03b1\u03b5\u03c1\u03af\u03c9\u03bd \u03c3\u03c4\u03b7\u03bd \u03bf\u03bd\u03bf\u03bc\u03b1\u03c3\u03c4\u03b9\u03ba\u03ae \u03b9\u03c3\u03c7\u03cd: (\u03ba\u03b1\u03c4\u03ac \u03bc\u03ad\u03c3\u03bf \u03cc\u03c1\u03bf)<\/strong><\/td>\n<td>440\u00b0C<\/td>\n<\/tr>\n<tr>\n<td><strong>\u0394\u03b9\u03b1\u03c3\u03c4\u03ac\u03c3\u03b5\u03b9\u03c2:<\/strong><\/td>\n<td>\u03c5\u03c8. 483 \u03c7\u03b9\u03bb.\/\u03bf\u03bb.<br \/>\n\u03c5\u03c8. 520 \u03c7\u03b9\u03bb<br \/>\n\u03c0\u03bb. 621 \u03c7\u03b9\u03bb.<br \/>\n\u03b2\u03b1\u03b8. 468 \u03c7\u03b9\u03bb.<\/td>\n<\/tr>\n<tr>\n<td><strong>\u0391\u03c0\u03b1\u03b9\u03c4\u03bf\u03cd\u03bc\u03b5\u03bd\u03b7 \u03b4\u03b9\u03ac\u03c3\u03c4\u03b1\u03c3\u03b7 \u03c4\u03bf\u03c5 \u03bc\u03bf\u03bd\u03c9\u03bc\u03ad\u03bd\u03bf\u03c5<br \/>\n\u00a0\u03b8\u03b1\u03bb\u03ac\u03bc\u03bf\u03c5, \u03b3\u03b9\u03b1 \u03bc\u03ad\u03b3\u03b9\u03c3\u03c4\u03b7 \u03b8\u03b5\u03c1\u03bc\u03b9\u03ba\u03ae \u03b1\u03c0\u03cc\u03b4\u03bf\u03c3\u03b7 \u03c4\u03b7\u03c2 \u03b5\u03c3\u03c4\u03af\u03b1\u03c2:<\/strong><\/td>\n<td>\u03c0\u03bb. 800 \u03c7\u03b9\u03bb.\/<br \/>\n\u03b2\u03b1\u03b8. 615\u03c7\u03b9\u03bb.<br \/>\n\u03c5\u03c8.2000\u03c7\u03b9\u03bb.<\/td>\n<\/tr>\n<tr>\n<td><strong>\u039a\u03b1\u03bc\u03b9\u03bd\u03ac\u03b4\u03b1:<\/strong><\/td>\n<td>\u00f8in 150\u03c7\u03b9\u03bb \/ \u00f8out 160\u03c7\u03b9\u03bb<\/td>\n<\/tr>\n<tr>\n<td><strong>Wymagany ci\u0105g przy mocy zredukowanej<\/strong><\/td>\n<td>6 Pa<\/td>\n<\/tr>\n<tr>\n<td><strong>\u039a\u03b1\u03cd\u03c3\u03b9\u03bc\u03bf:<\/strong><\/td>\n<td>\u03be\u03cd\u03bb\u03bf<\/td>\n<\/tr>\n<\/tbody>\n<\/table>\n<p>&nbsp;<\/p>\n<hr class=\"red-hr\" \/>\n<p>&nbsp;<\/p>\n<h3 id=\"unica\" class=\"red-header-2\">UNICA<\/h3>\n<p><img loading=\"lazy\" width=\"601\" height=\"419\" class=\"alignnone size-full wp-image-144\" style=\"display: inline-block; width: 68%;\" src=\"http:\/\/tarnavva.nazwa.pl\/tarnavva\/wp-content\/uploads\/2017\/01\/Tarnavva_Unica_14kW_01.jpg\" alt=\"unica\" \/><img loading=\"lazy\" width=\"150\" height=\"98\" class=\"alignnone size-full wp-image-145\" style=\"width: 23%;\" src=\"http:\/\/tarnavva.nazwa.pl\/tarnavva\/wp-content\/uploads\/2017\/01\/gw.jpg\" alt=\"gwar\" \/><\/p>\n<p><a style=\"text-align: left;\" href=\"http:\/\/tarnavva.nazwa.pl\/tarnavva\/wp-content\/uploads\/2017\/01\/Tarnavva_Unica_14kW_01.jpg\" data-rel=\"lightbox-gallery-H75T6NAI\" data-rl_title=\"\" data-rl_caption=\"\" title=\"\"><img loading=\"lazy\" class=\"alignnone size-full wp-image-146\" style=\"margin: 8px 8px -8px;\" src=\"http:\/\/tarnavva.nazwa.pl\/tarnavva\/wp-content\/uploads\/2017\/01\/zoba_m.jpg\" alt=\"zob\" width=\"30\" height=\"28\" \/>\u0394\u0399\u0391\u03a3\u03a4\u0391\u03a3\u0395\u0399\u03a3 \u03a4\u0396\u0391\u039a\u0399<\/a><\/p>\n<p>&nbsp;<\/p>\n<table border=\"0\" rules=\"rows\" cellspacing=\"0\" cellpadding=\"3\" align=\"center\">\n<tbody>\n<tr>\n<td><strong>\u0395\u03c6\u03b1\u03c1\u03bc\u03bf\u03b3\u03ae:<\/strong><\/td>\n<td>\u0398\u03ad\u03c1\u03bc\u03b1\u03bd\u03c3\u03b7<\/td>\n<\/tr>\n<tr>\n<td><strong>\u039f\u03bd\u03bf\u03bc\u03b1\u03c3\u03c4\u03b9\u03ba\u03ae \u03b8\u03b5\u03c1\u03bc\u03b9\u03ba\u03ae \u03b9\u03c3\u03c7\u03cd\u03c2:<\/strong><\/td>\n<td>9,5 kW<\/td>\n<\/tr>\n<tr>\n<td><strong>\u03a3\u03c5\u03bd\u03b5\u03c7\u03ae\u03c2 \u03c7\u03c1\u03cc\u03bd\u03bf\u03c2 \u03ba\u03b1\u03cd\u03c3\u03b7\u03c2 \u03bc\u03b5 \u03bc\u03b5\u03b9\u03c9\u03bc\u03ad\u03bd\u03b7 \u03b8\u03b5\u03c1\u03bc\u03b9\u03ba\u03ae \u03b4\u03cd\u03bd\u03b1\u03bc\u03b7:<\/strong><\/td>\n<td>10 \u03ce\u03c1\u03b5\u03c2\u00a0<\/td>\n<\/tr>\n<tr>\n<td><strong>\u03a7\u03c9\u03c1\u03b7\u03c4\u03b9\u03ba\u03cc\u03c4\u03b7\u03c4\u03b1\u00a0\u03b8\u03b1\u03bb\u03ac\u03bc\u03bf\u03c5 \u03ba\u03b1\u03cd\u03c3\u03b7\u03c2(\u03be\u03cd\u03bb\u03bf)<\/strong><\/td>\n<td>\u03a0\u03b5\u03c1.8kg<\/td>\n<\/tr>\n<tr>\n<td><strong>\u0398\u03b5\u03c1\u03bc\u03b9\u03ba\u03ae \u03b1\u03c0\u03cc\u03b4\u03bf\u03c3\u03b7:<\/strong><\/td>\n<td>64,2%<\/td>\n<\/tr>\n<tr>\n<td><strong>\u0395\u03ba\u03c0\u03bf\u03bc\u03c0\u03ad\u03c2 CO (13% O2)<\/strong><\/td>\n<td>0,4%<\/td>\n<\/tr>\n<tr>\n<td><strong>\u03a1\u03bf\u03ae \u03c4\u03c9\u03bd \u03ba\u03b1\u03c5\u03c3\u03b1\u03b5\u03c1\u03af\u03c9\u03bd:<\/strong><\/td>\n<td>10,4g\/s<\/td>\n<\/tr>\n<tr>\n<td><strong>\u0391\u03c0\u03b1\u03c1\u03b1\u03af\u03c4\u03b7\u03c4\u03b7 \u03b1\u03c0\u03cc\u03c3\u03c4\u03b1\u03c3\u03b7 \u03b1\u03c0\u03cc \u03b5\u03cd\u03c6\u03bb\u03b5\u03ba\u03c4\u03b1 \u03b1\u03bd\u03c4\u03b9\u03ba\u03b5\u03af\u03bc\u03b5\u03bd\u03b1:<\/strong><\/td>\n<td>1,5m<\/td>\n<\/tr>\n<tr>\n<td><strong>\u0392\u03ac\u03c1\u03bf\u03c2:<\/strong><\/td>\n<td>161kg<\/td>\n<\/tr>\n<tr>\n<td><strong>Wymagany ci\u0105g kominowy przy mocy nominalnej<\/strong><\/td>\n<td>12 Pa<\/td>\n<\/tr>\n<tr>\n<td><strong>\u0398\u03b5\u03c1\u03bc\u03bf\u03ba\u03c1\u03b1\u03c3\u03af\u03b1 \u03c4\u03c9\u03bd \u03ba\u03b1\u03c5\u03c3\u03b1\u03b5\u03c1\u03af\u03c9\u03bd \u03c3\u03c4\u03b7\u03bd \u03bf\u03bd\u03bf\u03bc\u03b1\u03c3\u03c4\u03b9\u03ba\u03ae \u03b9\u03c3\u03c7\u03cd: (\u03ba\u03b1\u03c4\u03ac \u03bc\u03ad\u03c3\u03bf \u03cc\u03c1\u03bf)<\/strong><\/td>\n<td>440\u00b0C<\/td>\n<\/tr>\n<tr>\n<td><strong>\u0394\u03b9\u03b1\u03c3\u03c4\u03ac\u03c3\u03b5\u03b9\u03c2:<\/strong><\/td>\n<td>\u03c5\u03c8. 483 \u03c7\u03b9\u03bb.\/\u03bf\u03bb.<br \/>\n\u03c5\u03c8. 520 \u03c7\u03b9\u03bb<br \/>\n\u03c0\u03bb. 621 \u03c7\u03b9\u03bb.<br \/>\n\u03b2\u03b1\u03b8. 468 \u03c7\u03b9\u03bb.<\/td>\n<\/tr>\n<tr>\n<td><strong>\u0391\u03c0\u03b1\u03b9\u03c4\u03bf\u03cd\u03bc\u03b5\u03bd\u03b7 \u03b4\u03b9\u03ac\u03c3\u03c4\u03b1\u03c3\u03b7 \u03c4\u03bf\u03c5 \u03bc\u03bf\u03bd\u03c9\u03bc\u03ad\u03bd\u03bf\u03c5<br \/>\n\u00a0\u03b8\u03b1\u03bb\u03ac\u03bc\u03bf\u03c5, \u03b3\u03b9\u03b1 \u03bc\u03ad\u03b3\u03b9\u03c3\u03c4\u03b7 \u03b8\u03b5\u03c1\u03bc\u03b9\u03ba\u03ae \u03b1\u03c0\u03cc\u03b4\u03bf\u03c3\u03b7 \u03c4\u03b7\u03c2 \u03b5\u03c3\u03c4\u03af\u03b1\u03c2:<\/strong><\/td>\n<td>\u03c0\u03bb. 800 \u03c7\u03b9\u03bb.\/<br \/>\n\u03b2\u03b1\u03b8. 615\u03c7\u03b9\u03bb.<br \/>\n\u03c5\u03c8.2000\u03c7\u03b9\u03bb.<\/td>\n<\/tr>\n<tr>\n<td><strong>\u039a\u03b1\u03bc\u03b9\u03bd\u03ac\u03b4\u03b1:<\/strong><\/td>\n<td>\u00f8w150mm \/ \u00f8z160mm<\/td>\n<\/tr>\n<tr>\n<td><strong>Wymagany ci\u0105g przy mocy zredukowanej<\/strong><\/td>\n<td>6 Pa<\/td>\n<\/tr>\n<tr>\n<td><strong>\u039a\u03b1\u03cd\u03c3\u03b9\u03bc\u03bf:<\/strong><\/td>\n<td>\u03be\u03cd\u03bb\u03bf<\/td>\n<\/tr>\n<\/tbody>\n<\/table>\n<hr class=\"red-hr\" \/>\n<p>&nbsp;<\/p>\n<h3 id=\"retro\" class=\"red-header-2\">RETRO<\/h3>\n<p><img loading=\"lazy\" width=\"601\" height=\"419\" class=\"alignnone size-full wp-image-144\" style=\"display: inline-block; width: 68%;\" src=\"http:\/\/tarnavva.nazwa.pl\/tarnavva\/wp-content\/uploads\/2017\/01\/retro1.jpg\" alt=\"unica\" \/><img loading=\"lazy\" width=\"150\" height=\"98\" class=\"alignnone size-full wp-image-145\" style=\"width: 23%;\" src=\"http:\/\/tarnavva.nazwa.pl\/tarnavva\/wp-content\/uploads\/2017\/01\/gw.jpg\" alt=\"gwar\" \/><\/p>\n<p><a style=\"text-align: left;\" href=\"http:\/\/tarnavva.nazwa.pl\/tarnavva\/wp-content\/uploads\/2017\/01\/retro1.jpg\" data-rel=\"lightbox-gallery-H75T6NAI\" data-rl_title=\"\" data-rl_caption=\"\" title=\"\"><img loading=\"lazy\" class=\"alignnone size-full wp-image-146\" style=\"margin: 8px 8px -8px;\" src=\"http:\/\/tarnavva.nazwa.pl\/tarnavva\/wp-content\/uploads\/2017\/01\/zoba_m.jpg\" alt=\"zob\" width=\"30\" height=\"28\" \/> WYMIARY WK\u0141ADU <\/a><\/p>\n<p>&nbsp;<\/p>\n<table border=\"0\" rules=\"rows\" cellspacing=\"0\" cellpadding=\"3\" align=\"center\">\n<tbody>\n<tr>\n<td><strong>Zastosowanie:<\/strong><\/td>\n<td>do ogrzewania pomieszcze\u0144<\/td>\n<\/tr>\n<tr>\n<td><strong>Moc cieplna nominalna (moc ogrzewania pomieszcze\u0144)<\/strong><\/td>\n<td>9,5 kW<\/td>\n<\/tr>\n<tr>\n<td><strong>Sta\u0142opalno\u015b\u0107 przy mocy cieplnej nominalnej\u00a0 <\/strong><\/td>\n<td>2,0 godz.<\/td>\n<\/tr>\n<tr>\n<td><strong>Trwa\u0142o\u015b\u0107 palenia przy mocy zredukowanej<\/strong><\/td>\n<td>10 godz.<\/td>\n<\/tr>\n<tr>\n<td><strong>Jednorazowy zasyp paliwa (drewno)<\/strong><\/td>\n<td>ok. 8kg<\/td>\n<\/tr>\n<tr>\n<td><strong>Sprawno\u015b\u0107 cieplna<\/strong><\/td>\n<td>64,2%<\/td>\n<\/tr>\n<tr>\n<td><strong>Emisja CO ( 13 % O2 )<\/strong><\/td>\n<td>0,4%<\/td>\n<\/tr>\n<tr>\n<td><strong>Strumie\u0144 masy spalin<\/strong><\/td>\n<td>10,4g\/s<\/td>\n<\/tr>\n<tr>\n<td><strong>Odst\u0119p cz\u0119\u015bci palnych od szyby<\/strong><\/td>\n<td>1,5m<\/td>\n<\/tr>\n<tr>\n<td><strong>Masa korpusu<\/strong><\/td>\n<td>161kg<\/td>\n<\/tr>\n<tr>\n<td><strong>Wymagany ci\u0105g kominowy przy mocy nominalnej<\/strong><\/td>\n<td>12 Pa<\/td>\n<\/tr>\n<tr>\n<td><strong>Temperatura spalin przy mocy nominalnej (\u015brednia)<\/strong><\/td>\n<td>440\u00b0C<\/td>\n<\/tr>\n<tr>\n<td><strong>Wymiary:<\/strong><\/td>\n<td>wys. czo\u0142. 483mm;<br \/>\nwys. ca\u0142k. 520mm;<br \/>\nszer.czo\u0142. 621mm;<br \/>\ng\u0142\u0119boko\u015b\u0107 468mm<\/td>\n<\/tr>\n<tr>\n<td><strong>Wymagany otw\u00f3r w obudowie b\u0105d\u017a wn\u0119ce, potrzebny do wbudowania paleniska:<\/strong><\/td>\n<td>szer. 920mm<br \/>\ng\u0142. 615mm<br \/>\nwys. 2000mm<\/td>\n<\/tr>\n<tr>\n<td><strong>\u015arednica wylotu spalin<\/strong><\/td>\n<td>\u00f8w150mm \/ \u00f8z160mm<\/td>\n<\/tr>\n<tr>\n<td><strong>Wymagany ci\u0105g przy mocy zredukowanej<\/strong><\/td>\n<td>6 Pa<\/td>\n<\/tr>\n<tr>\n<td><strong>Paliwo: <\/strong><\/td>\n<td>polana drzew li\u015bciastych: buk, grab, olcha, brzoza<\/td>\n<\/tr>\n<tr>\n<td><strong>Wymiary polan drewna li\u015bciastego:<\/strong><\/td>\n<td>d\u0142. do ~ 330mm,<br \/>\n\u015bredn. do 150mm<br \/>\nlub obw\u00f3d 480mm<\/td>\n<\/tr>\n<\/tbody>\n<\/table>\n<p>Informacje dodatkowe:<\/p>\n<ul>\n<li>Ca\u0142kowita masa wk\u0142adu kominkowego: 170,00 kg<\/li>\n<li>Wymiar palety: 680&#215;620 mm<\/li>\n<\/ul>\n<hr class=\"red-hr\" \/>\n<p>&nbsp;<\/p>\n<ul class=\"inline-page-menu\">\n<li><a href=\"#primero\">PRIMERO<\/a><\/li>\n<li><a href=\"#retro\">RETRO<\/a><\/li>\n<li><a href=\"#unica\">UNICA<\/a><\/li>\n<\/ul>\n<p><\/p>","protected":false},"excerpt":{"rendered":"<p>PRIMERO RETRO UNICA PRIMERO \u0394\u0399\u0391\u03a3\u03a4\u0391\u03a3\u0395\u0399\u03a3 \u03a4\u0396\u0391\u039a\u0399 &nbsp; \u0395\u03c6\u03b1\u03c1\u03bc\u03bf\u03b3\u03ae: \u0398\u03ad\u03c1\u03bc\u03b1\u03bd\u03c3\u03b7 \u039f\u03bd\u03bf\u03bc\u03b1\u03c3\u03c4\u03b9\u03ba\u03ae \u03b8\u03b5\u03c1\u03bc\u03b9\u03ba\u03ae \u03b9\u03c3\u03c7\u03cd\u03c2: 9,5 kW \u03a3\u03c5\u03bd\u03b5\u03c7\u03ae\u03c2 \u03c7\u03c1\u03cc\u03bd\u03bf\u03c2 \u03ba\u03b1\u03cd\u03c3\u03b7\u03c2 \u03bc\u03b5 \u03bc\u03b5\u03b9\u03c9\u03bc\u03ad\u03bd\u03b7 \u03b8\u03b5\u03c1\u03bc\u03b9\u03ba\u03ae \u03b4\u03cd\u03bd\u03b1\u03bc\u03b7: 10 \u03ce\u03c1\u03b5\u03c2\u00a0 \u03a7\u03c9\u03c1\u03b7\u03c4\u03b9\u03ba\u03cc\u03c4\u03b7\u03c4\u03b1\u00a0\u03b8\u03b1\u03bb\u03ac\u03bc\u03bf\u03c5 \u03ba\u03b1\u03cd\u03c3\u03b7\u03c2(\u03be\u03cd\u03bb\u03bf) \u03a0\u03b5\u03c1.8kg \u0398\u03b5\u03c1\u03bc\u03b9\u03ba\u03ae \u03b1\u03c0\u03cc\u03b4\u03bf\u03c3\u03b7: 64,2% \u0395\u03ba\u03c0\u03bf\u03bc\u03c0\u03ad\u03c2 CO (13% O2) 0,4% \u03a1\u03bf\u03ae \u03c4\u03c9\u03bd \u03ba\u03b1\u03c5\u03c3\u03b1\u03b5\u03c1\u03af\u03c9\u03bd: 10,4g\/s \u0391\u03c0\u03b1\u03c1\u03b1\u03af\u03c4\u03b7\u03c4\u03b7 \u03b1\u03c0\u03cc\u03c3\u03c4\u03b1\u03c3\u03b7 \u03b1\u03c0\u03cc \u03b5\u03cd\u03c6\u03bb\u03b5\u03ba\u03c4\u03b1 \u03b1\u03bd\u03c4\u03b9\u03ba\u03b5\u03af\u03bc\u03b5\u03bd\u03b1: 1,5m \u0392\u03ac\u03c1\u03bf\u03c2: 161kg Wymagany ci\u0105g kominowy przy mocy nominalnej 12 Pa \u0398\u03b5\u03c1\u03bc\u03bf\u03ba\u03c1\u03b1\u03c3\u03af\u03b1 [&hellip;]<\/p>\n","protected":false},"author":1,"featured_media":0,"parent":130,"menu_order":1,"comment_status":"closed","ping_status":"closed","template":"","meta":[],"_links":{"self":[{"href":"http:\/\/monolity.pl\/el\/wp-json\/wp\/v2\/pages\/385"}],"collection":[{"href":"http:\/\/monolity.pl\/el\/wp-json\/wp\/v2\/pages"}],"about":[{"href":"http:\/\/monolity.pl\/el\/wp-json\/wp\/v2\/types\/page"}],"author":[{"embeddable":true,"href":"http:\/\/monolity.pl\/el\/wp-json\/wp\/v2\/users\/1"}],"replies":[{"embeddable":true,"href":"http:\/\/monolity.pl\/el\/wp-json\/wp\/v2\/comments?post=385"}],"version-history":[{"count":21,"href":"http:\/\/monolity.pl\/el\/wp-json\/wp\/v2\/pages\/385\/revisions"}],"predecessor-version":[{"id":1087,"href":"http:\/\/monolity.pl\/el\/wp-json\/wp\/v2\/pages\/385\/revisions\/1087"}],"up":[{"embeddable":true,"href":"http:\/\/monolity.pl\/el\/wp-json\/wp\/v2\/pages\/130"}],"wp:attachment":[{"href":"http:\/\/monolity.pl\/el\/wp-json\/wp\/v2\/media?parent=385"}],"curies":[{"name":"wp","href":"https:\/\/api.w.org\/{rel}","templated":true}]}}