{"id":451,"date":"2017-01-19T19:31:04","date_gmt":"2017-01-19T18:31:04","guid":{"rendered":"http:\/\/tarnavva.nazwa.pl\/tarnavva\/?page_id=451"},"modified":"2017-03-09T12:44:21","modified_gmt":"2017-03-09T11:44:21","slug":"wentylacyjne","status":"publish","type":"page","link":"http:\/\/monolity.pl\/el\/produkty\/wentylacyjne\/","title":{"rendered":"Wentylacyjne"},"content":{"rendered":"<p>Oferujemy du\u017cy wyb\u00f3r kratek wentylacyjnych w kilku kolorach i rozmiarach.<\/p>\n<p>Kratki te opcjonalnie mog\u0105 posiada\u0107 \u017caluzj\u0119 s\u0142u\u017c\u0105c\u0105 do regulacji strumienia przep\u0142ywaj\u0105cego powietrza.<\/p>\n<p>&nbsp;<\/p>\n<p><strong>Kratka wentylacyjna KARO \/ S\u0141O\u0143CE &#8211; 105 mm x 170 mm<\/strong><\/p>\n<table>\n<tbody>\n<tr>\n<td><img loading=\"lazy\" class=\"alignnone size-full wp-image-452\" src=\"http:\/\/tarnavva.nazwa.pl\/tarnavva\/wp-content\/uploads\/2017\/01\/105x170-biala-1.jpg\" alt=\"\" width=\"150\" height=\"105\" \/><\/td>\n<td>bez \u017caluzji bia\u0142\u0105 KARO<\/td>\n<\/tr>\n<tr>\n<td>\u00a0<img loading=\"lazy\" class=\"alignnone size-full wp-image-453\" src=\"http:\/\/tarnavva.nazwa.pl\/tarnavva\/wp-content\/uploads\/2017\/01\/105x170-biala-zal.jpg\" alt=\"\" width=\"150\" height=\"105\" \/><\/td>\n<td>z \u017caluzj\u0105 bia\u0142\u0105 KARO<\/td>\n<\/tr>\n<tr>\n<td>\u00a0<img loading=\"lazy\" class=\"alignnone size-thumbnail wp-image-454\" src=\"http:\/\/tarnavva.nazwa.pl\/tarnavva\/wp-content\/uploads\/2017\/01\/105x170-miedz-zal-150x150.jpg\" alt=\"\" width=\"150\" height=\"150\" \/><\/td>\n<td>z \u017caluzj\u0105 &#8211; kolor &#8211; antyczne z\u0142oto \/ antyczne srebro \/ mied\u017a<\/td>\n<\/tr>\n<tr>\n<td>\u00a0<img loading=\"lazy\" class=\"alignnone size-full wp-image-455\" src=\"http:\/\/tarnavva.nazwa.pl\/tarnavva\/wp-content\/uploads\/2017\/01\/105x170-crni-1.jpg\" alt=\"\" width=\"150\" height=\"105\" \/><\/td>\n<td>bez \u017caluzji &#8211; stal nierdzewna<\/td>\n<\/tr>\n<tr>\n<td>\u00a0<img loading=\"lazy\" class=\"alignnone size-full wp-image-452\" src=\"http:\/\/tarnavva.nazwa.pl\/tarnavva\/wp-content\/uploads\/2017\/01\/105x170-biala-1.jpg\" alt=\"\" width=\"150\" height=\"105\" \/><\/td>\n<td>bez \u017caluzji bia\u0142a<\/td>\n<\/tr>\n<tr>\n<td>\u00a0<img loading=\"lazy\" class=\"alignnone size-full wp-image-456\" src=\"http:\/\/tarnavva.nazwa.pl\/tarnavva\/wp-content\/uploads\/2017\/01\/105x170-srebro-1.jpg\" alt=\"\" width=\"150\" height=\"105\" \/><\/td>\n<td>bez \u017caluzji antyczne srebro<\/td>\n<\/tr>\n<tr>\n<td>\u00a0<img loading=\"lazy\" class=\"alignnone size-full wp-image-457\" src=\"http:\/\/tarnavva.nazwa.pl\/tarnavva\/wp-content\/uploads\/2017\/01\/105x170-srebro-zal.jpg\" alt=\"\" width=\"162\" height=\"105\" \/><\/td>\n<td>z \u017caluzj\u0105 S\u0141O\u0143CE antyczne srebro<\/td>\n<\/tr>\n<\/tbody>\n<\/table>\n<p>&nbsp;<\/p>\n<p><strong>Kratka wentylacyjna KARO \/ S\u0141O\u0143CE\u00a0 &#8211; 105 mm x 425 mm<\/strong><\/p>\n<table>\n<tbody>\n<tr>\n<td>\u00a0<img loading=\"lazy\" class=\"alignnone size-full wp-image-460\" src=\"http:\/\/tarnavva.nazwa.pl\/tarnavva\/wp-content\/uploads\/2017\/01\/105x425-biala-1.jpg\" alt=\"\" width=\"250\" height=\"69\" \/><\/td>\n<td>bez \u017caluzji bia\u0142a<\/td>\n<\/tr>\n<tr>\n<td>\u00a0 <img loading=\"lazy\" class=\"alignnone size-full wp-image-459\" src=\"http:\/\/tarnavva.nazwa.pl\/tarnavva\/wp-content\/uploads\/2017\/01\/105x425-srebro-1.jpg\" alt=\"\" width=\"250\" height=\"69\" \/><\/td>\n<td>bez \u017caluzji &#8211; kolor &#8211; antyczne z\u0142oto \/ antyczne srebro \/ mied\u017a<\/td>\n<\/tr>\n<tr>\n<td>\u00a0 <img loading=\"lazy\" class=\"alignnone size-full wp-image-458\" src=\"http:\/\/tarnavva.nazwa.pl\/tarnavva\/wp-content\/uploads\/2017\/01\/105x425-crni-1.jpg\" alt=\"\" width=\"250\" height=\"70\" \/><\/td>\n<td>bez \u017caluzji &#8211; stal nierdzewna<\/td>\n<\/tr>\n<\/tbody>\n<\/table>\n<p>&nbsp;<\/p>\n<p><strong>Kratka wentylacyjna KARO \/ S\u0141O\u0143CE &#8211; 160 mm x 170 mm<\/strong><\/p>\n<table border=\"0\" rules=\"rows\" cellspacing=\"0\" cellpadding=\"3\" align=\"center\">\n<tbody>\n<tr>\n<td>\u00a0<img loading=\"lazy\" class=\"alignnone size-full wp-image-452\" src=\"http:\/\/tarnavva.nazwa.pl\/tarnavva\/wp-content\/uploads\/2017\/01\/105x170-biala-1.jpg\" alt=\"\" width=\"150\" height=\"105\" \/><\/td>\n<td>bez \u017caluzji bia\u0142a<\/td>\n<\/tr>\n<tr>\n<td>\u00a0 <img loading=\"lazy\" class=\"alignnone size-full wp-image-453\" src=\"http:\/\/tarnavva.nazwa.pl\/tarnavva\/wp-content\/uploads\/2017\/01\/105x170-biala-zal.jpg\" alt=\"\" width=\"150\" height=\"105\" \/><\/td>\n<td>z \u017caluzj\u0105 bia\u0142\u0105<\/td>\n<\/tr>\n<tr>\n<td>\u00a0<img loading=\"lazy\" class=\"alignnone size-full wp-image-462\" src=\"http:\/\/tarnavva.nazwa.pl\/tarnavva\/wp-content\/uploads\/2017\/01\/160x170zlo-zal-sl.jpg\" alt=\"\" width=\"150\" height=\"143\" \/><\/td>\n<td>z \u017caluzj\u0105 &#8211; kolor &#8211; antyczne z\u0142oto \/ antyczne srebro \/ mied\u017a<\/td>\n<\/tr>\n<tr>\n<td>\u00a0<img loading=\"lazy\" class=\"alignnone size-full wp-image-463\" src=\"http:\/\/tarnavva.nazwa.pl\/tarnavva\/wp-content\/uploads\/2017\/01\/160x170-crni.jpg\" alt=\"\" width=\"150\" height=\"138\" \/><\/td>\n<td>bez \u017caluzji\u00a0 stal nierdzewna<\/td>\n<\/tr>\n<tr>\n<td>\u00a0<img loading=\"lazy\" class=\"alignnone size-full wp-image-461\" src=\"http:\/\/tarnavva.nazwa.pl\/tarnavva\/wp-content\/uploads\/2017\/01\/160x170zlo-sl.jpg\" alt=\"\" width=\"150\" height=\"145\" \/><\/td>\n<td>bez \u017caluzji antyczne z\u0142oto \/ antyczne srebro \/ mied\u017a<\/td>\n<\/tr>\n<\/tbody>\n<\/table>\n<p>&nbsp;<\/p>\n<p><strong>Kratka wentylacyjna KARO \/ S\u0141O\u0143CE &#8211; <\/strong>1<strong>60 mm x 315 mm<\/strong><\/p>\n<table>\n<tbody>\n<tr>\n<td>\u00a0<img loading=\"lazy\" class=\"alignnone size-full wp-image-460\" src=\"http:\/\/tarnavva.nazwa.pl\/tarnavva\/wp-content\/uploads\/2017\/01\/105x425-biala-1.jpg\" alt=\"\" width=\"250\" height=\"69\" \/><\/td>\n<td>bez \u017caluzji bia\u0142a<\/td>\n<\/tr>\n<tr>\n<td>\u00a0 <img loading=\"lazy\" class=\"alignnone size-full wp-image-464\" src=\"http:\/\/tarnavva.nazwa.pl\/tarnavva\/wp-content\/uploads\/2017\/01\/160x315-biala-slo-zal.jpg\" alt=\"\" width=\"200\" height=\"107\" \/><\/td>\n<td>z \u017caluzj\u0105 bia\u0142\u0105<\/td>\n<\/tr>\n<tr>\n<td>\u00a0 <img loading=\"lazy\" class=\"alignnone size-full wp-image-465\" src=\"http:\/\/tarnavva.nazwa.pl\/tarnavva\/wp-content\/uploads\/2017\/01\/160x315-miedz.jpg\" alt=\"\" width=\"200\" height=\"114\" \/><\/td>\n<td>z \u017caluzj\u0105 &#8211; kolor &#8211; antyczne z\u0142oto \/ antyczne srebro \/ mied\u017a<\/td>\n<\/tr>\n<tr>\n<td>\u00a0<img loading=\"lazy\" class=\"alignnone size-full wp-image-466\" src=\"http:\/\/tarnavva.nazwa.pl\/tarnavva\/wp-content\/uploads\/2017\/01\/160x315-crni-zal.jpg\" alt=\"\" width=\"200\" height=\"104\" \/><\/td>\n<td>z \u017caluzj\u0105 &#8211; stal nierdzewna<\/td>\n<\/tr>\n<tr>\n<td>\u00a0<img loading=\"lazy\" class=\"alignnone size-full wp-image-467\" src=\"http:\/\/tarnavva.nazwa.pl\/tarnavva\/wp-content\/uploads\/2017\/01\/160x315-crni-slo.jpg\" alt=\"\" width=\"200\" height=\"107\" \/><\/td>\n<td>bez \u017caluzji &#8211; stal nierdzewna<\/td>\n<\/tr>\n<\/tbody>\n<\/table>\n<p><strong>\u00a0<\/strong><\/p>","protected":false},"excerpt":{"rendered":"<p>Oferujemy du\u017cy wyb\u00f3r kratek wentylacyjnych w kilku kolorach i rozmiarach. Kratki te opcjonalnie mog\u0105 posiada\u0107 \u017caluzj\u0119 s\u0142u\u017c\u0105c\u0105 do regulacji strumienia przep\u0142ywaj\u0105cego powietrza. &nbsp; Kratka wentylacyjna KARO \/ S\u0141O\u0143CE &#8211; 105 mm x 170 mm bez \u017caluzji bia\u0142\u0105 KARO \u00a0 z \u017caluzj\u0105 bia\u0142\u0105 KARO \u00a0 z \u017caluzj\u0105 &#8211; kolor &#8211; antyczne z\u0142oto \/ antyczne srebro \/ [&hellip;]<\/p>\n","protected":false},"author":1,"featured_media":0,"parent":42,"menu_order":0,"comment_status":"closed","ping_status":"closed","template":"","meta":[],"_links":{"self":[{"href":"http:\/\/monolity.pl\/el\/wp-json\/wp\/v2\/pages\/451"}],"collection":[{"href":"http:\/\/monolity.pl\/el\/wp-json\/wp\/v2\/pages"}],"about":[{"href":"http:\/\/monolity.pl\/el\/wp-json\/wp\/v2\/types\/page"}],"author":[{"embeddable":true,"href":"http:\/\/monolity.pl\/el\/wp-json\/wp\/v2\/users\/1"}],"replies":[{"embeddable":true,"href":"http:\/\/monolity.pl\/el\/wp-json\/wp\/v2\/comments?post=451"}],"version-history":[{"count":14,"href":"http:\/\/monolity.pl\/el\/wp-json\/wp\/v2\/pages\/451\/revisions"}],"predecessor-version":[{"id":1082,"href":"http:\/\/monolity.pl\/el\/wp-json\/wp\/v2\/pages\/451\/revisions\/1082"}],"up":[{"embeddable":true,"href":"http:\/\/monolity.pl\/el\/wp-json\/wp\/v2\/pages\/42"}],"wp:attachment":[{"href":"http:\/\/monolity.pl\/el\/wp-json\/wp\/v2\/media?parent=451"}],"curies":[{"name":"wp","href":"https:\/\/api.w.org\/{rel}","templated":true}]}}