{"id":518,"date":"2017-01-22T11:39:00","date_gmt":"2017-01-22T10:39:00","guid":{"rendered":"http:\/\/tarnavva.nazwa.pl\/tarnavva\/?page_id=518"},"modified":"2017-11-30T12:47:06","modified_gmt":"2017-11-30T11:47:06","slug":"lubelskie","status":"publish","type":"page","link":"http:\/\/monolity.pl\/el\/partnerzy\/lubelskie\/","title":{"rendered":"Lubelskie"},"content":{"rendered":"<table class=\"partn\">\n<thead>\n<tr>\n<th>Lp<\/th>\n<th>Nazwa<\/th>\n<th>Miasto<\/th>\n<th>Adres<\/th>\n<th>Telefon<\/th>\n<th>Email<\/th>\n<th>WWW<\/th>\n<\/tr>\n<\/thead>\n<tbody>\n<tr>\n<td>1<\/td>\n<td>KOM-INSTAL Zak\u0142ad Us\u0142ugowo-Handlowy<\/td>\n<td>Zamo\u015b\u0107<\/td>\n<td>ul. Kili\u0144skiego 78<\/td>\n<td>0-84 6399763<\/td>\n<td><a href=\"mailto:kominstalzuh@wp.pl\">kominstalzuh@wp.pl<\/a><\/td>\n<td><\/td>\n<\/tr>\n<tr>\n<td>2<\/td>\n<td>PHU Kowart<\/td>\n<td>Rokitno<\/td>\n<td>186<\/td>\n<td>833 444 797<\/td>\n<td><a href=\"mailto:kowart.kominki@wp.pl\">kowart.kominki@wp.pl<\/a><\/td>\n<td><\/td>\n<\/tr>\n<tr>\n<td>3<\/td>\n<td>Robi Ren<\/td>\n<td>Lublin<\/td>\n<td>ul. Pi\u0119kna 4<\/td>\n<td>81 749 89 98<\/td>\n<td><a href=\"maito:kominki@robiren.pl\">kominki@robiren.pl<\/a><\/td>\n<td><a href=\"http:\/\/www.robiren.pl\">http:\/\/www.robiren.pl<\/a><\/td>\n<\/tr>\n<tr>\n<td>4<\/td>\n<td>Studio Ognia<\/td>\n<td>Lublin<\/td>\n<td>ul. Modrzewiowa 3<\/td>\n<td>500 141 308<\/td>\n<td><a href=\"mailto:studioognia@gmail.com\">studioognia@gmail.com<\/a><\/td>\n<td><a href=\"http:\/\/www.studioognia.pl\">http:\/\/www.studioognia.pl<\/a><\/td>\n<\/tr>\n<tr>\n<td>5<\/td>\n<td> PPHU HOMER Grzegorz Py\u0107<\/td>\n<td>Lublin<\/td>\n<td> ul. Sachs\u00f3w 1<\/td>\n<td>531 573 115<\/td>\n<td><a href=\"mailto:studioognia@gmail.com\">info@homer.com.pl<\/a><\/td>\n<td><a href=\"http:\/\/homer.com.pl\">http:\/\/homer.com.pl<\/a><\/td>\n<\/tr>\n<tr>\n<td>6<\/td>\n<td> PPHU HOMER Grzegorz Py\u0107<\/td>\n<td>Lublin<\/td>\n<td>ul. Cyrulicza 4<\/td>\n<td>666 605 295<\/td>\n<td><a href=\"mailto:studioognia@gmail.com\">info@homer.com.pl<\/a><\/td>\n<td><a href=\"http:\/\/homer.com.pl\">http:\/\/homer.com.pl<\/a><\/td>\n<\/tr>\n<\/tbody>\n<\/table>\n","protected":false},"excerpt":{"rendered":"<p>Lp Nazwa Miasto Adres Telefon Email WWW 1 KOM-INSTAL Zak\u0142ad Us\u0142ugowo-Handlowy Zamo\u015b\u0107 ul. Kili\u0144skiego 78 0-84 6399763 kominstalzuh@wp.pl 2 PHU Kowart Rokitno 186 833 444 797 kowart.kominki@wp.pl 3 Robi Ren Lublin ul. Pi\u0119kna 4 81 749 89 98 kominki@robiren.pl http:\/\/www.robiren.pl 4 Studio Ognia Lublin ul. Modrzewiowa 3 500 141 308 studioognia@gmail.com http:\/\/www.studioognia.pl 5 PPHU HOMER [&hellip;]<\/p>\n","protected":false},"author":1,"featured_media":0,"parent":25,"menu_order":17,"comment_status":"closed","ping_status":"closed","template":"","meta":[],"_links":{"self":[{"href":"http:\/\/monolity.pl\/el\/wp-json\/wp\/v2\/pages\/518"}],"collection":[{"href":"http:\/\/monolity.pl\/el\/wp-json\/wp\/v2\/pages"}],"about":[{"href":"http:\/\/monolity.pl\/el\/wp-json\/wp\/v2\/types\/page"}],"author":[{"embeddable":true,"href":"http:\/\/monolity.pl\/el\/wp-json\/wp\/v2\/users\/1"}],"replies":[{"embeddable":true,"href":"http:\/\/monolity.pl\/el\/wp-json\/wp\/v2\/comments?post=518"}],"version-history":[{"count":5,"href":"http:\/\/monolity.pl\/el\/wp-json\/wp\/v2\/pages\/518\/revisions"}],"predecessor-version":[{"id":1122,"href":"http:\/\/monolity.pl\/el\/wp-json\/wp\/v2\/pages\/518\/revisions\/1122"}],"up":[{"embeddable":true,"href":"http:\/\/monolity.pl\/el\/wp-json\/wp\/v2\/pages\/25"}],"wp:attachment":[{"href":"http:\/\/monolity.pl\/el\/wp-json\/wp\/v2\/media?parent=518"}],"curies":[{"name":"wp","href":"https:\/\/api.w.org\/{rel}","templated":true}]}}