{"id":525,"date":"2017-01-22T11:55:37","date_gmt":"2017-01-22T10:55:37","guid":{"rendered":"http:\/\/tarnavva.nazwa.pl\/tarnavva\/?page_id=525"},"modified":"2017-01-22T11:56:54","modified_gmt":"2017-01-22T10:56:54","slug":"malopolskie","status":"publish","type":"page","link":"http:\/\/monolity.pl\/el\/partnerzy\/malopolskie\/","title":{"rendered":"Ma\u0142opolskie"},"content":{"rendered":"<table class=\"partn\">\n<thead>\n<tr>\n<th>Lp<\/th>\n<th>Nazwa<\/th>\n<th>Miasto<\/th>\n<th>Adres<\/th>\n<th>Telefon<\/th>\n<th>Email<\/th>\n<th>WWW<\/th>\n<\/tr>\n<\/thead>\n<tbody>\n<tr>\n<td>1<\/td>\n<td>Abc Dino<\/td>\n<td>Chrzan\u00f3w<\/td>\n<td>ul. Kana\u0142owa 4<\/td>\n<td>32 62 36 419<\/td>\n<td><a href=\"mailto:abc.dino@gmail.com\">abc.dino@gmail.com<\/a><\/td>\n<td><\/td>\n<\/tr>\n<tr>\n<td>2<\/td>\n<td>Deco Fire<\/td>\n<td>Krak\u00f3w<\/td>\n<td>ul. Ma\u0142a g\u00f3ra 71<\/td>\n<td>668 151 378<\/td>\n<td><a href=\"mailto:sklep@decofire.com.pl\">sklep@decofire.com.pl<\/a><\/td>\n<td><\/td>\n<\/tr>\n<tr>\n<td>3<\/td>\n<td>Elmont<\/td>\n<td>Tarn\u00f3w<\/td>\n<td>ul. Nowod\u0105browska 183<\/td>\n<td>602 837 175 <\/td>\n<td><a href=\"maito:kominyserwis@gmail.com\">kominyserwis@gmail.com<\/a><\/td>\n<td><a href=\"http:\/\/www.kominy-serwis.pl\">http:\/\/www.kominy-serwis.pl<\/a><\/td>\n<\/tr>\n<tr>\n<td>4<\/td>\n<td>Juch-Bud<\/td>\n<td>Wola Radziszowska<\/td>\n<td>Wola Radziszowska 234<\/td>\n<td>604 783 578<\/td>\n<td><a href=\"mailto:juchbud.marian@wp.pl\">juchbud.marian@wp.pl<\/a><\/td>\n<td><a href=\"www.juchbud.host77.pl\">www.juchbud.host77.pl<\/a><\/td>\n<\/tr>\n<tr>\n<td>5<\/td>\n<td>Ko Tar<\/td>\n<td>Tarn\u00f3w<\/td>\n<td>ul. Gie\u0142dowa<\/td>\n<td>602 55 31 54<\/td>\n<td><\/td>\n<td><a href=\"http:\/\/www.ko-tar.com.pl\">http:\/\/www.ko-tar.com.pl<\/a><\/td>\n<\/tr>\n<tr>\n<td>6<\/td>\n<td>Kominek<\/td>\n<td>Mszana Dolna<\/td>\n<td>Zakopia\u0144ska 6D<\/td>\n<td>+48 18 331 11 76<\/td>\n<td><\/td>\n<td><\/td>\n<\/tr>\n<tr>\n<td>7<\/td>\n<td>Metal B\u0142ysk<\/td>\n<td>Krak\u00f3w<\/td>\n<td>ul. Czarnowiejska 1<\/td>\n<td>12 633 05 98<\/td>\n<td><a href=\"mailto:metalblysk@metalblysk.com.pl\">metalblysk@metalblysk.com.pl<\/a><\/td>\n<td><a href=\"http:\/\/www.metalblysk.com.pl\">http:\/\/www.metalblysk.com.pl<\/a><\/td>\n<\/tr>\n<tr>\n<td>8<\/td>\n<td>Wojcieszko<\/td>\n<td>Wieliczka<\/td>\n<td>ul. REJTANA 8B<\/td>\n<td>601 198 312<\/td>\n<td><a href=\"mailto:info@wojcieszko.pl\">info@wojcieszko.pl<\/a><\/td>\n<td><a href=\"http:\/\/www.wojcieszko.pl\">http:\/\/www.wojcieszko.pl<\/a><\/td>\n<\/tr>\n<\/tbody>\n<\/table>\n","protected":false},"excerpt":{"rendered":"<p>Lp Nazwa Miasto Adres Telefon Email WWW 1 Abc Dino Chrzan\u00f3w ul. Kana\u0142owa 4 32 62 36 419 abc.dino@gmail.com 2 Deco Fire Krak\u00f3w ul. Ma\u0142a g\u00f3ra 71 668 151 378 sklep@decofire.com.pl 3 Elmont Tarn\u00f3w ul. Nowod\u0105browska 183 602 837 175 kominyserwis@gmail.com http:\/\/www.kominy-serwis.pl 4 Juch-Bud Wola Radziszowska Wola Radziszowska 234 604 783 578 juchbud.marian@wp.pl www.juchbud.host77.pl 5 [&hellip;]<\/p>\n","protected":false},"author":1,"featured_media":0,"parent":25,"menu_order":4,"comment_status":"closed","ping_status":"closed","template":"","meta":[],"_links":{"self":[{"href":"http:\/\/monolity.pl\/el\/wp-json\/wp\/v2\/pages\/525"}],"collection":[{"href":"http:\/\/monolity.pl\/el\/wp-json\/wp\/v2\/pages"}],"about":[{"href":"http:\/\/monolity.pl\/el\/wp-json\/wp\/v2\/types\/page"}],"author":[{"embeddable":true,"href":"http:\/\/monolity.pl\/el\/wp-json\/wp\/v2\/users\/1"}],"replies":[{"embeddable":true,"href":"http:\/\/monolity.pl\/el\/wp-json\/wp\/v2\/comments?post=525"}],"version-history":[{"count":1,"href":"http:\/\/monolity.pl\/el\/wp-json\/wp\/v2\/pages\/525\/revisions"}],"predecessor-version":[{"id":526,"href":"http:\/\/monolity.pl\/el\/wp-json\/wp\/v2\/pages\/525\/revisions\/526"}],"up":[{"embeddable":true,"href":"http:\/\/monolity.pl\/el\/wp-json\/wp\/v2\/pages\/25"}],"wp:attachment":[{"href":"http:\/\/monolity.pl\/el\/wp-json\/wp\/v2\/media?parent=525"}],"curies":[{"name":"wp","href":"https:\/\/api.w.org\/{rel}","templated":true}]}}