{"id":588,"date":"2017-02-03T17:23:52","date_gmt":"2017-02-03T16:23:52","guid":{"rendered":"http:\/\/monolity.pl\/?page_id=588"},"modified":"2017-02-03T17:24:40","modified_gmt":"2017-02-03T16:24:40","slug":"polecamy","status":"publish","type":"page","link":"http:\/\/monolity.pl\/el\/polecamy\/","title":{"rendered":"Polecamy"},"content":{"rendered":"<h2><strong>UNICA GRAND 20 KW <\/strong><\/h2>\n<p>&nbsp;<\/p>\n<p>Wk\u0142ad Kominkowy\u00a0<strong>Unica Grand<\/strong> to najwi\u0119kszy dost\u0119pny na rynku monolityczny wk\u0142ad grzewczy z tak du\u017c\u0105 szyb\u0105 (80x50cm), kt\u00f3ry jest jednocze\u015bnie bardzo funkcjonalny i estetyczny. <strong>Unica Grand <\/strong>to wiele nowatorskich rozwi\u0105za\u0144, kt\u00f3re pozwoli\u0142y osi\u0105gn\u0105\u0107 wysok\u0105 efektywno\u015b\u0107 przy nowoczesnej estetyce wk\u0142adu kominkowego.<\/p>\n<p>G\u0142\u00f3wne jego zalety:<\/p>\n<ul>\n<li>zintegrowany stojak<\/li>\n<li>przesuni\u0119cie korpusu<\/li>\n<li>doprowadzenie powietrza<\/li>\n<li>unikatowe u\u017cebrowanie<\/li>\n<li>funkcjonalne zamkniecie<\/li>\n<li>wymiennik ciep\u0142a<\/li>\n<li>system mocowania szyby z sitodrukiem<\/li>\n<li>maskownica popielnika<\/li>\n<li>przepustnice powietrza w standardzie<\/li>\n<li>opcjonalnie elegancka rama wyko\u0144czeniowa w 4 kolorach<\/li>\n<\/ul>\n<p><img loading=\"lazy\" class=\"aligncenter size-full wp-image-589\" src=\"http:\/\/monolity.pl\/wp-content\/uploads\/2017\/02\/Tarnavva_Super_Grand_Unica-800_07.jpg\" alt=\"\" width=\"600\" height=\"400\" srcset=\"http:\/\/monolity.pl\/wp-content\/uploads\/2017\/02\/Tarnavva_Super_Grand_Unica-800_07.jpg 600w, http:\/\/monolity.pl\/wp-content\/uploads\/2017\/02\/Tarnavva_Super_Grand_Unica-800_07-300x200.jpg 300w\" sizes=\"(max-width: 600px) 100vw, 600px\" \/><\/p>\n<p>&nbsp;<\/p>\n<h2 style=\"text-align: center;\"><strong>UNICA GRAND 20 KW w standardowym wyko\u0144czeniu<\/strong><\/h2>\n<h2><img loading=\"lazy\" class=\"aligncenter size-full wp-image-590\" src=\"http:\/\/monolity.pl\/wp-content\/uploads\/2017\/02\/Tarnavva_rozeta-drapanka_03.jpg\" alt=\"\" width=\"600\" height=\"400\" srcset=\"http:\/\/monolity.pl\/wp-content\/uploads\/2017\/02\/Tarnavva_rozeta-drapanka_03.jpg 600w, http:\/\/monolity.pl\/wp-content\/uploads\/2017\/02\/Tarnavva_rozeta-drapanka_03-300x200.jpg 300w\" sizes=\"(max-width: 600px) 100vw, 600px\" \/><\/h2>\n<h2 style=\"text-align: center;\"><strong>UNICA GRAND 20 KW z ram\u0105 wyko\u0144czeniow\u0105 ze stali szlifowanej<\/strong><\/h2>\n<p><img loading=\"lazy\" src=\"http:\/\/monolity.pl\/wp-content\/uploads\/2017\/02\/zdjecia-obudowa-1024x711.jpg\" alt=\"\" width=\"1024\" height=\"711\" class=\"aligncenter size-large wp-image-591\" srcset=\"http:\/\/monolity.pl\/wp-content\/uploads\/2017\/02\/zdjecia-obudowa-1024x711.jpg 1024w, http:\/\/monolity.pl\/wp-content\/uploads\/2017\/02\/zdjecia-obudowa-300x208.jpg 300w, http:\/\/monolity.pl\/wp-content\/uploads\/2017\/02\/zdjecia-obudowa-768x533.jpg 768w, http:\/\/monolity.pl\/wp-content\/uploads\/2017\/02\/zdjecia-obudowa.jpg 1500w\" sizes=\"(max-width: 1024px) 100vw, 1024px\" \/><\/p>\n","protected":false},"excerpt":{"rendered":"<p>UNICA GRAND 20 KW &nbsp; Wk\u0142ad Kominkowy\u00a0Unica Grand to najwi\u0119kszy dost\u0119pny na rynku monolityczny wk\u0142ad grzewczy z tak du\u017c\u0105 szyb\u0105 (80x50cm), kt\u00f3ry jest jednocze\u015bnie bardzo funkcjonalny i estetyczny. Unica Grand to wiele nowatorskich rozwi\u0105za\u0144, kt\u00f3re pozwoli\u0142y osi\u0105gn\u0105\u0107 wysok\u0105 efektywno\u015b\u0107 przy nowoczesnej estetyce wk\u0142adu kominkowego. G\u0142\u00f3wne jego zalety: zintegrowany stojak przesuni\u0119cie korpusu doprowadzenie powietrza unikatowe u\u017cebrowanie [&hellip;]<\/p>\n","protected":false},"author":1,"featured_media":0,"parent":0,"menu_order":0,"comment_status":"closed","ping_status":"closed","template":"","meta":[],"_links":{"self":[{"href":"http:\/\/monolity.pl\/el\/wp-json\/wp\/v2\/pages\/588"}],"collection":[{"href":"http:\/\/monolity.pl\/el\/wp-json\/wp\/v2\/pages"}],"about":[{"href":"http:\/\/monolity.pl\/el\/wp-json\/wp\/v2\/types\/page"}],"author":[{"embeddable":true,"href":"http:\/\/monolity.pl\/el\/wp-json\/wp\/v2\/users\/1"}],"replies":[{"embeddable":true,"href":"http:\/\/monolity.pl\/el\/wp-json\/wp\/v2\/comments?post=588"}],"version-history":[{"count":2,"href":"http:\/\/monolity.pl\/el\/wp-json\/wp\/v2\/pages\/588\/revisions"}],"predecessor-version":[{"id":593,"href":"http:\/\/monolity.pl\/el\/wp-json\/wp\/v2\/pages\/588\/revisions\/593"}],"wp:attachment":[{"href":"http:\/\/monolity.pl\/el\/wp-json\/wp\/v2\/media?parent=588"}],"curies":[{"name":"wp","href":"https:\/\/api.w.org\/{rel}","templated":true}]}}