{"id":385,"date":"2017-01-15T14:28:55","date_gmt":"2017-01-15T13:28:55","guid":{"rendered":"http:\/\/tarnavva.nazwa.pl\/tarnavva\/?page_id=385"},"modified":"2017-03-09T13:07:49","modified_gmt":"2017-03-09T12:07:49","slug":"wklady-typu-14-kw","status":"publish","type":"page","link":"http:\/\/monolity.pl\/en\/produkty\/wklady-kominkowe\/wklady-typu-14-kw\/","title":{"rendered":"14 kw"},"content":{"rendered":"<p><\/p>\n<ul class=\"inline-page-menu\">\n<li><a href=\"#primero\">PRIMERO<\/a><\/li>\n<li><a href=\"#retro\">RETRO<\/a><\/li>\n<li><a href=\"#unica\">UNICA<\/a><\/li>\n<\/ul>\n<h3 id=\"primero\" class=\"red-header-2\">PRIMERO<\/h3>\n<p><img loading=\"lazy\" width=\"601\" height=\"419\" class=\"alignnone size-full wp-image-144\" style=\"display: inline-block; width: 68%;\" src=\"http:\/\/tarnavva.nazwa.pl\/tarnavva\/wp-content\/uploads\/2017\/01\/Tarnavva_Primero_14kW_01-1.jpg\" alt=\"primero\" \/><img loading=\"lazy\" width=\"150\" height=\"98\" class=\"alignnone size-full wp-image-145\" style=\"width: 23%;\" src=\"http:\/\/tarnavva.nazwa.pl\/tarnavva\/wp-content\/uploads\/2017\/01\/gw.jpg\" alt=\"gwar\" \/><\/p>\n<p><a style=\"text-align: left;\" href=\"http:\/\/tarnavva.nazwa.pl\/tarnavva\/wp-content\/uploads\/2017\/01\/Tarnavva_Primero_14kW_01-1.jpg\" data-rel=\"lightbox-gallery-1YuSI8KL\" data-rl_title=\"\" data-rl_caption=\"\" title=\"\"><img loading=\"lazy\" class=\"alignnone size-full wp-image-146\" style=\"margin: 8px 8px -8px;\" src=\"http:\/\/tarnavva.nazwa.pl\/tarnavva\/wp-content\/uploads\/2017\/01\/zoba_m.jpg\" alt=\"zob\" width=\"30\" height=\"28\" \/>Parameter<\/a><\/p>\n<p>&nbsp;<\/p>\n<table border=\"0\" rules=\"rows\" cellspacing=\"0\" cellpadding=\"3\" align=\"center\">\n<tbody>\n<tr>\n<td><strong>Application:<\/strong><\/td>\n<td>room heating<\/td>\n<\/tr>\n<tr>\n<td><strong>Nominal heat power<\/strong><\/td>\n<td>9,5 kW<\/td>\n<\/tr>\n<tr>\n<td><strong>Continuos burn time with nominal heat power<\/strong><\/td>\n<td>2 h<\/td>\n<\/tr>\n<tr>\n<td><strong>Burn stability with reduced power<\/strong><\/td>\n<td>10 h<\/td>\n<\/tr>\n<tr>\n<td><strong>Single fuel charge<\/strong><\/td>\n<td>ok. 8kg<\/td>\n<\/tr>\n<tr>\n<td><strong>Heat efficiency<\/strong><\/td>\n<td>64,2%<\/td>\n<\/tr>\n<tr>\n<td><strong>CO (13%02) emission<\/strong><\/td>\n<td>0,4%<\/td>\n<\/tr>\n<tr>\n<td><strong>Exhaust fumes flow<\/strong><\/td>\n<td>10,4g\/s<\/td>\n<\/tr>\n<tr>\n<td><strong>Distance of flammable items from the glass<\/strong><\/td>\n<td>1,5m<\/td>\n<\/tr>\n<tr>\n<td><strong>Weight<\/strong><\/td>\n<td>161kg<\/td>\n<\/tr>\n<tr>\n<td><strong>Required chimney draught with minimum power<\/strong><\/td>\n<td>12 Pa<\/td>\n<\/tr>\n<tr>\n<td><strong>Temperature of the exhaust fumes with nominal power<\/strong><\/td>\n<td>440\u00b0C<\/td>\n<\/tr>\n<tr>\n<td><strong>Size<\/strong><\/td>\n<td>483mm x 520mm x 621mm x 468mm<\/td>\n<\/tr>\n<tr>\n<td><strong>Diameter of exhaust fumes outlet<\/strong><\/td>\n<td>920mm x 615mm x 2000mm<\/td>\n<\/tr>\n<tr>\n<td><strong>Chimney<\/strong><\/td>\n<td>\u00f8w150mm \/ \u00f8z160mm<\/td>\n<\/tr>\n<tr>\n<td><strong>Required draught with reduced power<\/strong><\/td>\n<td>6 Pa<\/td>\n<\/tr>\n<tr>\n<td><strong>Fuel:<\/strong><\/td>\n<td>deciduous trees wood<\/td>\n<\/tr>\n<tr>\n<td><strong>Dimensions of wood logs:<\/strong><\/td>\n<td>330mm x 150mm 480mm<\/td>\n<\/tr>\n<\/tbody>\n<\/table>\n<p>&nbsp;<\/p>\n<p>&nbsp;<\/p>\n<hr class=\"red-hr\" \/>\n<p>&nbsp;<\/p>\n<h3 id=\"unica\" class=\"red-header-2\">UNICA<\/h3>\n<p><img loading=\"lazy\" width=\"601\" height=\"419\" class=\"alignnone size-full wp-image-144\" style=\"display: inline-block; width: 68%;\" src=\"http:\/\/tarnavva.nazwa.pl\/tarnavva\/wp-content\/uploads\/2017\/01\/Tarnavva_Unica_14kW_01.jpg\" alt=\"unica\" \/><img loading=\"lazy\" width=\"150\" height=\"98\" class=\"alignnone size-full wp-image-145\" style=\"width: 23%;\" src=\"http:\/\/tarnavva.nazwa.pl\/tarnavva\/wp-content\/uploads\/2017\/01\/gw.jpg\" alt=\"gwar\" \/><\/p>\n<p><a style=\"text-align: left;\" href=\"http:\/\/tarnavva.nazwa.pl\/tarnavva\/wp-content\/uploads\/2017\/01\/Tarnavva_Unica_14kW_01.jpg\" data-rel=\"lightbox-gallery-1YuSI8KL\" data-rl_title=\"\" data-rl_caption=\"\" title=\"\"><img loading=\"lazy\" class=\"alignnone size-full wp-image-146\" style=\"margin: 8px 8px -8px;\" src=\"http:\/\/tarnavva.nazwa.pl\/tarnavva\/wp-content\/uploads\/2017\/01\/zoba_m.jpg\" alt=\"zob\" width=\"30\" height=\"28\" \/>Parameter<\/a><\/p>\n<p>&nbsp;<\/p>\n<table border=\"0\" rules=\"rows\" cellspacing=\"0\" cellpadding=\"3\" align=\"center\">\n<tbody>\n<tr>\n<td><strong>Application:<\/strong><\/td>\n<td>room heating<\/td>\n<\/tr>\n<tr>\n<td><strong>Nominal heat power<\/strong><\/td>\n<td>9,5 kW<\/td>\n<\/tr>\n<tr>\n<td><strong>Continuos burn time with nominal heat power<\/strong><\/td>\n<td>2 h<\/td>\n<\/tr>\n<tr>\n<td><strong>Burn stability with reduced power<\/strong><\/td>\n<td>10 godz.<\/td>\n<\/tr>\n<tr>\n<td><strong>Single fuel charge<\/strong><\/td>\n<td>ok. 8kg<\/td>\n<\/tr>\n<tr>\n<td><strong>Heat efficiency<\/strong><\/td>\n<td>64,2%<\/td>\n<\/tr>\n<tr>\n<td><strong>CO (13%02) emission<\/strong><\/td>\n<td>0,4%<\/td>\n<\/tr>\n<tr>\n<td><strong>Exhaust fumes flow<\/strong><\/td>\n<td>10,4g\/s<\/td>\n<\/tr>\n<tr>\n<td><strong>Distance of flammable items from the glass<\/strong><\/td>\n<td>1,5m<\/td>\n<\/tr>\n<tr>\n<td><strong>Weight<\/strong><\/td>\n<td>161kg<\/td>\n<\/tr>\n<tr>\n<td><strong>Required chimney draught with minimum power<\/strong><\/td>\n<td>12 Pa<\/td>\n<\/tr>\n<tr>\n<td><strong>Temperature of the exhaust fumes with nominal power<\/strong><\/td>\n<td>440\u00b0C<\/td>\n<\/tr>\n<tr>\n<td><strong>Size<\/strong><\/td>\n<td>483mm x 520mm x 621mm x 468mm<\/td>\n<\/tr>\n<tr>\n<td><strong>Diameter of exhaust fumes outlet<\/strong><\/td>\n<td>920mm x 615mm x 2000mm<\/td>\n<\/tr>\n<tr>\n<td><strong>Chimney<\/strong><\/td>\n<td>\u00f8w150mm \/ \u00f8z160mm<\/td>\n<\/tr>\n<tr>\n<td><strong>Required draught with reduced power<\/strong><\/td>\n<td>6 Pa<\/td>\n<\/tr>\n<tr>\n<td><strong>Fuel:<\/strong><\/td>\n<td>deciduous trees wood<\/td>\n<\/tr>\n<tr>\n<td><strong>Dimensions of wood logs:<\/strong><\/td>\n<td>length 330mm<\/td>\n<\/tr>\n<\/tbody>\n<\/table>\n<p>&nbsp;<\/p>\n<hr class=\"red-hr\" \/>\n<p>&nbsp;<\/p>\n<h3 id=\"retro\" class=\"red-header-2\">RETRO<\/h3>\n<p><img loading=\"lazy\" width=\"601\" height=\"419\" class=\"alignnone size-full wp-image-144\" style=\"display: inline-block; width: 68%;\" src=\"http:\/\/tarnavva.nazwa.pl\/tarnavva\/wp-content\/uploads\/2017\/01\/retro1.jpg\" alt=\"unica\" \/><img loading=\"lazy\" width=\"150\" height=\"98\" class=\"alignnone size-full wp-image-145\" style=\"width: 23%;\" src=\"http:\/\/tarnavva.nazwa.pl\/tarnavva\/wp-content\/uploads\/2017\/01\/gw.jpg\" alt=\"gwar\" \/><\/p>\n<p><a style=\"text-align: left;\" href=\"http:\/\/tarnavva.nazwa.pl\/tarnavva\/wp-content\/uploads\/2017\/01\/retro1.jpg\" data-rel=\"lightbox-gallery-1YuSI8KL\" data-rl_title=\"\" data-rl_caption=\"\" title=\"\"><img loading=\"lazy\" class=\"alignnone size-full wp-image-146\" style=\"margin: 8px 8px -8px;\" src=\"http:\/\/tarnavva.nazwa.pl\/tarnavva\/wp-content\/uploads\/2017\/01\/zoba_m.jpg\" alt=\"zob\" width=\"30\" height=\"28\" \/> WYMIARY WK\u0141ADU <\/a><\/p>\n<p>&nbsp;<\/p>\n<table border=\"0\" rules=\"rows\" cellspacing=\"0\" cellpadding=\"3\" align=\"center\">\n<tbody>\n<tr>\n<td><strong>Zastosowanie:<\/strong><\/td>\n<td>do ogrzewania pomieszcze\u0144<\/td>\n<\/tr>\n<tr>\n<td><strong>Moc cieplna nominalna (moc ogrzewania pomieszcze\u0144)<\/strong><\/td>\n<td>9,5 kW<\/td>\n<\/tr>\n<tr>\n<td><strong>Sta\u0142opalno\u015b\u0107 przy mocy cieplnej nominalnej\u00a0 <\/strong><\/td>\n<td>2,0 godz.<\/td>\n<\/tr>\n<tr>\n<td><strong>Trwa\u0142o\u015b\u0107 palenia przy mocy zredukowanej<\/strong><\/td>\n<td>10 godz.<\/td>\n<\/tr>\n<tr>\n<td><strong>Jednorazowy zasyp paliwa (drewno)<\/strong><\/td>\n<td>ok. 8kg<\/td>\n<\/tr>\n<tr>\n<td><strong>Sprawno\u015b\u0107 cieplna<\/strong><\/td>\n<td>64,2%<\/td>\n<\/tr>\n<tr>\n<td><strong>Emisja CO ( 13 % O2 )<\/strong><\/td>\n<td>0,4%<\/td>\n<\/tr>\n<tr>\n<td><strong>Strumie\u0144 masy spalin<\/strong><\/td>\n<td>10,4g\/s<\/td>\n<\/tr>\n<tr>\n<td><strong>Odst\u0119p cz\u0119\u015bci palnych od szyby<\/strong><\/td>\n<td>1,5m<\/td>\n<\/tr>\n<tr>\n<td><strong>Masa korpusu<\/strong><\/td>\n<td>161kg<\/td>\n<\/tr>\n<tr>\n<td><strong>Wymagany ci\u0105g kominowy przy mocy nominalnej<\/strong><\/td>\n<td>12 Pa<\/td>\n<\/tr>\n<tr>\n<td><strong>Temperatura spalin przy mocy nominalnej (\u015brednia)<\/strong><\/td>\n<td>440\u00b0C<\/td>\n<\/tr>\n<tr>\n<td><strong>Wymiary:<\/strong><\/td>\n<td>wys. czo\u0142. 483mm;<br \/>\nwys. ca\u0142k. 520mm;<br \/>\nszer.czo\u0142. 621mm;<br \/>\ng\u0142\u0119boko\u015b\u0107 468mm<\/td>\n<\/tr>\n<tr>\n<td><strong>Wymagany otw\u00f3r w obudowie b\u0105d\u017a wn\u0119ce, potrzebny do wbudowania paleniska:<\/strong><\/td>\n<td>szer. 920mm<br \/>\ng\u0142. 615mm<br \/>\nwys. 2000mm<\/td>\n<\/tr>\n<tr>\n<td><strong>\u015arednica wylotu spalin<\/strong><\/td>\n<td>\u00f8w150mm \/ \u00f8z160mm<\/td>\n<\/tr>\n<tr>\n<td><strong>Wymagany ci\u0105g przy mocy zredukowanej<\/strong><\/td>\n<td>6 Pa<\/td>\n<\/tr>\n<tr>\n<td><strong>Paliwo: <\/strong><\/td>\n<td>polana drzew li\u015bciastych: buk, grab, olcha, brzoza<\/td>\n<\/tr>\n<tr>\n<td><strong>Wymiary polan drewna li\u015bciastego:<\/strong><\/td>\n<td>d\u0142. do ~ 330mm,<br \/>\n\u015bredn. do 150mm<br \/>\nlub obw\u00f3d 480mm<\/td>\n<\/tr>\n<\/tbody>\n<\/table>\n<p>&nbsp;<\/p>\n<hr class=\"red-hr\" \/>\n<p>&nbsp;<\/p>\n<ul class=\"inline-page-menu\">\n<li><a href=\"#primero\">PRIMERO<\/a><\/li>\n<li><a href=\"#retro\">RETRO<\/a><\/li>\n<li><a href=\"#unica\">UNICA<\/a><\/li>\n<\/ul>\n<p><\/p>","protected":false},"excerpt":{"rendered":"<p>PRIMERO RETRO UNICA PRIMERO Parameter &nbsp; Application: room heating Nominal heat power 9,5 kW Continuos burn time with nominal heat power 2 h Burn stability with reduced power 10 h Single fuel charge ok. 8kg Heat efficiency 64,2% CO (13%02) emission 0,4% Exhaust fumes flow 10,4g\/s Distance of flammable items from the glass 1,5m Weight [&hellip;]<\/p>\n","protected":false},"author":1,"featured_media":0,"parent":130,"menu_order":1,"comment_status":"closed","ping_status":"closed","template":"","meta":[],"_links":{"self":[{"href":"http:\/\/monolity.pl\/en\/wp-json\/wp\/v2\/pages\/385"}],"collection":[{"href":"http:\/\/monolity.pl\/en\/wp-json\/wp\/v2\/pages"}],"about":[{"href":"http:\/\/monolity.pl\/en\/wp-json\/wp\/v2\/types\/page"}],"author":[{"embeddable":true,"href":"http:\/\/monolity.pl\/en\/wp-json\/wp\/v2\/users\/1"}],"replies":[{"embeddable":true,"href":"http:\/\/monolity.pl\/en\/wp-json\/wp\/v2\/comments?post=385"}],"version-history":[{"count":21,"href":"http:\/\/monolity.pl\/en\/wp-json\/wp\/v2\/pages\/385\/revisions"}],"predecessor-version":[{"id":1087,"href":"http:\/\/monolity.pl\/en\/wp-json\/wp\/v2\/pages\/385\/revisions\/1087"}],"up":[{"embeddable":true,"href":"http:\/\/monolity.pl\/en\/wp-json\/wp\/v2\/pages\/130"}],"wp:attachment":[{"href":"http:\/\/monolity.pl\/en\/wp-json\/wp\/v2\/media?parent=385"}],"curies":[{"name":"wp","href":"https:\/\/api.w.org\/{rel}","templated":true}]}}