{"id":549,"date":"2017-01-22T13:38:09","date_gmt":"2017-01-22T12:38:09","guid":{"rendered":"http:\/\/tarnavva.nazwa.pl\/tarnavva\/?page_id=549"},"modified":"2019-09-11T18:37:04","modified_gmt":"2019-09-11T16:37:04","slug":"europa","status":"publish","type":"page","link":"http:\/\/monolity.pl\/en\/partnerzy\/europa\/","title":{"rendered":"Foreign Partners"},"content":{"rendered":"<p><\/p>\n<table class=\"partn\">\n<thead>\n<tr>\n<th>Lp<\/th>\n<th>Nazwa<\/th>\n<th>Miasto<\/th>\n<th>Adres<\/th>\n<th>Telefon<\/th>\n<th>Email<\/th>\n<th>WWW<\/th>\n<\/tr>\n<\/thead>\n<tbody>\n<tr>\n<td>1<\/td>\n<td>\u041d\u0430\u044f\u043d-\u0411\u0430\u043b\u0442<\/td>\n<td>Kaliningrad \/ \u041a\u0430\u043b\u0438\u043d\u0438\u043d\u0433\u0440<\/td>\n<td>\u0421\u043e\u0432\u0435\u0442\u0441\u043a\u0438\u0439 \u043f\u0440\u043e\u0441\u043f\u0435\u043a\u0442 49<\/td>\n<td>+7 (4012) 916126<\/td>\n<td><a href=\"mailto:alex-kamini@yandex.ru\">alex-kamini@yandex.ru<\/a><\/td>\n<td><\/td>\n<\/tr>\n<tr>\n<td>2<\/td>\n<td>Bia\u0142oru\u015b &#8211; ARITIDA OOO \/ \u0410\u0420\u0418\u0422\u0418\u0414\u0410 \u041e\u041e\u041e<\/td>\n<td>Mi\u0144sk \/ \u041c\u0438\u043d\u0441\u043a<\/td>\n<td>ul.Lukyanovicha h.10 (vhoh ulicy Gallo, d.146)\/ \u0443\u043b.\u041b\u0443\u043a\u044c\u044f\u043d\u043e\u0432\u0438\u0447\u0430 \u0434.10 (\u0432\u0445\u043e\u0445 \u0441 \u0443\u043b\u0438\u0446\u044b \u0413\u0430\u043b\u043e,<\/td>\n<td><\/td>\n<td><a href=\"mailto:info@domtepla.by \">info@domtepla.by <\/a><\/td>\n<td><a href=\"http:\/\/domtepla.by\/\">http:\/\/domtepla.by\/<\/a><\/td>\n<\/tr>\n<tr>\n<td>3<\/td>\n<td>Bia\u0142oru\u015b &#8211; ARITIDA OOO \/ \u0410\u0420\u0418\u0422\u0418\u0414\u0410 \u041e\u041e\u041e<\/td>\n<td>Baranovichi \/ \u0411\u0430\u0440\u0430\u043d\u043e\u0432\u0438\u0447<\/td>\n<td>per Klubnyi 5a \/ \u043f\u0435\u0440 \u041a\u043b\u0443\u0431\u043d\u044b\u0439 5a<\/td>\n<td>+37529 2884884<\/td>\n<td><a href=\"mailto:info@domtepla.by \">info@domtepla.by <\/a><\/td>\n<td><a href=\"http:\/\/domtepla.by\/\">http:\/\/domtepla.by\/<\/a><\/td>\n<\/tr>\n<tr>\n<td>4<\/td>\n<td>Czechy &#8211; MBTerm-krby s.r.o.<\/td>\n<td>T\u0159inec<\/td>\n<td>Ul. Konsk\u00e1 153<\/td>\n<td>+420 77 436 00 45<\/td>\n<td><a href=\"mailto:mbterm@email.cz\">mbterm@email.cz<\/a><\/td>\n<td><a href=\"http:\/\/mbterm-krby.cz\/\">http:\/\/mbterm-krby.cz\/<\/a><\/td>\n<\/tr>\n<tr>\n<td>5<\/td>\n<td>Finlandia &#8211; Takkamestarit Kohonen Oy<\/td>\n<td>Espoo<\/td>\n<td>Finl\u00e4ndarv\u00e4gen 1<\/td>\n<td>09 881 3464<\/td>\n<td><\/td>\n<td><a href=\"http:\/\/www.takkamestarit.net\/\">http:\/\/www.takkamestarit.net\/<\/a><\/td>\n<\/tr>\n<tr>\n<td>6<\/td>\n<td>Litwa &#8211; UAB Fotum<\/td>\n<td>Vilnius<\/td>\n<td>Ul. Paneri\u0173 49<\/td>\n<td>+370 61597695<\/td>\n<td><a href=\"mailto:tarnavazidiniai@gmail.com\">tarnavazidiniai@gmail.com<\/a><\/td>\n<td><a href=\"http:\/\/www.tarnavva.lt\/\">http:\/\/www.tarnavva.lt\/<\/a><\/td>\n<\/tr>\n<tr>\n<td>7<\/td>\n<td>\u0141otwa &#8211; Norv\u0113\u0123u kam\u012bni<\/td>\n<td>R\u012bga<\/td>\n<td>Bauskas iela 182<\/td>\n<td>+371 677 85 300<\/td>\n<td><a href=\"mailto:edmunds@norvegukamini.lv\">edmunds@norvegukamini.lv<\/a><\/td>\n<td><a href=\"http:\/\/www.norvegukamini.lv\">http:\/\/www.norvegukamini.lv<\/a><\/td>\n<\/tr>\n<tr>\n<td>8<\/td>\n<td>S\u0142owacja &#8211; Pokusa<\/td>\n<td>Trnava<\/td>\n<td>Ul. Tehelna 35<\/td>\n<td>+421 33 5345 932<\/td>\n<td><a href=\"mailto:info@krbypokusa.sk\">info@krbypokusa.sk<\/a><\/td>\n<td><a href=\"http:\/\/krbypokusa.sk\">http:\/\/krbypokusa.sk<\/a><\/td>\n<\/tr>\n<tr>\n<td>9<\/td>\n<td>Ukraina &#8211; \u0415\u043d\u0435\u0440\u0433\u043e\u0437\u0431\u0435\u0440\u0456\u0433\u0430\u044e\u0447\u0456 \u0441\u0438\u0441\u0442\u0435\u043c\u0438<\/td>\n<td>\u041b\u044c\u0432\u0456\u0432<\/p>\n<p>\u041a\u0438\u0457\u0432<\/td>\n<td>\u0432\u0443\u043b.\u0417\u0430\u043c\u0430\u0440\u0441\u0442\u0438\u043d\u0456\u0432\u0441\u044c\u043a\u0430 45, \u043e\u0444.1<\/p>\n<p>\u0432\u0443\u043b. \u0412\u0456\u0440\u043c\u0435\u043d\u0441\u044c\u043a\u0430 29.<\/td>\n<td>+38677296651<\/td>\n<td><a href=\"info@energy-safe.com.ua\">info@energy-safe.com.ua<\/a><\/td>\n<td><a href=\"https:\/\/energy-safe.com.ua\">https:\/\/energy-safe.com.ua<\/a><\/td>\n<\/tr>\n<\/tbody>\n<\/table>\n<p><\/p>","protected":false},"excerpt":{"rendered":"<p>Lp Nazwa Miasto Adres Telefon Email WWW 1 \u041d\u0430\u044f\u043d-\u0411\u0430\u043b\u0442 Kaliningrad \/ \u041a\u0430\u043b\u0438\u043d\u0438\u043d\u0433\u0440 \u0421\u043e\u0432\u0435\u0442\u0441\u043a\u0438\u0439 \u043f\u0440\u043e\u0441\u043f\u0435\u043a\u0442 49 +7 (4012) 916126 alex-kamini@yandex.ru 2 Bia\u0142oru\u015b &#8211; ARITIDA OOO \/ \u0410\u0420\u0418\u0422\u0418\u0414\u0410 \u041e\u041e\u041e Mi\u0144sk \/ \u041c\u0438\u043d\u0441\u043a ul.Lukyanovicha h.10 (vhoh ulicy Gallo, d.146)\/ \u0443\u043b.\u041b\u0443\u043a\u044c\u044f\u043d\u043e\u0432\u0438\u0447\u0430 \u0434.10 (\u0432\u0445\u043e\u0445 \u0441 \u0443\u043b\u0438\u0446\u044b \u0413\u0430\u043b\u043e, info@domtepla.by http:\/\/domtepla.by\/ 3 Bia\u0142oru\u015b &#8211; ARITIDA OOO \/ \u0410\u0420\u0418\u0422\u0418\u0414\u0410 \u041e\u041e\u041e Baranovichi \/ \u0411\u0430\u0440\u0430\u043d\u043e\u0432\u0438\u0447 [&hellip;]<\/p>\n","protected":false},"author":1,"featured_media":0,"parent":25,"menu_order":16,"comment_status":"closed","ping_status":"closed","template":"","meta":[],"_links":{"self":[{"href":"http:\/\/monolity.pl\/en\/wp-json\/wp\/v2\/pages\/549"}],"collection":[{"href":"http:\/\/monolity.pl\/en\/wp-json\/wp\/v2\/pages"}],"about":[{"href":"http:\/\/monolity.pl\/en\/wp-json\/wp\/v2\/types\/page"}],"author":[{"embeddable":true,"href":"http:\/\/monolity.pl\/en\/wp-json\/wp\/v2\/users\/1"}],"replies":[{"embeddable":true,"href":"http:\/\/monolity.pl\/en\/wp-json\/wp\/v2\/comments?post=549"}],"version-history":[{"count":13,"href":"http:\/\/monolity.pl\/en\/wp-json\/wp\/v2\/pages\/549\/revisions"}],"predecessor-version":[{"id":1127,"href":"http:\/\/monolity.pl\/en\/wp-json\/wp\/v2\/pages\/549\/revisions\/1127"}],"up":[{"embeddable":true,"href":"http:\/\/monolity.pl\/en\/wp-json\/wp\/v2\/pages\/25"}],"wp:attachment":[{"href":"http:\/\/monolity.pl\/en\/wp-json\/wp\/v2\/media?parent=549"}],"curies":[{"name":"wp","href":"https:\/\/api.w.org\/{rel}","templated":true}]}}