{"id":80,"date":"2017-01-06T14:30:26","date_gmt":"2017-01-06T13:30:26","guid":{"rendered":"http:\/\/tarnavva.nazwa.pl\/tarnavva\/?page_id=80"},"modified":"2017-03-31T09:19:37","modified_gmt":"2017-03-31T07:19:37","slug":"system-przylaczy-kominowych-stc","status":"publish","type":"page","link":"http:\/\/monolity.pl\/en\/produkty\/system-przylaczy-kominowych-stc\/","title":{"rendered":"Metal rigid internal channel &#8211; STC system"},"content":{"rendered":"<p>&nbsp;<\/p>\n<hr \/>\n<p>&nbsp;<\/p>\n<p>Pipe &#8211; length 1000mm<img loading=\"lazy\" class=\"alignright wp-image-86 size-thumbnail\" src=\"http:\/\/monolity.pl\/wp-content\/uploads\/2017\/01\/1-150x150.png\" width=\"150\" height=\"150\" \/><\/p>\n<table>\n<tbody>\n<tr>\n<th>Diameter<br \/>\n[mm]<\/th>\n<th>Net weight\u00a0[kg]<\/th>\n<th>Package<br \/>\ndimensions [mm]<\/th>\n<\/tr>\n<tr>\n<td>120<\/td>\n<td>6,50<\/td>\n<td>130x130x1010<\/td>\n<\/tr>\n<tr>\n<td>150<\/td>\n<td>8,00<\/td>\n<td>160x160x1010<\/td>\n<\/tr>\n<tr>\n<td>180<\/td>\n<td>9,50<\/td>\n<td>182x182x1002<\/td>\n<\/tr>\n<tr>\n<td>200<\/td>\n<td>10,50<\/td>\n<td>202x202x1002<\/td>\n<\/tr>\n<\/tbody>\n<\/table>\n<p>&nbsp;<\/p>\n<hr \/>\n<p>&nbsp;<\/p>\n<p>Pipe &#8211; length 500mm<img loading=\"lazy\" class=\"alignright wp-image-87 size-thumbnail\" src=\"http:\/\/monolity.pl\/wp-content\/uploads\/2017\/01\/2-150x150.png\" width=\"150\" height=\"150\" \/><\/p>\n<table>\n<tbody>\n<tr>\n<th>Diameter<br \/>\n[mm]<\/th>\n<th>Net weight\u00a0[kg]<\/th>\n<th>Package<br \/>\ndimensions\u00a0[mm]<\/th>\n<\/tr>\n<tr>\n<td>120<\/td>\n<td>3,30<\/td>\n<td>130x130x510<\/td>\n<\/tr>\n<tr>\n<td>150<\/td>\n<td>4,00<\/td>\n<td>160x160x510<\/td>\n<\/tr>\n<tr>\n<td>180<\/td>\n<td>5,00<\/td>\n<td>182x182x502<\/td>\n<\/tr>\n<tr>\n<td>200<\/td>\n<td>5,50<\/td>\n<td>202x202x502<\/td>\n<\/tr>\n<\/tbody>\n<\/table>\n<p>&nbsp;<\/p>\n<hr \/>\n<p>&nbsp;<\/p>\n<p>Pipe &#8211; length 250mm<img loading=\"lazy\" class=\"alignright wp-image-88 size-thumbnail\" src=\"http:\/\/monolity.pl\/wp-content\/uploads\/2017\/01\/3-150x150.png\" width=\"150\" height=\"150\" \/><\/p>\n<table>\n<tbody>\n<tr>\n<th>Diameter<br \/>\n[mm]<\/th>\n<th>Net weight\u00a0[kg]<\/th>\n<th>Package<br \/>\ndimensions\u00a0[mm]<\/th>\n<\/tr>\n<tr>\n<td>120<\/td>\n<td>1,80<\/td>\n<td>130x130x260<\/td>\n<\/tr>\n<tr>\n<td>150<\/td>\n<td>2,00<\/td>\n<td>160x160x260<\/td>\n<\/tr>\n<tr>\n<td>180<\/td>\n<td>2,50<\/td>\n<td>182x182x252<\/td>\n<\/tr>\n<tr>\n<td>200<\/td>\n<td>2,80<\/td>\n<td>202x202x252<\/td>\n<\/tr>\n<\/tbody>\n<\/table>\n<p>&nbsp;<\/p>\n<hr \/>\n<p>&nbsp;<\/p>\n<p>T-pipe 90<img loading=\"lazy\" class=\"alignright wp-image-89 size-thumbnail\" src=\"http:\/\/monolity.pl\/wp-content\/uploads\/2017\/01\/4-150x150.png\" width=\"150\" height=\"150\" \/><\/p>\n<table>\n<tbody>\n<tr>\n<th>Diameter<br \/>\n[mm]<\/th>\n<th>Net weight\u00a0[kg]<\/th>\n<th>Package<br \/>\ndimensions\u00a0[mm]<\/th>\n<\/tr>\n<tr>\n<td>120<\/td>\n<td>3,00<\/td>\n<td>302x212x122<\/td>\n<\/tr>\n<tr>\n<td>150<\/td>\n<td>3,50<\/td>\n<td>332x242x152<\/td>\n<\/tr>\n<tr>\n<td>180<\/td>\n<td>4,50<\/td>\n<td>362x272x182<\/td>\n<\/tr>\n<tr>\n<td>200<\/td>\n<td>5,00<\/td>\n<td>382x292x202<\/td>\n<\/tr>\n<\/tbody>\n<\/table>\n<p>&nbsp;<\/p>\n<hr \/>\n<p>T-pipe 90<img loading=\"lazy\" class=\"alignright wp-image-90 size-thumbnail\" src=\"http:\/\/monolity.pl\/wp-content\/uploads\/2017\/01\/5-150x150.png\" width=\"150\" height=\"150\" \/><\/p>\n<table>\n<tbody>\n<tr>\n<th>Diameter<br \/>\n[mm]<\/th>\n<th>Net weight [kg]<\/th>\n<th>Package<br \/>\ndimensions\u00a0[mm]<\/th>\n<\/tr>\n<tr>\n<td>120<\/td>\n<td>3,50<\/td>\n<td>302x222x122<\/td>\n<\/tr>\n<tr>\n<td>150<\/td>\n<td>4,00<\/td>\n<td>332x262x152<\/td>\n<\/tr>\n<tr>\n<td>180<\/td>\n<td>4,80<\/td>\n<td>362x292x182<\/td>\n<\/tr>\n<tr>\n<td>200<\/td>\n<td>5,50<\/td>\n<td>382x322x202<\/td>\n<\/tr>\n<\/tbody>\n<\/table>\n<p>&nbsp;<\/p>\n<hr \/>\n<p>Fin pipe<img loading=\"lazy\" class=\"alignright wp-image-91 size-thumbnail\" src=\"http:\/\/monolity.pl\/wp-content\/uploads\/2017\/01\/6-150x150.png\" width=\"150\" height=\"150\" \/><\/p>\n<table>\n<tbody>\n<tr>\n<th>Diameter<br \/>\n[mm]<\/th>\n<th>Net weight\u00a0[kg]<\/th>\n<th>Package<br \/>\ndimensions\u00a0[mm]<\/th>\n<\/tr>\n<tr>\n<td>120<\/td>\n<td>6,50<\/td>\n<td>202x202x502<\/td>\n<\/tr>\n<tr>\n<td>150<\/td>\n<td>7,00<\/td>\n<td>232x232x502<\/td>\n<\/tr>\n<tr>\n<td>180<\/td>\n<td>8,00<\/td>\n<td>262x262x502<\/td>\n<\/tr>\n<tr>\n<td>200<\/td>\n<td>9,00<\/td>\n<td>282x282x502<\/td>\n<\/tr>\n<\/tbody>\n<\/table>\n<p>&nbsp;<\/p>\n<hr \/>\n<p>Elbow\u00a045<img loading=\"lazy\" class=\"alignright wp-image-92 size-thumbnail\" src=\"http:\/\/monolity.pl\/wp-content\/uploads\/2017\/01\/7-150x150.png\" width=\"150\" height=\"150\" srcset=\"http:\/\/monolity.pl\/wp-content\/uploads\/2017\/01\/7-150x150.png 150w, http:\/\/monolity.pl\/wp-content\/uploads\/2017\/01\/7.png 193w\" sizes=\"(max-width: 150px) 100vw, 150px\" \/><\/p>\n<table>\n<tbody>\n<tr>\n<th>Diameter<br \/>\n[mm]<\/th>\n<th>Net weight\u00a0[kg]<\/th>\n<th>Package<br \/>\ndimensions\u00a0[mm]<\/th>\n<\/tr>\n<tr>\n<td>120<\/td>\n<td>2,00<\/td>\n<td>130x200x240<\/td>\n<\/tr>\n<tr>\n<td>150<\/td>\n<td>2,30<\/td>\n<td>160x230x260<\/td>\n<\/tr>\n<tr>\n<td>180<\/td>\n<td>2,50<\/td>\n<td>182x250x260<\/td>\n<\/tr>\n<tr>\n<td>200<\/td>\n<td>2,80<\/td>\n<td>202x270x280<\/td>\n<\/tr>\n<\/tbody>\n<\/table>\n<p>&nbsp;<\/p>\n<hr \/>\n<p>Elbow\u00a090<img loading=\"lazy\" class=\"alignright wp-image-93 size-thumbnail\" src=\"http:\/\/monolity.pl\/wp-content\/uploads\/2017\/01\/8-150x150.png\" width=\"150\" height=\"150\" srcset=\"http:\/\/monolity.pl\/wp-content\/uploads\/2017\/01\/8-150x150.png 150w, http:\/\/monolity.pl\/wp-content\/uploads\/2017\/01\/8.png 193w\" sizes=\"(max-width: 150px) 100vw, 150px\" \/><\/p>\n<table>\n<tbody>\n<tr>\n<th>Diameter<br \/>\n[mm]<\/th>\n<th>Net weight\u00a0[kg]<\/th>\n<th>Package<br \/>\ndimensions\u00a0[mm]<\/th>\n<\/tr>\n<tr>\n<td>120<\/td>\n<td>3,00<\/td>\n<td>122x220x230<\/td>\n<\/tr>\n<tr>\n<td>150<\/td>\n<td>3,50<\/td>\n<td>152x250x260<\/td>\n<\/tr>\n<tr>\n<td>180<\/td>\n<td>4,00<\/td>\n<td>182x270x280<\/td>\n<\/tr>\n<tr>\n<td>200<\/td>\n<td>4,50<\/td>\n<td>202x310x350<\/td>\n<\/tr>\n<\/tbody>\n<\/table>\n<p>&nbsp;<\/p>\n<hr \/>\n<p>Elbow\u00a090 with cleanout<img loading=\"lazy\" class=\"alignright wp-image-94 size-thumbnail\" src=\"http:\/\/monolity.pl\/wp-content\/uploads\/2017\/01\/9-150x150.png\" width=\"150\" height=\"150\" \/><\/p>\n<table>\n<tbody>\n<tr>\n<th>Diameter<br \/>\n[mm]<\/th>\n<th>Net weight\u00a0[kg]<\/th>\n<th>Package<br \/>\ndimensions\u00a0[mm]<\/th>\n<\/tr>\n<tr>\n<td>120<\/td>\n<td>3,00<\/td>\n<td>122x220x230<\/td>\n<\/tr>\n<tr>\n<td>150<\/td>\n<td>3,50<\/td>\n<td>152x250x260<\/td>\n<\/tr>\n<tr>\n<td>180<\/td>\n<td>4,00<\/td>\n<td>182x270x280<\/td>\n<\/tr>\n<tr>\n<td>200<\/td>\n<td>4,50<\/td>\n<td>202x310x350<\/td>\n<\/tr>\n<\/tbody>\n<\/table>\n<p>&nbsp;<\/p>\n<hr \/>\n<p>&nbsp;<\/p>\n<p>Adjustable elbow 45<img loading=\"lazy\" class=\"alignright wp-image-95 size-thumbnail\" src=\"http:\/\/monolity.pl\/wp-content\/uploads\/2017\/01\/10-150x150.png\" width=\"150\" height=\"150\" \/><\/p>\n<table>\n<tbody>\n<tr>\n<th>Diameter<br \/>\n[mm]<\/th>\n<th>Net weight\u00a0[kg]<\/th>\n<th>\u00a0Package<br \/>\ndimensions[mm]<\/th>\n<\/tr>\n<tr>\n<td>120<\/td>\n<td>2,00<\/td>\n<td>160x160x230<\/td>\n<\/tr>\n<tr>\n<td>150<\/td>\n<td>2,30<\/td>\n<td>190x190x260<\/td>\n<\/tr>\n<tr>\n<td>180<\/td>\n<td>2,50<\/td>\n<td><\/td>\n<\/tr>\n<tr>\n<td>200<\/td>\n<td>2,80<\/td>\n<td><\/td>\n<\/tr>\n<\/tbody>\n<\/table>\n<p>&nbsp;<\/p>\n<hr \/>\n<p>Adjustable elbow 90<img loading=\"lazy\" class=\"alignright wp-image-96 size-thumbnail\" src=\"http:\/\/monolity.pl\/wp-content\/uploads\/2017\/01\/11-150x150.png\" width=\"150\" height=\"150\" srcset=\"http:\/\/monolity.pl\/wp-content\/uploads\/2017\/01\/11-150x150.png 150w, http:\/\/monolity.pl\/wp-content\/uploads\/2017\/01\/11.png 193w\" sizes=\"(max-width: 150px) 100vw, 150px\" \/><\/p>\n<table>\n<tbody>\n<tr>\n<th>Diameter<br \/>\n[mm]<\/th>\n<th>Net weight\u00a0[kg]<\/th>\n<th>Package<br \/>\ndimensions\u00a0[mm]<\/th>\n<\/tr>\n<tr>\n<td>120<\/td>\n<td>3,00<\/td>\n<td>160x160x330<\/td>\n<\/tr>\n<tr>\n<td>150<\/td>\n<td>3,50<\/td>\n<td>190x190x340<\/td>\n<\/tr>\n<tr>\n<td>180<\/td>\n<td>4,00<\/td>\n<td>182x182x355<\/td>\n<\/tr>\n<tr>\n<td>200<\/td>\n<td>4,50<\/td>\n<td>202x202x370<\/td>\n<\/tr>\n<\/tbody>\n<\/table>\n<p>&nbsp;<\/p>\n<hr \/>\n<p>Adjustable elbow 120<img loading=\"lazy\" class=\"alignright wp-image-97 size-thumbnail\" src=\"http:\/\/monolity.pl\/wp-content\/uploads\/2017\/01\/12-150x150.png\" width=\"150\" height=\"150\" srcset=\"http:\/\/monolity.pl\/wp-content\/uploads\/2017\/01\/12-150x150.png 150w, http:\/\/monolity.pl\/wp-content\/uploads\/2017\/01\/12.png 193w\" sizes=\"(max-width: 150px) 100vw, 150px\" \/><\/p>\n<table>\n<tbody>\n<tr>\n<th>Diameter<br \/>\n[mm]<\/th>\n<th>Net weight\u00a0[kg]<\/th>\n<th>Package<br \/>\ndimensions\u00a0[mm]<\/th>\n<\/tr>\n<tr>\n<td>120<\/td>\n<td>3,50<\/td>\n<td>160x160x430<\/td>\n<\/tr>\n<tr>\n<td>150<\/td>\n<td>4,50<\/td>\n<td>190x190x450<\/td>\n<\/tr>\n<tr>\n<td>180<\/td>\n<td>5,40<\/td>\n<td>182x182x490<\/td>\n<\/tr>\n<tr>\n<td>200<\/td>\n<td>6,20<\/td>\n<td>202x20x510<\/td>\n<\/tr>\n<\/tbody>\n<\/table>\n<p>&nbsp;<\/p>\n<hr \/>\n<p>Adjustable elbow 90 with cleanout<img loading=\"lazy\" class=\"alignright wp-image-98 size-thumbnail\" src=\"http:\/\/monolity.pl\/wp-content\/uploads\/2017\/01\/13-150x150.png\" width=\"150\" height=\"150\" \/><\/p>\n<table>\n<tbody>\n<tr>\n<th>Diameter<br \/>\n[mm]<\/th>\n<th>Net weight\u00a0[kg]<\/th>\n<th>Package<br \/>\ndimensions\u00a0[mm]<\/th>\n<\/tr>\n<tr>\n<td>120<\/td>\n<td>3,00<\/td>\n<td>160x160x330<\/td>\n<\/tr>\n<tr>\n<td>150<\/td>\n<td>3,50<\/td>\n<td>190x190x340<\/td>\n<\/tr>\n<tr>\n<td>180<\/td>\n<td>4,00<\/td>\n<td>182x182x355<\/td>\n<\/tr>\n<tr>\n<td>200<\/td>\n<td>4,50<\/td>\n<td>202x20x370<\/td>\n<\/tr>\n<\/tbody>\n<\/table>\n<p>&nbsp;<\/p>\n<hr \/>\n<p>Adjustable elbow 120 with cleanout<img loading=\"lazy\" class=\"alignright wp-image-99 size-thumbnail\" src=\"http:\/\/monolity.pl\/wp-content\/uploads\/2017\/01\/14-150x150.png\" width=\"150\" height=\"150\" \/><\/p>\n<table>\n<tbody>\n<tr>\n<th>Diameter<br \/>\n[mm]<\/th>\n<th>Net weight\u00a0[kg]<\/th>\n<th>Package<br \/>\ndimensions\u00a0[mm]<\/th>\n<\/tr>\n<tr>\n<td>120<\/td>\n<td>3,50<\/td>\n<td>160x160x430<\/td>\n<\/tr>\n<tr>\n<td>150<\/td>\n<td>4,50<\/td>\n<td>190x190x450<\/td>\n<\/tr>\n<tr>\n<td>180<\/td>\n<td>5,40<\/td>\n<td>182x182x490<\/td>\n<\/tr>\n<tr>\n<td>200<\/td>\n<td>6,20<\/td>\n<td>202x20x510<\/td>\n<\/tr>\n<\/tbody>\n<\/table>\n<p>&nbsp;<\/p>\n<hr \/>\n<p>Adjustable elbow 120 with 2 cleanouts<img loading=\"lazy\" class=\"alignright wp-image-100 size-thumbnail\" src=\"http:\/\/monolity.pl\/wp-content\/uploads\/2017\/01\/15-150x150.png\" width=\"150\" height=\"150\" srcset=\"http:\/\/monolity.pl\/wp-content\/uploads\/2017\/01\/15-150x150.png 150w, http:\/\/monolity.pl\/wp-content\/uploads\/2017\/01\/15.png 193w\" sizes=\"(max-width: 150px) 100vw, 150px\" \/><\/p>\n<table>\n<tbody>\n<tr>\n<th>Diameter<br \/>\n[mm]<\/th>\n<th>Net weight\u00a0[kg]<\/th>\n<th>Package<br \/>\ndimensions\u00a0[mm]<\/th>\n<\/tr>\n<tr>\n<td>120<\/td>\n<td>3,50<\/td>\n<td>160x160x430<\/td>\n<\/tr>\n<tr>\n<td>150<\/td>\n<td>4,50<\/td>\n<td>190x190x450<\/td>\n<\/tr>\n<tr>\n<td>180<\/td>\n<td>5,40<\/td>\n<td>182x182x490<\/td>\n<\/tr>\n<tr>\n<td>200<\/td>\n<td>6,20<\/td>\n<td>202x20x510<\/td>\n<\/tr>\n<\/tbody>\n<\/table>\n<p>&nbsp;<\/p>\n<hr \/>\n<p>Covering rosette<img loading=\"lazy\" class=\"alignright wp-image-101 size-thumbnail\" src=\"http:\/\/monolity.pl\/wp-content\/uploads\/2017\/01\/16-150x150.png\" width=\"150\" height=\"150\" srcset=\"http:\/\/monolity.pl\/wp-content\/uploads\/2017\/01\/16-150x150.png 150w, http:\/\/monolity.pl\/wp-content\/uploads\/2017\/01\/16.png 193w\" sizes=\"(max-width: 150px) 100vw, 150px\" \/><\/p>\n<table>\n<tbody>\n<tr>\n<th>Diameter<br \/>\n[mm]<\/th>\n<th>Net weight\u00a0[kg]<\/th>\n<th>Package<br \/>\ndimensions\u00a0[mm]<\/th>\n<\/tr>\n<tr>\n<td>120<\/td>\n<td>0,20<\/td>\n<td>230x230x20<\/td>\n<\/tr>\n<tr>\n<td>150<\/td>\n<td>0,23<\/td>\n<td>260x260x20<\/td>\n<\/tr>\n<tr>\n<td>180<\/td>\n<td>0,27<\/td>\n<td>290x290x20<\/td>\n<\/tr>\n<tr>\n<td>200<\/td>\n<td>0,30<\/td>\n<td>310x310x20<\/td>\n<\/tr>\n<\/tbody>\n<\/table>\n<p>&nbsp;<\/p>\n<hr \/>\n<p>Damper<img loading=\"lazy\" class=\"alignright wp-image-102 size-thumbnail\" src=\"http:\/\/monolity.pl\/wp-content\/uploads\/2017\/01\/17-150x150.png\" width=\"150\" height=\"150\" \/><\/p>\n<table>\n<tbody>\n<tr>\n<th>Diameter<br \/>\n[mm]<\/th>\n<th>Net weight\u00a0[kg]<\/th>\n<th>Package<br \/>\ndimensions\u00a0[mm]<\/th>\n<\/tr>\n<tr>\n<td>120<\/td>\n<td>2,00<\/td>\n<td>130x130x260<\/td>\n<\/tr>\n<tr>\n<td>150<\/td>\n<td>2,50<\/td>\n<td>160x160x260<\/td>\n<\/tr>\n<tr>\n<td>180<\/td>\n<td>3,20<\/td>\n<td>182x182x252<\/td>\n<\/tr>\n<tr>\n<td>200<\/td>\n<td>3,80<\/td>\n<td>202x202x252<\/td>\n<\/tr>\n<\/tbody>\n<\/table>\n<p>&nbsp;<\/p>\n<hr \/>\n<p>Extension compensator<img loading=\"lazy\" class=\"alignright wp-image-103 size-thumbnail\" src=\"http:\/\/monolity.pl\/wp-content\/uploads\/2017\/01\/18-150x150.png\" width=\"150\" height=\"150\" \/><\/p>\n<table>\n<tbody>\n<tr>\n<th>Diameter<br \/>\n[mm]<\/th>\n<th>Net weight\u00a0[kg]<\/th>\n<th>Package<br \/>\ndimensions\u00a0[mm]<\/th>\n<\/tr>\n<tr>\n<td>120<\/td>\n<td>2,00<\/td>\n<td>190x190x120<\/td>\n<\/tr>\n<tr>\n<td>150<\/td>\n<td>2,50<\/td>\n<td>220x220x120<\/td>\n<\/tr>\n<tr>\n<td>180<\/td>\n<td>3,50<\/td>\n<td>250x250x120<\/td>\n<\/tr>\n<tr>\n<td>200<\/td>\n<td>3,80<\/td>\n<td>270x270x120<\/td>\n<\/tr>\n<\/tbody>\n<\/table>\n<p>&nbsp;<\/p>\n<hr \/>\n<p>Single-walled insert<img loading=\"lazy\" class=\"alignright wp-image-104 size-thumbnail\" src=\"http:\/\/monolity.pl\/wp-content\/uploads\/2017\/01\/19-150x150.png\" width=\"150\" height=\"150\" srcset=\"http:\/\/monolity.pl\/wp-content\/uploads\/2017\/01\/19-150x150.png 150w, http:\/\/monolity.pl\/wp-content\/uploads\/2017\/01\/19.png 195w\" sizes=\"(max-width: 150px) 100vw, 150px\" \/><\/p>\n<table>\n<tbody>\n<tr>\n<th>Diameter<br \/>\n[mm]<\/th>\n<th>Net weight\u00a0[kg]<\/th>\n<th>Package<br \/>\ndimensions\u00a0[mm]<\/th>\n<\/tr>\n<tr>\n<td>120<\/td>\n<td>0,50<\/td>\n<td>130x130x130<\/td>\n<\/tr>\n<tr>\n<td>150<\/td>\n<td>0,70<\/td>\n<td>160x160x130<\/td>\n<\/tr>\n<tr>\n<td>180<\/td>\n<td>0,90<\/td>\n<td>190x190x130<\/td>\n<\/tr>\n<tr>\n<td>200<\/td>\n<td>1,00<\/td>\n<td>210x210x130<\/td>\n<\/tr>\n<\/tbody>\n<\/table>\n<p>&nbsp;<\/p>\n<hr \/>\n<h1>INFORMACJA O OBOWI\u0104ZUJ\u0104CYCH NORMACH<\/h1>\n<p>Przy\u0142\u0105cza kominowe firmy Tarnavva typu STC nale\u017cy montowa\u0107 zgodnie z obowi\u0105zuj\u0105cymi normami krajowymi i europejskimi, jak r\u00f3wnie\u017c lokalnymi przepisami:<\/p>\n<ul>\n<li>PN-EN 1856-2:2009;<\/li>\n<li>Dz.U.Nr.75 z 2002 poz. 690 z p\u00f3\u017aniejszymi zmianami.<\/li>\n<\/ul>\n<p>Przy monta\u017cu przy\u0142\u0105cza kominowego postanowienia krajowe i europejskie oraz przepisy lokalne powinny by\u0107 spe\u0142nione.<\/p>\n<h1>BUDOWA PRZY\u0141\u0104CZA KOMINOWEGO I PRZEZNACZENIE<\/h1>\n<p>Przy\u0142\u0105cza kominowe firmy Tarnavva typu STC wykonane s\u0105 ze stali czarnej w gatunku DC01 wg normy PN-EN 10130:2009. System STC s\u0142u\u017cy do budowy przy\u0142\u0105czy kominowych. Przeznaczony jest do odprowadzania spalin z wk\u0142ad\u00f3w kominkowych jak r\u00f3wnie\u017c urz\u0105dze\u0144 grzewczych na paliwa sta\u0142e, pracuj\u0105cych bez kondensacji.<\/p>\n<h1>OZNAKOWANIE<\/h1>\n<p>Wszystkie elementy systemu STC s\u0105 oznakowane zgodnie z w\/w normami wed\u0142ug nast\u0119puj\u0105cego kodu:<\/p>\n<div style=\"margin-bottom: 15px; margin-top: 10px;\">\n<table>\n<tbody>\n<tr>\n<th>A<\/th>\n<th>B<\/th>\n<th>C<\/th>\n<th>D<\/th>\n<th>E<\/th>\n<th>F<\/th>\n<th>G<\/th>\n<th>H<\/th>\n<\/tr>\n<tr>\n<td>Tarnavva STC<\/td>\n<td>PN-EN 1856-2<\/td>\n<td>T600<\/td>\n<td>N1<\/td>\n<td>D<\/td>\n<td>V(x)<\/td>\n<td>L99200<\/td>\n<td>G (xx)<\/td>\n<\/tr>\n<\/tbody>\n<\/table>\n<\/div>\n<ul style=\"list-style-type: upper-latin; list-style-position: inside;\">\n<li>Oznakowanie wyrobu,<\/li>\n<li>Numer normy,<\/li>\n<li>Klasa temperatury (patrz Za\u0142\u0105cznik 1),<\/li>\n<li>Klasa ci\u015bnienia (patrz Za\u0142\u0105cznik 2),<\/li>\n<li>Odporno\u015b\u0107 na dzia\u0142anie kondensatu (W-mokry lub D-suchy),<\/li>\n<li>Odporno\u015b\u0107 na korozj\u0119 ( rodzaj materia\u0142u i grubo\u015b\u0107 \u015bcianki),<\/li>\n<li>Materia\u0142 wg EN-10025,<\/li>\n<li>Odporno\u015b\u0107 na po\u017car sadzy (G-tak lub O-nie) i odleg\u0142o\u015b\u0107 od materia\u0142\u00f3w palnych (w mm).<\/li>\n<\/ul>\n<p>&nbsp;<\/p>\n<h1>MONTA\u017b<\/h1>\n<p>Prac\u0119 rozpoczyna si\u0119 od przy\u0142\u0105czenia rury do paleniska. \u0141\u0105czenie poszczeg\u00f3lnych cz\u0119\u015bci systemu STC polega na wsuwaniu jednego elementu w drugi. Przewody znajduj\u0105ce si\u0119 bli\u017cej komina nale\u017cy wsun\u0105\u0107 do rury prowadz\u0105cej do paleniska. Taki spos\u00f3b monta\u017cu zapobiegnie wyp\u0142ywowi mog\u0105cego pojawi\u0107 si\u0119 kondensatu poza przy\u0142\u0105cze. Po\u0142\u0105czenia mog\u0105 zosta\u0107 dodatkowo uszczelnione mas\u0105 silikonow\u0105 odporn\u0105 na temperatur\u0119 1200 \u00b0C.<\/p>\n<p>&nbsp;<\/p>\n<div id=\"attachment_119\" style=\"width: 357px\" class=\"wp-caption alignleft\"><img aria-describedby=\"caption-attachment-119\" loading=\"lazy\" class=\"size-full wp-image-119\" src=\"http:\/\/tarnavva.nazwa.pl\/tarnavva\/wp-content\/uploads\/2017\/01\/20.png\" alt=\"\" width=\"347\" height=\"269\" srcset=\"http:\/\/monolity.pl\/wp-content\/uploads\/2017\/01\/20.png 347w, http:\/\/monolity.pl\/wp-content\/uploads\/2017\/01\/20-300x233.png 300w\" sizes=\"(max-width: 347px) 100vw, 347px\" \/><p id=\"caption-attachment-119\" class=\"wp-caption-text\">Spos\u00f3b \u0142\u0105czenia element\u00f3w systemu STC.<\/p><\/div>\n<p>Opis oznacze\u0144:<\/p>\n<p>DN \u2013 \u015brednica elementu<\/p>\n<p>DNL \u2013 rozwini\u0119cie elementu<\/p>\n<p>DIE \u2013 \u015brednica wewn\u0119trzna nypla<\/p>\n<p>DOE \u2013 \u015brednica zewn\u0119trzna nypla<\/p>\n<p>DIW \u2013 \u015brednica wewn\u0119trzna elementu<\/p>\n<p>DOW \u2013 \u015brednica zewn\u0119trzna elementu<\/p>\n<div id=\"attachment_121\" style=\"width: 639px\" class=\"wp-caption aligncenter\"><img aria-describedby=\"caption-attachment-121\" loading=\"lazy\" class=\"size-full wp-image-121\" src=\"http:\/\/tarnavva.nazwa.pl\/tarnavva\/wp-content\/uploads\/2017\/01\/21.png\" alt=\"\" width=\"629\" height=\"220\" srcset=\"http:\/\/monolity.pl\/wp-content\/uploads\/2017\/01\/21.png 629w, http:\/\/monolity.pl\/wp-content\/uploads\/2017\/01\/21-300x105.png 300w\" sizes=\"(max-width: 629px) 100vw, 629px\" \/><p id=\"caption-attachment-121\" class=\"wp-caption-text\">Tabela wymiar\u00f3w systemu STC<\/p><\/div>\n<p>&nbsp;<\/p>\n<h1 style=\"font-style: italic; text-align: center;\">UWAGI PRODUCENTA<\/h1>\n<ul style=\"text-align: center; font-style: italic;\">\n<li>ELEMENTY SYSTEMU STC NIE MOG\u0104 STANOWI\u0106 SAMODZIELNEGO KOMINA.<\/li>\n<li>MAKSYMALNA TEMPERATURA PRACY CI\u0104G\u0141EJ 600 \u00b0C.<\/li>\n<\/ul>\n<p><\/p>","protected":false},"excerpt":{"rendered":"<p>&nbsp; &nbsp; Pipe &#8211; length 1000mm Diameter [mm] Net weight\u00a0[kg] Package dimensions [mm] 120 6,50 130x130x1010 150 8,00 160x160x1010 180 9,50 182x182x1002 200 10,50 202x202x1002 &nbsp; &nbsp; Pipe &#8211; length 500mm Diameter [mm] Net weight\u00a0[kg] Package dimensions\u00a0[mm] 120 3,30 130x130x510 150 4,00 160x160x510 180 5,00 182x182x502 200 5,50 202x202x502 &nbsp; &nbsp; Pipe &#8211; length 250mm [&hellip;]<\/p>\n","protected":false},"author":1,"featured_media":0,"parent":42,"menu_order":0,"comment_status":"closed","ping_status":"closed","template":"","meta":[],"_links":{"self":[{"href":"http:\/\/monolity.pl\/en\/wp-json\/wp\/v2\/pages\/80"}],"collection":[{"href":"http:\/\/monolity.pl\/en\/wp-json\/wp\/v2\/pages"}],"about":[{"href":"http:\/\/monolity.pl\/en\/wp-json\/wp\/v2\/types\/page"}],"author":[{"embeddable":true,"href":"http:\/\/monolity.pl\/en\/wp-json\/wp\/v2\/users\/1"}],"replies":[{"embeddable":true,"href":"http:\/\/monolity.pl\/en\/wp-json\/wp\/v2\/comments?post=80"}],"version-history":[{"count":80,"href":"http:\/\/monolity.pl\/en\/wp-json\/wp\/v2\/pages\/80\/revisions"}],"predecessor-version":[{"id":1104,"href":"http:\/\/monolity.pl\/en\/wp-json\/wp\/v2\/pages\/80\/revisions\/1104"}],"up":[{"embeddable":true,"href":"http:\/\/monolity.pl\/en\/wp-json\/wp\/v2\/pages\/42"}],"wp:attachment":[{"href":"http:\/\/monolity.pl\/en\/wp-json\/wp\/v2\/media?parent=80"}],"curies":[{"name":"wp","href":"https:\/\/api.w.org\/{rel}","templated":true}]}}