{"id":180,"date":"2017-01-07T11:49:07","date_gmt":"2017-01-07T10:49:07","guid":{"rendered":"http:\/\/tarnavva.nazwa.pl\/tarnavva\/?page_id=180"},"modified":"2017-03-09T12:03:33","modified_gmt":"2017-03-09T11:03:33","slug":"formowalne","status":"publish","type":"page","link":"http:\/\/monolity.pl\/fr\/produkty\/formowalne\/","title":{"rendered":"Fa\u00e7onnables"},"content":{"rendered":"<p>Lors de la r\u00e9alisation de votre r\u00eave de cheminn\u00e9e, il\u00a0 arrive souvent\u00a0 que la forme du\u00a0 b\u00e2ti n\u00e9cessite des accessoires\u00a0 particuliers.<\/p>\n<p>Nous proposons ce type d\u2019accessoire qui est brevet\u00e9 par notre entreprise et s\u2019appelle carreau fa\u00e7onnable. Il s\u2019adapte \u00e0 chaque forme de chemin\u00e9e avec des arcs, demi-cercles et arrondissements \u2013 gr\u00e2ce \u00e0 la possibilit\u00e9 de la fa\u00e7onner selon les formes de b\u00e2tis. La grille est disponible dans divers tailles et coloris.<\/p>\n<p><img loading=\"lazy\" width=\"750\" height=\"192\" class=\"aligncenter size-full wp-image-181\" style=\"width: 95%;\" src=\"http:\/\/tarnavva.nazwa.pl\/tarnavva\/wp-content\/uploads\/2017\/01\/kratki.jpg\" alt=\"kratki\" srcset=\"http:\/\/monolity.pl\/wp-content\/uploads\/2017\/01\/kratki.jpg 750w, http:\/\/monolity.pl\/wp-content\/uploads\/2017\/01\/kratki-300x77.jpg 300w\" sizes=\"(max-width: 750px) 100vw, 750px\" \/><\/p>\n<p><strong>Grille\u00a0 fa\u00e7onnable\u00a0 KARO &#8211; 105 mm x 170 mm<\/strong><\/p>\n<hr \/>\n<p><img loading=\"lazy\" class=\"alignleft size-full wp-image-182\" src=\"http:\/\/tarnavva.nazwa.pl\/tarnavva\/wp-content\/uploads\/2017\/01\/105x170-biala.jpg\" alt=\"biala\" width=\"170\" height=\"105\" \/><\/p>\n<p>Blanche\/noire<\/p>\n<hr style=\"clear: both;\" \/>\n<p><img loading=\"lazy\" class=\"alignleft size-full wp-image-183\" src=\"http:\/\/tarnavva.nazwa.pl\/tarnavva\/wp-content\/uploads\/2017\/01\/105x170-crni.jpg\" alt=\"crni\" width=\"170\" height=\"105\" \/><\/p>\n<p>Or antique \/ argent antique \/ cuivre<\/p>\n<hr style=\"clear: both;\" \/>\n<p><img loading=\"lazy\" class=\"alignleft size-full wp-image-184\" src=\"http:\/\/tarnavva.nazwa.pl\/tarnavva\/wp-content\/uploads\/2017\/01\/105x170-srebro.jpg\" alt=\"srebro\" width=\"170\" height=\"105\" \/><\/p>\n<p>Inox<\/p>\n<hr style=\"clear: both;\" \/>\n<p><strong>Grille fa\u00e7onnable\u00a0 KARO &#8211; 105 mm x 425 mm<\/strong><\/p>\n<hr \/>\n<p><img loading=\"lazy\" class=\"alignleft size-full wp-image-186\" src=\"http:\/\/tarnavva.nazwa.pl\/tarnavva\/wp-content\/uploads\/2017\/01\/105x425-biala.jpg\" alt=\"biala\" width=\"425\" height=\"105\" \/><\/p>\n<p>Blanche\/noire<\/p>\n<hr style=\"clear: both;\" \/>\n<p><img loading=\"lazy\" class=\"alignleft size-full wp-image-187\" src=\"http:\/\/tarnavva.nazwa.pl\/tarnavva\/wp-content\/uploads\/2017\/01\/105x425-crni.jpg\" alt=\"crni\" width=\"425\" height=\"105\" \/><\/p>\n<p>Or antique \/ argent antique \/ cuivre<\/p>\n<hr style=\"clear: both;\" \/>\n<p><img loading=\"lazy\" class=\"alignleft size-full wp-image-188\" src=\"http:\/\/tarnavva.nazwa.pl\/tarnavva\/wp-content\/uploads\/2017\/01\/105x425-srebro.jpg\" alt=\"srebro\" width=\"425\" height=\"105\" \/><\/p>\n<p>Inox<\/p>\n<hr style=\"clear: both;\" \/>\n<p><strong>Grille fa\u00e7onnable\u00a0 KARO &#8211; 160 mm x 170 mm<\/strong><\/p>\n<hr \/>\n<p><img loading=\"lazy\" class=\"alignleft size-full wp-image-182\" src=\"http:\/\/tarnavva.nazwa.pl\/tarnavva\/wp-content\/uploads\/2017\/01\/105x170-biala.jpg\" alt=\"biala\" width=\"170\" height=\"160\" \/><\/p>\n<p>Blanche\/noire<\/p>\n<hr style=\"clear: both;\" \/>\n<p><img loading=\"lazy\" class=\"alignleft size-full wp-image-183\" src=\"http:\/\/tarnavva.nazwa.pl\/tarnavva\/wp-content\/uploads\/2017\/01\/105x170-crni.jpg\" alt=\"crni\" width=\"170\" height=\"160\" \/><\/p>\n<p>Or antique \/ argent antique \/ cuivre<\/p>\n<hr style=\"clear: both;\" \/>\n<p><img loading=\"lazy\" class=\"alignleft size-full wp-image-184\" src=\"http:\/\/tarnavva.nazwa.pl\/tarnavva\/wp-content\/uploads\/2017\/01\/105x170-srebro.jpg\" alt=\"srebro\" width=\"170\" height=\"160\" \/><\/p>\n<p>Inox<\/p>\n<hr style=\"clear: both;\" \/>\n<p><strong>Grille fa\u00e7onnable\u00a0 KARO &#8211; 160 mm x 315 mm<\/strong><\/p>\n<hr \/>\n<p><img loading=\"lazy\" class=\"alignleft size-full wp-image-186\" src=\"http:\/\/tarnavva.nazwa.pl\/tarnavva\/wp-content\/uploads\/2017\/01\/105x425-biala.jpg\" alt=\"biala\" width=\"315\" height=\"160\" \/><\/p>\n<p>Blanche\/noire<\/p>\n<hr style=\"clear: both;\" \/>\n<p><img loading=\"lazy\" class=\"alignleft size-full wp-image-187\" src=\"http:\/\/tarnavva.nazwa.pl\/tarnavva\/wp-content\/uploads\/2017\/01\/105x425-crni.jpg\" alt=\"crni\" width=\"315\" height=\"160\" \/><\/p>\n<p>Or antique \/ argent antique \/ cuivre<\/p>\n<hr style=\"clear: both;\" \/>\n<p><img loading=\"lazy\" class=\"alignleft size-full wp-image-188\" src=\"http:\/\/tarnavva.nazwa.pl\/tarnavva\/wp-content\/uploads\/2017\/01\/105x425-srebro.jpg\" alt=\"srebro\" width=\"315\" height=\"160\" \/><\/p>\n<p>Inox<\/p>\n<hr style=\"clear: both;\" \/>\n<p><strong>Grille fa\u00e7onnable\u00a0 KARO &#8211; 160 mm x 506 mm<\/strong><\/p>\n<hr \/>\n<p><img loading=\"lazy\" class=\"alignleft size-full wp-image-186\" src=\"http:\/\/tarnavva.nazwa.pl\/tarnavva\/wp-content\/uploads\/2017\/01\/105x425-biala.jpg\" alt=\"biala\" width=\"506\" height=\"160\" \/><\/p>\n<p>Blanche\/noire<\/p>\n<hr style=\"clear: both;\" \/>\n<p><img loading=\"lazy\" class=\"alignleft size-full wp-image-187\" src=\"http:\/\/tarnavva.nazwa.pl\/tarnavva\/wp-content\/uploads\/2017\/01\/105x425-crni.jpg\" alt=\"crni\" width=\"506\" height=\"160\" \/><\/p>\n<p>Or antique \/ argent antique \/ cuivre<\/p>\n<hr style=\"clear: both;\" \/>\n<p><img loading=\"lazy\" class=\"alignleft size-full wp-image-188\" src=\"http:\/\/tarnavva.nazwa.pl\/tarnavva\/wp-content\/uploads\/2017\/01\/105x425-srebro.jpg\" alt=\"srebro\" width=\"506\" height=\"160\" \/><\/p>\n<p>Inox<\/p>\n<hr style=\"clear: both;\" \/>\n<p style=\"text-align: center;\">Toutes les tailles et coloris sont present\u00e9es dans la liste de prix \u00e0 telecharger dans la section <a>TARIFS<\/a><\/p>\n<p><img loading=\"lazy\" width=\"800\" height=\"533\" class=\"aligncenter size-full wp-image-194\" style=\"width: 95%;\" src=\"http:\/\/tarnavva.nazwa.pl\/tarnavva\/wp-content\/uploads\/2017\/01\/15.jpg\" alt=\"15\" srcset=\"http:\/\/monolity.pl\/wp-content\/uploads\/2017\/01\/15.jpg 800w, http:\/\/monolity.pl\/wp-content\/uploads\/2017\/01\/15-300x200.jpg 300w, http:\/\/monolity.pl\/wp-content\/uploads\/2017\/01\/15-768x512.jpg 768w\" sizes=\"(max-width: 800px) 100vw, 800px\" \/><\/p>","protected":false},"excerpt":{"rendered":"<p>Lors de la r\u00e9alisation de votre r\u00eave de cheminn\u00e9e, il\u00a0 arrive souvent\u00a0 que la forme du\u00a0 b\u00e2ti n\u00e9cessite des accessoires\u00a0 particuliers. Nous proposons ce type d\u2019accessoire qui est brevet\u00e9 par notre entreprise et s\u2019appelle carreau fa\u00e7onnable. Il s\u2019adapte \u00e0 chaque forme de chemin\u00e9e avec des arcs, demi-cercles et arrondissements \u2013 gr\u00e2ce \u00e0 la possibilit\u00e9 de [&hellip;]<\/p>\n","protected":false},"author":1,"featured_media":0,"parent":42,"menu_order":0,"comment_status":"closed","ping_status":"closed","template":"","meta":[],"_links":{"self":[{"href":"http:\/\/monolity.pl\/fr\/wp-json\/wp\/v2\/pages\/180"}],"collection":[{"href":"http:\/\/monolity.pl\/fr\/wp-json\/wp\/v2\/pages"}],"about":[{"href":"http:\/\/monolity.pl\/fr\/wp-json\/wp\/v2\/types\/page"}],"author":[{"embeddable":true,"href":"http:\/\/monolity.pl\/fr\/wp-json\/wp\/v2\/users\/1"}],"replies":[{"embeddable":true,"href":"http:\/\/monolity.pl\/fr\/wp-json\/wp\/v2\/comments?post=180"}],"version-history":[{"count":26,"href":"http:\/\/monolity.pl\/fr\/wp-json\/wp\/v2\/pages\/180\/revisions"}],"predecessor-version":[{"id":1076,"href":"http:\/\/monolity.pl\/fr\/wp-json\/wp\/v2\/pages\/180\/revisions\/1076"}],"up":[{"embeddable":true,"href":"http:\/\/monolity.pl\/fr\/wp-json\/wp\/v2\/pages\/42"}],"wp:attachment":[{"href":"http:\/\/monolity.pl\/fr\/wp-json\/wp\/v2\/media?parent=180"}],"curies":[{"name":"wp","href":"https:\/\/api.w.org\/{rel}","templated":true}]}}