{"id":206,"date":"2017-01-07T12:19:11","date_gmt":"2017-01-07T11:19:11","guid":{"rendered":"http:\/\/tarnavva.nazwa.pl\/tarnavva\/?page_id=206"},"modified":"2017-03-09T11:57:07","modified_gmt":"2017-03-09T10:57:07","slug":"elementy-redukcyjne","status":"publish","type":"page","link":"http:\/\/monolity.pl\/fr\/produkty\/elementy-redukcyjne\/","title":{"rendered":"\u00c9l\u00e9ments de reduction"},"content":{"rendered":"<p><\/p>\n<p lang=\"zxx\" align=\"left\"><span style=\"color: #000000;\"><span style=\"font-family: arial, helvetica, sans-serif;\"><span style=\"font-size: small;\">\u00c9l\u00e9ments de reduction pour\u00a0 la grille de ventilation\u00a0 \u00f8 100, \u00f8 125, \u00f8 150.<\/span><\/span><\/span><\/p>\n<p><img loading=\"lazy\" class=\"aligncenter size-full wp-image-477\" src=\"http:\/\/tarnavva.nazwa.pl\/tarnavva\/wp-content\/uploads\/2017\/01\/elementy_redukcyjne_b.jpg\" alt=\"\" width=\"269\" height=\"502\" srcset=\"http:\/\/monolity.pl\/wp-content\/uploads\/2017\/01\/elementy_redukcyjne_b.jpg 269w, http:\/\/monolity.pl\/wp-content\/uploads\/2017\/01\/elementy_redukcyjne_b-161x300.jpg 161w\" sizes=\"(max-width: 269px) 100vw, 269px\" \/><\/p>\n<p>&nbsp;<\/p>\n<p>&nbsp;<\/p>","protected":false},"excerpt":{"rendered":"<p>\u00c9l\u00e9ments de reduction pour\u00a0 la grille de ventilation\u00a0 \u00f8 100, \u00f8 125, \u00f8 150. &nbsp; &nbsp;<\/p>\n","protected":false},"author":1,"featured_media":0,"parent":42,"menu_order":0,"comment_status":"closed","ping_status":"closed","template":"","meta":[],"_links":{"self":[{"href":"http:\/\/monolity.pl\/fr\/wp-json\/wp\/v2\/pages\/206"}],"collection":[{"href":"http:\/\/monolity.pl\/fr\/wp-json\/wp\/v2\/pages"}],"about":[{"href":"http:\/\/monolity.pl\/fr\/wp-json\/wp\/v2\/types\/page"}],"author":[{"embeddable":true,"href":"http:\/\/monolity.pl\/fr\/wp-json\/wp\/v2\/users\/1"}],"replies":[{"embeddable":true,"href":"http:\/\/monolity.pl\/fr\/wp-json\/wp\/v2\/comments?post=206"}],"version-history":[{"count":7,"href":"http:\/\/monolity.pl\/fr\/wp-json\/wp\/v2\/pages\/206\/revisions"}],"predecessor-version":[{"id":1074,"href":"http:\/\/monolity.pl\/fr\/wp-json\/wp\/v2\/pages\/206\/revisions\/1074"}],"up":[{"embeddable":true,"href":"http:\/\/monolity.pl\/fr\/wp-json\/wp\/v2\/pages\/42"}],"wp:attachment":[{"href":"http:\/\/monolity.pl\/fr\/wp-json\/wp\/v2\/media?parent=206"}],"curies":[{"name":"wp","href":"https:\/\/api.w.org\/{rel}","templated":true}]}}