{"id":21,"date":"2016-12-31T11:52:30","date_gmt":"2016-12-31T10:52:30","guid":{"rendered":"http:\/\/tarnavva.nazwa.pl\/tarnavva\/?page_id=21"},"modified":"2017-02-17T08:52:35","modified_gmt":"2017-02-17T07:52:35","slug":"firma","status":"publish","type":"page","link":"http:\/\/monolity.pl\/fr\/firma\/","title":{"rendered":"Societ\u00e9"},"content":{"rendered":"<p>Nous sommes une \u00e9quipe de sp\u00e9cialistes jeunes et ambicieux,\u00a0 faisant tout notre possible\u00a0 pour apporter une touche fra\u00eeche et innovante \u00e0 notre gamme de produits &#8211; Inserts chemin\u00e9es monolithique\u00a0 \u00ab\u00a0Monolity\u00a0\u00bb. Depuis la cr\u00e9ation nous nous effor\u00e7ons\u00a0 de\u00a0 stabiliser la postiton de notre entreprise parmi les\u00a0 fabricants polonais et adressons nos produits non\u00a0 seulement aux clients domestiques mais aussi aux march\u00e9s de pays europ\u00e9ens et\u00a0 pays d\u2019Est.\u00a0 Enthousiastes de chemin\u00e9e, nous basons notre optimisme\u00a0 sur notre objectif de ne jamais\u00a0 nous contenter\u00a0 de nos succ\u00e8s. Nous sommes conscients que l\u2019innovation fait de plus en plus partie de notre quotidien\u00a0 ce qui nous\u00a0 inspire dans la conception de nos produits qui sont\u00a0 tr\u00e8s innovants.<\/p>\n<p>&#8230;.. il fait plus chaud\u00a0 aupr\u00e8s de nous<\/p>\n<p><img loading=\"lazy\" width=\"790\" height=\"390\" class=\"aligncenter size-full wp-image-176\" style=\"width: 95%;\" src=\"http:\/\/tarnavva.nazwa.pl\/tarnavva\/wp-content\/uploads\/2016\/12\/tarn_17.jpg\" alt=\"tarn_17\" srcset=\"http:\/\/monolity.pl\/wp-content\/uploads\/2016\/12\/tarn_17.jpg 790w, http:\/\/monolity.pl\/wp-content\/uploads\/2016\/12\/tarn_17-300x148.jpg 300w, http:\/\/monolity.pl\/wp-content\/uploads\/2016\/12\/tarn_17-768x379.jpg 768w\" sizes=\"(max-width: 790px) 100vw, 790px\" \/><\/p>","protected":false},"excerpt":{"rendered":"<p>Nous sommes une \u00e9quipe de sp\u00e9cialistes jeunes et ambicieux,\u00a0 faisant tout notre possible\u00a0 pour apporter une touche fra\u00eeche et innovante \u00e0 notre gamme de produits &#8211; Inserts chemin\u00e9es monolithique\u00a0 \u00ab\u00a0Monolity\u00a0\u00bb. Depuis la cr\u00e9ation nous nous effor\u00e7ons\u00a0 de\u00a0 stabiliser la postiton de notre entreprise parmi les\u00a0 fabricants polonais et adressons nos produits non\u00a0 seulement aux clients [&hellip;]<\/p>\n","protected":false},"author":1,"featured_media":0,"parent":0,"menu_order":0,"comment_status":"closed","ping_status":"closed","template":"","meta":[],"_links":{"self":[{"href":"http:\/\/monolity.pl\/fr\/wp-json\/wp\/v2\/pages\/21"}],"collection":[{"href":"http:\/\/monolity.pl\/fr\/wp-json\/wp\/v2\/pages"}],"about":[{"href":"http:\/\/monolity.pl\/fr\/wp-json\/wp\/v2\/types\/page"}],"author":[{"embeddable":true,"href":"http:\/\/monolity.pl\/fr\/wp-json\/wp\/v2\/users\/1"}],"replies":[{"embeddable":true,"href":"http:\/\/monolity.pl\/fr\/wp-json\/wp\/v2\/comments?post=21"}],"version-history":[{"count":12,"href":"http:\/\/monolity.pl\/fr\/wp-json\/wp\/v2\/pages\/21\/revisions"}],"predecessor-version":[{"id":671,"href":"http:\/\/monolity.pl\/fr\/wp-json\/wp\/v2\/pages\/21\/revisions\/671"}],"wp:attachment":[{"href":"http:\/\/monolity.pl\/fr\/wp-json\/wp\/v2\/media?parent=21"}],"curies":[{"name":"wp","href":"https:\/\/api.w.org\/{rel}","templated":true}]}}