{"id":210,"date":"2017-01-07T12:28:24","date_gmt":"2017-01-07T11:28:24","guid":{"rendered":"http:\/\/tarnavva.nazwa.pl\/tarnavva\/?page_id=210"},"modified":"2017-03-09T12:08:44","modified_gmt":"2017-03-09T11:08:44","slug":"ramy-wykonczeniowe","status":"publish","type":"page","link":"http:\/\/monolity.pl\/fr\/produkty\/ramy-wykonczeniowe\/","title":{"rendered":"Cadres de chemin\u00e9e"},"content":{"rendered":"<p>Nous vous proposons un detail tr\u00e8s moderne pour nos inserts de chemin\u00e9e &#8211; le cadre de chemin\u00e9e.<\/p>\n<p>Nous possedons les cadres pour tous les types d\u2019insert dans 4 differentes finissions:<\/p>\n<ul>\n<li>inox bross\u00e9<\/li>\n<li>inox poli<\/li>\n<li>acier<\/li>\n<li>graphit<\/li>\n<\/ul>\n<p>Les cadres qui donnent \u00e0 la chemin\u00e9e un caract\u00e8re original poss\u00e8dent un syst\u00e8me pratique qui permet assemblage rapide.<\/p>\n<p>Notre gamme contient deux types de cadres \u2013 CONVEXE et PANEL .\u00a0 Nous r\u00e9alisons aussi selon le besoin individuel des \u00e9l\u00e9ments d\u00e9coratifs en inox.<\/p>\n<h2 class=\"red-header\">Les cadres convexes<\/h2>\n<p class=\"left-paragraph\">Cadres noires<\/p>\n<p><img loading=\"lazy\" class=\"alignnone size-full wp-image-211\" src=\"http:\/\/tarnavva.nazwa.pl\/tarnavva\/wp-content\/uploads\/2017\/01\/rozeta-czarna.jpg\" alt=\"czarna\" width=\"140\" height=\"105\" \/><\/p>\n<p class=\"left-paragraph\">Cadres graphits<\/p>\n<p><img loading=\"lazy\" class=\"alignnone size-full wp-image-212\" src=\"http:\/\/tarnavva.nazwa.pl\/tarnavva\/wp-content\/uploads\/2017\/01\/rozeta-grafit.jpg\" alt=\"grafit\" width=\"138\" height=\"104\" \/><\/p>\n<p class=\"left-paragraph\">Cadres polis<\/p>\n<p><img loading=\"lazy\" class=\"alignnone size-full wp-image-213\" src=\"http:\/\/tarnavva.nazwa.pl\/tarnavva\/wp-content\/uploads\/2017\/01\/rozeta-poler.jpg\" alt=\"poler\" width=\"138\" height=\"104\" \/><\/p>\n<p class=\"left-paragraph\">Cadres rod\u00e9s<\/p>\n<p><img loading=\"lazy\" class=\"alignnone size-full wp-image-214\" src=\"http:\/\/tarnavva.nazwa.pl\/tarnavva\/wp-content\/uploads\/2017\/01\/rozeta-szlif.jpg\" alt=\"szlif\" width=\"138\" height=\"104\" \/><\/p>\n<h2 class=\"red-header\">Les cadres panels<\/h2>\n<p class=\"left-paragraph\">Cadres noires<\/p>\n<p><img loading=\"lazy\" class=\"alignnone size-full wp-image-215\" src=\"http:\/\/tarnavva.nazwa.pl\/tarnavva\/wp-content\/uploads\/2017\/01\/rama_panel_czarna.jpg\" alt=\"czarna\" width=\"140\" height=\"105\" \/><\/p>\n<p class=\"left-paragraph\">Cadres rod\u00e9s<\/p>\n<p><img loading=\"lazy\" class=\"alignnone size-full wp-image-216\" src=\"http:\/\/tarnavva.nazwa.pl\/tarnavva\/wp-content\/uploads\/2017\/01\/rama_panel_drapanka.jpg\" alt=\"drapanka\" width=\"140\" height=\"105\" \/><\/p>\n<p class=\"left-paragraph\">Cadres mix<\/p>\n<p><img loading=\"lazy\" class=\"alignnone size-full wp-image-217\" src=\"http:\/\/tarnavva.nazwa.pl\/tarnavva\/wp-content\/uploads\/2017\/01\/rama_panel_mix.jpg\" alt=\"mix\" width=\"140\" height=\"105\" \/><\/p>\n<h2 class=\"red-header\">Le plans dimensionnels<\/h2>\n<p class=\"left-paragraph\">Cadres convexes<\/p>\n<p><a href=\"http:\/\/tarnavva.nazwa.pl\/tarnavva\/wp-content\/uploads\/2017\/01\/tech_roz_wyp.jpg\" data-rel=\"lightbox-gallery-AhUOD8Ii\" data-rl_title=\"\" data-rl_caption=\"\" title=\"\"><img loading=\"lazy\" class=\"alignnone size-thumbnail wp-image-226\" style=\"border: 1px solid black;\" src=\"http:\/\/tarnavva.nazwa.pl\/tarnavva\/wp-content\/uploads\/2017\/01\/tech_roz_wyp-150x150.jpg\" alt=\"roz\" width=\"150\" height=\"150\" \/><\/a><\/p>\n<p class=\"left-paragraph\">Cadres panels<\/p>\n<p><a href=\"http:\/\/tarnavva.nazwa.pl\/tarnavva\/wp-content\/uploads\/2017\/01\/tech_roz_pan.jpg\" data-rel=\"lightbox-gallery-AhUOD8Ii\" data-rl_title=\"\" data-rl_caption=\"\" title=\"\"><img loading=\"lazy\" class=\"alignnone size-thumbnail wp-image-227\" style=\"border: 1px solid black;\" src=\"http:\/\/tarnavva.nazwa.pl\/tarnavva\/wp-content\/uploads\/2017\/01\/tech_roz_pan-150x150.jpg\" alt=\"pan\" width=\"150\" height=\"150\" srcset=\"http:\/\/monolity.pl\/wp-content\/uploads\/2017\/01\/tech_roz_pan-150x150.jpg 150w, http:\/\/monolity.pl\/wp-content\/uploads\/2017\/01\/tech_roz_pan-300x300.jpg 300w, http:\/\/monolity.pl\/wp-content\/uploads\/2017\/01\/tech_roz_pan.jpg 600w\" sizes=\"(max-width: 150px) 100vw, 150px\" \/><\/a><\/p>\n<p><img loading=\"lazy\" width=\"800\" height=\"600\" class=\"alignnone size-full wp-image-230\" style=\"width: 95%;\" src=\"http:\/\/tarnavva.nazwa.pl\/tarnavva\/wp-content\/uploads\/2017\/01\/18.jpg\" alt=\"18\" srcset=\"http:\/\/monolity.pl\/wp-content\/uploads\/2017\/01\/18.jpg 800w, http:\/\/monolity.pl\/wp-content\/uploads\/2017\/01\/18-300x225.jpg 300w, http:\/\/monolity.pl\/wp-content\/uploads\/2017\/01\/18-768x576.jpg 768w\" sizes=\"(max-width: 800px) 100vw, 800px\" \/><\/p>","protected":false},"excerpt":{"rendered":"<p>Nous vous proposons un detail tr\u00e8s moderne pour nos inserts de chemin\u00e9e &#8211; le cadre de chemin\u00e9e. Nous possedons les cadres pour tous les types d\u2019insert dans 4 differentes finissions: inox bross\u00e9 inox poli acier graphit Les cadres qui donnent \u00e0 la chemin\u00e9e un caract\u00e8re original poss\u00e8dent un syst\u00e8me pratique qui permet assemblage rapide. Notre [&hellip;]<\/p>\n","protected":false},"author":1,"featured_media":0,"parent":42,"menu_order":0,"comment_status":"closed","ping_status":"closed","template":"","meta":[],"_links":{"self":[{"href":"http:\/\/monolity.pl\/fr\/wp-json\/wp\/v2\/pages\/210"}],"collection":[{"href":"http:\/\/monolity.pl\/fr\/wp-json\/wp\/v2\/pages"}],"about":[{"href":"http:\/\/monolity.pl\/fr\/wp-json\/wp\/v2\/types\/page"}],"author":[{"embeddable":true,"href":"http:\/\/monolity.pl\/fr\/wp-json\/wp\/v2\/users\/1"}],"replies":[{"embeddable":true,"href":"http:\/\/monolity.pl\/fr\/wp-json\/wp\/v2\/comments?post=210"}],"version-history":[{"count":36,"href":"http:\/\/monolity.pl\/fr\/wp-json\/wp\/v2\/pages\/210\/revisions"}],"predecessor-version":[{"id":1078,"href":"http:\/\/monolity.pl\/fr\/wp-json\/wp\/v2\/pages\/210\/revisions\/1078"}],"up":[{"embeddable":true,"href":"http:\/\/monolity.pl\/fr\/wp-json\/wp\/v2\/pages\/42"}],"wp:attachment":[{"href":"http:\/\/monolity.pl\/fr\/wp-json\/wp\/v2\/media?parent=210"}],"curies":[{"name":"wp","href":"https:\/\/api.w.org\/{rel}","templated":true}]}}