{"id":235,"date":"2017-01-07T12:56:39","date_gmt":"2017-01-07T11:56:39","guid":{"rendered":"http:\/\/tarnavva.nazwa.pl\/tarnavva\/?page_id=235"},"modified":"2017-03-09T12:09:55","modified_gmt":"2017-03-09T11:09:55","slug":"stojaki-do-kominka","status":"publish","type":"page","link":"http:\/\/monolity.pl\/fr\/produkty\/stojaki-do-kominka\/","title":{"rendered":"Supports de foyers"},"content":{"rendered":"<p>Nos supports sp\u00e9ciaux r\u00e9glables repr\u00e9sentent parfaite base\u00a0 pour\u00a0 posage des foyers.<\/p>\n<p>Ils ont une structure d\u2019ossature qui permet libre circulation d\u2019air ainsi que refroidissement automatique de foyer.<\/p>\n<p>Les support sont r\u00e9alis\u00e9s en profil d\u2019acier de l\u2019\u00e9ppaisseur n\u00e9cessaire. Pieds de support sont r\u00e9glables ce qui permet adaptation \u00e0\u00a0 la hauteur demand\u00e9e.\u00a0 (de 370mm a 440mm)<\/p>\n<p>Le diam\u00e8tre du joint de connexion d\u2019air est 100.<\/p>\n<ul>\n<li>Support de foyers avec conduit d\u2019air pour alimenter chambre de combustion Type 12kw<\/li>\n<li>Support de foyers avec conduit d\u2019air pour alimenter chambre de combustion\u00a0 Type 14 \/ 16 KW<\/li>\n<li>Support de foyers avec conduit d\u2019air pour alimenter\u00a0 chambre de combustion\u00a0\u00a0 Type 18 KW<\/li>\n<li>Support de foyer ROUND 18 kw avec conduit\u00a0 d\u2019air pour alimenter chambre de combustion<\/li>\n<\/ul>\n<p><img loading=\"lazy\" class=\"alignleft size-full wp-image-237\" src=\"http:\/\/tarnavva.nazwa.pl\/tarnavva\/wp-content\/uploads\/2017\/01\/Tarnavva-stojak01.jpg\" alt=\"\" width=\"200\" height=\"165\" \/><\/p>\n<p><img loading=\"lazy\" class=\"alignleft size-full wp-image-238\" src=\"http:\/\/tarnavva.nazwa.pl\/tarnavva\/wp-content\/uploads\/2017\/01\/Tarnavva-stojak02.jpg\" alt=\"\" width=\"200\" height=\"256\" \/><\/p>\n<p><img loading=\"lazy\" class=\"alignleft size-full wp-image-239\" src=\"http:\/\/tarnavva.nazwa.pl\/tarnavva\/wp-content\/uploads\/2017\/01\/Tarnavva-stojak03.jpg\" alt=\"\" width=\"200\" height=\"204\" \/><\/p>","protected":false},"excerpt":{"rendered":"<p>Nos supports sp\u00e9ciaux r\u00e9glables repr\u00e9sentent parfaite base\u00a0 pour\u00a0 posage des foyers. Ils ont une structure d\u2019ossature qui permet libre circulation d\u2019air ainsi que refroidissement automatique de foyer. Les support sont r\u00e9alis\u00e9s en profil d\u2019acier de l\u2019\u00e9ppaisseur n\u00e9cessaire. Pieds de support sont r\u00e9glables ce qui permet adaptation \u00e0\u00a0 la hauteur demand\u00e9e.\u00a0 (de 370mm a 440mm) Le [&hellip;]<\/p>\n","protected":false},"author":1,"featured_media":0,"parent":42,"menu_order":0,"comment_status":"closed","ping_status":"closed","template":"","meta":[],"_links":{"self":[{"href":"http:\/\/monolity.pl\/fr\/wp-json\/wp\/v2\/pages\/235"}],"collection":[{"href":"http:\/\/monolity.pl\/fr\/wp-json\/wp\/v2\/pages"}],"about":[{"href":"http:\/\/monolity.pl\/fr\/wp-json\/wp\/v2\/types\/page"}],"author":[{"embeddable":true,"href":"http:\/\/monolity.pl\/fr\/wp-json\/wp\/v2\/users\/1"}],"replies":[{"embeddable":true,"href":"http:\/\/monolity.pl\/fr\/wp-json\/wp\/v2\/comments?post=235"}],"version-history":[{"count":15,"href":"http:\/\/monolity.pl\/fr\/wp-json\/wp\/v2\/pages\/235\/revisions"}],"predecessor-version":[{"id":1079,"href":"http:\/\/monolity.pl\/fr\/wp-json\/wp\/v2\/pages\/235\/revisions\/1079"}],"up":[{"embeddable":true,"href":"http:\/\/monolity.pl\/fr\/wp-json\/wp\/v2\/pages\/42"}],"wp:attachment":[{"href":"http:\/\/monolity.pl\/fr\/wp-json\/wp\/v2\/media?parent=235"}],"curies":[{"name":"wp","href":"https:\/\/api.w.org\/{rel}","templated":true}]}}