{"id":241,"date":"2017-01-07T13:05:42","date_gmt":"2017-01-07T12:05:42","guid":{"rendered":"http:\/\/tarnavva.nazwa.pl\/tarnavva\/?page_id=241"},"modified":"2017-03-09T11:50:31","modified_gmt":"2017-03-09T10:50:31","slug":"elementy-komina","status":"publish","type":"page","link":"http:\/\/monolity.pl\/fr\/produkty\/elementy-komina\/","title":{"rendered":"RACCORDS DE CHEMIN\u00c9E"},"content":{"rendered":"<p>Dans le domaine de raccords\u00a0 de chemin\u00e9e nous proposons:<\/p>\n<div class=\"tab-2\">\n<table rules=\"rows\">\n<tbody>\n<tr>\n<td rowspan=\"2\">\u00c9l\u00e9ments de conduit de chemin\u00e9e en inox:<br \/>\nclasse\u00a0 1.4404, 1.4301, epaisseur od 0,5 do 1,5mm<\/td>\n<td>\n<ul>\n<li>Syst\u00e8me parois unique<\/li>\n<\/ul>\n<\/td>\n<\/tr>\n<tr>\n<td>\n<ul>\n<li>Syst\u00e8me parois double<\/li>\n<\/ul>\n<\/td>\n<\/tr>\n<tr>\n<td>\u00c9l\u00e9ments de conduit de chemin\u00e9e en acier r\u00e9sistant \u00e0 la chaleur<\/td>\n<td>\n<ul>\n<li>Tuyau\u00a0 flexible<\/li>\n<\/ul>\n<\/td>\n<\/tr>\n<\/tbody>\n<\/table>\n<\/div>\n<p>Notre offre comprend de syst\u00e8mes d\u2019\u00e9l\u00e9ments de conduit de chemin\u00e9e de type paroi unique, pour installer dans les chemin\u00e9es existantes c\u00e9ramiques , ainsi que de type paroi double, pour montage\u00a0 \u00e0 l\u2019exterieur de murs c\u00e9ramiques de b\u00e2timents soit sur l\u2019exterieur et l\u2019interieur de constructions m\u00e9talliques. Ils font partie du syst\u00e8me complet\u00a0 d\u2019\u00e9vacuation des gaz \u00e0 l\u2019atmosph\u00e8re. Pour la fabriation de ces deux types de syst\u00e8mes de conduits il est utilis\u00e9 acier\u00a0 inox de haute qualit\u00e9. Isolation dans le type paroi double\u00a0 est fait en laine min\u00e9rale de haute temp\u00e9rature. Cooperation de longue date avec deux plus grands fabricants de conduits de chemin\u00e9e en Pologne nous a permit d\u2019\u00e9largir notre offre et vous proposer des raccords de chemin\u00e9e individuels ainsi que des chemin\u00e9es industrielles independantes faites en t\u00f4le de l\u2019epaisseur\u00a0 de 0,5mm \u00e0\u00a0 2mm, de diam\u00e8tre de\u00a0 \u00f8 60mm \u00e0 \u00f8 1000mm. Les copropri\u00e9taires\u00a0 de \u00ab\u00a0TARNAWA\u00a0\u00bb Sp j et \u00ab\u00a0HMS-Komet\u2019\u00a0\u00bb Zp z o.o. disposent d\u2019un savoir-faire consid\u00e9rable et d\u2019une longue exp\u00e9rience\u00a0 dans le domaine de fabrication de chemin\u00e9e et installation de syst\u00e8mes de conduits de chemin\u00e9e.<\/p>\n<div id=\"attachment_247\" style=\"width: 110px\" class=\"wp-caption alignleft\"><img aria-describedby=\"caption-attachment-247\" loading=\"lazy\" class=\"size-full wp-image-247\" src=\"http:\/\/tarnavva.nazwa.pl\/tarnavva\/wp-content\/uploads\/2017\/01\/Elementy-_komina_dwuscienne_ze_stali.jpg\" alt=\"system dwu\u015bcienny\" width=\"100\" height=\"192\" \/><p id=\"caption-attachment-247\" class=\"wp-caption-text\">syst\u00e8me double parois<\/p><\/div>\n<div id=\"attachment_248\" style=\"width: 110px\" class=\"wp-caption alignleft\"><img aria-describedby=\"caption-attachment-248\" loading=\"lazy\" class=\"size-full wp-image-248\" src=\"http:\/\/tarnavva.nazwa.pl\/tarnavva\/wp-content\/uploads\/2017\/01\/Elementy-_komina_jednoscienne_ze_stali.jpg\" alt=\"system jedno\u015bcienny\" width=\"100\" height=\"181\" \/><p id=\"caption-attachment-248\" class=\"wp-caption-text\">syst\u00e8me parois unique<\/p><\/div>\n<p style=\"clear: both; text-align: center;\">De bonnes relations de partenariat avec les fabricants des\u00a0 tuyaux flexibles\u00a0 de double parois\u00a0 en chromonickel de TARFLEX ou BESKOM ainsi que les fabricants des \u00e9l\u00e9ments de chemin\u00e9e en acier r\u00e9sistant \u00e0 la chaleur, nous permettent \u00e0 mieux satisfaire les besoins de nos clients dans ce domaine et compl\u00e9ter la gamme de nos services et produits.<\/p>\n<p><\/p>","protected":false},"excerpt":{"rendered":"<p>Dans le domaine de raccords\u00a0 de chemin\u00e9e nous proposons: \u00c9l\u00e9ments de conduit de chemin\u00e9e en inox: classe\u00a0 1.4404, 1.4301, epaisseur od 0,5 do 1,5mm Syst\u00e8me parois unique Syst\u00e8me parois double \u00c9l\u00e9ments de conduit de chemin\u00e9e en acier r\u00e9sistant \u00e0 la chaleur Tuyau\u00a0 flexible Notre offre comprend de syst\u00e8mes d\u2019\u00e9l\u00e9ments de conduit de chemin\u00e9e de type [&hellip;]<\/p>\n","protected":false},"author":1,"featured_media":0,"parent":42,"menu_order":0,"comment_status":"closed","ping_status":"closed","template":"","meta":[],"_links":{"self":[{"href":"http:\/\/monolity.pl\/fr\/wp-json\/wp\/v2\/pages\/241"}],"collection":[{"href":"http:\/\/monolity.pl\/fr\/wp-json\/wp\/v2\/pages"}],"about":[{"href":"http:\/\/monolity.pl\/fr\/wp-json\/wp\/v2\/types\/page"}],"author":[{"embeddable":true,"href":"http:\/\/monolity.pl\/fr\/wp-json\/wp\/v2\/users\/1"}],"replies":[{"embeddable":true,"href":"http:\/\/monolity.pl\/fr\/wp-json\/wp\/v2\/comments?post=241"}],"version-history":[{"count":20,"href":"http:\/\/monolity.pl\/fr\/wp-json\/wp\/v2\/pages\/241\/revisions"}],"predecessor-version":[{"id":1073,"href":"http:\/\/monolity.pl\/fr\/wp-json\/wp\/v2\/pages\/241\/revisions\/1073"}],"up":[{"embeddable":true,"href":"http:\/\/monolity.pl\/fr\/wp-json\/wp\/v2\/pages\/42"}],"wp:attachment":[{"href":"http:\/\/monolity.pl\/fr\/wp-json\/wp\/v2\/media?parent=241"}],"curies":[{"name":"wp","href":"https:\/\/api.w.org\/{rel}","templated":true}]}}