{"id":257,"date":"2017-01-07T13:54:51","date_gmt":"2017-01-07T12:54:51","guid":{"rendered":"http:\/\/tarnavva.nazwa.pl\/tarnavva\/?page_id=257"},"modified":"2017-03-09T11:42:35","modified_gmt":"2017-03-09T10:42:35","slug":"dystrybutor-cieplego-powietrza","status":"publish","type":"page","link":"http:\/\/monolity.pl\/fr\/produkty\/dystrybutor-cieplego-powietrza\/","title":{"rendered":"Distributeurs d\u2019air chaud"},"content":{"rendered":"<p>Les distributeurs d&rsquo;air chaud sont r\u00e9alis\u00e9s sur la commande individuelle de client (selon les pr\u00e9cision quant au nombre et diam\u00e8tre des sections de tuyaux.<\/p>\n<p>Distributeurs sont fabriqu\u00e9s en t\u00f4le zinc.<\/p>\n<p>Ils sont disponibles pour les foyers suivants\u00a0:<\/p>\n<ul>\n<li>distributeur d\u2019air chaud Type 12 kw<\/li>\n<li>distributeur d\u2019air chaud Type 14 kw<\/li>\n<li>distributeur d\u2019air chaud Type 16 kw<\/li>\n<li>distributeur d\u2019air chaud Type 18 kw<\/li>\n<li>distributeur d\u2019air chaud Type 20 kw<\/li>\n<\/ul>\n<p><img loading=\"lazy\" class=\"alignleft size-full wp-image-258\" src=\"http:\/\/tarnavva.nazwa.pl\/tarnavva\/wp-content\/uploads\/2017\/01\/Tarnavva_dystrybutor_01.jpg\" alt=\"\" width=\"200\" height=\"221\" \/><\/p>\n<p><img loading=\"lazy\" class=\"alignleft size-full wp-image-259\" src=\"http:\/\/tarnavva.nazwa.pl\/tarnavva\/wp-content\/uploads\/2017\/01\/Tarnavva_dystrybutor_02.jpg\" alt=\"\" width=\"200\" height=\"206\" \/><\/p>\n<p><img loading=\"lazy\" class=\"alignleft size-full wp-image-260\" src=\"http:\/\/tarnavva.nazwa.pl\/tarnavva\/wp-content\/uploads\/2017\/01\/Tarnavva_dystrybutor_03.jpg\" alt=\"\" width=\"200\" height=\"119\" \/><\/p>","protected":false},"excerpt":{"rendered":"<p>Les distributeurs d&rsquo;air chaud sont r\u00e9alis\u00e9s sur la commande individuelle de client (selon les pr\u00e9cision quant au nombre et diam\u00e8tre des sections de tuyaux. Distributeurs sont fabriqu\u00e9s en t\u00f4le zinc. Ils sont disponibles pour les foyers suivants\u00a0: distributeur d\u2019air chaud Type 12 kw distributeur d\u2019air chaud Type 14 kw distributeur d\u2019air chaud Type 16 kw [&hellip;]<\/p>\n","protected":false},"author":1,"featured_media":0,"parent":42,"menu_order":0,"comment_status":"closed","ping_status":"closed","template":"","meta":[],"_links":{"self":[{"href":"http:\/\/monolity.pl\/fr\/wp-json\/wp\/v2\/pages\/257"}],"collection":[{"href":"http:\/\/monolity.pl\/fr\/wp-json\/wp\/v2\/pages"}],"about":[{"href":"http:\/\/monolity.pl\/fr\/wp-json\/wp\/v2\/types\/page"}],"author":[{"embeddable":true,"href":"http:\/\/monolity.pl\/fr\/wp-json\/wp\/v2\/users\/1"}],"replies":[{"embeddable":true,"href":"http:\/\/monolity.pl\/fr\/wp-json\/wp\/v2\/comments?post=257"}],"version-history":[{"count":13,"href":"http:\/\/monolity.pl\/fr\/wp-json\/wp\/v2\/pages\/257\/revisions"}],"predecessor-version":[{"id":1071,"href":"http:\/\/monolity.pl\/fr\/wp-json\/wp\/v2\/pages\/257\/revisions\/1071"}],"up":[{"embeddable":true,"href":"http:\/\/monolity.pl\/fr\/wp-json\/wp\/v2\/pages\/42"}],"wp:attachment":[{"href":"http:\/\/monolity.pl\/fr\/wp-json\/wp\/v2\/media?parent=257"}],"curies":[{"name":"wp","href":"https:\/\/api.w.org\/{rel}","templated":true}]}}