{"id":263,"date":"2017-01-07T13:57:23","date_gmt":"2017-01-07T12:57:23","guid":{"rendered":"http:\/\/tarnavva.nazwa.pl\/tarnavva\/?page_id=263"},"modified":"2017-03-06T13:37:32","modified_gmt":"2017-03-06T12:37:32","slug":"uszczelnienia-przewodow-kominowych","status":"publish","type":"page","link":"http:\/\/monolity.pl\/fr\/produkty\/uszczelnienia-przewodow-kominowych\/","title":{"rendered":"\u00c9tanchements de conduits de chemin\u00e9e"},"content":{"rendered":"<p>Les\u00a0 joints d\u2019\u00e9tancheit\u00e9 fabriqu\u00e9s par nous se composent du m\u00e9lange de silica\u00a0 elabor\u00e9 par nos techniciens sp\u00e9cialement pour l\u2019application dans les conduits de chemin\u00e9e. Ils sont destin\u00e9s \u00e0 \u00e9tancher les parties de tuyaux qui sont integr\u00e9s en calice, en particulier les parties de chemin\u00e9e qui servent \u00e0 l\u2019\u00e9vacuation de fumm\u00e9s fluides ou s\u00e8ches. La forme sp\u00e9ciale du joint a \u00e9t\u00e9 con\u00e7ue pour\u00a0 \u00e9liminer la possibilit\u00e9 de deformation pendant l\u2019introduction de partie suivante et les forces\u00a0 qui apparaissent, agissent positivement en renforcant son appui sur\u00a0 parois de tuyaux. Cela permet \u00e0 assurer une garantie 100% de l\u2019\u00e9tanchemant des tuyaux\u00a0 integr\u00e9s tout en conservant la l\u00e9g\u00e8ret\u00e9 de l\u2019assemblage.<\/p>\n<p>CE\u00a0 PRODUIT \u2013 son application et\u00a0 sa construction \u2013\u00a0\u00a0 EST PROTEG\u00c9 PAR LE BR\u00c9VET.<\/p>\n<p><strong>PARAM\u00c8TRES TECHNIQUES DE NOTRE JOINT D\u2019\u00c9TANCHEIT\u00c9:<\/strong><\/p>\n<table>\n<tbody>\n<tr>\n<td>Diam\u00e8tre<\/td>\n<td>\u00f860, \u00f880, \u00f8100, \u00f8110, \u00f8113, \u00f8130, \u00f8150, \u00f8180, \u00f8200, \u00f8250<\/td>\n<\/tr>\n<tr>\n<td>Temp\u00e9rature (momentan\u00e9e)<\/td>\n<td>300\u00b0C<\/td>\n<\/tr>\n<tr>\n<td>Temp\u00e9rature de travail<\/td>\n<td>250\u00b0C<\/td>\n<\/tr>\n<tr>\n<td>Polimere de fond<\/td>\n<td>VMQ bleu<\/td>\n<\/tr>\n<tr>\n<td>Etirage. En rupture DIN 53504<\/td>\n<td>279%<\/td>\n<\/tr>\n<tr>\n<td>Tension 100% DIN 53504<\/td>\n<td>3,6 N\/mm2<\/td>\n<\/tr>\n<tr>\n<td>D\u00fbret\u00e9\u00a0 DIN 53505<\/td>\n<td>70 + 5<\/td>\n<\/tr>\n<tr>\n<td>Densit\u00e9 DIN 53505<\/td>\n<td>1,5 + 0,02<\/td>\n<\/tr>\n<\/tbody>\n<\/table>\n<p><img loading=\"lazy\" class=\"aligncenter size-full wp-image-327\" src=\"http:\/\/tarnavva.nazwa.pl\/tarnavva\/wp-content\/uploads\/2017\/01\/orn3.jpg\" alt=\"\" width=\"676\" height=\"350\" srcset=\"http:\/\/monolity.pl\/wp-content\/uploads\/2017\/01\/orn3.jpg 676w, http:\/\/monolity.pl\/wp-content\/uploads\/2017\/01\/orn3-300x155.jpg 300w\" sizes=\"(max-width: 676px) 100vw, 676px\" \/><\/p>","protected":false},"excerpt":{"rendered":"<p>Les\u00a0 joints d\u2019\u00e9tancheit\u00e9 fabriqu\u00e9s par nous se composent du m\u00e9lange de silica\u00a0 elabor\u00e9 par nos techniciens sp\u00e9cialement pour l\u2019application dans les conduits de chemin\u00e9e. Ils sont destin\u00e9s \u00e0 \u00e9tancher les parties de tuyaux qui sont integr\u00e9s en calice, en particulier les parties de chemin\u00e9e qui servent \u00e0 l\u2019\u00e9vacuation de fumm\u00e9s fluides ou s\u00e8ches. La forme [&hellip;]<\/p>\n","protected":false},"author":1,"featured_media":0,"parent":42,"menu_order":0,"comment_status":"closed","ping_status":"closed","template":"","meta":[],"_links":{"self":[{"href":"http:\/\/monolity.pl\/fr\/wp-json\/wp\/v2\/pages\/263"}],"collection":[{"href":"http:\/\/monolity.pl\/fr\/wp-json\/wp\/v2\/pages"}],"about":[{"href":"http:\/\/monolity.pl\/fr\/wp-json\/wp\/v2\/types\/page"}],"author":[{"embeddable":true,"href":"http:\/\/monolity.pl\/fr\/wp-json\/wp\/v2\/users\/1"}],"replies":[{"embeddable":true,"href":"http:\/\/monolity.pl\/fr\/wp-json\/wp\/v2\/comments?post=263"}],"version-history":[{"count":5,"href":"http:\/\/monolity.pl\/fr\/wp-json\/wp\/v2\/pages\/263\/revisions"}],"predecessor-version":[{"id":997,"href":"http:\/\/monolity.pl\/fr\/wp-json\/wp\/v2\/pages\/263\/revisions\/997"}],"up":[{"embeddable":true,"href":"http:\/\/monolity.pl\/fr\/wp-json\/wp\/v2\/pages\/42"}],"wp:attachment":[{"href":"http:\/\/monolity.pl\/fr\/wp-json\/wp\/v2\/media?parent=263"}],"curies":[{"name":"wp","href":"https:\/\/api.w.org\/{rel}","templated":true}]}}