{"id":27,"date":"2016-12-31T11:52:58","date_gmt":"2016-12-31T10:52:58","guid":{"rendered":"http:\/\/tarnavva.nazwa.pl\/tarnavva\/?page_id=27"},"modified":"2021-10-20T17:13:38","modified_gmt":"2021-10-20T15:13:38","slug":"kontakt","status":"publish","type":"page","link":"http:\/\/monolity.pl\/fr\/kontakt\/","title":{"rendered":"Contact"},"content":{"rendered":"<p><\/p>\n<h2 style=\"color: #dd4b23; text-align: center;\">T A R N A V V A Sp. z o.o<\/h2>\n<h3 style=\"color: #dd4b23;\">Usine et Service de Vente:<\/h3>\n<p style=\"text-align: center;\"><strong>33 \u2013 270 Wietrzychowice 191<\/strong><br \/>\n<strong> woj. ma\u0142opolskie POLSKA<\/strong><\/p>\n<p style=\"text-align: center;\"><strong>Tel:<\/strong> +48 14 644 20 50<br \/>\n<strong>Fax:<\/strong> +48 14 644 20 59<br \/>\n<strong>e-mail:<\/strong> v.v@tarnavva.com<\/p>\n<p style=\"text-align: center;\"><strong>Ouvert de lundi \u00e0 vendredi de 8H \u00e0 16H<\/strong><\/p>\n<h3 style=\"color: #dd4b23;\">Service de client Pologne:<\/h3>\n<p style=\"text-align: center;\"><strong>Vente<\/strong> Monika Majka<br \/>\nTel: +48 14 644 20 51<br \/>\nFax: +48 14 644 20 59<br \/>\nKom: +48 516 079 099<br \/>\ne-mail:m.majka@monolity.pl<\/p>\n<h3 style=\"color: #dd4b23;\">Service de client Export:<\/h3>\n<p style=\"text-align: center;\"><strong>langue anglaise<\/strong><br \/>\n<strong> Export<\/strong> Joanna Winczura<br \/>\nTel: +48 14 63 00 725<br \/>\nFax: +48 14 63 00 723<br \/>\ne-mail: j.winczura@monolity.pl<\/p>\n<p style=\"text-align: center;\"><strong>langue russe et ucrainienne<\/strong><br \/>\n<strong> Export <\/strong>Inna Nesterenko<br \/>\nTel:+48 14 63 00 725<br \/>\nFax:+48 14 63 00 723<br \/>\nKom:+48 508 080 864<br \/>\ne-mail:i.nesterenko@monolity.pl<\/p>\n<p style=\"text-align: center;\"><strong>langue russe<\/strong><br \/>\n<strong> Directeur Commercial<\/strong> Anna Soko\u0142owska<br \/>\nTel..+48 14 644 20 53<br \/>\nFax. +48 14 644 20 59<br \/>\ne-mail:a.sokolowska@monolity.pl<\/p>\n<h3 style=\"color: #dd4b23;\">Service technique et IT :<\/h3>\n<p style=\"text-align: center;\"><strong>Technicien<\/strong> \u0141ukasz Klich<br \/>\nTel..+48 14 644 20 52<br \/>\nFax.+48 14 644 20 59<br \/>\ne-mail:l.klich@monolity.pl<\/p>\n<p>\u201eTARNAVVA\u201c Sp.z o.o.<br \/>\n<strong>NIP<\/strong> 993-044-94-37<br \/>\n<strong>REGON<\/strong> 120097720<\/p>\n<p>Kredyt Bank S.A.<br \/>\n<strong>Konto PLN Nr:<\/strong>\u00a087 1500 1748 1217 4005 5494 0000<br \/>\n<strong>EURO Acc. :<\/strong> 80 1500 1748 1217 4005 5508 0000<\/p>","protected":false},"excerpt":{"rendered":"<p>T A R N A V V A Sp. z o.o Usine et Service de Vente: 33 \u2013 270 Wietrzychowice 191 woj. ma\u0142opolskie POLSKA Tel: +48 14 644 20 50 Fax: +48 14 644 20 59 e-mail: v.v@tarnavva.com Ouvert de lundi \u00e0 vendredi de 8H \u00e0 16H Service de client Pologne: Vente Monika Majka Tel: [&hellip;]<\/p>\n","protected":false},"author":1,"featured_media":0,"parent":0,"menu_order":0,"comment_status":"closed","ping_status":"closed","template":"","meta":[],"_links":{"self":[{"href":"http:\/\/monolity.pl\/fr\/wp-json\/wp\/v2\/pages\/27"}],"collection":[{"href":"http:\/\/monolity.pl\/fr\/wp-json\/wp\/v2\/pages"}],"about":[{"href":"http:\/\/monolity.pl\/fr\/wp-json\/wp\/v2\/types\/page"}],"author":[{"embeddable":true,"href":"http:\/\/monolity.pl\/fr\/wp-json\/wp\/v2\/users\/1"}],"replies":[{"embeddable":true,"href":"http:\/\/monolity.pl\/fr\/wp-json\/wp\/v2\/comments?post=27"}],"version-history":[{"count":32,"href":"http:\/\/monolity.pl\/fr\/wp-json\/wp\/v2\/pages\/27\/revisions"}],"predecessor-version":[{"id":1132,"href":"http:\/\/monolity.pl\/fr\/wp-json\/wp\/v2\/pages\/27\/revisions\/1132"}],"wp:attachment":[{"href":"http:\/\/monolity.pl\/fr\/wp-json\/wp\/v2\/media?parent=27"}],"curies":[{"name":"wp","href":"https:\/\/api.w.org\/{rel}","templated":true}]}}