{"id":319,"date":"2017-01-15T12:30:52","date_gmt":"2017-01-15T11:30:52","guid":{"rendered":"http:\/\/tarnavva.nazwa.pl\/tarnavva\/?page_id=319"},"modified":"2017-03-07T14:03:33","modified_gmt":"2017-03-07T13:03:33","slug":"instrukcja-montazu-paleniska","status":"publish","type":"page","link":"http:\/\/monolity.pl\/fr\/produkty\/montaz\/instrukcja-montazu-paleniska\/","title":{"rendered":"Instructions de pose de foyers"},"content":{"rendered":"<p><\/p>\n<ul>\n<ul>\n<li>Apr\u00e8s l\u2019achat du foyer TARNAVVA et sa transportation \u00e0 domicile ou la livraison par le transportateur\u00a0 il faut\u00a0 assembler tous les parties de foyers, demont\u00e9es pour le transport ( comme\u00a0 d\u00e9flecteur, clef ). Ensuite il faut choisir l\u2019endroit ou poser le foyer.<\/li>\n<\/ul>\n<\/ul>\n<p>&nbsp;<\/p>\n<ul>\n<ul>\n<li>Avant de poser le foyer \u00e0 l\u2019endroit de destination, il faut s\u2019assurer qu cet endroit\u00a0 poss\u00e8de une r\u00e9sistance m\u00e9canique et th\u00e9rmique necessaire. Il devrait \u00eatre fait en mati\u00e8re ininflammable (de l\u2019\u00e9paisseur min 15cm) comme briques, b\u00e9ton, carreaux c\u00e9ramiques inimflammables. Si le sol ne poss\u00e8de pas la capacit\u00e9 de charge n\u00e9cessaire ou\u00a0 il n\u2019y a pas de certutide \u00e0 cet \u00e9gard, il faut appeler un installateur certifi\u00e9 en b\u00e2timent, qui fera une analyse professionelle et conseillera les meilleures solutions de construction , par exemple indiquera un autre endroit qui r\u00e9pondra mieux aux exigences ou montrera un moyen de r\u00e9partir le poids sur une surface plus large.<\/li>\n<\/ul>\n<\/ul>\n<p>&nbsp;<\/p>\n<ul>\n<ul>\n<li>Le foyer devrait \u00eatre pos\u00e9 sur un support sp\u00e9ciale r\u00e9glable fabriqu\u00e9 par notre entreprise. Il est haut de 370mm \u00e0 440mm et il est construit en ossature ce qui permet libre circulation d\u2019air et refroidissement automatique de l&rsquo;insert. L&rsquo;Insert peut \u00eatre pos\u00e9 \u00e9galement sur une base faite en brique et b\u00e9ton arm\u00e9 ou il faut pr\u00e9voir une ouverture de 500m3, situ\u00e9 en dessous de foyer , au centre,\u00a0 pour assurer l\u2019air necessairepour le\u00a0 refroidir.<\/li>\n<\/ul>\n<\/ul>\n<p>&nbsp;<\/p>\n<ul>\n<ul>\n<li>En dessus de foyer doit se trouver une chambre d\u2019air de l\u2019hauteur\u00a0 de 1m min pour contenir\u00a0 l\u2019air chaud avant de sortir\u00a0 \u00e0 l\u2019exterieur \u2013 sur\u00a0 les pi\u00e8ces d\u2019habitations- par des tuyaux de distribution ou par des grilles situ\u00e9es sur le b\u00e2ti de chambre d\u2019air.<\/li>\n<\/ul>\n<\/ul>\n<p>&nbsp;<\/p>\n<ul>\n<ul>\n<li>L&rsquo;insert de chemin\u00e9e MONOLITY est con\u00e7u pour s\u2019encadrer dans un b\u00e2tis , mais dans ce cas il faut garder distance n\u00e9cessaire entre les mat\u00e9riaux inflammables et\u00a0 les parties inflammables de b\u00e2timent.\u00a0\u00a0 (ces distances sont indiqu\u00e9es pour chaque mod\u00e8le sous caract\u00e9ristiques techniques, qui se trouvent sur notre site internet dans le chapitre INSERTS DE CHEMINEE.<\/li>\n<\/ul>\n<\/ul>\n<p>&nbsp;<\/p>\n<ul>\n<ul>\n<li>Devant le foyer, surtout sur le sol, il faut garder une zone de s\u00e9curit\u00e9, i.e. 100 cm, fait en mat\u00e9riaux ininflammables (carreaux c\u00e9ramiques, terre cuite, t\u00f4le) pour s\u00e9curiser le sol contre des braise qui puissent tomber de foyer.<\/li>\n<\/ul>\n<\/ul>\n<p>&nbsp;<\/p>\n<ul>\n<li>Dans le cas ,ou il n\u2019est pas possible d\u2019assurer une zone de s\u00e9curit\u00e9 et quand\u00a0 ils se trouvent , \u00e0 proximit\u00e9 de foyer, des \u00e9l\u00e9ments inflammables, il faut absoluments consulter un installateur, sp\u00e9cialis\u00e9 dans l\u2019isolation, qui conseillera ou r\u00e9alisera l\u2019isolation de la r\u00e9sistance th\u00e9rmique necessaire.<\/li>\n<\/ul>\n<p><em>Les mat\u00e9riaux sont prot\u00e9g\u00e9s par le\u00a0 droit d\u2019auteur\u00a0! Publication enti\u00e8re ou partielle peut se faire uniquement avec l\u2019accord de l\u2019auteur.<\/em><\/p>\n<p><a href=\"http:\/\/tarnavva.nazwa.pl\/tarnavva\/wp-content\/uploads\/2017\/01\/15-1.jpg\" data-rel=\"lightbox-gallery-TkIL25Is\" data-rl_title=\"\" data-rl_caption=\"\" title=\"\"><img loading=\"lazy\" width=\"800\" height=\"533\" class=\"alignnone size-medium wp-image-325\" src=\"http:\/\/tarnavva.nazwa.pl\/tarnavva\/wp-content\/uploads\/2017\/01\/15-1.jpg\" alt=\"15\" srcset=\"http:\/\/monolity.pl\/wp-content\/uploads\/2017\/01\/15-1.jpg 800w, http:\/\/monolity.pl\/wp-content\/uploads\/2017\/01\/15-1-300x200.jpg 300w, http:\/\/monolity.pl\/wp-content\/uploads\/2017\/01\/15-1-768x512.jpg 768w\" sizes=\"(max-width: 800px) 100vw, 800px\" \/><\/a><\/p>\n<p>&nbsp;<\/p>\n<p>&nbsp;<\/p>\n<hr class=\"red-hr\" \/>\n<p>&nbsp;<\/p>\n<h3 class=\"red-header-2\">Isolations<\/h3>\n<p>ISOLATIONS ET DISTANCES ENTRE LE FOYER ET LES PAROIS DU BATI.<\/p>\n<p>Pour le foyer encastr\u00e9 dans le b\u00e2ti, il faut faire attention particuli\u00e8re aux murs c\u00e9ramique de pi\u00e8ce d\u2019habitation qui sont en contact directe avec le foyer. Ils devraient\u00a0 avoir une isolation th\u00e9rmiques faite en laine min\u00e9rale avec voile de doublure d\u2019un cot\u00e9\u00a0 de l\u2019\u00e9paisseur de min de 50mm, de r\u00e9sistance th\u00e9rmique min 750\u00b0C , de densit\u00e9 de 110 kg\/m3 et co\u00e9ficient de conduction th\u00e9rmique 0,038 (W\/m K) parce que longue\u00a0 influence\u00a0 de chaleur sur les murs peut\u00a0 entrainer leur fractures. Il est interdit d\u2019assembler le foyer avec le b\u00e2ti, parce que courant\u00a0 le chauffage la temp\u00e9rature augmente, ce qui cause dilatation du foyer. Dans le cas o\u00f9 les murs de pi\u00e8ce d\u2019habitation , o\u00f9 est install\u00e9 le foyers sont faits en mat\u00e9riaux imflammables , il faut r\u00e9aliser le b\u00e2ti en mat\u00e9riaux c\u00e9ramiques de r\u00e9sistance \u00e0 la temp\u00e9rature de\u00a0 min 1000\u00b0C,\u00a0 \u00e9paisseur min 10cm, et ensuite il faut mettre de laine min\u00e9rale sur l\u2019int\u00e9rieur du b\u00e2ti\u00a0 de param\u00e8tre comme ci=dessus.<\/p>\n<p>La crevasse d\u2019air\u00a0 dans le b\u00e2ti de foyer, entre les contours ext\u00e9rieurs\u00a0 de foyer et\u00a0 les contours\u00a0 int\u00e9rieurs du b\u00e2ti devrait faire:<br \/>\n&#8211; \u00e0 la chauffage de gravitation 100mm (pour les cot\u00e9s , le\u00a0 derriere) pour le bas 350mm, pour le haut 1000mm.<br \/>\n&#8211; \u00e0 la chauffage forc\u00e9e\u00a0 50mm\u00a0 (pour les cot\u00e9s, le derriere) pour le bas et le haut comme ci-dessus.<\/p>\n<p><em>Les mat\u00e9riaux sont prot\u00e9g\u00e9s par le\u00a0 droit d\u2019auteur\u00a0! Publication enti\u00e8re ou partielle peut se faire uniquement avec l\u2019accord de l\u2019auteur.<\/em><\/p>\n<p><a href=\"http:\/\/tarnavva.nazwa.pl\/tarnavva\/wp-content\/uploads\/2017\/01\/18-1.jpg\" data-rel=\"lightbox-gallery-TkIL25Is\" data-rl_title=\"\" data-rl_caption=\"\" title=\"\"><img loading=\"lazy\" width=\"800\" height=\"600\" class=\"alignnone size-medium wp-image-328\" src=\"http:\/\/tarnavva.nazwa.pl\/tarnavva\/wp-content\/uploads\/2017\/01\/18-1.jpg\" alt=\"18\" srcset=\"http:\/\/monolity.pl\/wp-content\/uploads\/2017\/01\/18-1.jpg 800w, http:\/\/monolity.pl\/wp-content\/uploads\/2017\/01\/18-1-300x225.jpg 300w, http:\/\/monolity.pl\/wp-content\/uploads\/2017\/01\/18-1-768x576.jpg 768w\" sizes=\"(max-width: 800px) 100vw, 800px\" \/><\/a><\/p>\n<p>&nbsp;<\/p>\n<p>&nbsp;<\/p>\n<hr class=\"red-hr\" \/>\n<p>&nbsp;<\/p>\n<h3 class=\"red-header-2\">Raccordement du foyer \u00e0 la chemin\u00e9e<\/h3>\n<p>Il faut raccorder le foyer \u00e0 la chemin\u00e9e dont le tirage, \u00e0 la puissance nominale du chauffage, devrait faire 12 Pa. S\u2019il y a trop de tirage dans la chemin\u00e9e, il est possible d\u2019installer sur elle ou sur le tube de raccord un m\u00e9canisme de reduction ou r\u00e9gulation de tirage.\u00a0 L&rsquo;appareil de chauffage ne peut pas \u00eatre raccord\u00e9 \u00e0 la chemin\u00e9e ensemble avec d\u2019autres foyers.<\/p>\n<p>Les conduits de chemin\u00e9e devraient suivrent les normes en vigueur et le r\u00e8glement du b\u00e2timent.<br \/>\n&#8211; Dz.U.nr 75 z\u00a0\u00a0 2002 r. poz. 690&amp;140 ust.1 i 2 oraz &amp;145 ust.1.<\/p>\n<p>Raccords , m\u00e9canismes de reduction ou de r\u00e9gulation de tirage, doivent\u00a0 \u00eatre faits en mat\u00e9riaux certifi\u00e9s pour le b\u00e2timent.<\/p>\n<p>Il faut\u00a0 int\u00e9grer les \u00e9l\u00e9ments de raccordement de fa\u00e7on d\u2019emp\u00eacher que les condensats cr\u00e9es lors de processus de combustion de bois humide,\u00a0 sortent sur la surface de l\u2019insert.\u00a0 Utilisation de bois humide\u00a0 peut provoquer encrassage de foyer et raccordement par la suie.<\/p>\n<p><em>Les mat\u00e9riaux sont prot\u00e9g\u00e9s par le\u00a0 droit d\u2019auteur\u00a0! Publication enti\u00e8re ou partielle peut se faire uniquement avec l\u2019accord de l\u2019auteur.<\/em><\/p>\n<p><a href=\"http:\/\/tarnavva.nazwa.pl\/tarnavva\/wp-content\/uploads\/2017\/01\/14.jpg\" data-rel=\"lightbox-gallery-TkIL25Is\" data-rl_title=\"\" data-rl_caption=\"\" title=\"\"><img loading=\"lazy\" width=\"800\" height=\"538\" class=\"alignnone size-medium wp-image-329\" src=\"http:\/\/tarnavva.nazwa.pl\/tarnavva\/wp-content\/uploads\/2017\/01\/14.jpg\" alt=\"14\" srcset=\"http:\/\/monolity.pl\/wp-content\/uploads\/2017\/01\/14.jpg 800w, http:\/\/monolity.pl\/wp-content\/uploads\/2017\/01\/14-300x202.jpg 300w, http:\/\/monolity.pl\/wp-content\/uploads\/2017\/01\/14-768x516.jpg 768w\" sizes=\"(max-width: 800px) 100vw, 800px\" \/><\/a><\/p>\n<p>&nbsp;<\/p>\n<p>&nbsp;<\/p>\n<hr class=\"red-hr\" \/>\n<p>&nbsp;<\/p>\n<h3 class=\"red-header-2\">Plan visuel d&rsquo;instalation du b\u00e2ti de l&rsquo;insert de chemin\u00e9e TARNAVVA<\/h3>\n<p><\/p>","protected":false},"excerpt":{"rendered":"<p>Apr\u00e8s l\u2019achat du foyer TARNAVVA et sa transportation \u00e0 domicile ou la livraison par le transportateur\u00a0 il faut\u00a0 assembler tous les parties de foyers, demont\u00e9es pour le transport ( comme\u00a0 d\u00e9flecteur, clef ). Ensuite il faut choisir l\u2019endroit ou poser le foyer. &nbsp; Avant de poser le foyer \u00e0 l\u2019endroit de destination, il faut s\u2019assurer [&hellip;]<\/p>\n","protected":false},"author":1,"featured_media":0,"parent":297,"menu_order":0,"comment_status":"closed","ping_status":"closed","template":"","meta":[],"_links":{"self":[{"href":"http:\/\/monolity.pl\/fr\/wp-json\/wp\/v2\/pages\/319"}],"collection":[{"href":"http:\/\/monolity.pl\/fr\/wp-json\/wp\/v2\/pages"}],"about":[{"href":"http:\/\/monolity.pl\/fr\/wp-json\/wp\/v2\/types\/page"}],"author":[{"embeddable":true,"href":"http:\/\/monolity.pl\/fr\/wp-json\/wp\/v2\/users\/1"}],"replies":[{"embeddable":true,"href":"http:\/\/monolity.pl\/fr\/wp-json\/wp\/v2\/comments?post=319"}],"version-history":[{"count":32,"href":"http:\/\/monolity.pl\/fr\/wp-json\/wp\/v2\/pages\/319\/revisions"}],"predecessor-version":[{"id":1032,"href":"http:\/\/monolity.pl\/fr\/wp-json\/wp\/v2\/pages\/319\/revisions\/1032"}],"up":[{"embeddable":true,"href":"http:\/\/monolity.pl\/fr\/wp-json\/wp\/v2\/pages\/297"}],"wp:attachment":[{"href":"http:\/\/monolity.pl\/fr\/wp-json\/wp\/v2\/media?parent=319"}],"curies":[{"name":"wp","href":"https:\/\/api.w.org\/{rel}","templated":true}]}}