{"id":337,"date":"2017-01-15T13:16:02","date_gmt":"2017-01-15T12:16:02","guid":{"rendered":"http:\/\/tarnavva.nazwa.pl\/tarnavva\/?page_id=337"},"modified":"2017-03-07T14:39:15","modified_gmt":"2017-03-07T13:39:15","slug":"czym-palic-i-ile-nalozyc","status":"publish","type":"page","link":"http:\/\/monolity.pl\/fr\/produkty\/montaz\/czym-palic-i-ile-nalozyc\/","title":{"rendered":"Allumer du feu et chauffage"},"content":{"rendered":"<p><\/p>\n<h3 class=\"red-header-2\">Combustibles<\/h3>\n<p>Il est conseill\u00e9 d\u2019utiliser deux types de bois pour assurer optimal performance de foyer:<\/p>\n<ul>\n<li>h\u00eatre, charme, aulne, acacia, fr\u00eane, bouleau, ch\u00eane (il faut de m\u00e9langer le bois de ch\u00eane avec du bouleau ou h\u00eatre, parce que la ch\u00eane toute seule diffuse des acides qui\u00a0 d\u00e9gradent les parois de la chauffe)<\/li>\n<li>tous les bois d\u2019arbres feuillus d\u00fbr<\/li>\n<li>briquette des bois comme ci-dessus<\/li>\n<\/ul>\n<p>l\u2019HUMIDITE DE BOIS A 20%<\/p>\n<ul>\n<li>longueur a 400 mm,<\/li>\n<li>diam\u00e8tre \u00e0 150mm\u00a0 ou p\u00e9rim\u00e8te \u00e0 480mm<\/li>\n<\/ul>\n<p>LE POID MAXIMALE DE CHARGE DE COMBUSTIBLE\u00a0 POUR\u00a0 TYPE DE\u00a0 FOYER\u00a0 SPECIFIQUE<\/p>\n<ul>\n<li>Foyer\u00a0 type\u00a0 de\u00a0 12 KW\u00a0 de\u00a0 puissance maximale,\u00a0 puissance nominale 6,5 kw approx\u00a0 5 kg<\/li>\n<li>Foyer\u00a0 type\u00a0 de\u00a0 14 KW\u00a0 de\u00a0 puissance maximale,\u00a0\u00a0 puissance nominale 9,5 kw\u00a0approx\u00a0 8 kg<\/li>\n<li>Foyer\u00a0 type\u00a0 de\u00a0 16 KW\u00a0 de\u00a0 puissance maximale,\u00a0\u00a0 puissance nominale 12,2kw approx\u00a0 8\u00a0kg<\/li>\n<li>Foyer\u00a0 type\u00a0 de\u00a0 18 KW\u00a0 de\u00a0 puissance maximale,\u00a0\u00a0 puissance nominale 16,4 kw\u00a0approx 11 kg<\/li>\n<\/ul>\n<p>Dans les periodes ou la chemin\u00e9e n\u2019est pas utilis\u00e9e ( reste froide) , les boutons de tubes d\u2019arriv\u00e9e d\u2019air peuvent rester aussi bien ferm\u00e9s ou ouverts. Avec les tubes d\u2019arriv\u00e9e d\u2019\u00a0air ouverts , l\u2019air sera aspir\u00e9\u00a0 de la pi\u00e8ce d\u2019habitation par le syst\u00e8me d \u00e9vacuation de gaz de chemin\u00e9e.<br \/>\n<em><br \/>\nMateria\u0142y obj\u0119te prawem autorskim! Publikacja w cz\u0119\u015bci lub w ca\u0142o\u015bci wy\u0142\u0105cznie za zgod\u0105 autora.<\/em><\/p>\n<p><a href=\"http:\/\/tarnavva.nazwa.pl\/tarnavva\/wp-content\/uploads\/2017\/01\/07.jpg\" data-rel=\"lightbox-gallery-dQrcpeah\" data-rl_title=\"\" data-rl_caption=\"\" title=\"\"><img loading=\"lazy\" class=\"alignnone size-full wp-image-339\" src=\"http:\/\/tarnavva.nazwa.pl\/tarnavva\/wp-content\/uploads\/2017\/01\/07.jpg\" alt=\"\" width=\"600\" height=\"514\" srcset=\"http:\/\/monolity.pl\/wp-content\/uploads\/2017\/01\/07.jpg 600w, http:\/\/monolity.pl\/wp-content\/uploads\/2017\/01\/07-300x257.jpg 300w\" sizes=\"(max-width: 600px) 100vw, 600px\" \/><\/a><\/p>\n<p>&nbsp;<\/p>\n<p>&nbsp;<\/p>\n<hr class=\"red-hr\" \/>\n<p>&nbsp;<\/p>\n<h3 class=\"red-header-2\">Allumer du feu et chauffage<\/h3>\n<p>ATTENTION!<br \/>\nIl est possible au premier feu de chemin\u00e9e ,\u00a0 qu\u2019un odeur d\u00e9sagr\u00e9able est senti dans la pi\u00e8ce d\u2019habitation . Celui-ci est caus\u00e9 par s\u00e8chage et durcissement de la peinture avec laquelle est paint le foyer et qui devient partiellement plastique au premier feu-\u00a0 quand temp\u00e9rature \u00e8lev\u00e8e\u00a0 est obtenue. Apr\u00e8s\u00a0 premier feu la peinture durcit et l\u2019odeur disparait.<\/p>\n<p>Description de fa\u00e7on correcte d\u2019allumer du feu,\u00a0 de charger de b\u00fbche et d\u2019utiliser le foyer en securit\u00e9<\/p>\n<ul>\n<li>Pour allumer du feu dans le foyer froid il faut commencer par ouvrir la porte de l\u2019insert et mettre du papier mis en boules.\u00a0Ensuite il faut le recouvrir avec de petits bois.\u00a0En-dessus il faut poser de bois plus grand (i.e. de 3 a 5 cm) apr\u00e8s il faut ouvrir les arriv\u00e9es d\u2019air (combustion secondaire), qui se trouvent \u00e0 gauche dans la partie basse de foyer\u00a0 et \u00e0 droite (ouverture compl\u00e8te des arriv\u00e9es d\u2019air se fait par appui sur les boutons de cot\u00e9s , m\u00eame \u00e0 la positon verticale marqu\u00e9e ***) et faire arriver l\u2019air au cendrier en tournant\u00a0 en entier \u00e0 gauche (approx 5mm) le bouton de verrou qui se trouve au centre de fa\u00e7ade de cendrier (combustion primaire). Degr\u00e9e d\u2019ouverture des arriv\u00e9es d\u2019air depend du tirage de chemin\u00e9e\u00a0 au moment d\u2019allumage.<\/li>\n<li>Apr\u00e8s,\u00a0 il faut allumer avec allumette le papier qui se trouve dans la chemin\u00e9e\u00a0 et ensuite fermer la porte, en la s\u00e9curisant avec verrou contre l\u2019ouverture. Au bout de quelques minutes quand le feu a d\u00e9j\u00e0 pris et la chemin\u00e9e devient chaud on peut reduire l\u2019air en positionant les boutons au niveau\u00a0 45% (position au milieu- marqu\u00e9 **). Dans cette position\u00a0 il faut faire le feu jusqu\u2019\u00e0 ce que il est obtenu la\u00a0 braise (approx 30 minjutes) Ensuite on peut charger une autre\u00a0 partie de b\u00fbche. Il faut ouvrir la porte de chemin\u00e9e doucement pour \u00e9viter que les gaz s&rsquo;\u00e9vacuent sur la pi\u00e8ce d\u2018habitation.<br \/>\nPendant le feu toutes les surfaces de foyer sont bien chaudes, c\u2019est pour cela il faut utiliser le clef de chemine\u00e9 pour la manipuler.<br \/>\nQuantit\u00e9 maximale de b\u00fbche \u00e0 l\u2019interieur de chemin\u00e9e ne peut pas depasser \u00be de l\u2018hauteur de chambre de combustion. Apr\u00e8s une heure du feu, on peut tourner les boutons (de combustion secondaire) \u00e0 la position entre marque** et marque*) et tourner le bouton de verrou \u00e0 droite \u00e0 fond (de combustion primaire),mais if faut faire attention \u00e0 ce que le feu reste tous les temps stable et vif.<\/li>\n<li>Avant de charger une autre partie de b\u00fbche , il faut mouvoir avec tisonnier les cendres se trouvant au fond de chauffe de fa\u00e7on qu\u2019une partie descent dans le cendrier par la grille et s\u2019\u00e9teint. Il ne faut pas oublier pendant le feu de laisser au fond\u00a0 d\u2019insert\u00a0 une couche des cendres d\u2018\u00e9paisseur de 2cm approx. \u00a0Elle facilite le br\u00fblage de b\u00fbche et constitue l\u2019isolation pour le fond de chauffe , qui est\u00a0 expos\u00e9e aux temp\u00e9ratures tr\u00e8s \u00e9lev\u00e9es pendant le feu.<\/li>\n<li>Les cendres form\u00e9es pendant utilisation de chemin\u00e9e\u00a0 peuvent\u00a0 \u00eatre enlev\u00e9es\u00a0 chaque jours \u00e0 tout moment, si\u00a0 leur quanit\u00e9 dans le cendrier est importante (en principe il suffit de vider la chauffe une fois par semaine).<br \/>\nPour nettoyer le tiroir de cendrier de l\u2019insert il faut \u00e0\u00a0 l\u2019aide de clef (tenu par la poign\u00e9e)\u00a0 deverouiller avec sa partie opos\u00e8e\u00a0 les boutons (2 pcs) qui se trouvent dans la partie centrale basse\u00a0 de l\u2019insert. Ensuite il faut introduire la m\u00eame partie de clef\u00a0\u00e0\u00a0l\u2019ouverture de tiroir cendrier\u00a0 et accrocher la projection qui s\u2018y trouve et apr\u00e8s on peut la tirer\u00a0 vers avant\u00a0 ensemble avec les cendres (gardant la position horisontale). Il faut vider les cendres dans un conteneur m\u00e9tallique et apr\u00e8s rentrer le cendrier\u00a0 \u00e0 l\u2018aide de clef\u00a0 et\u00a0 le s\u00e9curiser avec les boutons.<\/li>\n<\/ul>\n<p>ATTENTION\u00a0: Pour \u00e9viter que les gaz s&rsquo;\u00e9vacuent sur\u00a0 la pi\u00e8ce d&rsquo;habitation,\u00a0 il faut que la chambre de combustion et tiroir cendrier soient\u00a0 ferm\u00e9es\u00a0 sauf\u00a0 les moments d\u2018allumer du feu,\u00a0\u00a0 de charger de b\u00fbche et\u00a0 de decendrer.<\/p>\n<p><em>Materia\u0142y obj\u0119te prawem autorskim! Publikacja w cz\u0119\u015bci lub w ca\u0142o\u015bci wy\u0142\u0105cznie za zgod\u0105 autora.<\/em><\/p>\n<p><a href=\"http:\/\/tarnavva.nazwa.pl\/tarnavva\/wp-content\/uploads\/2017\/01\/06.jpg\" data-rel=\"lightbox-gallery-dQrcpeah\" data-rl_title=\"\" data-rl_caption=\"\" title=\"\"><img loading=\"lazy\" class=\"alignnone size-full wp-image-340\" src=\"http:\/\/tarnavva.nazwa.pl\/tarnavva\/wp-content\/uploads\/2017\/01\/06.jpg\" alt=\"\" width=\"600\" height=\"450\" srcset=\"http:\/\/monolity.pl\/wp-content\/uploads\/2017\/01\/06.jpg 600w, http:\/\/monolity.pl\/wp-content\/uploads\/2017\/01\/06-300x225.jpg 300w\" sizes=\"(max-width: 600px) 100vw, 600px\" \/><\/a><\/p>\n<p><img loading=\"lazy\" class=\"alignnone size-full wp-image-327\" src=\"http:\/\/tarnavva.nazwa.pl\/tarnavva\/wp-content\/uploads\/2017\/01\/orn3.jpg\" alt=\"\" width=\"676\" height=\"350\" srcset=\"http:\/\/monolity.pl\/wp-content\/uploads\/2017\/01\/orn3.jpg 676w, http:\/\/monolity.pl\/wp-content\/uploads\/2017\/01\/orn3-300x155.jpg 300w\" sizes=\"(max-width: 676px) 100vw, 676px\" \/><\/p>\n<p>&nbsp;<\/p>\n<hr class=\"red-hr\" \/>\n<p>&nbsp;<\/p>\n<h3 class=\"red-header-2\">Nettoyage du foyer et du raccordement<\/h3>\n<p>Il est conseill\u00e9 de faire verifier le foyer,\u00a0 le raccordement et la chemin\u00e9e (au mieux avant la periode de chauffage),\u00a0 au moins une fois par an (si les r\u00e8glement ne sp\u00e9cifie pas de le faire plus souvent).<\/p>\n<p>S\u2019il sera n\u00e9cessaire de nettoyer le raccordement et la chemin\u00e8e, il ne faut pas oublier, que cette op\u00e9ration peut\u00a0 \u00eatre r\u00e9alis\u00e9e uniquement avec le foyer froid. On commence par ouverture de la porte d\u2019insert,\u00a0 et ensuite par le d\u00e9montage de d\u00e9flecteur en l\u2019enlevant de ses\u00a0 supports et tirant en avant. Ensuite \u00e0 l\u2019aide du grattoir m\u00e9tallique, il faut enlever de la scorie des parois de chemin\u00e9e. Pour nettoyer le raccordement il faut utiliser\u00a0 une brosse de chemin\u00e8e accroch\u00e9e sur\u00a0 spirale m\u00e9tallique. Il faut l\u2019introduire par chemin\u00e9e ouverte dans le\u00a0 raccordement en allant vers la chemin\u00e9e. Il faut refaire cette op\u00e9ration plusieurs fois afin que le\u00a0 resultat souhait\u00e9 est obtenu.<\/p>\n<p>Une grande partie du s\u00e9diment enlev\u00e9 passe dans la chemin\u00e9e, c\u2019est pourquoi il faut l\u2019enlever par la porte revision situ\u00e9e dans la partie basse de chemin\u00e9e. Les residus qui se trouvent dans la chambre\u00a0 de combustion\u00a0 il faut ramasser sur pelle m\u00e9tallique. Apr\u00e8s avoir fini toutes les op\u00e9rations il faut monter le d\u00e9flecteur sur sa place\u00a0 et fermer la porte de chemin\u00e9e avec le verrou en la s\u00e9curisant contre l\u2019ouverture.<\/p>\n<p><em>Materia\u0142y obj\u0119te prawem autorskim! Publikacja w cz\u0119\u015bci lub w ca\u0142o\u015bci wy\u0142\u0105cznie za zgod\u0105 autora.<\/em><\/p>\n<p><a href=\"http:\/\/tarnavva.nazwa.pl\/tarnavva\/wp-content\/uploads\/2017\/01\/08.jpg\" data-rel=\"lightbox-gallery-dQrcpeah\" data-rl_title=\"\" data-rl_caption=\"\" title=\"\"><img loading=\"lazy\" class=\"alignnone size-full wp-image-341\" src=\"http:\/\/tarnavva.nazwa.pl\/tarnavva\/wp-content\/uploads\/2017\/01\/08.jpg\" alt=\"\" width=\"800\" height=\"411\" srcset=\"http:\/\/monolity.pl\/wp-content\/uploads\/2017\/01\/08.jpg 800w, http:\/\/monolity.pl\/wp-content\/uploads\/2017\/01\/08-300x154.jpg 300w, http:\/\/monolity.pl\/wp-content\/uploads\/2017\/01\/08-768x395.jpg 768w\" sizes=\"(max-width: 800px) 100vw, 800px\" \/><\/a><\/p>\n<p><img loading=\"lazy\" class=\"alignnone size-full wp-image-327\" src=\"http:\/\/tarnavva.nazwa.pl\/tarnavva\/wp-content\/uploads\/2017\/01\/orn3.jpg\" alt=\"\" width=\"676\" height=\"350\" srcset=\"http:\/\/monolity.pl\/wp-content\/uploads\/2017\/01\/orn3.jpg 676w, http:\/\/monolity.pl\/wp-content\/uploads\/2017\/01\/orn3-300x155.jpg 300w\" sizes=\"(max-width: 676px) 100vw, 676px\" \/><\/p>\n<p>&nbsp;<\/p>\n<hr class=\"red-hr\" \/>\n<p>&nbsp;<\/p>","protected":false},"excerpt":{"rendered":"<p>Combustibles Il est conseill\u00e9 d\u2019utiliser deux types de bois pour assurer optimal performance de foyer: h\u00eatre, charme, aulne, acacia, fr\u00eane, bouleau, ch\u00eane (il faut de m\u00e9langer le bois de ch\u00eane avec du bouleau ou h\u00eatre, parce que la ch\u00eane toute seule diffuse des acides qui\u00a0 d\u00e9gradent les parois de la chauffe) tous les bois d\u2019arbres [&hellip;]<\/p>\n","protected":false},"author":1,"featured_media":0,"parent":297,"menu_order":1,"comment_status":"closed","ping_status":"closed","template":"","meta":[],"_links":{"self":[{"href":"http:\/\/monolity.pl\/fr\/wp-json\/wp\/v2\/pages\/337"}],"collection":[{"href":"http:\/\/monolity.pl\/fr\/wp-json\/wp\/v2\/pages"}],"about":[{"href":"http:\/\/monolity.pl\/fr\/wp-json\/wp\/v2\/types\/page"}],"author":[{"embeddable":true,"href":"http:\/\/monolity.pl\/fr\/wp-json\/wp\/v2\/users\/1"}],"replies":[{"embeddable":true,"href":"http:\/\/monolity.pl\/fr\/wp-json\/wp\/v2\/comments?post=337"}],"version-history":[{"count":13,"href":"http:\/\/monolity.pl\/fr\/wp-json\/wp\/v2\/pages\/337\/revisions"}],"predecessor-version":[{"id":1034,"href":"http:\/\/monolity.pl\/fr\/wp-json\/wp\/v2\/pages\/337\/revisions\/1034"}],"up":[{"embeddable":true,"href":"http:\/\/monolity.pl\/fr\/wp-json\/wp\/v2\/pages\/297"}],"wp:attachment":[{"href":"http:\/\/monolity.pl\/fr\/wp-json\/wp\/v2\/media?parent=337"}],"curies":[{"name":"wp","href":"https:\/\/api.w.org\/{rel}","templated":true}]}}