{"id":345,"date":"2017-01-15T13:20:44","date_gmt":"2017-01-15T12:20:44","guid":{"rendered":"http:\/\/tarnavva.nazwa.pl\/tarnavva\/?page_id=345"},"modified":"2017-03-07T15:14:07","modified_gmt":"2017-03-07T14:14:07","slug":"uwagi-producenta","status":"publish","type":"page","link":"http:\/\/monolity.pl\/fr\/produkty\/montaz\/uwagi-producenta\/","title":{"rendered":"Pr\u00e9cautions d&rsquo;usage"},"content":{"rendered":"<p>IL EST INTERDIT\u00a0\u00a0d\u2019apporter des modifications\u00a0 non autoris\u00e9es sur le foyer.<br \/>\nLes utilisateurs SONT OBLIG\u00c9S d\u2019utiliser les pi\u00e8ces de rechange\u00a0 du fabricant uniquement.<br \/>\nLes utilisateurs SONT INFORM\u00c9S de la necessit\u00e9 de faire reguli\u00e8rement verifier\u00a0 le foyer\u00a0 par un technicien qualifi\u00e9.<br \/>\nPENDANT SON\u00a0FONCTIONNEMENT\u00a0 les surfaces de foyer sont chaudes et les toucher directement peut porter un risque de br\u00fblage.<br \/>\nTOUS LES D\u00c9FAUTS\u00a0 survenus pendant la periode de garantie ou la periode apr\u00e8s garantie devraient \u00eatre elimin\u00e9s par le fabricant ou le repr\u00e9sentant de fabricant.<\/p>\n<p>ATTENTION\u00a0!!!\u00a0 PENDANT L\u2019INCENDIE\u00a0 DE LA CHEMINEE, IL FAUT , A L\u2019AIDE DE REGULATION D\u2019AIR, FERMER L\u2019AIR ET APPELER LES POMPIERS. IL EST INTERDIT D\u2019OUVRIR LES PORTES REVISION DE CHEMINEE , LES PORTES DE CHEMINEE\u00a0ET\u00a0 LE TIROIR CENDRIER. IL EST INTERDIT DE METTRE DE L\u00a0\u2018EAU SUR INSERT CHAUD, PARCE QUE CELA PEUT\u00a0 CAUSER\u00a0 UNE FRACTURE\u00a0 DANS L\u2019INSERT OU DANS\u00a0LA VITRE.<\/p>\n<p><em>Materia\u0142y obj\u0119te prawem autorskim! Publikacja w cz\u0119\u015bci lub w ca\u0142o\u015bci wy\u0142\u0105cznie za zgod\u0105 autora.<\/em><\/p>\n<p><a href=\"http:\/\/tarnavva.nazwa.pl\/tarnavva\/wp-content\/uploads\/2017\/01\/12.jpg\" data-rel=\"lightbox-gallery-XrB1EYG8\" data-rl_title=\"\" data-rl_caption=\"\" title=\"\"><img loading=\"lazy\" class=\"alignnone size-full wp-image-346\" src=\"http:\/\/tarnavva.nazwa.pl\/tarnavva\/wp-content\/uploads\/2017\/01\/12.jpg\" alt=\"\" width=\"800\" height=\"407\" srcset=\"http:\/\/monolity.pl\/wp-content\/uploads\/2017\/01\/12.jpg 800w, http:\/\/monolity.pl\/wp-content\/uploads\/2017\/01\/12-300x153.jpg 300w, http:\/\/monolity.pl\/wp-content\/uploads\/2017\/01\/12-768x391.jpg 768w\" sizes=\"(max-width: 800px) 100vw, 800px\" \/><\/a><\/p>\n<p>&nbsp;<\/p>","protected":false},"excerpt":{"rendered":"<p>IL EST INTERDIT\u00a0\u00a0d\u2019apporter des modifications\u00a0 non autoris\u00e9es sur le foyer. Les utilisateurs SONT OBLIG\u00c9S d\u2019utiliser les pi\u00e8ces de rechange\u00a0 du fabricant uniquement. Les utilisateurs SONT INFORM\u00c9S de la necessit\u00e9 de faire reguli\u00e8rement verifier\u00a0 le foyer\u00a0 par un technicien qualifi\u00e9. PENDANT SON\u00a0FONCTIONNEMENT\u00a0 les surfaces de foyer sont chaudes et les toucher directement peut porter un risque [&hellip;]<\/p>\n","protected":false},"author":1,"featured_media":0,"parent":297,"menu_order":2,"comment_status":"closed","ping_status":"closed","template":"","meta":[],"_links":{"self":[{"href":"http:\/\/monolity.pl\/fr\/wp-json\/wp\/v2\/pages\/345"}],"collection":[{"href":"http:\/\/monolity.pl\/fr\/wp-json\/wp\/v2\/pages"}],"about":[{"href":"http:\/\/monolity.pl\/fr\/wp-json\/wp\/v2\/types\/page"}],"author":[{"embeddable":true,"href":"http:\/\/monolity.pl\/fr\/wp-json\/wp\/v2\/users\/1"}],"replies":[{"embeddable":true,"href":"http:\/\/monolity.pl\/fr\/wp-json\/wp\/v2\/comments?post=345"}],"version-history":[{"count":8,"href":"http:\/\/monolity.pl\/fr\/wp-json\/wp\/v2\/pages\/345\/revisions"}],"predecessor-version":[{"id":1037,"href":"http:\/\/monolity.pl\/fr\/wp-json\/wp\/v2\/pages\/345\/revisions\/1037"}],"up":[{"embeddable":true,"href":"http:\/\/monolity.pl\/fr\/wp-json\/wp\/v2\/pages\/297"}],"wp:attachment":[{"href":"http:\/\/monolity.pl\/fr\/wp-json\/wp\/v2\/media?parent=345"}],"curies":[{"name":"wp","href":"https:\/\/api.w.org\/{rel}","templated":true}]}}