{"id":385,"date":"2017-01-15T14:28:55","date_gmt":"2017-01-15T13:28:55","guid":{"rendered":"http:\/\/tarnavva.nazwa.pl\/tarnavva\/?page_id=385"},"modified":"2017-03-09T13:07:49","modified_gmt":"2017-03-09T12:07:49","slug":"wklady-typu-14-kw","status":"publish","type":"page","link":"http:\/\/monolity.pl\/fr\/produkty\/wklady-kominkowe\/wklady-typu-14-kw\/","title":{"rendered":"Insert type 14 kw"},"content":{"rendered":"<p><\/p>\n<ul class=\"inline-page-menu\">\n<li><a href=\"#primero\">PRIMERO<\/a><\/li>\n<li><a href=\"#retro\">RETRO<\/a><\/li>\n<li><a href=\"#unica\">UNICA<\/a><\/li>\n<\/ul>\n<h3 id=\"primero\" class=\"red-header-2\">PRIMERO<\/h3>\n<p><img loading=\"lazy\" width=\"601\" height=\"419\" class=\"alignnone size-full wp-image-144\" style=\"display: inline-block; width: 68%;\" src=\"http:\/\/tarnavva.nazwa.pl\/tarnavva\/wp-content\/uploads\/2017\/01\/Tarnavva_Primero_14kW_01-1.jpg\" alt=\"primero\" \/><img loading=\"lazy\" width=\"150\" height=\"98\" class=\"alignnone size-full wp-image-145\" style=\"width: 23%;\" src=\"http:\/\/tarnavva.nazwa.pl\/tarnavva\/wp-content\/uploads\/2017\/01\/gw.jpg\" alt=\"gwar\" \/><\/p>\n<p><a style=\"text-align: left;\" href=\"http:\/\/tarnavva.nazwa.pl\/tarnavva\/wp-content\/uploads\/2017\/01\/Tarnavva_Primero_14kW_01-1.jpg\" data-rel=\"lightbox-gallery-2pbrsiO2\" data-rl_title=\"\" data-rl_caption=\"\" title=\"\"><img loading=\"lazy\" class=\"alignnone size-full wp-image-146\" style=\"margin: 8px 8px -8px;\" src=\"http:\/\/tarnavva.nazwa.pl\/tarnavva\/wp-content\/uploads\/2017\/01\/zoba_m.jpg\" alt=\"zob\" width=\"30\" height=\"28\" \/>DIMENSIONS<\/a><\/p>\n<p>&nbsp;<\/p>\n<table border=\"0\" rules=\"rows\" cellspacing=\"0\" cellpadding=\"3\" align=\"center\">\n<tbody>\n<tr>\n<td><strong>Application:<\/strong><\/td>\n<td>Pour chauffage domestique<\/td>\n<\/tr>\n<tr>\n<td><strong>Puissance chauffage\u00a0 nominal (puissance de chauffage domestique ):<\/strong><\/td>\n<td>9,5 kW<\/td>\n<\/tr>\n<tr>\n<td><strong>Combustion continue\u00a0 \u00e0\u00a0 la puissance de chaleur\u00a0 nominal:<\/strong><\/td>\n<td>2 h<\/td>\n<\/tr>\n<tr>\n<td><strong>Durabilit\u00e9\u00a0 de la combustion \u00e0 la puissance reduite:<\/strong><\/td>\n<td>6 h<\/td>\n<\/tr>\n<tr>\n<td><strong>Jednorazowy zasyp paliwa (drewno)<\/strong><\/td>\n<td>ok. 8kg<\/td>\n<\/tr>\n<tr>\n<td><strong>Charge du combustible unique (du bois):<\/strong><\/td>\n<td>64,2%<\/td>\n<\/tr>\n<tr>\n<td><strong>Emission CO ( 13 % O2 ):<\/strong><\/td>\n<td>0,4%<\/td>\n<\/tr>\n<tr>\n<td><strong>Flux de masses de gaz de combustion:<\/strong><\/td>\n<td>10,4g\/s<\/td>\n<\/tr>\n<tr>\n<td><strong>Distance de pi\u00e8ces inflammables du vitre:<\/strong><\/td>\n<td>1,5m<\/td>\n<\/tr>\n<tr>\n<td><strong>Poids:<\/strong><\/td>\n<td>161kg<\/td>\n<\/tr>\n<tr>\n<td><strong>Tirage requis \u00e0\u00a0 la puissance nominal:<\/strong><\/td>\n<td>12 Pa<\/td>\n<\/tr>\n<tr>\n<td><strong>Temp\u00e9rature des gaz \u00e0 la puissance nominale (moyenne):<\/strong><\/td>\n<td>440\u00b0C<\/td>\n<\/tr>\n<tr>\n<td><strong>Dimensions:<\/strong><\/td>\n<td>hauteur de\u00a0l&rsquo;avant\u00a0&#8211; 483mm;<br \/>\nhauteur\u00a0-. 520mm;<br \/>\nlargeur\u00a0&#8211; 621mm;<br \/>\nprofondeur\u00a0&#8211; 486mm<\/td>\n<\/tr>\n<tr>\n<td><strong>Dimensions requis de chemin\u00e9e necessaires\u00a0 pour posage d\u2019insert:<\/strong><\/td>\n<td>largeur\u00a0&#8211; 920mm<br \/>\nprofondeur\u00a0&#8211; 615mm<br \/>\nhauteur\u00a0&#8211; 2000mm<\/td>\n<\/tr>\n<tr>\n<td><strong>Diametre de buse d\u2019\u00e9vacuation des gaz:<\/strong><\/td>\n<td>\u00f8w150mm \/ \u00f8z160mm<\/td>\n<\/tr>\n<tr>\n<td><strong>Tirage requis \u00e0 la puissance reduite:<\/strong><\/td>\n<td>6 Pa<\/td>\n<\/tr>\n<tr>\n<td><strong>Combustible:<\/strong><\/td>\n<td>Buche du bois de feuillus: h\u00eatre, charme, aune, bouleau<\/td>\n<\/tr>\n<tr>\n<td><strong>Taille du b\u00fbche\u00a0 du bois de feuillus:<\/strong><\/td>\n<td>longueur\u00a0~ 330mm,<br \/>\ndiam\u00e8tre\u00a0150mm<br \/>\ncircuit\u00a0480mm<\/td>\n<\/tr>\n<\/tbody>\n<\/table>\n<p>&nbsp;<\/p>\n<hr class=\"red-hr\" \/>\n<p>&nbsp;<\/p>\n<h3 id=\"unica\" class=\"red-header-2\">UNICA<\/h3>\n<p><img loading=\"lazy\" width=\"601\" height=\"419\" class=\"alignnone size-full wp-image-144\" style=\"display: inline-block; width: 68%;\" src=\"http:\/\/tarnavva.nazwa.pl\/tarnavva\/wp-content\/uploads\/2017\/01\/Tarnavva_Unica_14kW_01.jpg\" alt=\"unica\" \/><img loading=\"lazy\" width=\"150\" height=\"98\" class=\"alignnone size-full wp-image-145\" style=\"width: 23%;\" src=\"http:\/\/tarnavva.nazwa.pl\/tarnavva\/wp-content\/uploads\/2017\/01\/gw.jpg\" alt=\"gwar\" \/><\/p>\n<p><a style=\"text-align: left;\" href=\"http:\/\/tarnavva.nazwa.pl\/tarnavva\/wp-content\/uploads\/2017\/01\/Tarnavva_Unica_14kW_01.jpg\" data-rel=\"lightbox-gallery-2pbrsiO2\" data-rl_title=\"\" data-rl_caption=\"\" title=\"\"><img loading=\"lazy\" class=\"alignnone size-full wp-image-146\" style=\"margin: 8px 8px -8px;\" src=\"http:\/\/tarnavva.nazwa.pl\/tarnavva\/wp-content\/uploads\/2017\/01\/zoba_m.jpg\" alt=\"zob\" width=\"30\" height=\"28\" \/>DIMENSIONS<\/a><\/p>\n<p>&nbsp;<\/p>\n<table border=\"0\" rules=\"rows\" cellspacing=\"0\" cellpadding=\"3\" align=\"center\">\n<tbody>\n<tr>\n<td><strong>Application:<\/strong><\/td>\n<td>Pour chauffage domestique<\/td>\n<\/tr>\n<tr>\n<td><strong>Puissance chauffage\u00a0 nominal (puissance de chauffage domestique ):<\/strong><\/td>\n<td>9,5 kW<\/td>\n<\/tr>\n<tr>\n<td><strong>Combustion continue\u00a0 \u00e0\u00a0 la puissance de chaleur\u00a0 nominal:<\/strong><\/td>\n<td>2 h<\/td>\n<\/tr>\n<tr>\n<td><strong>Durabilit\u00e9\u00a0 de la combustion \u00e0 la puissance reduite:<\/strong><\/td>\n<td>10 godz.<\/td>\n<\/tr>\n<tr>\n<td><strong>Charge du combustible unique (du bois):<\/strong><\/td>\n<td>ok. 8kg<\/td>\n<\/tr>\n<tr>\n<td><strong>Rendement de chaleur:<\/strong><\/td>\n<td>64,2%<\/td>\n<\/tr>\n<tr>\n<td><strong>Emission CO ( 13 % O2 ):<\/strong><\/td>\n<td>0,4%<\/td>\n<\/tr>\n<tr>\n<td><strong>Flux de masses de gaz de combustion:<\/strong><\/td>\n<td>10,4g\/s<\/td>\n<\/tr>\n<tr>\n<td><strong>Distance de pi\u00e8ces inflammables du vitre:<\/strong><\/td>\n<td>1,5m<\/td>\n<\/tr>\n<tr>\n<td><strong>Poids:<\/strong><\/td>\n<td>161kg<\/td>\n<\/tr>\n<tr>\n<td><strong>Tirage requis \u00e0\u00a0 la puissance nominal:<\/strong><\/td>\n<td>12 Pa<\/td>\n<\/tr>\n<tr>\n<td><strong>Temp\u00e9rature des gaz \u00e0 la puissance nominale (moyenne):<\/strong><\/td>\n<td>440\u00b0C<\/td>\n<\/tr>\n<tr>\n<td><strong>Dimensions:<\/strong><\/td>\n<td>hauteur de\u00a0l&rsquo;avant\u00a0&#8211; 483mm;<br \/>\nhauteur\u00a0-. 520mm;<br \/>\nlargeur\u00a0&#8211; 621mm;<br \/>\nprofondeur\u00a0&#8211; 486mm<\/td>\n<\/tr>\n<tr>\n<td><strong>Dimensions requis de chemin\u00e9e necessaires\u00a0 pour posage d\u2019insert:<\/strong><\/td>\n<td>largeur\u00a0&#8211; 920mm<br \/>\nprofondeur\u00a0&#8211; 615mm<br \/>\nhauteur\u00a0&#8211; 2000mm<\/td>\n<\/tr>\n<tr>\n<td><strong>Diametre de buse d\u2019\u00e9vacuation des gaz:<\/strong><\/td>\n<td>\u00f8w150mm \/ \u00f8z160mm<\/td>\n<\/tr>\n<tr>\n<td><strong>Tirage requis \u00e0 la puissance reduite:<\/strong><\/td>\n<td>6 Pa<\/td>\n<\/tr>\n<tr>\n<td><strong>Combustible:<\/strong><\/td>\n<td>Buche du bois de feuillus: h\u00eatre, charme, aune, bouleau<\/td>\n<\/tr>\n<tr>\n<td><strong>Taille du b\u00fbche\u00a0 du bois de feuillus:<\/strong><\/td>\n<td>longueur\u00a0~ 330mm,<br \/>\ndiam\u00e8tre\u00a0150mm<br \/>\ncircuit\u00a0480mm<\/td>\n<\/tr>\n<\/tbody>\n<\/table>\n<hr class=\"red-hr\" \/>\n<p>&nbsp;<\/p>\n<h3 id=\"retro\" class=\"red-header-2\">RETRO<\/h3>\n<p><img loading=\"lazy\" width=\"601\" height=\"419\" class=\"alignnone size-full wp-image-144\" style=\"display: inline-block; width: 68%;\" src=\"http:\/\/tarnavva.nazwa.pl\/tarnavva\/wp-content\/uploads\/2017\/01\/retro1.jpg\" alt=\"unica\" \/><img loading=\"lazy\" width=\"150\" height=\"98\" class=\"alignnone size-full wp-image-145\" style=\"width: 23%;\" src=\"http:\/\/tarnavva.nazwa.pl\/tarnavva\/wp-content\/uploads\/2017\/01\/gw.jpg\" alt=\"gwar\" \/><\/p>\n<p><a style=\"text-align: left;\" href=\"http:\/\/tarnavva.nazwa.pl\/tarnavva\/wp-content\/uploads\/2017\/01\/retro1.jpg\" data-rel=\"lightbox-gallery-2pbrsiO2\" data-rl_title=\"\" data-rl_caption=\"\" title=\"\"><img loading=\"lazy\" class=\"alignnone size-full wp-image-146\" style=\"margin: 8px 8px -8px;\" src=\"http:\/\/tarnavva.nazwa.pl\/tarnavva\/wp-content\/uploads\/2017\/01\/zoba_m.jpg\" alt=\"zob\" width=\"30\" height=\"28\" \/> WYMIARY WK\u0141ADU <\/a><\/p>\n<p>&nbsp;<\/p>\n<table border=\"0\" rules=\"rows\" cellspacing=\"0\" cellpadding=\"3\" align=\"center\">\n<tbody>\n<tr>\n<td><strong>Zastosowanie:<\/strong><\/td>\n<td>do ogrzewania pomieszcze\u0144<\/td>\n<\/tr>\n<tr>\n<td><strong>Moc cieplna nominalna (moc ogrzewania pomieszcze\u0144)<\/strong><\/td>\n<td>9,5 kW<\/td>\n<\/tr>\n<tr>\n<td><strong>Sta\u0142opalno\u015b\u0107 przy mocy cieplnej nominalnej\u00a0 <\/strong><\/td>\n<td>2,0 godz.<\/td>\n<\/tr>\n<tr>\n<td><strong>Trwa\u0142o\u015b\u0107 palenia przy mocy zredukowanej<\/strong><\/td>\n<td>10 godz.<\/td>\n<\/tr>\n<tr>\n<td><strong>Jednorazowy zasyp paliwa (drewno)<\/strong><\/td>\n<td>ok. 8kg<\/td>\n<\/tr>\n<tr>\n<td><strong>Sprawno\u015b\u0107 cieplna<\/strong><\/td>\n<td>64,2%<\/td>\n<\/tr>\n<tr>\n<td><strong>Emisja CO ( 13 % O2 )<\/strong><\/td>\n<td>0,4%<\/td>\n<\/tr>\n<tr>\n<td><strong>Strumie\u0144 masy spalin<\/strong><\/td>\n<td>10,4g\/s<\/td>\n<\/tr>\n<tr>\n<td><strong>Odst\u0119p cz\u0119\u015bci palnych od szyby<\/strong><\/td>\n<td>1,5m<\/td>\n<\/tr>\n<tr>\n<td><strong>Masa korpusu<\/strong><\/td>\n<td>161kg<\/td>\n<\/tr>\n<tr>\n<td><strong>Wymagany ci\u0105g kominowy przy mocy nominalnej<\/strong><\/td>\n<td>12 Pa<\/td>\n<\/tr>\n<tr>\n<td><strong>Temperatura spalin przy mocy nominalnej (\u015brednia)<\/strong><\/td>\n<td>440\u00b0C<\/td>\n<\/tr>\n<tr>\n<td><strong>Wymiary:<\/strong><\/td>\n<td>wys. czo\u0142. 483mm;<br \/>\nwys. ca\u0142k. 520mm;<br \/>\nszer.czo\u0142. 621mm;<br \/>\ng\u0142\u0119boko\u015b\u0107 468mm<\/td>\n<\/tr>\n<tr>\n<td><strong>Wymagany otw\u00f3r w obudowie b\u0105d\u017a wn\u0119ce, potrzebny do wbudowania paleniska:<\/strong><\/td>\n<td>szer. 920mm<br \/>\ng\u0142. 615mm<br \/>\nwys. 2000mm<\/td>\n<\/tr>\n<tr>\n<td><strong>\u015arednica wylotu spalin<\/strong><\/td>\n<td>\u00f8w150mm \/ \u00f8z160mm<\/td>\n<\/tr>\n<tr>\n<td><strong>Wymagany ci\u0105g przy mocy zredukowanej<\/strong><\/td>\n<td>6 Pa<\/td>\n<\/tr>\n<tr>\n<td><strong>Paliwo: <\/strong><\/td>\n<td>polana drzew li\u015bciastych: buk, grab, olcha, brzoza<\/td>\n<\/tr>\n<tr>\n<td><strong>Wymiary polan drewna li\u015bciastego:<\/strong><\/td>\n<td>d\u0142. do ~ 330mm,<br \/>\n\u015bredn. do 150mm<br \/>\nlub obw\u00f3d 480mm<\/td>\n<\/tr>\n<\/tbody>\n<\/table>\n<p>Informacje dodatkowe:<\/p>\n<ul>\n<li>Ca\u0142kowita masa wk\u0142adu kominkowego: 170,00 kg<\/li>\n<li>Wymiar palety: 680&#215;620 mm<\/li>\n<\/ul>\n<hr class=\"red-hr\" \/>\n<p>&nbsp;<\/p>\n<ul class=\"inline-page-menu\">\n<li><a href=\"#primero\">PRIMERO<\/a><\/li>\n<li><a href=\"#retro\">RETRO<\/a><\/li>\n<li><a href=\"#unica\">UNICA<\/a><\/li>\n<\/ul>\n<p><\/p>","protected":false},"excerpt":{"rendered":"<p>PRIMERO RETRO UNICA PRIMERO DIMENSIONS &nbsp; Application: Pour chauffage domestique Puissance chauffage\u00a0 nominal (puissance de chauffage domestique ): 9,5 kW Combustion continue\u00a0 \u00e0\u00a0 la puissance de chaleur\u00a0 nominal: 2 h Durabilit\u00e9\u00a0 de la combustion \u00e0 la puissance reduite: 6 h Jednorazowy zasyp paliwa (drewno) ok. 8kg Charge du combustible unique (du bois): 64,2% Emission CO [&hellip;]<\/p>\n","protected":false},"author":1,"featured_media":0,"parent":130,"menu_order":1,"comment_status":"closed","ping_status":"closed","template":"","meta":[],"_links":{"self":[{"href":"http:\/\/monolity.pl\/fr\/wp-json\/wp\/v2\/pages\/385"}],"collection":[{"href":"http:\/\/monolity.pl\/fr\/wp-json\/wp\/v2\/pages"}],"about":[{"href":"http:\/\/monolity.pl\/fr\/wp-json\/wp\/v2\/types\/page"}],"author":[{"embeddable":true,"href":"http:\/\/monolity.pl\/fr\/wp-json\/wp\/v2\/users\/1"}],"replies":[{"embeddable":true,"href":"http:\/\/monolity.pl\/fr\/wp-json\/wp\/v2\/comments?post=385"}],"version-history":[{"count":21,"href":"http:\/\/monolity.pl\/fr\/wp-json\/wp\/v2\/pages\/385\/revisions"}],"predecessor-version":[{"id":1087,"href":"http:\/\/monolity.pl\/fr\/wp-json\/wp\/v2\/pages\/385\/revisions\/1087"}],"up":[{"embeddable":true,"href":"http:\/\/monolity.pl\/fr\/wp-json\/wp\/v2\/pages\/130"}],"wp:attachment":[{"href":"http:\/\/monolity.pl\/fr\/wp-json\/wp\/v2\/media?parent=385"}],"curies":[{"name":"wp","href":"https:\/\/api.w.org\/{rel}","templated":true}]}}