{"id":42,"date":"2017-01-02T18:39:17","date_gmt":"2017-01-02T17:39:17","guid":{"rendered":"http:\/\/tarnavva.nazwa.pl\/tarnavva\/?page_id=42"},"modified":"2017-02-17T15:02:14","modified_gmt":"2017-02-17T14:02:14","slug":"produkty","status":"publish","type":"page","link":"http:\/\/monolity.pl\/fr\/produkty\/","title":{"rendered":"Construction de l&rsquo;insert"},"content":{"rendered":"<p>Inserts monolithiques fabriqu\u00e9s par\u00a0 notre entreprise sont r\u00e9alis\u00e9s en fonte grise de haute qualit\u00e9 avec la technique de moulage en sable<br \/>\nLe poids des inserts varie de 120 \u00e0 250 kgs et l\u2019\u00e9ppaisseur du corps varie de 8 a 22mm<\/p>\n<p>Les avantages principaux de nos inserts qui les distinguent des autres inserts du march\u00e9\u00a0 ce sont\u00a0:<\/p>\n<p><img loading=\"lazy\" class=\"alignright size-full wp-image-43\" src=\"http:\/\/tarnavva.nazwa.pl\/tarnavva\/wp-content\/uploads\/2017\/01\/16KW-PRIMERO-2.jpg\" alt=\"\" width=\"167\" height=\"160\" \/><\/p>\n<p>&nbsp;<\/p>\n<ul>\n<ul>\n<li>La chauffe\u00a0 est une fonte enti\u00e8re, la porte et le cendrier sont ajust\u00e9es\u00a0 par meulage\u00a0 ce qui assure\u00a0 une parfaite \u00e9tancheit\u00e9 Les tuyaux horizontaux lat\u00e9raux qui conduisent l\u2019air \u00e0 la chambre de combustion\u00a0 sont ferm\u00e9s dans nos inserts\u00a0 du cot\u00e9 de la porte ce qui fait l&rsquo;air arriver du haut\u00a0 et par cons\u00e9quent cr\u00e9e un balaygae permanant\u00a0 protegeant\u00a0 la vitre contre la pollution.\u00a0 Ce syst\u00e8me augmente le rendement de chaleur\u00a0 sur l\u2019interieur de l\u2019habitation\u00a0 ou se trouve la chemin\u00e9e et permet \u00e9galement\u00a0 l\u2019observation du\u00a0 feu.<\/li>\n<\/ul>\n<\/ul>\n<hr style=\"clear: both;\" \/>\n<p><img loading=\"lazy\" class=\"alignright size-full wp-image-44\" src=\"http:\/\/tarnavva.nazwa.pl\/tarnavva\/wp-content\/uploads\/2017\/01\/malowana_szyba.jpg\" alt=\"\" width=\"167\" height=\"116\" \/><\/p>\n<p>&nbsp;<\/p>\n<ul>\n<ul>\n<li>La vitre mont\u00e9e dans la porte est r\u00e9sistante \u00e0 la temp\u00e9rature de 800\u00b0 C<\/li>\n<\/ul>\n<\/ul>\n<hr style=\"clear: both;\" \/>\n<p><img loading=\"lazy\" class=\"alignright size-full wp-image-45\" src=\"http:\/\/tarnavva.nazwa.pl\/tarnavva\/wp-content\/uploads\/2017\/01\/16KW-PZPPOS-2.jpg\" alt=\"\" width=\"167\" height=\"116\" \/><\/p>\n<p>&nbsp;<\/p>\n<ul>\n<ul>\n<li>Solide fermeture de la porte, par verrou dans mod\u00e8les FLAT et RETRO et\u00a0par automatique verrou-serrure \u00e0 ressort ce qui garantie fermeture securis\u00e9e\u00a0 de la chambre de combustion.<\/li>\n<\/ul>\n<\/ul>\n<hr style=\"clear: both;\" \/>\n<p><img loading=\"lazy\" class=\"alignright size-full wp-image-46\" src=\"http:\/\/tarnavva.nazwa.pl\/tarnavva\/wp-content\/uploads\/2017\/01\/PRIMERO-2.jpg\" alt=\"\" width=\"167\" height=\"116\" \/><\/p>\n<p>&nbsp;<\/p>\n<ul>\n<ul>\n<li>Structure robuste avec rainure verticale tr\u00e8s\u00a0 dense\u00a0 donne \u00e0 l\u2019insert une grande stabilit\u00e9. Les rainures verticales int\u00e9rieures et ext\u00e9rieures constituent surface importante\u00a0 pour l\u2019\u00e9change de chaleur.<\/li>\n<\/ul>\n<\/ul>\n<hr style=\"clear: both;\" \/>\n<p><img loading=\"lazy\" class=\"alignright size-full wp-image-47\" src=\"http:\/\/tarnavva.nazwa.pl\/tarnavva\/wp-content\/uploads\/2017\/01\/szuflada_popielnika_1.jpg\" alt=\"\" width=\"167\" height=\"116\" \/><\/p>\n<ul>\n<ul>\n<li>Deux\u00a0 boutons de r\u00e9glage qui se trouvent dans la partie basse, gauche, droite et ant\u00e9rieure,\u00a0 servent \u00e0 la r\u00e9gulation d\u2019air qui arrive dans la chambre de combustion (seconde combustion). Dans les mod\u00e8les FLAT et RETRO, un petit bouton , plac\u00e9 au centre de la fa\u00e7ade du cendrier, sert \u00e0 la r\u00e9gulation d\u2019air pour le\u00a0 cendrier (combustion primaire) et deux autres servent \u00e0 la s\u00e9curisation d\u2019\u00e9tancheit\u00e9 de fa\u00e7ade de cendrier. Dans les mod\u00e8les PRIMERO et UNICA,\u00a0 r\u00e9gulation d\u2019air pour\u00a0 combustion primaire est assur\u00e9e par les ouvertures r\u00e9ctangulaires de ventilation du cot\u00e9 gauche de fa\u00e7ade de cendrier, qui est dot\u00e9 d\u2019un m\u00e9canisme fermant le tiroir cendrier. Ce m\u00e9canisme bloque automatiquement le cendrier ferm\u00e9 correctement, s\u00e9curisant sa \u00e9tancheit\u00e9 , ce qui\u00a0 a permit d\u2019\u00e9liminer\u00a0 de boutons lat\u00e9raux\u00a0 de fa\u00e7ade de cendrier.<\/li>\n<\/ul>\n<\/ul>\n<hr style=\"clear: both;\" \/>\n<p><img loading=\"lazy\" class=\"alignright size-full wp-image-48\" src=\"http:\/\/tarnavva.nazwa.pl\/tarnavva\/wp-content\/uploads\/2017\/01\/16KW-PZPOSR-1.jpg\" alt=\"\" width=\"167\" height=\"116\" \/><\/p>\n<ul>\n<ul>\n<li>\u00c1 l\u2019interieur du corps , dans la partie basse du foyer, il est situ\u00e9 une\u00a0 grille , sous laquelle se trouve le tiroir de cendrier, dans la partie ant\u00e9rieure se trouve une petite palissade de protection pour emp\u00eacher le braise de tomber par terre.<\/li>\n<\/ul>\n<\/ul>\n<hr style=\"clear: both;\" \/>\n<p><img loading=\"lazy\" class=\"alignright size-full wp-image-49\" src=\"http:\/\/tarnavva.nazwa.pl\/tarnavva\/wp-content\/uploads\/2017\/01\/18KW-PRIMERO-PLUS-1.jpg\" alt=\"\" width=\"167\" height=\"116\" \/><\/p>\n<ul>\n<ul>\n<li>Dans la partie haute de la chauffe\u00a0 il se trouve un d\u00e9flecteur profil\u00e9, qui joue le r\u00f4le de paroi\u00a0 entre la partie basse et haute du foyer, sous laquelle il s\u2019accumulent des gaz fabriqu\u00e9s par br\u00fblage de b\u00fbche ce qui provoque br\u00fblage complet de b\u00fbche.<\/li>\n<\/ul>\n<\/ul>\n<hr style=\"clear: both;\" \/>\n<p><img loading=\"lazy\" class=\"aligncenter size-full wp-image-56\" src=\"http:\/\/tarnavva.nazwa.pl\/tarnavva\/wp-content\/uploads\/2017\/01\/Mapa-bitowa-w-05.jpg\" alt=\"\" width=\"500\" height=\"388\" srcset=\"http:\/\/monolity.pl\/wp-content\/uploads\/2017\/01\/Mapa-bitowa-w-05.jpg 500w, http:\/\/monolity.pl\/wp-content\/uploads\/2017\/01\/Mapa-bitowa-w-05-300x233.jpg 300w\" sizes=\"(max-width: 500px) 100vw, 500px\" \/><br \/>\nLes mat\u00e9riaux sous soumis aux droit d\u2019auteur. La publication partielle ou enti\u00e8re n\u2019est possible qu&rsquo; avec l\u2019accord d\u2019auteur uniquement.<\/p>","protected":false},"excerpt":{"rendered":"<p>Inserts monolithiques fabriqu\u00e9s par\u00a0 notre entreprise sont r\u00e9alis\u00e9s en fonte grise de haute qualit\u00e9 avec la technique de moulage en sable Le poids des inserts varie de 120 \u00e0 250 kgs et l\u2019\u00e9ppaisseur du corps varie de 8 a 22mm Les avantages principaux de nos inserts qui les distinguent des autres inserts du march\u00e9\u00a0 ce [&hellip;]<\/p>\n","protected":false},"author":1,"featured_media":0,"parent":0,"menu_order":0,"comment_status":"closed","ping_status":"closed","template":"","meta":[],"_links":{"self":[{"href":"http:\/\/monolity.pl\/fr\/wp-json\/wp\/v2\/pages\/42"}],"collection":[{"href":"http:\/\/monolity.pl\/fr\/wp-json\/wp\/v2\/pages"}],"about":[{"href":"http:\/\/monolity.pl\/fr\/wp-json\/wp\/v2\/types\/page"}],"author":[{"embeddable":true,"href":"http:\/\/monolity.pl\/fr\/wp-json\/wp\/v2\/users\/1"}],"replies":[{"embeddable":true,"href":"http:\/\/monolity.pl\/fr\/wp-json\/wp\/v2\/comments?post=42"}],"version-history":[{"count":42,"href":"http:\/\/monolity.pl\/fr\/wp-json\/wp\/v2\/pages\/42\/revisions"}],"predecessor-version":[{"id":1134,"href":"http:\/\/monolity.pl\/fr\/wp-json\/wp\/v2\/pages\/42\/revisions\/1134"}],"wp:attachment":[{"href":"http:\/\/monolity.pl\/fr\/wp-json\/wp\/v2\/media?parent=42"}],"curies":[{"name":"wp","href":"https:\/\/api.w.org\/{rel}","templated":true}]}}