{"id":510,"date":"2017-01-22T11:04:59","date_gmt":"2017-01-22T10:04:59","guid":{"rendered":"http:\/\/tarnavva.nazwa.pl\/tarnavva\/?page_id=510"},"modified":"2017-02-04T16:55:52","modified_gmt":"2017-02-04T15:55:52","slug":"dolnoslaskie","status":"publish","type":"page","link":"http:\/\/monolity.pl\/fr\/partnerzy\/dolnoslaskie\/","title":{"rendered":"Dolno\u015bl\u0105skie"},"content":{"rendered":"<table class=\"partn\">\n<thead>\n<tr>\n<th>Lp<\/th>\n<th>Nazwa<\/th>\n<th>Miasto<\/th>\n<th>Adres<\/th>\n<th>Telefon<\/th>\n<th>Email<\/th>\n<th>WWW<\/th>\n<\/tr>\n<\/thead>\n<tbody>\n<tr>\n<td>1<\/td>\n<td>Focis<\/td>\n<td>Legnica<\/td>\n<td>ul. Nowodworska 17<\/td>\n<td>76 850 61 71<\/td>\n<td><a href=\"mailto:focis@focis.pl\">focis@focis.pl<\/a><\/td>\n<td><a href=\"http:\/\/www.focis.pl\">http:\/\/www.focis.pl<\/a><\/td>\n<\/tr>\n<tr>\n<td>2<\/td>\n<td>\u015awiat Kamienia<\/td>\n<td>Ole\u015bnica<\/td>\n<td>Smardz\u00f3w 2A<\/td>\n<td>71 399 33 82<\/td>\n<td><a href=\"mailto:biuro@swiatkamienia.pl\">biuro@swiatkamienia.pl<\/a><\/td>\n<td><a href=\"http:\/\/www.swiatkamienia.pl\">http:\/\/www.swiatkamienia.pl<\/a><\/td>\n<\/tr>\n<tr>\n<td>3<\/td>\n<td>Tomel<\/td>\n<td>Jelenia G\u00f3ra<\/td>\n<td>ul.Pi\u0142sudskiego 43<\/td>\n<td>75 642 04 41<\/td>\n<td><\/td>\n<td><a href=\"http:\/\/www.tomel.jgora.pl\">http:\/\/www.tomel.jgora.pl<\/a><\/td>\n<\/tr>\n<tr>\n<td>4<\/td>\n<td>Werkom<\/td>\n<td>Jelenia G\u00f3ra<\/td>\n<td>ul. Moniuszki 7A<\/td>\n<td>756 469 088<\/td>\n<td><a href=\"mailto:info@kominki-jeleniagora.pl\">info@kominki-jeleniagora.pl<\/a><\/td>\n<td><a href=\"http:\/\/www.kominki-jeleniagora.pl\">http:\/\/www.kominki-jeleniagora.pl<\/a><\/td>\n<\/tr>\n<\/tbody>\n<\/table>\n<p>&nbsp;<\/p>\n<p>&nbsp;<\/p>\n<p>&nbsp;<\/p>\n","protected":false},"excerpt":{"rendered":"<p>Lp Nazwa Miasto Adres Telefon Email WWW 1 Focis Legnica ul. Nowodworska 17 76 850 61 71 focis@focis.pl http:\/\/www.focis.pl 2 \u015awiat Kamienia Ole\u015bnica Smardz\u00f3w 2A 71 399 33 82 biuro@swiatkamienia.pl http:\/\/www.swiatkamienia.pl 3 Tomel Jelenia G\u00f3ra ul.Pi\u0142sudskiego 43 75 642 04 41 http:\/\/www.tomel.jgora.pl 4 Werkom Jelenia G\u00f3ra ul. Moniuszki 7A 756 469 088 info@kominki-jeleniagora.pl http:\/\/www.kominki-jeleniagora.pl &nbsp; [&hellip;]<\/p>\n","protected":false},"author":1,"featured_media":0,"parent":25,"menu_order":0,"comment_status":"closed","ping_status":"closed","template":"","meta":[],"_links":{"self":[{"href":"http:\/\/monolity.pl\/fr\/wp-json\/wp\/v2\/pages\/510"}],"collection":[{"href":"http:\/\/monolity.pl\/fr\/wp-json\/wp\/v2\/pages"}],"about":[{"href":"http:\/\/monolity.pl\/fr\/wp-json\/wp\/v2\/types\/page"}],"author":[{"embeddable":true,"href":"http:\/\/monolity.pl\/fr\/wp-json\/wp\/v2\/users\/1"}],"replies":[{"embeddable":true,"href":"http:\/\/monolity.pl\/fr\/wp-json\/wp\/v2\/comments?post=510"}],"version-history":[{"count":16,"href":"http:\/\/monolity.pl\/fr\/wp-json\/wp\/v2\/pages\/510\/revisions"}],"predecessor-version":[{"id":607,"href":"http:\/\/monolity.pl\/fr\/wp-json\/wp\/v2\/pages\/510\/revisions\/607"}],"up":[{"embeddable":true,"href":"http:\/\/monolity.pl\/fr\/wp-json\/wp\/v2\/pages\/25"}],"wp:attachment":[{"href":"http:\/\/monolity.pl\/fr\/wp-json\/wp\/v2\/media?parent=510"}],"curies":[{"name":"wp","href":"https:\/\/api.w.org\/{rel}","templated":true}]}}