{"id":523,"date":"2017-01-22T11:48:01","date_gmt":"2017-01-22T10:48:01","guid":{"rendered":"http:\/\/tarnavva.nazwa.pl\/tarnavva\/?page_id=523"},"modified":"2017-01-22T11:48:07","modified_gmt":"2017-01-22T10:48:07","slug":"lodzkie","status":"publish","type":"page","link":"http:\/\/monolity.pl\/fr\/partnerzy\/lodzkie\/","title":{"rendered":"\u0141\u00f3dzkie"},"content":{"rendered":"<table class=\"partn\">\n<thead>\n<tr>\n<th>Lp<\/th>\n<th>Nazwa<\/th>\n<th>Miasto<\/th>\n<th>Adres<\/th>\n<th>Telefon<\/th>\n<th>Email<\/th>\n<th>WWW<\/th>\n<\/tr>\n<\/thead>\n<tbody>\n<tr>\n<td>1<\/td>\n<td>Monolit<\/td>\n<td>\u0141\u00f3d\u017a<\/td>\n<td>ul. Legion\u00f3w 58<\/td>\n<td>601 22 95 62<\/td>\n<td><a href=\"mailto:biuro@monolit-kominki.com\">biuro@monolit-kominki.com<\/a><\/td>\n<td><a href=\"http:\/\/www.monolit-kominki.com\">http:\/\/www.monolit-kominki.com<\/a><\/td>\n<\/tr>\n<tr>\n<td>2<\/td>\n<td>P.H.U. ROKFOL<\/td>\n<td>Wielu\u0144<\/td>\n<td>ul. G\u0142owackiego 3<\/td>\n<td>530 264 776<\/td>\n<td><a href=\"mailto:wielun@rokfol.pl\">wielun@rokfol.pl<\/a><\/td>\n<td><a href=\"http:\/\/www.rokfol.pl\">http:\/\/www.rokfol.pl<\/a><\/td>\n<\/tr>\n<tr>\n<td>3<\/td>\n<td>P.H.U. ROKFOL<\/td>\n<td>Sieradz<\/td>\n<td>ul. Siemianowicza 2<\/td>\n<td>601 726 926 <\/td>\n<td><a href=\"maito:kontakt@rokfol.pl\">kontakt@rokfol.pl<\/a><\/td>\n<td><a href=\"http:\/\/www.rokfol.pl\">http:\/\/www.rokfol.pl<\/a><\/td>\n<\/tr>\n<\/tbody>\n<\/table>\n","protected":false},"excerpt":{"rendered":"<p>Lp Nazwa Miasto Adres Telefon Email WWW 1 Monolit \u0141\u00f3d\u017a ul. Legion\u00f3w 58 601 22 95 62 biuro@monolit-kominki.com http:\/\/www.monolit-kominki.com 2 P.H.U. ROKFOL Wielu\u0144 ul. G\u0142owackiego 3 530 264 776 wielun@rokfol.pl http:\/\/www.rokfol.pl 3 P.H.U. ROKFOL Sieradz ul. Siemianowicza 2 601 726 926 kontakt@rokfol.pl http:\/\/www.rokfol.pl<\/p>\n","protected":false},"author":1,"featured_media":0,"parent":25,"menu_order":3,"comment_status":"closed","ping_status":"closed","template":"","meta":[],"_links":{"self":[{"href":"http:\/\/monolity.pl\/fr\/wp-json\/wp\/v2\/pages\/523"}],"collection":[{"href":"http:\/\/monolity.pl\/fr\/wp-json\/wp\/v2\/pages"}],"about":[{"href":"http:\/\/monolity.pl\/fr\/wp-json\/wp\/v2\/types\/page"}],"author":[{"embeddable":true,"href":"http:\/\/monolity.pl\/fr\/wp-json\/wp\/v2\/users\/1"}],"replies":[{"embeddable":true,"href":"http:\/\/monolity.pl\/fr\/wp-json\/wp\/v2\/comments?post=523"}],"version-history":[{"count":1,"href":"http:\/\/monolity.pl\/fr\/wp-json\/wp\/v2\/pages\/523\/revisions"}],"predecessor-version":[{"id":524,"href":"http:\/\/monolity.pl\/fr\/wp-json\/wp\/v2\/pages\/523\/revisions\/524"}],"up":[{"embeddable":true,"href":"http:\/\/monolity.pl\/fr\/wp-json\/wp\/v2\/pages\/25"}],"wp:attachment":[{"href":"http:\/\/monolity.pl\/fr\/wp-json\/wp\/v2\/media?parent=523"}],"curies":[{"name":"wp","href":"https:\/\/api.w.org\/{rel}","templated":true}]}}