{"id":337,"date":"2017-01-15T13:16:02","date_gmt":"2017-01-15T12:16:02","guid":{"rendered":"http:\/\/tarnavva.nazwa.pl\/tarnavva\/?page_id=337"},"modified":"2017-03-07T14:39:15","modified_gmt":"2017-03-07T13:39:15","slug":"czym-palic-i-ile-nalozyc","status":"publish","type":"page","link":"http:\/\/monolity.pl\/ru\/produkty\/montaz\/czym-palic-i-ile-nalozyc\/","title":{"rendered":"Czym pali\u0107 i ile na\u0142o\u017cy\u0107"},"content":{"rendered":"<p><\/p>\n<h3 class=\"red-header-2\">PALIWA<\/h3>\n<p>Zalecane rodzaje drewna, przy spalaniu kt\u00f3rych kominek spe\u0142nia wymagania, to:<\/p>\n<ul>\n<li>buk, grab, olcha, akacja, jesion, brzoza, d\u0105b (d\u0105b nale\u017cy miesza\u0107 z brzoz\u0105 lub bukiem, poniewa\u017c sam wydziela pewne kwasy, kt\u00f3re ujemnie wp\u0142ywaj\u0105 na \u015bcianki paleniska),<\/li>\n<li>wszystkie drzewa li\u015bciaste twarde,<\/li>\n<li>brykiet z w\/w drewna.<\/li>\n<\/ul>\n<p>WILGOTNO\u015a\u0106 DREWNA DO 20%<\/p>\n<ul>\n<li>d\u0142ugo\u015b\u0107 \u2013 dla typ\u00f3w 12KW i 14KW to do 330mm, natomiast dla 16KW i 18KW do 400 mm,<\/li>\n<li>\u015brednica 150 mm, lub obw\u00f3d 480 mm.<\/li>\n<\/ul>\n<p>MAKSYMALNA MASA WSADU DLA POSZCZEG\u00d3LNYCH TYP\u00d3W WK\u0141AD\u00d3W<\/p>\n<ul>\n<li>Palenisko typ 12 KW mocy maksymalnej , moc nominalna 6,5 kW ok. 5 kg<\/li>\n<li>Palenisko typ 14 KW mocy maksymalnej , moc nominalna 9,5 kW ok. 8 kg<\/li>\n<li>Palenisko typ 16 KW mocy maksymalnej , moc nominalna 12,2 kW ok. 8 kg<\/li>\n<li>Palenisko typ 18 KW mocy maksymalnej , moc nominalna 16,4 kW ok. 11 kg<\/li>\n<\/ul>\n<p>Przypominamy r\u00f3wnie\u017c o zakazie przestawiania kominka na inne paliwa oraz spalania paliw odpadowych, jak r\u00f3wnie\u017c nieodpowiednich, paliw nie zalecanych oraz zakazie stosowania cieczy palnych.<br \/>\n<em><br \/>\nMateria\u0142y obj\u0119te prawem autorskim! Publikacja w cz\u0119\u015bci lub w ca\u0142o\u015bci wy\u0142\u0105cznie za zgod\u0105 autora.<\/em><\/p>\n<p><a href=\"http:\/\/tarnavva.nazwa.pl\/tarnavva\/wp-content\/uploads\/2017\/01\/07.jpg\" data-rel=\"lightbox-gallery-MRkh8aZJ\" data-rl_title=\"\" data-rl_caption=\"\" title=\"\"><img loading=\"lazy\" class=\"alignnone size-full wp-image-339\" src=\"http:\/\/tarnavva.nazwa.pl\/tarnavva\/wp-content\/uploads\/2017\/01\/07.jpg\" alt=\"\" width=\"600\" height=\"514\" srcset=\"http:\/\/monolity.pl\/wp-content\/uploads\/2017\/01\/07.jpg 600w, http:\/\/monolity.pl\/wp-content\/uploads\/2017\/01\/07-300x257.jpg 300w\" sizes=\"(max-width: 600px) 100vw, 600px\" \/><\/a><\/p>\n<p><img loading=\"lazy\" class=\"alignnone size-full wp-image-327\" src=\"http:\/\/tarnavva.nazwa.pl\/tarnavva\/wp-content\/uploads\/2017\/01\/orn3.jpg\" alt=\"\" width=\"676\" height=\"350\" srcset=\"http:\/\/monolity.pl\/wp-content\/uploads\/2017\/01\/orn3.jpg 676w, http:\/\/monolity.pl\/wp-content\/uploads\/2017\/01\/orn3-300x155.jpg 300w\" sizes=\"(max-width: 676px) 100vw, 676px\" \/><\/p>\n<p>&nbsp;<\/p>\n<hr class=\"red-hr\" \/>\n<p>&nbsp;<\/p>\n<h3 class=\"red-header-2\">Rozpalanie i palenie<\/h3>\n<p>UWAGA !!!<br \/>\nPrzy pierwszym rozpaleniu w kominku, w pomieszczeniu b\u0119dzie odczuwalny nieprzyjemny zapach. Spowodowany on jest wysychaniem i utwardzaniem si\u0119 farby, kt\u00f3r\u0105 pomalowany jest kominek, a kt\u00f3ra staje si\u0119 cz\u0119\u015bciowo plastyczna w momencie pierwszego rozpalenia &#8212; czyli osi\u0105gni\u0119cia wysokiej temperatury. Po pierwszym paleniu farba utwardzi si\u0119 i zapach zniknie.<\/p>\n<p>Opis prawid\u0142owego sposobu rozpalania, za\u0142adunku i bezpiecznego u\u017cytkowania.<\/p>\n<ul>\n<li>Rozpalanie w b\u0119d\u0105cym w stanie zimnym kominku nale\u017cy rozpocz\u0105\u0107 od otwarcia drzwiczek kasety i w\u0142o\u017cenia do paleniska papieru, zgniecionego na kszta\u0142t kuli. Nast\u0119pnie, na uformowanym papierze, trzeba u\u0142o\u017cy\u0107 cienkie kawa\u0142ki drewna. Na nich nale\u017cy oprze\u0107 grubsze (tj. od 3 \u2013 do 5 cm), po czym otworzy\u0107 przepustnice powietrza (spalanie wt\u00f3rne), znajduj\u0105ce si\u0119 w dolnej cz\u0119\u015bci paleniska po jego prawej i lewej stronie (ca\u0142kowite otwarcie przepustnic nast\u0119puje przez wci\u015bni\u0119cie pokr\u0119te\u0142 bocznych nawet do pozycji pionowej znak\u2022\u2022\u2022) i doprowadzi\u0107 powietrze do popielnika odkr\u0119caj\u0105c w lewo do oporu (ok.5mm) mniejsze pokr\u0119t\u0142o, znajduj\u0105ce si\u0119 w centralnej cz\u0119\u015bci witryny popielnika (spalanie pierwotne). Stopie\u0144 otwarcia przepustnic uzale\u017cniony jest od ci\u0105gu kominowego w danej chwili palenia.<\/li>\n<li>Nast\u0119pnie nale\u017cy zapali\u0107 zapa\u0142k\u0119 i podpali\u0107 ni\u0105 papier, znajduj\u0105cy si\u0119 w palenisku, po czym zamkn\u0105\u0107 drzwiczki, zabezpieczaj\u0105c je ryglem przed otwarciem. Po kilku minutach, jak ogie\u0144 ju\u017c si\u0119 rozpali i kominek si\u0119 nagrzeje, mo\u017cna zmniejszy\u0107 dop\u0142yw powietrza, ustawiaj\u0105c pokr\u0119t\u0142a boczne do poziomu 45\u00ba (pozycja \u015brodkowa &#8212; znak\u2022\u2022). W takim ustawieniu nale\u017cy pali\u0107 tak d\u0142ugo, a\u017c osi\u0105gni\u0119ty zostanie \u017car (oko\u0142o 30 min). Nast\u0119pnie mo\u017cna do\u0142o\u017cy\u0107 nast\u0119pn\u0105 parti\u0119 drewna. Drzwiczki paleniska nale\u017cy otwiera\u0107 powoli, aby unikn\u0105\u0107 wyp\u0142ywu spalin do pomieszczenia. W czasie palenia wszystkie cz\u0119\u015bci kominka s\u0105 mocno nagrzane, wobec czego, do obs\u0142ugi paleniska, nale\u017cy u\u017cywa\u0107 klucza, znajduj\u0105cego si\u0119 w komplecie. Maksymalna ilo\u015b\u0107 drewna w palenisku nie mo\u017ce by\u0107 wi\u0119ksza ni\u017c \u00be wysoko\u015bci komory. Po godzinie palenia pokr\u0119t\u0142a (spalania wt\u00f3rnego) mo\u017cna przykr\u0119ci\u0107 bardziej ( do pozycji mi\u0119dzy znakiem \u2022\u2022 a znakiem\u2022) i zakr\u0119ci\u0107 w prawo do oporu mniejsze pokr\u0119t\u0142o (spalania pierwotnego), ale nale\u017cy zwr\u00f3ci\u0107 uwag\u0119, aby ogie\u0144 pali\u0142 si\u0119 ca\u0142y czas stabilnym, \u017cywym p\u0142omieniem.<\/li>\n<li>Przed dok\u0142adaniem nast\u0119pnej partii drewna nale\u017cy pogrzebaczem zrusza\u0107 zalegaj\u0105cy na dnie paleniska popi\u00f3\u0142 tak, aby jego cz\u0119\u015b\u0107 spad\u0142a do popielnika przez otwory w ruszcie i dopali\u0142a si\u0119. Nale\u017cy jednak pami\u0119ta\u0107, aby w czasie palenia na dnie wk\u0142adu zostawa\u0142a warstwa popio\u0142u grubo\u015bci ok. 2cm, poniewa\u017c sprzyja on spalaniu si\u0119 drewna i jest dobrym izolatorem dla dna paleniska, kt\u00f3re w procesie palenia nara\u017cone jest na bardzo wysokie temperatury.<\/li>\n<li>Popi\u00f3\u0142, powstaj\u0105cy w efekcie eksploatacji kominka, mo\u017cna wyci\u0105ga\u0107 codziennie w dowolnym momencie, je\u017celi wystarczaj\u0105ca jest jego ilo\u015b\u0107, zalegaj\u0105ca w popielniku (zasadniczo wystarczy opr\u00f3\u017cnia\u0107 palenisko raz w tygodniu). W celu oczyszczenia szuflady wk\u0142adu nale\u017cy przy pomocy klucza (chwyconego za r\u0119koje\u015b\u0107) jego przeciwn\u0105 stron\u0105 odbezpieczy\u0107 pokr\u0119t\u0142a (2 szt.), znajduj\u0105ce si\u0119 w dolnej, \u015brodkowej cz\u0119\u015bci kasety. Nast\u0119pnie t\u0119 sam\u0105 cz\u0119\u015b\u0107 klucza nale\u017cy wprowadzi\u0107 do otworu szuflady popielnika zahaczaj\u0105c za znajduj\u0105cy si\u0119 tam wyst\u0119p, po czym mo\u017cna j\u0105 wysun\u0105\u0107 wraz z popio\u0142em na zewn\u0105trz (zachowuj\u0105c pozycj\u0119 poziom\u0105). Popi\u00f3\u0142 nale\u017cy wysypa\u0107 do metalowego pojemnika, szuflad\u0119 natomiast, przy pomocy klucza, wsun\u0105\u0107 w miejsce, z kt\u00f3rego zosta\u0142a wyj\u0119ta i zabezpieczy\u0107 pokr\u0119t\u0142ami.<\/li>\n<\/ul>\n<p>OSTRZE\u017bENIE. W celu zapobie\u017cenia wydobywaniu si\u0119 spalin, komora paleniska i pokrywa pojemnika popielnika powinna by\u0107 zamkni\u0119ta, z wyj\u0105tkiem okresu rozpalania w kominku, nape\u0142niania paliwem i odpopielania.<\/p>\n<p>W okresie, gdy kominek nie jest u\u017cytkowany ( jest w stanie zimnym), pokr\u0119t\u0142a przepustnic powietrza paleniska mog\u0105 by\u0107 zar\u00f3wno zamkni\u0119te jak i otwarte. Przy otwartych przepustnicach powietrza, przez uk\u0142ad spalinowy kominka b\u0119dzie wysysane powietrze z pomieszczenia.<\/p>\n<p><em>Materia\u0142y obj\u0119te prawem autorskim! Publikacja w cz\u0119\u015bci lub w ca\u0142o\u015bci wy\u0142\u0105cznie za zgod\u0105 autora.<\/em><\/p>\n<p><a href=\"http:\/\/tarnavva.nazwa.pl\/tarnavva\/wp-content\/uploads\/2017\/01\/06.jpg\" data-rel=\"lightbox-gallery-MRkh8aZJ\" data-rl_title=\"\" data-rl_caption=\"\" title=\"\"><img loading=\"lazy\" class=\"alignnone size-full wp-image-340\" src=\"http:\/\/tarnavva.nazwa.pl\/tarnavva\/wp-content\/uploads\/2017\/01\/06.jpg\" alt=\"\" width=\"600\" height=\"450\" srcset=\"http:\/\/monolity.pl\/wp-content\/uploads\/2017\/01\/06.jpg 600w, http:\/\/monolity.pl\/wp-content\/uploads\/2017\/01\/06-300x225.jpg 300w\" sizes=\"(max-width: 600px) 100vw, 600px\" \/><\/a><\/p>\n<p><img loading=\"lazy\" class=\"alignnone size-full wp-image-327\" src=\"http:\/\/tarnavva.nazwa.pl\/tarnavva\/wp-content\/uploads\/2017\/01\/orn3.jpg\" alt=\"\" width=\"676\" height=\"350\" srcset=\"http:\/\/monolity.pl\/wp-content\/uploads\/2017\/01\/orn3.jpg 676w, http:\/\/monolity.pl\/wp-content\/uploads\/2017\/01\/orn3-300x155.jpg 300w\" sizes=\"(max-width: 676px) 100vw, 676px\" \/><\/p>\n<p>&nbsp;<\/p>\n<hr class=\"red-hr\" \/>\n<p>&nbsp;<\/p>\n<h3 class=\"red-header-2\">Czyszczenie paleniska i przy\u0142\u0105cza<\/h3>\n<p>Zaleca si\u0119, by, co najmniej raz w roku, (o ile przepisy nie stanowi\u0105 cz\u0119\u015bciej), dokonywa\u0107 przegl\u0105du paleniska, przy\u0142\u0105cza i komina (najlepiej przed sezonem grzewczym).<\/p>\n<p>Je\u017celi b\u0119dzie konieczno\u015b\u0107 przeczyszczenia przy\u0142\u0105cza i kominka, nale\u017cy pami\u0119ta\u0107, \u017ce czynno\u015b\u0107 t\u0119 wykonuje si\u0119 jedynie przy wygaszonym, zimnym palenisku. Rozpocz\u0105\u0107 j\u0105 nale\u017cy od otwarcia drzwiczek kasety, a nast\u0119pnie zdemontowania deflektora, wysuwaj\u0105c go do przodu z p\u00f3\u0142ek podtrzymuj\u0105cych.<\/p>\n<p>P\u00f3\u017aniej, u\u017cywaj\u0105c metalowego skrobaka, nale\u017cy usun\u0105\u0107 zgorzel ze \u015bcian kominka. Aby przeczy\u015bci\u0107 przy\u0142\u0105cze nale\u017cy u\u017cy\u0107 szczotki kominiarskiej zamontowanej na metalowej spirali. Nale\u017cy wprowadzi\u0107 j\u0105 przez otwarty kominek do przy\u0142\u0105cza, przesuwaj\u0105c w kierunku komina. Czynno\u015b\u0107 t\u0119 trzeba powt\u00f3rzy\u0107 kilka razy, a\u017c zostanie osi\u0105gni\u0119ty zamierzony efekt. Znaczna cz\u0119\u015b\u0107 usuni\u0119tego osadu przedostanie si\u0119 do komina, dlatego nale\u017cy wybra\u0107 go przez drzwiczki kontrolne, znajduj\u0105ce si\u0119 w dolnej cz\u0119\u015bci komina. Nieczysto\u015bci, znajduj\u0105ce si\u0119 w komorze kominka, nale\u017cy zebra\u0107 metalow\u0105 \u0142opatk\u0105. Po zako\u0144czeniu w\/w czynno\u015bci nale\u017cy zamontowa\u0107 deflektor w miejscu, w kt\u00f3rym si\u0119 znajdowa\u0142 i zamkn\u0105\u0107 drzwiczki paleniska, ryglem zabezpieczaj\u0105c je przed otwarciem.<\/p>\n<p><em>Materia\u0142y obj\u0119te prawem autorskim! Publikacja w cz\u0119\u015bci lub w ca\u0142o\u015bci wy\u0142\u0105cznie za zgod\u0105 autora.<\/em><\/p>\n<p><a href=\"http:\/\/tarnavva.nazwa.pl\/tarnavva\/wp-content\/uploads\/2017\/01\/08.jpg\" data-rel=\"lightbox-gallery-MRkh8aZJ\" data-rl_title=\"\" data-rl_caption=\"\" title=\"\"><img loading=\"lazy\" class=\"alignnone size-full wp-image-341\" src=\"http:\/\/tarnavva.nazwa.pl\/tarnavva\/wp-content\/uploads\/2017\/01\/08.jpg\" alt=\"\" width=\"800\" height=\"411\" srcset=\"http:\/\/monolity.pl\/wp-content\/uploads\/2017\/01\/08.jpg 800w, http:\/\/monolity.pl\/wp-content\/uploads\/2017\/01\/08-300x154.jpg 300w, http:\/\/monolity.pl\/wp-content\/uploads\/2017\/01\/08-768x395.jpg 768w\" sizes=\"(max-width: 800px) 100vw, 800px\" \/><\/a><\/p>\n<p><img loading=\"lazy\" class=\"alignnone size-full wp-image-327\" src=\"http:\/\/tarnavva.nazwa.pl\/tarnavva\/wp-content\/uploads\/2017\/01\/orn3.jpg\" alt=\"\" width=\"676\" height=\"350\" srcset=\"http:\/\/monolity.pl\/wp-content\/uploads\/2017\/01\/orn3.jpg 676w, http:\/\/monolity.pl\/wp-content\/uploads\/2017\/01\/orn3-300x155.jpg 300w\" sizes=\"(max-width: 676px) 100vw, 676px\" \/><\/p>\n<p>&nbsp;<\/p>\n<hr class=\"red-hr\" \/>\n<p>&nbsp;<\/p>","protected":false},"excerpt":{"rendered":"<p>PALIWA Zalecane rodzaje drewna, przy spalaniu kt\u00f3rych kominek spe\u0142nia wymagania, to: buk, grab, olcha, akacja, jesion, brzoza, d\u0105b (d\u0105b nale\u017cy miesza\u0107 z brzoz\u0105 lub bukiem, poniewa\u017c sam wydziela pewne kwasy, kt\u00f3re ujemnie wp\u0142ywaj\u0105 na \u015bcianki paleniska), wszystkie drzewa li\u015bciaste twarde, brykiet z w\/w drewna. WILGOTNO\u015a\u0106 DREWNA DO 20% d\u0142ugo\u015b\u0107 \u2013 dla typ\u00f3w 12KW i 14KW [&hellip;]<\/p>\n","protected":false},"author":1,"featured_media":0,"parent":297,"menu_order":1,"comment_status":"closed","ping_status":"closed","template":"","meta":[],"_links":{"self":[{"href":"http:\/\/monolity.pl\/ru\/wp-json\/wp\/v2\/pages\/337"}],"collection":[{"href":"http:\/\/monolity.pl\/ru\/wp-json\/wp\/v2\/pages"}],"about":[{"href":"http:\/\/monolity.pl\/ru\/wp-json\/wp\/v2\/types\/page"}],"author":[{"embeddable":true,"href":"http:\/\/monolity.pl\/ru\/wp-json\/wp\/v2\/users\/1"}],"replies":[{"embeddable":true,"href":"http:\/\/monolity.pl\/ru\/wp-json\/wp\/v2\/comments?post=337"}],"version-history":[{"count":13,"href":"http:\/\/monolity.pl\/ru\/wp-json\/wp\/v2\/pages\/337\/revisions"}],"predecessor-version":[{"id":1034,"href":"http:\/\/monolity.pl\/ru\/wp-json\/wp\/v2\/pages\/337\/revisions\/1034"}],"up":[{"embeddable":true,"href":"http:\/\/monolity.pl\/ru\/wp-json\/wp\/v2\/pages\/297"}],"wp:attachment":[{"href":"http:\/\/monolity.pl\/ru\/wp-json\/wp\/v2\/media?parent=337"}],"curies":[{"name":"wp","href":"https:\/\/api.w.org\/{rel}","templated":true}]}}