{"id":385,"date":"2017-01-15T14:28:55","date_gmt":"2017-01-15T13:28:55","guid":{"rendered":"http:\/\/tarnavva.nazwa.pl\/tarnavva\/?page_id=385"},"modified":"2017-03-09T13:07:49","modified_gmt":"2017-03-09T12:07:49","slug":"wklady-typu-14-kw","status":"publish","type":"page","link":"http:\/\/monolity.pl\/ru\/produkty\/wklady-kominkowe\/wklady-typu-14-kw\/","title":{"rendered":"\u041a\u0430\u043c\u0438\u043d\u043d\u044b\u0435 \u0442\u043e\u043f\u043a\u0438 14 \u043a\u0432"},"content":{"rendered":"<p><\/p>\n<ul class=\"inline-page-menu\">\n<li><a href=\"#primero\">PRIMERO<\/a><\/li>\n<li><a href=\"#retro\">RETRO<\/a><\/li>\n<li><a href=\"#unica\">UNICA<\/a><\/li>\n<\/ul>\n<h3 id=\"\u041f\u0440\u0438\u043c\u0435\u0440\u043e\" class=\"red-header-2\">\u041f\u0440\u0438\u043c\u0435\u0440\u043e<\/h3>\n<p><img loading=\"lazy\" width=\"601\" height=\"419\" class=\"alignnone size-full wp-image-144\" style=\"display: inline-block; width: 68%;\" src=\"http:\/\/tarnavva.nazwa.pl\/tarnavva\/wp-content\/uploads\/2017\/01\/Tarnavva_Primero_14kW_01-1.jpg\" alt=\"primero\" \/><img loading=\"lazy\" width=\"150\" height=\"98\" class=\"alignnone size-full wp-image-145\" style=\"width: 23%;\" src=\"http:\/\/tarnavva.nazwa.pl\/tarnavva\/wp-content\/uploads\/2017\/01\/gw.jpg\" alt=\"gwar\" \/><\/p>\n<p><a style=\"text-align: left;\" href=\"http:\/\/tarnavva.nazwa.pl\/tarnavva\/wp-content\/uploads\/2017\/01\/Tarnavva_Primero_14kW_01-1.jpg\" data-rel=\"lightbox-gallery-kn0TdCJr\" data-rl_title=\"\" data-rl_caption=\"\" title=\"\"><img loading=\"lazy\" class=\"alignnone size-full wp-image-146\" style=\"margin: 8px 8px -8px;\" src=\"http:\/\/tarnavva.nazwa.pl\/tarnavva\/wp-content\/uploads\/2017\/01\/zoba_m.jpg\" alt=\"zob\" width=\"30\" height=\"28\" \/> \u043f\u0430\u0440\u0430\u043c\u0435\u0442\u0440\u044b <\/a><\/p>\n<p>&nbsp;<\/p>\n<table border=\"0\" rules=\"rows\" cellspacing=\"0\" cellpadding=\"3\" align=\"center\">\n<tbody>\n<tr>\n<td><strong>\u0438\u0441\u043f\u043e\u043b\u044c\u0437\u043e\u0432\u0430\u0442\u044c:<\/strong><\/td>\n<td>\u0434\u043b\u044f \u043e\u0442\u043e\u043f\u043b\u0438\u0432\u0430\u043d\u0438\u044f \u043f\u043e\u043c\u0435\u0449\u0435\u043d\u0438\u0439<\/td>\n<\/tr>\n<tr>\n<td><strong>\u043f\u0430\u0440\u0430\u043c\u0435\u0442\u0440<\/strong><\/td>\n<td>9,5 \u043a\u0432\u0442<\/td>\n<\/tr>\n<tr>\n<td><strong>\u043f\u043e\u0441\u0442\u043e\u044f\u043d\u043d\u043e\u0441\u0442\u044c \u0433\u043e\u0440\u0435\u043d\u0438\u044f \u043f\u0440\u0438 \u043d\u043e\u043c\u0438\u043d\u0430\u043b\u044c\u043d\u043e\u0439 \u0442\u0435\u043f\u043b\u043e\u0432\u043e\u0439 \u043c\u043e\u0449\u043d\u043e\u0441\u0442\u0438<\/strong><\/td>\n<td>2,0 \u0433<\/td>\n<\/tr>\n<tr>\n<td><strong>\u0441\u0442\u0430\u0431\u0438\u043b\u044c\u043d\u043e\u0441\u0442\u044c \u0433\u043e\u0440\u0435\u043d\u0438\u044f \u043f\u0440\u0438 \u043f\u0440\u0438\u0432\u0435\u0434\u00eb\u043d\u043d\u043e\u0439 \u043c\u043e\u0449\u043d\u043e\u0441\u0442\u0438<\/strong><\/td>\n<td>10 \u0433.<\/td>\n<\/tr>\n<tr>\n<td><strong>\u043e\u0434\u043d\u043e\u043a\u0440\u0430\u0442\u043d\u0430\u044f \u0437\u0430\u0433\u0440\u0443\u0437\u043a\u0430 \u0442\u043e\u043f\u043b\u0438\u0432\u0430<\/strong><\/td>\n<td>ok. 8\u043a\u0433<\/td>\n<\/tr>\n<tr>\n<td><strong>\u0442\u0435\u043f\u043b\u043e\u0432\u043e\u0439 \u043a.\u043f.\u0434.<\/strong><\/td>\n<td>64,2%<\/td>\n<\/tr>\n<tr>\n<td><strong>\u044d\u043c\u0438\u0441\u0441\u0438\u044f CO (13%02)<\/strong><\/td>\n<td>0,4%<\/td>\n<\/tr>\n<tr>\n<td><strong>\u043f\u043e\u0442\u043e\u043a \u0434\u044b\u043c\u043e\u0432\u044b\u0445 \u0433\u0430\u0437\u043e\u0432<\/strong><\/td>\n<td>10,4g\/s<\/td>\n<\/tr>\n<tr>\n<td><strong>\u0438\u043d\u0442\u0435\u0440\u0432\u0430\u043b \u043c\u0435\u0436\u0434\u0443 \u0441\u0442\u0435\u043a\u043b\u043e\u043c \u0430 \u0433\u043e\u0440\u044e\u0447\u0438\u043c\u0438 \u043f\u0440\u0435\u0434\u043c\u0435\u0442\u0430\u043c\u0438<\/strong><\/td>\n<td>1,5m<\/td>\n<\/tr>\n<tr>\n<td><strong>\u0412\u0435\u0441 \u043a\u043e\u0440\u043f\u0443\u0441\u0430<\/strong><\/td>\n<td>161\u043a\u0433<\/td>\n<\/tr>\n<tr>\n<td><strong>\u0442\u0440\u0435\u0431\u0443\u0435\u043c\u0430\u044f \u0442\u044f\u0433\u0430 \u0434\u044b\u043c\u043e\u0432\u043e\u0439 \u0442\u0440\u0443\u0431\u044b \u043f\u0440\u0438 \u043c\u0438\u043d\u0438\u043c\u0430\u043b\u044c\u043d\u043e\u0439<\/strong><\/td>\n<td>12 Pa<\/td>\n<\/tr>\n<tr>\n<td><strong>\u0442\u0435\u043c\u043f\u0435\u0440\u0430\u0442\u0443\u0440\u0430 \u0433\u0430\u0437\u043e\u0432 \u0441\u0433\u043e\u0440\u0430\u043d\u0438\u044f \u043f\u0440\u0438 \u043d\u043e\u043c\u0438\u043d\u0430\u043b\u044c\u043d\u043e\u0439 \u0442\u0435\u043f\u043b\u043e\u0432\u043e\u0439 \u043c\u043e\u0449\u043d\u043e\u0441\u0442\u0438<\/strong><\/td>\n<td>440\u00b0C<\/td>\n<\/tr>\n<tr>\n<td><strong>\u00a0\u0420\u0430\u0437\u043c\u0435\u0440\u044b:<\/strong><\/td>\n<td>483\u043c\u043c<br \/>\n520\u043c\u043c<br \/>\n621\u043c\u043c<br \/>\n468\u043c\u043c<\/td>\n<\/tr>\n<tr>\n<td><strong>\u0422\u0440\u0435\u0431\u0443\u0435\u0442\u0441\u044f \u043e\u0442\u0432\u0435\u0440\u0441\u0442\u0438\u0435 \u0438\u043b\u0438 \u0443\u0433\u043b\u0443\u0431\u043b\u0435\u043d\u0438\u0435 \u0432 \u043a\u043e\u0440\u043f\u0443\u0441\u0435, \u043f\u0435\u0447\u0438 \u0434\u043e\u043b\u0436\u043d\u044b \u0431\u044b\u0442\u044c \u043f\u043e\u0441\u0442\u0440\u043e\u0435\u043d\u044b:<\/strong><\/td>\n<td>920\u043c\u043c<br \/>\n615\u043c\u043c<br \/>\n2000\u043c\u043c<\/td>\n<\/tr>\n<tr>\n<td><strong>\u0434\u0438\u0430\u043c\u0435\u0442\u0440 \u043e\u0442\u0432\u0435\u0440\u0441\u0442\u0438\u044f \u043e\u0442\u0432\u043e\u0434\u0430 \u0433\u0430\u0437\u043e\u0432 \u0441\u0433\u043e\u0440\u0430\u043d\u0438\u044f<\/strong><\/td>\n<td>\u00f8w150\u043c\u043c \/ \u00f8z160\u043c\u043c<\/td>\n<\/tr>\n<tr>\n<td><strong>\u0442\u0440\u0435\u0431\u0443\u0435\u043c\u0430\u044f \u0442\u044f\u0433\u0430 \u0434\u044b\u043c\u043e\u0432\u043e\u0439 \u0442\u0440\u0443\u0431\u044b \u043f\u0440\u0438 \u043f\u0440\u0438\u0432\u0435\u0434\u00eb\u043d\u043d\u043e\u0439 \u043c\u043e\u0449\u043d\u043e\u0441\u0442\u0438<\/strong><\/td>\n<td>6 Pa<\/td>\n<\/tr>\n<tr>\n<td><strong>\u0442\u043e\u043f\u043b\u0438\u0432\u043e<\/strong><\/td>\n<td>\u0434\u0440\u0435\u0432\u0435\u0441\u0438\u043d\u0430 \u043b\u0438\u0441\u0442\u0432\u0435\u043d\u043d\u044b\u0445 \u043f\u043e\u0440\u043e\u0434<\/td>\n<\/tr>\n<tr>\n<td><strong>\u0440\u0430\u0437\u043c\u0435\u0440 \u0434\u0440\u0435\u0432\u0435\u0441\u0438\u043d\u044b:<\/strong><\/td>\n<td>\u0434\u043b\u0438\u043d\u0430 480\u043c\u043c<\/td>\n<\/tr>\n<\/tbody>\n<\/table>\n<p>&nbsp;<\/p>\n<p>\u0414\u043e\u043f\u043e\u043b\u043d\u0438\u0442\u0435\u043b\u044c\u043d\u0430\u044f \u0438\u043d\u0444\u043e\u0440\u043c\u0430\u0446\u0438\u044f:<\/p>\n<ul>\n<li>\u041e\u0431\u0449\u0438\u0439 \u0432\u0435\u0441 \u0442\u043e\u043f\u043a\u0438: 170,00 \u043a\u0433<\/li>\n<li>\u0420\u0430\u0437\u043c\u0435\u0440 \u043f\u043e\u0434\u0434\u043e\u043d\u0430 \u2013 680&#215;620 \u043c\u043c<\/li>\n<\/ul>\n<hr class=\"red-hr\" \/>\n<p>&nbsp;<\/p>\n<h3 id=\"unica\" class=\"red-header-2\">\u0423\u043d\u0438\u043a\u0430<\/h3>\n<p><img loading=\"lazy\" width=\"601\" height=\"419\" class=\"alignnone size-full wp-image-144\" style=\"display: inline-block; width: 68%;\" src=\"http:\/\/tarnavva.nazwa.pl\/tarnavva\/wp-content\/uploads\/2017\/01\/Tarnavva_Unica_14kW_01.jpg\" alt=\"unica\" \/><img loading=\"lazy\" width=\"150\" height=\"98\" class=\"alignnone size-full wp-image-145\" style=\"width: 23%;\" src=\"http:\/\/tarnavva.nazwa.pl\/tarnavva\/wp-content\/uploads\/2017\/01\/gw.jpg\" alt=\"gwar\" \/><\/p>\n<p><a style=\"text-align: left;\" href=\"http:\/\/tarnavva.nazwa.pl\/tarnavva\/wp-content\/uploads\/2017\/01\/Tarnavva_Unica_14kW_01.jpg\" data-rel=\"lightbox-gallery-kn0TdCJr\" data-rl_title=\"\" data-rl_caption=\"\" title=\"\"><img loading=\"lazy\" class=\"alignnone size-full wp-image-146\" style=\"margin: 8px 8px -8px;\" src=\"http:\/\/tarnavva.nazwa.pl\/tarnavva\/wp-content\/uploads\/2017\/01\/zoba_m.jpg\" alt=\"zob\" width=\"30\" height=\"28\" \/> \u043f\u0430\u0440\u0430\u043c\u0435\u0442\u0440\u044b <\/a><\/p>\n<p>&nbsp;<\/p>\n<table border=\"0\" rules=\"rows\" cellspacing=\"0\" cellpadding=\"3\" align=\"center\">\n<tbody>\n<tr>\n<td><strong>\u00a0\u0438\u0441\u043f\u043e\u043b\u044c\u0437\u043e\u0432\u0430\u0442\u044c:<\/strong><\/td>\n<td>\u0434\u043b\u044f \u043e\u0442\u043e\u043f\u043b\u0438\u0432\u0430\u043d\u0438\u044f \u043f\u043e\u043c\u0435\u0449\u0435\u043d\u0438\u0439<\/td>\n<\/tr>\n<tr>\n<td><strong>\u043f\u0430\u0440\u0430\u043c\u0435\u0442\u0440<\/strong><\/td>\n<td>9,5 \u043a\u0432\u0442<\/td>\n<\/tr>\n<tr>\n<td><strong>\u00a0\u043f\u043e\u0441\u0442\u043e\u044f\u043d\u043d\u043e\u0441\u0442\u044c \u0433\u043e\u0440\u0435\u043d\u0438\u044f \u043f\u0440\u0438 \u043d\u043e\u043c\u0438\u043d\u0430\u043b\u044c\u043d\u043e\u0439 \u0442\u0435\u043f\u043b\u043e\u0432\u043e\u0439 \u043c\u043e\u0449\u043d\u043e\u0441\u0442\u0438<br \/>\n<\/strong><\/td>\n<td>2,0 \u0433<\/td>\n<\/tr>\n<tr>\n<td><strong>\u0441\u0442\u0430\u0431\u0438\u043b\u044c\u043d\u043e\u0441\u0442\u044c \u0433\u043e\u0440\u0435\u043d\u0438\u044f \u043f\u0440\u0438 \u043f\u0440\u0438\u0432\u0435\u0434\u00eb\u043d\u043d\u043e\u0439 \u043c\u043e\u0449\u043d\u043e\u0441\u0442\u0438<\/strong><\/td>\n<td>10 \u0433<\/td>\n<\/tr>\n<tr>\n<td><strong>\u043e\u0434\u043d\u043e\u043a\u0440\u0430\u0442\u043d\u0430\u044f \u0437\u0430\u0433\u0440\u0443\u0437\u043a\u0430 \u0442\u043e\u043f\u043b\u0438\u0432\u0430<\/strong><\/td>\n<td>ok. 8\u043a\u0433<\/td>\n<\/tr>\n<tr>\n<td><strong>\u0442\u0435\u043f\u043b\u043e\u0432\u043e\u0439 \u043a.\u043f.\u0434.<\/strong><\/td>\n<td>64,2%<\/td>\n<\/tr>\n<tr>\n<td><strong>\u044d\u043c\u0438\u0441\u0441\u0438\u044f CO (13%02)<\/strong><\/td>\n<td>0,4%<\/td>\n<\/tr>\n<tr>\n<td><strong>\u043f\u043e\u0442\u043e\u043a \u0434\u044b\u043c\u043e\u0432\u044b\u0445 \u0433\u0430\u0437\u043e\u0432n<\/strong><\/td>\n<td>10,4\u0433\/c<\/td>\n<\/tr>\n<tr>\n<td><strong>\u0438\u043d\u0442\u0435\u0440\u0432\u0430\u043b \u043c\u0435\u0436\u0434\u0443 \u0441\u0442\u0435\u043a\u043b\u043e\u043c \u0430 \u0433\u043e\u0440\u044e\u0447\u0438\u043c\u0438 \u043f\u0440\u0435\u0434\u043c\u0435\u0442\u0430\u043c\u0438<\/strong><\/td>\n<td>1,5\u043c<\/td>\n<\/tr>\n<tr>\n<td><strong>\u0412\u0435\u0441 \u043a\u043e\u0440\u043f\u0443\u0441\u0430<\/strong><\/td>\n<td>161\u043a\u0433<\/td>\n<\/tr>\n<tr>\n<td><strong>\u0442\u0440\u0435\u0431\u0443\u0435\u043c\u0430\u044f \u0442\u044f\u0433\u0430 \u0434\u044b\u043c\u043e\u0432\u043e\u0439 \u0442\u0440\u0443\u0431\u044b \u043f\u0440\u0438 \u043c\u0438\u043d\u0438\u043c\u0430\u043b\u044c\u043d\u043e\u0439<\/strong><\/td>\n<td>12 \u043fa<\/td>\n<\/tr>\n<tr>\n<td><strong>\u0442\u0435\u043c\u043f\u0435\u0440\u0430\u0442\u0443\u0440\u0430 \u0433\u0430\u0437\u043e\u0432 \u0441\u0433\u043e\u0440\u0430\u043d\u0438\u044f \u043f\u0440\u0438 \u043d\u043e\u043c\u0438\u043d\u0430\u043b\u044c\u043d\u043e\u0439 \u0442\u0435\u043f\u043b\u043e\u0432\u043e\u0439 \u043c\u043e\u0449\u043d\u043e\u0441\u0442\u0438<\/strong><\/td>\n<td>440\u00b0C<\/td>\n<\/tr>\n<tr>\n<td><strong>\u0420\u0430\u0437\u043c\u0435\u0440\u044b:<\/strong><\/td>\n<td>483\u043c\u043c<br \/>\n520\u043c\u043c<br \/>\n621\u043c\u043c<br \/>\n468\u043c\u043c<\/td>\n<\/tr>\n<tr>\n<td><strong>\u0422\u0440\u0435\u0431\u0443\u0435\u0442\u0441\u044f \u043e\u0442\u0432\u0435\u0440\u0441\u0442\u0438\u0435 \u0438\u043b\u0438 \u0443\u0433\u043b\u0443\u0431\u043b\u0435\u043d\u0438\u0435 \u0432 \u043a\u043e\u0440\u043f\u0443\u0441\u0435, \u043f\u0435\u0447\u0438 \u0434\u043e\u043b\u0436\u043d\u044b \u0431\u044b\u0442\u044c \u043f\u043e\u0441\u0442\u0440\u043e\u0435\u043d\u044b:<\/strong><\/td>\n<td>szer. 920\u043c\u043c<br \/>\n615\u043c\u043c<br \/>\n2000\u043c\u043c<\/td>\n<\/tr>\n<tr>\n<td><strong>\u0434\u0438\u0430\u043c\u0435\u0442\u0440 \u043e\u0442\u0432\u0435\u0440\u0441\u0442\u0438\u044f \u043e\u0442\u0432\u043e\u0434\u0430 \u0433\u0430\u0437\u043e\u0432 \u0441\u0433\u043e\u0440\u0430\u043d\u0438\u044f<\/strong><\/td>\n<td>\u00f8w150\u043c\u043c \/ \u00f8z160\u043c\u043c<\/td>\n<\/tr>\n<tr>\n<td><strong>\u0442\u0440\u0435\u0431\u0443\u0435\u043c\u0430\u044f \u0442\u044f\u0433\u0430 \u0434\u044b\u043c\u043e\u0432\u043e\u0439 \u0442\u0440\u0443\u0431\u044b \u043f\u0440\u0438 \u043f\u0440\u0438\u0432\u0435\u0434\u00eb\u043d\u043d\u043e\u0439 \u043c\u043e\u0449\u043d\u043e\u0441\u0442\u0438<\/strong><\/td>\n<td>6 Pa<\/td>\n<\/tr>\n<tr>\n<td><strong>\u0442\u043e\u043f\u043b\u0438\u0432\u043e <\/strong><\/td>\n<td>\u0434\u0440\u0435\u0432\u0435\u0441\u0438\u043d\u0430 \u043b\u0438\u0441\u0442\u0432\u0435\u043d\u043d\u044b\u0445 \u043f\u043e\u0440\u043e\u0434<\/td>\n<\/tr>\n<tr>\n<td><strong>\u0440\u0430\u0437\u043c\u0435\u0440 \u0434\u0440\u0435\u0432\u0435\u0441\u0438\u043d\u044b:<\/strong><\/td>\n<td>\u0434\u043b\u0438\u043d\u0430 480\u043c\u043c<\/td>\n<\/tr>\n<\/tbody>\n<\/table>\n<p>\u0414\u043e\u043f\u043e\u043b\u043d\u0438\u0442\u0435\u043b\u044c\u043d\u0430\u044f \u0438\u043d\u0444\u043e\u0440\u043c\u0430\u0446\u0438\u044f:<\/p>\n<ul>\n<li>\u041e\u0431\u0449\u0438\u0439 \u0432\u0435\u0441 \u0442\u043e\u043f\u043a\u0438: 170,00 \u043a\u0433<\/li>\n<li>\u0420\u0430\u0437\u043c\u0435\u0440 \u043f\u043e\u0434\u0434\u043e\u043d\u0430 \u2013 680&#215;620 \u043c\u043c<\/li>\n<\/ul>\n<hr class=\"red-hr\" \/>\n<p>&nbsp;<\/p>\n<h3 id=\"retro\" class=\"red-header-2\">RETRO<\/h3>\n<p><img loading=\"lazy\" width=\"601\" height=\"419\" class=\"alignnone size-full wp-image-144\" style=\"display: inline-block; width: 68%;\" src=\"http:\/\/tarnavva.nazwa.pl\/tarnavva\/wp-content\/uploads\/2017\/01\/retro1.jpg\" alt=\"unica\" \/><img loading=\"lazy\" width=\"150\" height=\"98\" class=\"alignnone size-full wp-image-145\" style=\"width: 23%;\" src=\"http:\/\/tarnavva.nazwa.pl\/tarnavva\/wp-content\/uploads\/2017\/01\/gw.jpg\" alt=\"gwar\" \/><\/p>\n<p><a style=\"text-align: left;\" href=\"http:\/\/tarnavva.nazwa.pl\/tarnavva\/wp-content\/uploads\/2017\/01\/retro1.jpg\" data-rel=\"lightbox-gallery-kn0TdCJr\" data-rl_title=\"\" data-rl_caption=\"\" title=\"\"><img loading=\"lazy\" class=\"alignnone size-full wp-image-146\" style=\"margin: 8px 8px -8px;\" src=\"http:\/\/tarnavva.nazwa.pl\/tarnavva\/wp-content\/uploads\/2017\/01\/zoba_m.jpg\" alt=\"zob\" width=\"30\" height=\"28\" \/> WYMIARY WK\u0141ADU <\/a><\/p>\n<p>&nbsp;<\/p>\n<table border=\"0\" rules=\"rows\" cellspacing=\"0\" cellpadding=\"3\" align=\"center\">\n<tbody>\n<tr>\n<td><strong>Zastosowanie:<\/strong><\/td>\n<td>do ogrzewania pomieszcze\u0144<\/td>\n<\/tr>\n<tr>\n<td><strong>Moc cieplna nominalna (moc ogrzewania pomieszcze\u0144)<\/strong><\/td>\n<td>9,5 kW<\/td>\n<\/tr>\n<tr>\n<td><strong>Sta\u0142opalno\u015b\u0107 przy mocy cieplnej nominalnej\u00a0 <\/strong><\/td>\n<td>2,0 godz.<\/td>\n<\/tr>\n<tr>\n<td><strong>Trwa\u0142o\u015b\u0107 palenia przy mocy zredukowanej<\/strong><\/td>\n<td>10 godz.<\/td>\n<\/tr>\n<tr>\n<td><strong>Jednorazowy zasyp paliwa (drewno)<\/strong><\/td>\n<td>ok. 8kg<\/td>\n<\/tr>\n<tr>\n<td><strong>Sprawno\u015b\u0107 cieplna<\/strong><\/td>\n<td>64,2%<\/td>\n<\/tr>\n<tr>\n<td><strong>Emisja CO ( 13 % O2 )<\/strong><\/td>\n<td>0,4%<\/td>\n<\/tr>\n<tr>\n<td><strong>Strumie\u0144 masy spalin<\/strong><\/td>\n<td>10,4g\/s<\/td>\n<\/tr>\n<tr>\n<td><strong>Odst\u0119p cz\u0119\u015bci palnych od szyby<\/strong><\/td>\n<td>1,5m<\/td>\n<\/tr>\n<tr>\n<td><strong>Masa korpusu<\/strong><\/td>\n<td>161kg<\/td>\n<\/tr>\n<tr>\n<td><strong>Wymagany ci\u0105g kominowy przy mocy nominalnej<\/strong><\/td>\n<td>12 Pa<\/td>\n<\/tr>\n<tr>\n<td><strong>Temperatura spalin przy mocy nominalnej (\u015brednia)<\/strong><\/td>\n<td>440\u00b0C<\/td>\n<\/tr>\n<tr>\n<td><strong>Wymiary:<\/strong><\/td>\n<td>wys. czo\u0142. 483mm;<br \/>\nwys. ca\u0142k. 520mm;<br \/>\nszer.czo\u0142. 621mm;<br \/>\ng\u0142\u0119boko\u015b\u0107 468mm<\/td>\n<\/tr>\n<tr>\n<td><strong>Wymagany otw\u00f3r w obudowie b\u0105d\u017a wn\u0119ce, potrzebny do wbudowania paleniska:<\/strong><\/td>\n<td>szer. 920mm<br \/>\ng\u0142. 615mm<br \/>\nwys. 2000mm<\/td>\n<\/tr>\n<tr>\n<td><strong>\u015arednica wylotu spalin<\/strong><\/td>\n<td>\u00f8w150mm \/ \u00f8z160mm<\/td>\n<\/tr>\n<tr>\n<td><strong>Wymagany ci\u0105g przy mocy zredukowanej<\/strong><\/td>\n<td>6 Pa<\/td>\n<\/tr>\n<tr>\n<td><strong>Paliwo: <\/strong><\/td>\n<td>polana drzew li\u015bciastych: buk, grab, olcha, brzoza<\/td>\n<\/tr>\n<tr>\n<td><strong>Wymiary polan drewna li\u015bciastego:<\/strong><\/td>\n<td>d\u0142. do ~ 330mm,<br \/>\n\u015bredn. do 150mm<br \/>\nlub obw\u00f3d 480mm<\/td>\n<\/tr>\n<\/tbody>\n<\/table>\n<p>Informacje dodatkowe:<\/p>\n<ul>\n<li>Ca\u0142kowita masa wk\u0142adu kominkowego: 170,00 kg<\/li>\n<li>Wymiar palety: 680&#215;620 mm<\/li>\n<\/ul>\n<hr \/>\n<ul class=\"inline-page-menu\">\n<li><a href=\"#primero\">PRIMERO<\/a><\/li>\n<li><a href=\"#retro\">RETRO<\/a><\/li>\n<li><a href=\"#unica\">UNICA<\/a><\/li>\n<\/ul>\n<p>&nbsp;<\/p>","protected":false},"excerpt":{"rendered":"<p>PRIMERO RETRO UNICA \u041f\u0440\u0438\u043c\u0435\u0440\u043e \u043f\u0430\u0440\u0430\u043c\u0435\u0442\u0440\u044b &nbsp; \u0438\u0441\u043f\u043e\u043b\u044c\u0437\u043e\u0432\u0430\u0442\u044c: \u0434\u043b\u044f \u043e\u0442\u043e\u043f\u043b\u0438\u0432\u0430\u043d\u0438\u044f \u043f\u043e\u043c\u0435\u0449\u0435\u043d\u0438\u0439 \u043f\u0430\u0440\u0430\u043c\u0435\u0442\u0440 9,5 \u043a\u0432\u0442 \u043f\u043e\u0441\u0442\u043e\u044f\u043d\u043d\u043e\u0441\u0442\u044c \u0433\u043e\u0440\u0435\u043d\u0438\u044f \u043f\u0440\u0438 \u043d\u043e\u043c\u0438\u043d\u0430\u043b\u044c\u043d\u043e\u0439 \u0442\u0435\u043f\u043b\u043e\u0432\u043e\u0439 \u043c\u043e\u0449\u043d\u043e\u0441\u0442\u0438 2,0 \u0433 \u0441\u0442\u0430\u0431\u0438\u043b\u044c\u043d\u043e\u0441\u0442\u044c \u0433\u043e\u0440\u0435\u043d\u0438\u044f \u043f\u0440\u0438 \u043f\u0440\u0438\u0432\u0435\u0434\u00eb\u043d\u043d\u043e\u0439 \u043c\u043e\u0449\u043d\u043e\u0441\u0442\u0438 10 \u0433. \u043e\u0434\u043d\u043e\u043a\u0440\u0430\u0442\u043d\u0430\u044f \u0437\u0430\u0433\u0440\u0443\u0437\u043a\u0430 \u0442\u043e\u043f\u043b\u0438\u0432\u0430 ok. 8\u043a\u0433 \u0442\u0435\u043f\u043b\u043e\u0432\u043e\u0439 \u043a.\u043f.\u0434. 64,2% \u044d\u043c\u0438\u0441\u0441\u0438\u044f CO (13%02) 0,4% \u043f\u043e\u0442\u043e\u043a \u0434\u044b\u043c\u043e\u0432\u044b\u0445 \u0433\u0430\u0437\u043e\u0432 10,4g\/s \u0438\u043d\u0442\u0435\u0440\u0432\u0430\u043b \u043c\u0435\u0436\u0434\u0443 \u0441\u0442\u0435\u043a\u043b\u043e\u043c \u0430 \u0433\u043e\u0440\u044e\u0447\u0438\u043c\u0438 \u043f\u0440\u0435\u0434\u043c\u0435\u0442\u0430\u043c\u0438 1,5m \u0412\u0435\u0441 \u043a\u043e\u0440\u043f\u0443\u0441\u0430 161\u043a\u0433 \u0442\u0440\u0435\u0431\u0443\u0435\u043c\u0430\u044f [&hellip;]<\/p>\n","protected":false},"author":1,"featured_media":0,"parent":130,"menu_order":1,"comment_status":"closed","ping_status":"closed","template":"","meta":[],"_links":{"self":[{"href":"http:\/\/monolity.pl\/ru\/wp-json\/wp\/v2\/pages\/385"}],"collection":[{"href":"http:\/\/monolity.pl\/ru\/wp-json\/wp\/v2\/pages"}],"about":[{"href":"http:\/\/monolity.pl\/ru\/wp-json\/wp\/v2\/types\/page"}],"author":[{"embeddable":true,"href":"http:\/\/monolity.pl\/ru\/wp-json\/wp\/v2\/users\/1"}],"replies":[{"embeddable":true,"href":"http:\/\/monolity.pl\/ru\/wp-json\/wp\/v2\/comments?post=385"}],"version-history":[{"count":21,"href":"http:\/\/monolity.pl\/ru\/wp-json\/wp\/v2\/pages\/385\/revisions"}],"predecessor-version":[{"id":1087,"href":"http:\/\/monolity.pl\/ru\/wp-json\/wp\/v2\/pages\/385\/revisions\/1087"}],"up":[{"embeddable":true,"href":"http:\/\/monolity.pl\/ru\/wp-json\/wp\/v2\/pages\/130"}],"wp:attachment":[{"href":"http:\/\/monolity.pl\/ru\/wp-json\/wp\/v2\/media?parent=385"}],"curies":[{"name":"wp","href":"https:\/\/api.w.org\/{rel}","templated":true}]}}