{"id":527,"date":"2017-01-22T12:06:43","date_gmt":"2017-01-22T11:06:43","guid":{"rendered":"http:\/\/tarnavva.nazwa.pl\/tarnavva\/?page_id=527"},"modified":"2017-01-22T12:09:34","modified_gmt":"2017-01-22T11:09:34","slug":"mazowieckie","status":"publish","type":"page","link":"http:\/\/monolity.pl\/ru\/partnerzy\/mazowieckie\/","title":{"rendered":"Mazowieckie"},"content":{"rendered":"<table class=\"partn\">\n<thead>\n<tr>\n<th>Lp<\/th>\n<th>Nazwa<\/th>\n<th>Miasto<\/th>\n<th>Adres<\/th>\n<th>Telefon<\/th>\n<th>Email<\/th>\n<th>WWW<\/th>\n<\/tr>\n<\/thead>\n<tbody>\n<tr>\n<td>1<\/td>\n<td>Arskom<\/td>\n<td>Warszawa<\/td>\n<td>ul. \u0141odygowa 20<\/td>\n<td>22 743 95 35<\/td>\n<td><a href=\"mailto:wzorcownia@arskom.net\">wzorcownia@arskom.net<\/a><\/td>\n<td><a href=\"http:\/\/www.arskom.net\">http:\/\/www.arskom.net<\/a><\/td>\n<\/tr>\n<tr>\n<td>2<\/td>\n<td>Ciep\u0142y kominek<\/td>\n<td>Marki<\/td>\n<td>Warszawa-Marki Pi\u0142sudskiego 50<\/td>\n<td>796 796 715<\/td>\n<td><a href=\"mailto:biuro@cieplykominek.pl\">biuro@cieplykominek.pl<\/a><\/td>\n<td><a href=\"http:\/\/www.cieplykominek.pl\">http:\/\/www.cieplykominek.pl<\/a><\/td>\n<\/tr>\n<tr>\n<td>3<\/td>\n<td>Kom-Bud<\/td>\n<td>Przasnysz<\/td>\n<td>Baranowska 66a<\/td>\n<td>+48 29 752 53 63 <\/td>\n<td><\/td>\n<td><\/td>\n<\/tr>\n<tr>\n<td>4<\/td>\n<td>Kom-par<\/td>\n<td>Ciechan\u00f3w<\/td>\n<td>Sienkiewicza 77<\/td>\n<td>23-672-04-58<\/td>\n<td><a href=\"mailto:biuro@kom-par.pl\">biuro@kom-par.pl<\/a><\/td>\n<td><a href=\"http:\/\/www.kom-par.pl\">http:\/\/www.kom-par.pl<\/a><\/td>\n<\/tr>\n<tr>\n<td>5<\/td>\n<td>Mkom<\/td>\n<td>Warszawa<\/td>\n<td>ul. K\u0142obucka 8 paw. 3<\/td>\n<td>500 800 344<\/td>\n<td><a href=\"mailto:info@mkominki.pl\">info@mkominki.pl<\/a><\/td>\n<td><a href=\"http:\/\/www.mkominki.pl\">http:\/\/www.mkominki.pl<\/a><\/td>\n<\/tr>\n<tr>\n<td>6<\/td>\n<td>Omikron<\/td>\n<td>Warszawa<\/td>\n<td>Bartycka 26, pawilon ABis<\/td>\n<td>22 891 26 71<\/td>\n<td><a href=\"mailto:info@stylowekominki.pl\">info@stylowekominki.pl<\/a><\/td>\n<td><a href=\"http:\/\/www.stylowekominki.pl\">http:\/\/www.stylowekominki.pl<\/a><\/td>\n<\/tr>\n<tr>\n<td>7<\/td>\n<td>Sezam \/ Kominki SiM<\/td>\n<td>Mi\u0144sk Mazowiecki<\/td>\n<td>ul. Warszawska 138 lok.6<\/td>\n<td>25 758 25 00<\/td>\n<td><a href=\"mailto:sezamsim@wp.pl\">sezamsim@wp.pl<\/a><\/td>\n<td><a href=\"http:\/\/ www.kominkisim.pl\">http:\/\/ www.kominkisim.pl<\/a><\/td>\n<\/tr>\n<tr>\n<td>8<\/td>\n<td>Toma<\/td>\n<td>Warszawa<\/td>\n<td>ul. Bartycka 24\/26 pawilon 27<\/td>\n<td>22 559 10 27<\/td>\n<td><a href=\"mailto:sklep@kominkitoma.pl\">sklep@kominkitoma.pl<\/a><\/td>\n<td><a href=\"http:\/\/www.twojekominki.pl\">http:\/\/www.twojekominki.pl<\/a><\/td>\n<\/tr>\n<tr>\n<td>9<\/td>\n<td>Toma<\/td>\n<td>Warszawa<\/td>\n<td>ul. Widoczna 2<\/td>\n<td>22 473 10 21<\/td>\n<td><a href=\"mailto:sklep@kominkitoma.pl\">sklep@kominkitoma.pl<\/a><\/td>\n<td><a href=\"http:\/\/www.twojekominki.pl\">http:\/\/www.twojekominki.pl<\/a><\/td>\n<\/tr>\n<tr>\n<td>10<\/td>\n<td>Us\u0142ugi Remontowo-Budowlane Krzysztof Jab\u0142o\u0144ski<\/td>\n<td>Leoncin<\/td>\n<td>Nowe Grochale 90<\/td>\n<td>606 33 60 85<\/td>\n<td><a href=\"mailto:kominki@kominki-jablonski.pl\">kominki@kominki-jablonski.pl<\/a><\/td>\n<td><a href=\"http:\/\/www.kominki-jablonski.pl\">http:\/\/www.kominki-jablonski.pl<\/a><\/td>\n<\/tr>\n<tr>\n<td>11<\/td>\n<td>Wobex<\/td>\n<td>Radom<\/td>\n<td>S\u0142owackiego 137 A<\/td>\n<td>+48 48 385 02 85<\/td>\n<td><a href=\"mailto:wobex@wobex.pl\">wobex@wobex.pl<\/a><\/td>\n<td><a href=\"http:\/\/www.wobex.pl\">http:\/\/www.wobex.pl<\/a><\/td>\n<\/tr>\n<\/tbody>\n<\/table>\n","protected":false},"excerpt":{"rendered":"<p>Lp Nazwa Miasto Adres Telefon Email WWW 1 Arskom Warszawa ul. \u0141odygowa 20 22 743 95 35 wzorcownia@arskom.net http:\/\/www.arskom.net 2 Ciep\u0142y kominek Marki Warszawa-Marki Pi\u0142sudskiego 50 796 796 715 biuro@cieplykominek.pl http:\/\/www.cieplykominek.pl 3 Kom-Bud Przasnysz Baranowska 66a +48 29 752 53 63 4 Kom-par Ciechan\u00f3w Sienkiewicza 77 23-672-04-58 biuro@kom-par.pl http:\/\/www.kom-par.pl 5 Mkom Warszawa ul. K\u0142obucka 8 [&hellip;]<\/p>\n","protected":false},"author":1,"featured_media":0,"parent":25,"menu_order":5,"comment_status":"closed","ping_status":"closed","template":"","meta":[],"_links":{"self":[{"href":"http:\/\/monolity.pl\/ru\/wp-json\/wp\/v2\/pages\/527"}],"collection":[{"href":"http:\/\/monolity.pl\/ru\/wp-json\/wp\/v2\/pages"}],"about":[{"href":"http:\/\/monolity.pl\/ru\/wp-json\/wp\/v2\/types\/page"}],"author":[{"embeddable":true,"href":"http:\/\/monolity.pl\/ru\/wp-json\/wp\/v2\/users\/1"}],"replies":[{"embeddable":true,"href":"http:\/\/monolity.pl\/ru\/wp-json\/wp\/v2\/comments?post=527"}],"version-history":[{"count":2,"href":"http:\/\/monolity.pl\/ru\/wp-json\/wp\/v2\/pages\/527\/revisions"}],"predecessor-version":[{"id":529,"href":"http:\/\/monolity.pl\/ru\/wp-json\/wp\/v2\/pages\/527\/revisions\/529"}],"up":[{"embeddable":true,"href":"http:\/\/monolity.pl\/ru\/wp-json\/wp\/v2\/pages\/25"}],"wp:attachment":[{"href":"http:\/\/monolity.pl\/ru\/wp-json\/wp\/v2\/media?parent=527"}],"curies":[{"name":"wp","href":"https:\/\/api.w.org\/{rel}","templated":true}]}}