{"id":143,"date":"2017-01-06T16:10:32","date_gmt":"2017-01-06T15:10:32","guid":{"rendered":"http:\/\/tarnavva.nazwa.pl\/tarnavva\/?page_id=143"},"modified":"2017-03-09T13:00:42","modified_gmt":"2017-03-09T12:00:42","slug":"wklady-typu-12-kw","status":"publish","type":"page","link":"http:\/\/monolity.pl\/sk\/produkty\/wklady-kominkowe\/wklady-typu-12-kw\/","title":{"rendered":"12 kw"},"content":{"rendered":"<p><\/p>\n<ul class=\"inline-page-menu\">\n<li><a href=\"#flat\">FLAT<\/a><\/li>\n<li><a href=\"#retro\">RETRO<\/a><\/li>\n<li><a href=\"#round\">ROUND<\/a><\/li>\n<\/ul>\n<h3 id=\"flat\" class=\"red-header-2\">FLAT<\/h3>\n<p><img loading=\"lazy\" width=\"601\" height=\"419\" class=\"alignnone size-full wp-image-144\" style=\"display: inline-block; width: 68%;\" src=\"http:\/\/tarnavva.nazwa.pl\/tarnavva\/wp-content\/uploads\/2017\/01\/1.jpg\" alt=\"flat\" srcset=\"http:\/\/monolity.pl\/wp-content\/uploads\/2017\/01\/1.jpg 601w, http:\/\/monolity.pl\/wp-content\/uploads\/2017\/01\/1-300x209.jpg 300w\" sizes=\"(max-width: 601px) 100vw, 601px\" \/><img loading=\"lazy\" width=\"150\" height=\"98\" class=\"alignnone size-full wp-image-145\" style=\"width: 23%;\" src=\"http:\/\/tarnavva.nazwa.pl\/tarnavva\/wp-content\/uploads\/2017\/01\/gw.jpg\" alt=\"gwar\" \/><\/p>\n<p><a style=\"text-align: left;\" href=\"http:\/\/tarnavva.nazwa.pl\/tarnavva\/wp-content\/uploads\/2017\/01\/Tarnavva-Flat12kW.jpg\" data-rel=\"lightbox-gallery-tykpymqN\" data-rl_title=\"\" data-rl_caption=\"\" title=\"\"><img loading=\"lazy\" class=\"alignnone size-full wp-image-146\" style=\"margin: 8px 8px -8px;\" src=\"http:\/\/tarnavva.nazwa.pl\/tarnavva\/wp-content\/uploads\/2017\/01\/zoba_m.jpg\" alt=\"zob\" width=\"30\" height=\"28\" \/>PARAMETR<\/a><\/p>\n<table border=\"0\" rules=\"rows\" cellspacing=\"0\" cellpadding=\"3\" align=\"center\">\n<tbody>\n<tr>\n<td><strong>menovit\u00fd tepeln\u00fd v\u00fdkon<\/strong><\/td>\n<td>6,5 kW<\/td>\n<\/tr>\n<tr>\n<td><strong>nepretr\u017eit\u00e9 horenie pri menovitom tepelnom v\u00fdkone<\/strong><\/td>\n<td>2h<\/td>\n<\/tr>\n<tr>\n<td><strong>trvanlivos\u0165 horenia pri redukovanom v\u00fdkone<\/strong><\/td>\n<td>6h<\/td>\n<\/tr>\n<tr>\n<td><strong>jednorazov\u00e9 nalo\u017eenie paliva<\/strong><\/td>\n<td>5kg<\/td>\n<\/tr>\n<tr>\n<td><strong>tepeln\u00e1 \u00fa\u010dinnos\u0165<\/strong><\/td>\n<td>63,2%<\/td>\n<\/tr>\n<tr>\n<td><strong>emisia CO (13%02)<\/strong><\/td>\n<td>0,4%<\/td>\n<\/tr>\n<tr>\n<td><strong>pr\u00fad spal\u00edn<\/strong><\/td>\n<td>9,6g\/s<\/td>\n<\/tr>\n<tr>\n<td><strong>odstup horiacich \u010dast\u00ed od skla<\/strong><\/td>\n<td>1,5m<\/td>\n<\/tr>\n<tr>\n<td><strong>hmotnos\u0165<\/strong><\/td>\n<td>130kg<\/td>\n<\/tr>\n<tr>\n<td><strong>po\u017eadovan\u00fd kom\u00ednov\u00fd \u0165ah pri minim\u00e1lnom v\u00fdkone<\/strong><\/td>\n<td>12 Pa<\/td>\n<\/tr>\n<tr>\n<td><strong>teplota spal\u00edn pri menovitom v\u00fdkone<\/strong><\/td>\n<td>355\u00b0C<\/td>\n<\/tr>\n<tr>\n<td><strong>rozmery<\/strong><\/td>\n<td>460mm x 497mm x 504mm x 440mm<\/td>\n<\/tr>\n<tr>\n<td><strong>vy\u017eaduje diera alebo v\u00fdklenku v oblasti b\u00fdvania, pec mus\u00ed by\u0165 stavan\u00e9:<\/strong><\/td>\n<td>800mm x 575mm x 2000mm<\/td>\n<\/tr>\n<tr>\n<td><strong>priemer odvodu spal\u00edn<\/strong><\/td>\n<td>\u00f8w140mm \/ \u00f8z156mm<\/td>\n<\/tr>\n<tr>\n<td><strong>po\u017eadovan\u00fd \u0165ah pri zredukovanom v\u00fdkone<\/strong><\/td>\n<td>6 Pa<\/td>\n<\/tr>\n<tr>\n<td><strong>palivo<\/strong><\/td>\n<td>listnat\u00e9 drevo<\/td>\n<\/tr>\n<tr>\n<td><strong>rozmery polien:<\/strong><\/td>\n<td>dl. 330mm<\/td>\n<\/tr>\n<\/tbody>\n<\/table>\n<p>&nbsp;<\/p>\n<hr class=\"red-hr\" \/>\n<p>&nbsp;<\/p>\n<p>&nbsp;<\/p>\n<p>&nbsp;<\/p>\n<p>&nbsp;<\/p>\n<h3 id=\"retro\" class=\"red-header-2\">RETRO<\/h3>\n<p><a href=\"http:\/\/tarnavva.nazwa.pl\/tarnavva\/wp-content\/uploads\/2017\/01\/Tarnavva_Retro12kW_01.jpg\" data-rel=\"lightbox-gallery-tykpymqN\" data-rl_title=\"\" data-rl_caption=\"\" title=\"\"><img loading=\"lazy\" width=\"600\" height=\"400\" class=\"alignnone size-full wp-image-376\" style=\"display: inline-block; width: 68%;\" src=\"http:\/\/tarnavva.nazwa.pl\/tarnavva\/wp-content\/uploads\/2017\/01\/Tarnavva_Retro12kW_01.jpg\" alt=\"retro\" srcset=\"http:\/\/monolity.pl\/wp-content\/uploads\/2017\/01\/Tarnavva_Retro12kW_01.jpg 600w, http:\/\/monolity.pl\/wp-content\/uploads\/2017\/01\/Tarnavva_Retro12kW_01-300x200.jpg 300w\" sizes=\"(max-width: 600px) 100vw, 600px\" \/><\/a><img loading=\"lazy\" width=\"150\" height=\"98\" class=\"alignnone size-full wp-image-145\" style=\"width: 23%;\" src=\"http:\/\/tarnavva.nazwa.pl\/tarnavva\/wp-content\/uploads\/2017\/01\/gw.jpg\" alt=\"gwar\" \/><\/p>\n<p><a style=\"text-align: left;\" href=\"http:\/\/tarnavva.nazwa.pl\/tarnavva\/wp-content\/uploads\/2017\/01\/Tarnavva-Retro2kW.jpg\" data-rel=\"lightbox-gallery-tykpymqN\" data-rl_title=\"\" data-rl_caption=\"\" title=\"\"><img loading=\"lazy\" class=\"alignnone size-full wp-image-146\" style=\"margin: 8px 8px -8px;\" src=\"http:\/\/tarnavva.nazwa.pl\/tarnavva\/wp-content\/uploads\/2017\/01\/zoba_m.jpg\" alt=\"zob\" width=\"30\" height=\"28\" \/>Parametr<\/a><\/p>\n<table border=\"0\" rules=\"rows\" cellspacing=\"0\" cellpadding=\"3\" align=\"center\">\n<tbody>\n<tr>\n<td><strong>menovit\u00fd tepeln\u00fd v\u00fdkon<\/strong><\/td>\n<td>2h<\/td>\n<\/tr>\n<tr>\n<td><strong>nepretr\u017eit\u00e9 horenie pri menovitom tepelnom v\u00fdkone<\/strong><\/td>\n<td>6h<\/td>\n<\/tr>\n<tr>\n<td><strong>trvanlivos\u0165 horenia pri redukovanom v\u00fdkone<\/strong><\/td>\n<td>5kg<\/td>\n<\/tr>\n<tr>\n<td><strong>tepeln\u00e1 \u00fa\u010dinnos\u0165<\/strong><\/td>\n<td>63,2%<\/td>\n<\/tr>\n<tr>\n<td><strong>emisia CO (13%02)<\/strong><\/td>\n<td>0,4%<\/td>\n<\/tr>\n<tr>\n<td><strong>pr\u00fad spal\u00edn<\/strong><\/td>\n<td>9,6g\/s<\/td>\n<\/tr>\n<tr>\n<td><strong>odstup horiacich \u010dast\u00ed od skla<\/strong><\/td>\n<td>1,5m<\/td>\n<\/tr>\n<tr>\n<td><strong>hmotnos\u0165<\/strong><\/td>\n<td>130kg<\/td>\n<\/tr>\n<tr>\n<td><strong>po\u017eadovan\u00fd kom\u00ednov\u00fd \u0165ah pri minim\u00e1lnom v\u00fdkone<\/strong><\/td>\n<td>12 Pa<\/td>\n<\/tr>\n<tr>\n<td><strong>teplota spal\u00edn pri menovitom v\u00fdkone<\/strong><\/td>\n<td>355\u00b0C<\/td>\n<\/tr>\n<tr>\n<td><strong>rozmery<\/strong><\/td>\n<td>460mm x 497mm x 504mm x 440mm<\/td>\n<\/tr>\n<tr>\n<td><strong>vy\u017eaduje diera alebo v\u00fdklenku v oblasti b\u00fdvania, pec mus\u00ed by\u0165 stavan\u00e9:<\/strong><\/td>\n<td>800mm x 575mm x 2000mm<\/td>\n<\/tr>\n<tr>\n<td><strong>priemer odvodu spal\u00edn<\/strong><\/td>\n<td>\u00f8w140mm \/ \u00f8z156mm<\/td>\n<\/tr>\n<tr>\n<td><strong>po\u017eadovan\u00fd \u0165ah pri zredukovanom v\u00fdkone<\/strong><\/td>\n<td>6 Pa<\/td>\n<\/tr>\n<tr>\n<td><strong>palivo<\/strong><\/td>\n<td>listnat\u00e9 drevo<\/td>\n<\/tr>\n<tr>\n<td><strong>rozmery polien:<\/strong><\/td>\n<td>dl. 330mm<\/td>\n<\/tr>\n<\/tbody>\n<\/table>\n<p>&nbsp;<\/p>\n<hr class=\"red-hr\" \/>\n<p>&nbsp;<\/p>\n<p>&nbsp;<\/p>\n<p>&nbsp;<\/p>\n<p>&nbsp;<\/p>\n<h3 id=\"round\" class=\"red-header-2\">ROUND<\/h3>\n<p><a href=\"http:\/\/tarnavva.nazwa.pl\/tarnavva\/wp-content\/uploads\/2017\/01\/Tarnavva_Round_12kW_01.jpg\" data-rel=\"lightbox-gallery-tykpymqN\" data-rl_title=\"\" data-rl_caption=\"\" title=\"\"><img class=\"alignnone size-full wp-image-376\" style=\"display: inline-block; width: 68%;\" src=\"http:\/\/tarnavva.nazwa.pl\/tarnavva\/wp-content\/uploads\/2017\/01\/Tarnavva_Round_12kW_01.jpg\" alt=\"round\" \/><\/a><img loading=\"lazy\" width=\"150\" height=\"98\" class=\"alignnone size-full wp-image-145\" style=\"width: 23%;\" src=\"http:\/\/tarnavva.nazwa.pl\/tarnavva\/wp-content\/uploads\/2017\/01\/gw.jpg\" alt=\"gwar\" \/><\/p>\n<p><a style=\"text-align: left;\" href=\"http:\/\/tarnavva.nazwa.pl\/tarnavva\/wp-content\/uploads\/2017\/01\/Tarnavva-Round12kW.jpg\" data-rel=\"lightbox-gallery-tykpymqN\" data-rl_title=\"\" data-rl_caption=\"\" title=\"\"><img loading=\"lazy\" class=\"alignnone size-full wp-image-146\" style=\"margin: 8px 8px -8px;\" src=\"http:\/\/tarnavva.nazwa.pl\/tarnavva\/wp-content\/uploads\/2017\/01\/zoba_m.jpg\" alt=\"zob\" width=\"30\" height=\"28\" \/>Parametr<\/a><\/p>\n<table border=\"0\" rules=\"rows\" cellspacing=\"0\" cellpadding=\"3\" align=\"center\">\n<tbody>\n<tr>\n<td><strong>menovit\u00fd tepeln\u00fd v\u00fdkon<\/strong><\/td>\n<td>2h<\/td>\n<\/tr>\n<tr>\n<td><strong>nepretr\u017eit\u00e9 horenie pri menovitom tepelnom v\u00fdkone<\/strong><\/td>\n<td>6h<\/td>\n<\/tr>\n<tr>\n<td><strong>trvanlivos\u0165 horenia pri redukovanom v\u00fdkone<\/strong><\/td>\n<td>5kg<\/td>\n<\/tr>\n<tr>\n<td><strong>tepeln\u00e1 \u00fa\u010dinnos\u0165<\/strong><\/td>\n<td>63,2%<\/td>\n<\/tr>\n<tr>\n<td><strong>emisia CO (13%02)<\/strong><\/td>\n<td>0,4%<\/td>\n<\/tr>\n<tr>\n<td><strong>pr\u00fad spal\u00edn<\/strong><\/td>\n<td>9,6g\/s<\/td>\n<\/tr>\n<tr>\n<td><strong>odstup horiacich \u010dast\u00ed od skla<\/strong><\/td>\n<td>1,5m<\/td>\n<\/tr>\n<tr>\n<td><strong>hmotnos\u0165<\/strong><\/td>\n<td>130kg<\/td>\n<\/tr>\n<tr>\n<td><strong>po\u017eadovan\u00fd kom\u00ednov\u00fd \u0165ah pri minim\u00e1lnom v\u00fdkone<\/strong><\/td>\n<td>12 Pa<\/td>\n<\/tr>\n<tr>\n<td><strong>teplota spal\u00edn pri menovitom v\u00fdkone<\/strong><\/td>\n<td>355\u00b0C<\/td>\n<\/tr>\n<tr>\n<td><strong>rozmery<\/strong><\/td>\n<td>460mm x 497mm x 504mm x 440mm<\/td>\n<\/tr>\n<tr>\n<td><strong>vy\u017eaduje diera alebo v\u00fdklenku v oblasti b\u00fdvania, pec mus\u00ed by\u0165 stavan\u00e9:<\/strong><\/td>\n<td>800mm x 575mm x 2000mm<\/td>\n<\/tr>\n<tr>\n<td><strong>priemer odvodu spal\u00edn<\/strong><\/td>\n<td>\u00f8w140mm \/ \u00f8z156mm<\/td>\n<\/tr>\n<tr>\n<td><strong>po\u017eadovan\u00fd \u0165ah pri zredukovanom v\u00fdkone<\/strong><\/td>\n<td>6 Pa<\/td>\n<\/tr>\n<tr>\n<td><strong>palivo<\/strong><\/td>\n<td>listnat\u00e9 drevo<\/td>\n<\/tr>\n<tr>\n<td><strong>rozmery polien:<\/strong><\/td>\n<td>dl. 330mm<\/td>\n<\/tr>\n<\/tbody>\n<\/table>\n<p>&nbsp;<\/p>\n<hr class=\"red-hr\" \/>\n<p>&nbsp;<\/p>\n<p>&nbsp;<\/p>\n<ul class=\"inline-page-menu\">\n<li><a href=\"#flat\">FLAT<\/a><\/li>\n<li><a href=\"#retro\">RETRO<\/a><\/li>\n<li><a href=\"#round\">ROUND<\/a><\/li>\n<\/ul>\n<p><\/p>","protected":false},"excerpt":{"rendered":"<p>FLAT RETRO ROUND FLAT PARAMETR menovit\u00fd tepeln\u00fd v\u00fdkon 6,5 kW nepretr\u017eit\u00e9 horenie pri menovitom tepelnom v\u00fdkone 2h trvanlivos\u0165 horenia pri redukovanom v\u00fdkone 6h jednorazov\u00e9 nalo\u017eenie paliva 5kg tepeln\u00e1 \u00fa\u010dinnos\u0165 63,2% emisia CO (13%02) 0,4% pr\u00fad spal\u00edn 9,6g\/s odstup horiacich \u010dast\u00ed od skla 1,5m hmotnos\u0165 130kg po\u017eadovan\u00fd kom\u00ednov\u00fd \u0165ah pri minim\u00e1lnom v\u00fdkone 12 Pa teplota spal\u00edn [&hellip;]<\/p>\n","protected":false},"author":1,"featured_media":0,"parent":130,"menu_order":0,"comment_status":"closed","ping_status":"closed","template":"","meta":[],"_links":{"self":[{"href":"http:\/\/monolity.pl\/sk\/wp-json\/wp\/v2\/pages\/143"}],"collection":[{"href":"http:\/\/monolity.pl\/sk\/wp-json\/wp\/v2\/pages"}],"about":[{"href":"http:\/\/monolity.pl\/sk\/wp-json\/wp\/v2\/types\/page"}],"author":[{"embeddable":true,"href":"http:\/\/monolity.pl\/sk\/wp-json\/wp\/v2\/users\/1"}],"replies":[{"embeddable":true,"href":"http:\/\/monolity.pl\/sk\/wp-json\/wp\/v2\/comments?post=143"}],"version-history":[{"count":60,"href":"http:\/\/monolity.pl\/sk\/wp-json\/wp\/v2\/pages\/143\/revisions"}],"predecessor-version":[{"id":1086,"href":"http:\/\/monolity.pl\/sk\/wp-json\/wp\/v2\/pages\/143\/revisions\/1086"}],"up":[{"embeddable":true,"href":"http:\/\/monolity.pl\/sk\/wp-json\/wp\/v2\/pages\/130"}],"wp:attachment":[{"href":"http:\/\/monolity.pl\/sk\/wp-json\/wp\/v2\/media?parent=143"}],"curies":[{"name":"wp","href":"https:\/\/api.w.org\/{rel}","templated":true}]}}